{"id":118553,"date":"2024-01-26T10:55:20","date_gmt":"2024-01-26T08:55:20","guid":{"rendered":"https:\/\/www.tatanka.nl\/?post_type=product&#038;p=118553"},"modified":"2025-11-04T11:58:46","modified_gmt":"2025-11-04T10:58:46","slug":"hero-trip-tea-high-hawaiians-25-grams","status":"publish","type":"product","link":"https:\/\/www.tatanka.nl\/es\/hero-trip-tea-high-hawaiians-25-grams\/","title":{"rendered":"Hero Trip T\u00e9: High Hawaiians 25 gramos"},"content":{"rendered":"<h2 dir=\"ltr\" data-pm-slice=\"1 1 []\">\u00bfQu\u00e9 son High Hawaiians Hero Trip Tea?<\/h2>\n<p dir=\"ltr\">High Hawaiians Hero Trip Tea es una potente mezcla psicod\u00e9lica creada para aventureros experimentados que buscan una experiencia intensa y transformadora. Cada raci\u00f3n contiene 25 gramos de Trufas M\u00e1gicas High Hawaiians, conocidas por inducir v\u00edvidas alucinaciones, profundas percepciones y una profunda conexi\u00f3n con el yo interior. Combinado con Shamanita Tea, una mezcla de hierbas cuidadosamente seleccionada, este t\u00e9 potencia los efectos de las trufas, creando un entorno ideal para la introspecci\u00f3n, la creatividad y la meditaci\u00f3n. La sinergia entre las trufas y el t\u00e9 de hierbas eleva el viaje, guiando a los usuarios a trav\u00e9s de intrincados paisajes de conciencia. Este producto no es s\u00f3lo una bebida, sino una puerta a la iluminaci\u00f3n espiritual y emocional. La preparaci\u00f3n y la precauci\u00f3n son esenciales, ya que la potente dosis est\u00e1 reservada a quienes tengan experiencia previa en la exploraci\u00f3n psicod\u00e9lica. El t\u00e9 ofrece una oportunidad \u00fanica para explorar las profundidades de la mente, al tiempo que fomenta la armon\u00eda entre cuerpo y esp\u00edritu. Para una experiencia segura y enriquecedora, los usuarios deben seguir las directrices de dosificaci\u00f3n y garantizar un entorno c\u00f3modo con un gu\u00eda sobrio. El t\u00e9 High Hawaiians Hero Trip te invita a liberar tu potencial interior y a embarcarte en un viaje de autodescubrimiento.<\/p>\n<h2 dir=\"ltr\">Historia de High Hawaiians Hero Trip T\u00e9<\/h2>\n<p dir=\"ltr\">Los or\u00edgenes del T\u00e9 High Hawaiians Hero Trip se remontan a antiguas pr\u00e1cticas de uso de sustancias psicoactivas para el crecimiento espiritual y personal. Las trufas m\u00e1gicas, un componente clave, se han utilizado durante siglos en diversas culturas por sus propiedades que alteran la mente. Los chamanes y curanderos ind\u00edgenas incorporaban a menudo estas sustancias a sus rituales para conectar con lo divino, adquirir conocimientos y fomentar los lazos comunitarios. La cepa High Hawaiians, conocida por su potencia, surgi\u00f3 de t\u00e9cnicas de cultivo modernas destinadas a potenciar los efectos psicod\u00e9licos. Combinado con el t\u00e9 Shamanita, una mezcla inspirada en la herborister\u00eda tradicional, este producto representa una fusi\u00f3n de sabidur\u00eda ancestral e innovaci\u00f3n contempor\u00e1nea. El desarrollo del t\u00e9 refleja el creciente inter\u00e9s por los psicod\u00e9licos con fines terap\u00e9uticos y creativos. Aprovechando el poder de las Trufas M\u00e1gicas High Hawaiians, este t\u00e9 ofrece una visi\u00f3n moderna de pr\u00e1cticas ancestrales, permitiendo a los usuarios explorar la conciencia de forma controlada e intencionada. Su creciente popularidad coincide con el renovado inter\u00e9s cient\u00edfico por los psicod\u00e9licos, que se estudian por su potencial para abordar problemas de salud mental y potenciar el crecimiento personal. El t\u00e9 High Hawaiians Hero Trip es un puente entre la tradici\u00f3n y la modernidad que invita a los usuarios a participar en un viaje intemporal de autorrealizaci\u00f3n.<\/p>\n<h2 dir=\"ltr\">C\u00f3mo utilizar el t\u00e9 High Hawaiians Hero Trip<\/h2>\n<p>Preparar el t\u00e9 Magic Truffle Hero Trip es un proceso sencillo que mejora la experiencia enriquecedora general:<\/p>\n<p>1. Hierve 1,5 litros de agua en un hervidor o cacerola. Una vez que el agua empiece a hervir, ret\u00edrala del fuego y deja que se enfr\u00ede durante unos minutos hasta alcanzar unos 80 grados cent\u00edgrados.<br \/>\n2. Coloque la bolsita de t\u00e9 Shamanita en la tetera u olla.<br \/>\n3. Muela o pique las Trufas M\u00e1gicas en trozos peque\u00f1os, rellene con ellas la bolsita de t\u00e9 vac\u00eda suministrada y col\u00f3quela en la tetera o la olla.<br \/>\n4. Vierte con cuidado el agua caliente sobre las bolsitas de t\u00e9 en la tetera o la olla.<br \/>\n5. Deje reposar el t\u00e9 Shamanita durante aproximadamente 7 minutos. El tiempo exacto de infusi\u00f3n puede variar seg\u00fan las preferencias personales. A continuaci\u00f3n, retire la bolsita de t\u00e9 Shamanita de la tetera o la olla.<br \/>\n6. Deje reposar la bolsita de t\u00e9 con trufas m\u00e1gicas de 10 a 15 minutos.<br \/>\n7. Despu\u00e9s de la infusi\u00f3n, retire la bolsita de t\u00e9 con trufas m\u00e1gicas. Puedes optar por comer las trufas para un impulso extra.<br \/>\n8. Sirva el t\u00e9 Shamanita caliente en tazas o vasos.<\/p>\n<h2 dir=\"ltr\">Ingredientes del t\u00e9 High Hawaiians Hero Trip<\/h2>\n<p dir=\"ltr\">High Hawaiians Hero Trip T\u00e9 se elabora a partir de dos componentes principales: 25 gramos de Trufas M\u00e1gicas High Hawaiians y T\u00e9 Shamanita. Las trufas, una potente cepa de esclerocios que contienen psilocibina, son las responsables de los efectos psicod\u00e9licos del t\u00e9, que inducen v\u00edvidas alucinaciones y profundas percepciones. Estas trufas se seleccionan cuidadosamente por su alto contenido en psilocibina, lo que las hace ideales para consumidores experimentados que buscan una experiencia profunda y transformadora. El T\u00e9 Shamanita, una mezcla de hierbas patentada, complementa las trufas potenciando sus efectos y promoviendo un viaje equilibrado e introspectivo. Aunque las hierbas exactas que componen el T\u00e9 Shamanita se adaptan a la sinergia con las trufas, se eligen por sus propiedades calmantes y enraizantes, que garantizan una experiencia armoniosa. La combinaci\u00f3n de estos ingredientes crea una bebida potente pero equilibrada que favorece la exploraci\u00f3n emocional y espiritual. No se incluyen aditivos artificiales ni conservantes, lo que preserva la potencia natural de las trufas y la pureza de la tisana. Este enfoque minimalista garantiza que los usuarios reciban todos los beneficios de los componentes activos, fomentando una profunda conexi\u00f3n con uno mismo y con el universo. La cuidadosa selecci\u00f3n de ingredientes hace de esta tisana una herramienta \u00fanica para quienes buscan la iluminaci\u00f3n y el crecimiento personal.<\/p>\n<p dir=\"ltr\"><strong>Advertencia<\/strong><br \/>\nUtilizar a partir de 18 a\u00f1os. Mantener fuera del alcance de los ni\u00f1os. Consulte a un m\u00e9dico antes de utilizarlo si est\u00e1 embarazada, en per\u00edodo de lactancia o tiene problemas de salud. Las personas con problemas renales o card\u00edacos, presi\u00f3n arterial alta o baja, diabetes o bajo la influencia de medicamentos, alcohol o drogas deben evitar su uso. Este producto no es un medicamento. No lo compre si el precinto est\u00e1 roto.<\/p>","protected":false},"excerpt":{"rendered":"<p dir=\"auto\">Emb\u00e1rcate en un viaje transformador con el T\u00e9 High Hawaiians Hero Trip, una potente mezcla de 25 gramos de Trufas M\u00e1gicas High Hawaiians y T\u00e9 Shamanita. Dise\u00f1ado para usuarios experimentados, este t\u00e9 desbloquea v\u00edvidas alucinaciones, profundas percepciones e iluminaci\u00f3n espiritual, fomentando una profunda conexi\u00f3n con tu yo interior.<\/p>","protected":false},"featured_media":118787,"template":"","meta":[],"product_brand":[],"product_cat":[620,297,615,515,476],"product_tag":[662],"class_list":{"0":"post-118553","1":"product","2":"type-product","3":"status-publish","4":"has-post-thumbnail","6":"product_cat-shamanita","7":"product_cat-all-products","8":"product_cat-magic-truffle-tea","9":"product_cat-shroomshop","10":"product_cat-smartshop","11":"product_tag-shrdeal","12":"product_shipping_class-creditcard-off","14":"first","15":"instock","16":"taxable","17":"shipping-taxable","18":"purchasable","19":"product-type-variable","20":"has-default-attributes"},"_links":{"self":[{"href":"https:\/\/www.tatanka.nl\/es\/wp-json\/wp\/v2\/product\/118553","targetHints":{"allow":["GET"]}}],"collection":[{"href":"https:\/\/www.tatanka.nl\/es\/wp-json\/wp\/v2\/product"}],"about":[{"href":"https:\/\/www.tatanka.nl\/es\/wp-json\/wp\/v2\/types\/product"}],"wp:featuredmedia":[{"embeddable":true,"href":"https:\/\/www.tatanka.nl\/es\/wp-json\/wp\/v2\/media\/118787"}],"wp:attachment":[{"href":"https:\/\/www.tatanka.nl\/es\/wp-json\/wp\/v2\/media?parent=118553"}],"wp:term":[{"taxonomy":"product_brand","embeddable":true,"href":"https:\/\/www.tatanka.nl\/es\/wp-json\/wp\/v2\/product_brand?post=118553"},{"taxonomy":"product_cat","embeddable":true,"href":"https:\/\/www.tatanka.nl\/es\/wp-json\/wp\/v2\/product_cat?post=118553"},{"taxonomy":"product_tag","embeddable":true,"href":"https:\/\/www.tatanka.nl\/es\/wp-json\/wp\/v2\/product_tag?post=118553"}],"curies":[{"name":"wp","href":"https:\/\/api.w.org\/{rel}","templated":true}]}}