{"id":119445,"date":"2023-10-11T11:19:25","date_gmt":"2023-10-11T10:19:25","guid":{"rendered":"https:\/\/www.tatanka.nl\/?post_type=product&#038;p=119445"},"modified":"2025-06-04T15:41:20","modified_gmt":"2025-06-04T14:41:20","slug":"groove-x","status":"publish","type":"product","link":"https:\/\/www.tatanka.nl\/es\/groove-x\/","title":{"rendered":"Groove X"},"content":{"rendered":"<h2 data-pm-slice=\"1 1 []\">\u00bfQu\u00e9 son los tapones Groove X?<\/h2>\n<p>Groove X Caps son c\u00e1psulas dise\u00f1adas por expertos que mejoran la experiencia de la fiesta aumentando el estado de \u00e1nimo, la energ\u00eda y el compromiso social. Estas c\u00e1psulas contienen una potente mezcla de ingredientes naturales que act\u00faan conjuntamente para crear un efecto estimulante y estimulante. Ideal para aquellos que les gusta bailar, socializar, o mantenerse activo en las fiestas, Groove X Caps ayudar a mantenerte en movimiento y grooving toda la noche. Ya sea en la pista de baile o entre amigos, estas c\u00e1psulas son la clave para una noche inolvidable. Su f\u00f3rmula act\u00faa con rapidez, energizando tanto el cuerpo como la mente, lo que facilita entrar en la onda y disfrutar del ritmo de la fiesta.<\/p>\n<h2>Historia de los tapones Groove X<\/h2>\n<p>Groove X Caps se desarroll\u00f3 para crear el suplemento de fiesta definitivo. El producto surgi\u00f3 de la creciente necesidad de un suplemento que pudiera mejorar el ambiente de fiesta y unir a la gente. Los fundadores de Groove X intentaron combinar los mejores ingredientes naturales conocidos por sus efectos estimulantes, energizantes y sociales. Con el tiempo, Groove X se convirti\u00f3 en la opci\u00f3n preferida para aquellos que buscan elevar sus experiencias de baile y fiesta. La f\u00f3rmula ha evolucionado para incluir una potente combinaci\u00f3n de ingredientes como Black Maca, extracto de Kanna, cafe\u00edna y zinc, proporcionando un efecto equilibrado y agradable para cualquier celebraci\u00f3n. Hoy en d\u00eda, Groove X Caps sigue siendo la mejor opci\u00f3n para aquellos que quieren dar rienda suelta a su bailar\u00edn interior y mantener la fiesta toda la noche.<\/p>\n<h2>C\u00f3mo utilizar los tapones Groove X<\/h2>\n<p>Para maximizar los efectos de Groove X Caps, tome una c\u00e1psula de 30 a 45 minutos antes de querer sentir los beneficios. Trague la c\u00e1psula con agua o zumo de frutas para una absorci\u00f3n \u00f3ptima. La dosis diaria recomendada es de dos c\u00e1psulas, y no debe superar este l\u00edmite en 24 horas. Es mejor tomar Groove X Caps s\u00f3lo cuando est\u00e9 preparado para realizar una actividad social o f\u00edsica, como bailar o salir de fiesta. Si dosificas correctamente, podr\u00e1s disfrutar de los efectos estimulantes justo cuando m\u00e1s los necesitas. Utilice siempre Groove X Caps de forma responsable y siga las instrucciones proporcionadas para un uso seguro y \u00f3ptimo.<\/p>\n<h2>Ingredientes de Groove X Caps<\/h2>\n<p>Las c\u00e1psulas Groove X contienen una potente mezcla de ingredientes naturales dise\u00f1ados para mejorar tu experiencia en la fiesta. Cada c\u00e1psula vegetariana incluye:<\/p>\n<ul data-spread=\"false\">\n<li><strong>Black Maca (400 mg):<\/strong> Un conocido extracto de ra\u00edz reconocido por sus propiedades energ\u00e9ticas.<\/li>\n<li><strong>Extracto Kanna (200 mg):<\/strong> Contribuye a mejorar el estado de \u00e1nimo y el bienestar mental.<\/li>\n<li><strong>Cafe\u00edna (75 mg):<\/strong> Proporciona un impulso de energ\u00eda r\u00e1pido y sostenido.<\/li>\n<li><strong>Zinc (10 mg):<\/strong> Ayuda a mantener el equilibrio corporal y favorece un metabolismo saludable.<\/li>\n<\/ul>\n<p>Estos ingredientes act\u00faan sin\u00e9rgicamente para mejorar el estado de \u00e1nimo, proporcionar claridad mental y aumentar la energ\u00eda, manteni\u00e9ndole animado y social durante toda la noche. Los ingredientes cuidadosamente seleccionados garantizan una experiencia equilibrada y natural, sin los nervios ni los bajones que suelen asociarse a los estimulantes energ\u00e9ticos sint\u00e9ticos.<\/p>\n<p><strong>Advertencia:<\/strong><br \/>\nNo utilice un suplemento diet\u00e9tico como sustituto de una dieta variada. Mantener fuera del alcance de los ni\u00f1os. S\u00f3lo se permite su uso a mayores de 18 a\u00f1os. No utilizar en combinaci\u00f3n con medicamentos u otros estimulantes, en caso de tensi\u00f3n arterial alta\/baja, afecciones card\u00edacas, trastornos tiroideos, enfermedades renales, depresi\u00f3n, nerviosismo, dolencias f\u00edsicas y\/o mentales y uso de inhibidores de la MAO. Tenga cuidado con el consumo excesivo de alcohol. En caso de duda, consulte a su m\u00e9dico.<\/p>","protected":false},"excerpt":{"rendered":"<p>Conoce Groove X Funky Dance Caps: Tu billete para noches electrizantes y ritmos imparables. Estas c\u00e1psulas repletas de ingredientes naturales mejoran tu estado de \u00e1nimo, estimulan tus movimientos de baile y mantienen vivo el ritmo durante toda la noche. Perfectas para convertir cualquier fiesta en un espect\u00e1culo de baile inolvidable. Con Groove X, prep\u00e1rate para brillar en la pista de baile y hacer que cada momento cuente. \u00a1Que empiece el buen rollo!<\/p>","protected":false},"featured_media":119447,"template":"","meta":[],"product_brand":[],"product_cat":[535,525,476,532],"product_tag":[],"class_list":{"0":"post-119445","1":"product","2":"type-product","3":"status-publish","4":"has-post-thumbnail","6":"product_cat-dnx","7":"product_cat-party-pills","8":"product_cat-smartshop","9":"product_cat-trippy-pills","10":"product_shipping_class-not-allowed-group-1","12":"first","13":"instock","14":"taxable","15":"shipping-taxable","16":"purchasable","17":"product-type-variable","18":"has-default-attributes"},"_links":{"self":[{"href":"https:\/\/www.tatanka.nl\/es\/wp-json\/wp\/v2\/product\/119445","targetHints":{"allow":["GET"]}}],"collection":[{"href":"https:\/\/www.tatanka.nl\/es\/wp-json\/wp\/v2\/product"}],"about":[{"href":"https:\/\/www.tatanka.nl\/es\/wp-json\/wp\/v2\/types\/product"}],"wp:featuredmedia":[{"embeddable":true,"href":"https:\/\/www.tatanka.nl\/es\/wp-json\/wp\/v2\/media\/119447"}],"wp:attachment":[{"href":"https:\/\/www.tatanka.nl\/es\/wp-json\/wp\/v2\/media?parent=119445"}],"wp:term":[{"taxonomy":"product_brand","embeddable":true,"href":"https:\/\/www.tatanka.nl\/es\/wp-json\/wp\/v2\/product_brand?post=119445"},{"taxonomy":"product_cat","embeddable":true,"href":"https:\/\/www.tatanka.nl\/es\/wp-json\/wp\/v2\/product_cat?post=119445"},{"taxonomy":"product_tag","embeddable":true,"href":"https:\/\/www.tatanka.nl\/es\/wp-json\/wp\/v2\/product_tag?post=119445"}],"curies":[{"name":"wp","href":"https:\/\/api.w.org\/{rel}","templated":true}]}}