{"id":125379,"date":"2024-10-22T11:39:09","date_gmt":"2024-10-22T10:39:09","guid":{"rendered":"https:\/\/www.tatanka.nl\/?post_type=product&#038;p=125379"},"modified":"2026-01-14T12:49:25","modified_gmt":"2026-01-14T11:49:25","slug":"marshmallow-shrooms-grow-kit","status":"publish","type":"product","link":"https:\/\/www.tatanka.nl\/es\/marshmallow-shrooms-grow-kit\/","title":{"rendered":"Marshmallow Kit de cultivo de setas"},"content":{"rendered":"<h2 dir=\"ltr\" data-pm-slice=\"1 1 []\">\u00bfQu\u00e9 son las setas Marshmallow?<\/h2>\n<p dir=\"ltr\">Las Setas Marshmallow son una variante h\u00edbrida cubensis \u00fanica elaborada por McSmart, dise\u00f1ada para una experiencia psicod\u00e9lica sin igual. Estas setas m\u00e1gicas destacan por su robusto tama\u00f1o y potentes efectos, gan\u00e1ndose el apodo de \"m\u00e1s grandes, m\u00e1s gordas, mejores\". El Kit de Cultivo Todo en Uno hace que el cultivo sea accesible, conteniendo todo lo necesario para cultivar tus propias Setas Marshmallow en casa. Con s\u00f3lo agua y unas sencillas instrucciones, puedes cultivar estas setas para producir efectos visuales vibrantes y un viaje profundamente envolvente. Normalmente, el kit produce unos 400-500 gramos en la primera cosecha, con hasta tres cosechas posibles. Almacenado a una temperatura de entre 2 y 4 \u00b0C, el kit sigue siendo viable durante unos seis meses, lo que garantiza un potencial duradero para los cultivadores caseros. La naturaleza h\u00edbrida de las Setas Marshmallow aumenta su intensidad, convirti\u00e9ndolas en las favoritas de aquellos que buscan un viaje psicod\u00e9lico de alto nivel. Su facilidad de crecimiento y sus sorprendentes efectos la hacen ideal tanto para cultivadores novatos como experimentados que buscan explorar una cepa realmente excepcional.<\/p>\n<h2 dir=\"ltr\">Historia de las setas Marshmallow<\/h2>\n<p dir=\"ltr\">El desarrollo de las Setas Marshmallow marca un hito importante en la evoluci\u00f3n de las setas m\u00e1gicas. Creada por McSmart, esta cepa cubensis h\u00edbrida surgi\u00f3 tras a\u00f1os de cr\u00eda selectiva para combinar los mejores rasgos de diversas variedades cubensis. El objetivo era crear una seta que ofreciera una gran potencia y unos rendimientos sustanciales, atractivos para los cultivadores modernos. A diferencia de las cepas tradicionales, los champi\u00f1ones Marshmallow se dise\u00f1aron para producir cuerpos fruct\u00edferos m\u00e1s grandes y densos, lo que da como resultado su distintivo aspecto de \"malvavisco\". Esta innovaci\u00f3n refleja los avances en micolog\u00eda, donde los cultivadores buscaban mejorar la experiencia psicod\u00e9lica a la vez que simplificaban el cultivo. La introducci\u00f3n del All-in-One GrowKit democratiz\u00f3 a\u00fan m\u00e1s el acceso, permitiendo a cualquiera cultivar estas extraordinarias setas en casa. Hoy en d\u00eda, las setas Marshmallow se celebran como una oferta de edici\u00f3n limitada, que encarna la vanguardia del cultivo de setas m\u00e1gicas. Su composici\u00f3n h\u00edbrida \u00fanica garantiza una experiencia consistente y potente, que las distingue en el mundo de los psicod\u00e9licos y consolida su lugar en la exploraci\u00f3n continua de los hongos que alteran la conciencia.<\/p>\n<h2 dir=\"ltr\">C\u00f3mo utilizar las setas Marshmallow<\/h2>\n<p dir=\"ltr\">Cultivar setas Marshmallow es muy sencillo con el kit de cultivo todo en uno incluido. Empieza por limpiarte las manos y el exterior del kit, luego retira la tapa y sumerge el kit en agua tibia (20\u00b0C) durante cinco minutos. Escurre el agua, coloca el kit en la bolsa de cultivo suministrada y a\u00f1ade 200-250 ml de agua tibia. Selle la bolsa con clips y mant\u00e9ngala en una habitaci\u00f3n a 20-25\u00b0C, alejada de la luz solar directa o de fuentes de calor. Mantenga niveles altos de humedad y CO2 hasta que aparezcan cabezas de alfiler (primeras formaciones de hongos), lo que puede tardar entre 10 y 20 d\u00edas. Una vez formadas las cabezas, ventile la bolsa a diario y roc\u00ede ligeramente el kit. Recoja las setas justo antes de que se rompa el velo del sombrero, gir\u00e1ndolas suavemente y tirando de ellas. Para cosechas adicionales, repita el proceso de remojo y cultivo. Este m\u00e9todo garantiza un crecimiento \u00f3ptimo y m\u00faltiples cosechas, lo que convierte a las setas Marshmallow en un proyecto apasionante para los cultivadores caseros que buscan una experiencia potente y gratificante.<\/p>\n<h2 dir=\"ltr\">Ingredientes de las setas Marshmallow<\/h2>\n<p dir=\"ltr\">El \"ingrediente\" principal de Marshmallow Shrooms es la Psilocybe Qubit, una cepa cubensis h\u00edbrida exclusiva de McSmart. El kit de cultivo todo en uno contiene un sustrato optimizado para esta cepa, preinoculado con micelio para iniciar el crecimiento. El kit tambi\u00e9n incluye una bolsa de cultivo con filtros de aire y dos clips para el sellado, lo que elimina la necesidad de materiales adicionales. El sustrato es una mezcla rica en nutrientes dise\u00f1ada para favorecer el desarrollo de setas grandes y potentes, garantizando rendimientos elevados de 400-500 gramos en condiciones ideales. Los compuestos naturales de las setas Marshmallow, como la psilocibina y la psilocina, son los responsables de sus efectos psicod\u00e9licos. La psilocibina se convierte en psilocina en el cuerpo, influyendo en los receptores de serotonina para producir alucinaciones v\u00edvidas y estados alterados de conciencia. No se utilizan aditivos ni productos qu\u00edmicos externos, lo que preserva la pureza natural de las setas. Esta cuidada configuraci\u00f3n permite a los cultivadores centrarse en el cultivo, mientras que el kit proporciona todos los componentes esenciales para una cosecha exitosa.<\/p>\n<p dir=\"ltr\"><strong>Advertencia<\/strong><br \/>\nMarshmallow Las setas contienen psilocibina y psilocina, alucin\u00f3genos naturales que pueden inducir potentes efectos de alteraci\u00f3n de la conciencia. Estas sustancias pueden provocar alucinaciones intensas y deben tomarse con precauci\u00f3n. Guarde siempre las Setas Marshmallow fuera del alcance de los ni\u00f1os debido a sus potentes propiedades psicoactivas. Consulta con un profesional si no est\u00e1s seguro de sus efectos o de su uso seguro.<\/p>","protected":false},"excerpt":{"rendered":"<p>Las Setas Marshmallow, una edici\u00f3n limitada del h\u00edbrido cubensis de McSmart, ofrecen un extraordinario viaje psicod\u00e9lico. Con su mayor tama\u00f1o y potencia mejorada, estas setas ofrecen un viaje intenso y visualmente cautivador. Un kit de cultivo de 1200cc produce una media de 500 gramos, lo que las hace potentes y productivas. Si buscas una experiencia m\u00e1s fuerte y envolvente, las Setas de Edici\u00f3n Limitada Marshmallow son tu elecci\u00f3n ideal para una aventura inolvidable.<\/p>","protected":false},"featured_media":125384,"template":"","meta":[],"product_brand":[],"product_cat":[539,297,595,515,519,476,593],"product_tag":[662],"class_list":{"0":"post-125379","1":"product","2":"type-product","3":"status-publish","4":"has-post-thumbnail","6":"product_cat-magic-mushroom-grow-kits","7":"product_cat-all-products","8":"product_cat-mcsmart","9":"product_cat-shroomshop","10":"product_cat-shroomshop-top-10","11":"product_cat-smartshop","12":"product_cat-strongest-magic-mushroom-grow-kits","13":"product_tag-shrdeal","14":"product_shipping_class-creditcard-off","16":"first","17":"instock","18":"taxable","19":"shipping-taxable","20":"purchasable","21":"product-type-variable","22":"has-default-attributes"},"_links":{"self":[{"href":"https:\/\/www.tatanka.nl\/es\/wp-json\/wp\/v2\/product\/125379","targetHints":{"allow":["GET"]}}],"collection":[{"href":"https:\/\/www.tatanka.nl\/es\/wp-json\/wp\/v2\/product"}],"about":[{"href":"https:\/\/www.tatanka.nl\/es\/wp-json\/wp\/v2\/types\/product"}],"wp:featuredmedia":[{"embeddable":true,"href":"https:\/\/www.tatanka.nl\/es\/wp-json\/wp\/v2\/media\/125384"}],"wp:attachment":[{"href":"https:\/\/www.tatanka.nl\/es\/wp-json\/wp\/v2\/media?parent=125379"}],"wp:term":[{"taxonomy":"product_brand","embeddable":true,"href":"https:\/\/www.tatanka.nl\/es\/wp-json\/wp\/v2\/product_brand?post=125379"},{"taxonomy":"product_cat","embeddable":true,"href":"https:\/\/www.tatanka.nl\/es\/wp-json\/wp\/v2\/product_cat?post=125379"},{"taxonomy":"product_tag","embeddable":true,"href":"https:\/\/www.tatanka.nl\/es\/wp-json\/wp\/v2\/product_tag?post=125379"}],"curies":[{"name":"wp","href":"https:\/\/api.w.org\/{rel}","templated":true}]}}