{"id":126711,"date":"2024-12-06T09:27:54","date_gmt":"2024-12-06T08:27:54","guid":{"rendered":"https:\/\/www.tatanka.nl\/?post_type=product&#038;p=126711"},"modified":"2025-10-31T09:59:17","modified_gmt":"2025-10-31T08:59:17","slug":"tremella-fuciformis-extract-capsules","status":"publish","type":"product","link":"https:\/\/www.tatanka.nl\/es\/tremella-fuciformis-extract-capsules\/","title":{"rendered":"C\u00e1psulas de extracto de Tremella Fuciformis"},"content":{"rendered":"<h2>\u00bfQu\u00e9 es la Tremella fuciformis?<\/h2>\n<p>La Tremella Fuciformis, com\u00fanmente llamada \"seta de oreja de plata\", es un hongo muy apreciado por su capacidad para reforzar el sistema inmunitario y favorecer una piel sana e hidratada. Originario de climas tropicales, este hongo es rico en antioxidantes y polisac\u00e1ridos, lo que lo convierte en un valioso complemento para cualquier rutina de bienestar.<\/p>\n<p>Las c\u00e1psulas de Tremella Fuciformis de McMyco ofrecen una dosis concentrada de este beneficioso hongo, extra\u00edda exclusivamente del cuerpo fruct\u00edfero para garantizar la m\u00e1xima potencia. Enriquecido con Vitamina C y Zinc, el suplemento tambi\u00e9n ayuda a la producci\u00f3n de energ\u00eda y refuerza las defensas naturales del organismo. Cada c\u00e1psula est\u00e1 dise\u00f1ada para proporcionar una forma c\u00f3moda y eficaz de experimentar las propiedades beneficiosas para la salud de este notable hongo.<\/p>\n<hr \/>\n<h2>Historia de la Tremella fuciformis<\/h2>\n<p>La Tremella Fuciformis tiene una larga historia arraigada en la medicina tradicional, sobre todo en Asia Oriental, donde se ha utilizado durante siglos como potenciador de la belleza y t\u00f3nico para la salud. Los textos antiguos sol\u00edan referirse a ella como \"seta de la inmortalidad\" por sus propiedades antienvejecimiento.<\/p>\n<p>Hist\u00f3ricamente, era una de las favoritas de la nobleza por su capacidad para mejorar la elasticidad de la piel y retener la humedad. Su cultivo se inici\u00f3 en China y Jap\u00f3n y se extendi\u00f3 por todo el mundo a medida que se reconoc\u00edan sus beneficios para la salud. Hoy en d\u00eda, la Tremella Fuciformis sigue siendo un s\u00edmbolo de belleza natural y bienestar, que combina tradiciones ancestrales con la ciencia moderna para satisfacer las necesidades de los estilos de vida contempor\u00e1neos.<\/p>\n<hr \/>\n<h2>C\u00f3mo utilizar la Tremella fuciformis<\/h2>\n<p>Incorporar Tremella Fuciformis a su rutina diaria es sencillo. La dosis recomendada es de dos c\u00e1psulas al d\u00eda, tomadas con agua durante las comidas para una absorci\u00f3n \u00f3ptima.<\/p>\n<p>Esta rutina facilita el apoyo al sistema inmunitario y el mantenimiento de una piel sana. Para aquellos que buscan mayores beneficios, la combinaci\u00f3n de Tremella Fuciformis con otros hongos medicinales de McMyco puede proporcionar un efecto sin\u00e9rgico. El uso constante es la clave para obtener los mejores resultados. Tanto si busca aumentar la energ\u00eda, mejorar la salud de la piel o contribuir al bienestar general, este suplemento encaja perfectamente en un estilo de vida equilibrado.<\/p>\n<hr \/>\n<h2>Ingredientes de Tremella Fuciformis<\/h2>\n<p>Cada c\u00e1psula vegana de Tremella Fuciformis de McMyco contiene 400 mg de extracto org\u00e1nico derivado del cuerpo fruct\u00edfero del hongo. Este extracto de espectro completo se obtiene mediante t\u00e9cnicas de extracci\u00f3n con agua y etanol, lo que garantiza la conservaci\u00f3n de sus potentes compuestos bioactivos, incluidos los polisac\u00e1ridos 30%.<\/p>\n<p>Adem\u00e1s, la f\u00f3rmula est\u00e1 enriquecida con 15 mg de vitamina C y 10 mg de zinc por c\u00e1psula, que desempe\u00f1an un papel crucial en el apoyo del sistema inmunitario y la reducci\u00f3n de la fatiga. Se utilizan excipientes naturales como el citrato de magnesio y el di\u00f3xido de silicio para garantizar que las c\u00e1psulas no contengan aditivos artificiales, por lo que son aptas para veganos.<\/p>\n<hr \/>\n<p><strong>Advertencia:<\/strong><br \/>\nTremella Fuciformis por el McMyco es un suplemento diet\u00e9tico y debe ser utilizado como tal. No superar la dosis diaria recomendada. Mantener fuera del alcance de los ni\u00f1os. Consulte a su m\u00e9dico antes de utilizarlo si est\u00e1 embarazada, en per\u00edodo de lactancia o padece alguna enfermedad.<\/p>","protected":false},"excerpt":{"rendered":"<p>Tremella Fuciformis de McMyco es un suplemento diet\u00e9tico de primera calidad que combina los beneficios de la \"seta de oreja plateada\" con la vitamina C y el zinc. Conocido por sus propiedades para reforzar el sistema inmunitario y la piel, este suplemento apto para veganos es perfecto para mejorar el bienestar general.<\/p>","protected":false},"featured_media":134858,"template":"","meta":[],"product_brand":[],"product_cat":[596,297,475,521,523,395,515,476],"product_tag":[662],"class_list":{"0":"post-126711","1":"product","2":"type-product","3":"status-publish","4":"has-post-thumbnail","6":"product_cat-mcmyco","7":"product_cat-all-products","8":"product_cat-healthshop","9":"product_cat-medicinal-mushrooms","10":"product_cat-medicinal-mushrooms-supplements","11":"product_cat-microdosing","12":"product_cat-shroomshop","13":"product_cat-smartshop","14":"product_tag-shrdeal","16":"first","17":"instock","18":"taxable","19":"shipping-taxable","20":"purchasable","21":"product-type-variable","22":"has-default-attributes"},"_links":{"self":[{"href":"https:\/\/www.tatanka.nl\/es\/wp-json\/wp\/v2\/product\/126711","targetHints":{"allow":["GET"]}}],"collection":[{"href":"https:\/\/www.tatanka.nl\/es\/wp-json\/wp\/v2\/product"}],"about":[{"href":"https:\/\/www.tatanka.nl\/es\/wp-json\/wp\/v2\/types\/product"}],"wp:featuredmedia":[{"embeddable":true,"href":"https:\/\/www.tatanka.nl\/es\/wp-json\/wp\/v2\/media\/134858"}],"wp:attachment":[{"href":"https:\/\/www.tatanka.nl\/es\/wp-json\/wp\/v2\/media?parent=126711"}],"wp:term":[{"taxonomy":"product_brand","embeddable":true,"href":"https:\/\/www.tatanka.nl\/es\/wp-json\/wp\/v2\/product_brand?post=126711"},{"taxonomy":"product_cat","embeddable":true,"href":"https:\/\/www.tatanka.nl\/es\/wp-json\/wp\/v2\/product_cat?post=126711"},{"taxonomy":"product_tag","embeddable":true,"href":"https:\/\/www.tatanka.nl\/es\/wp-json\/wp\/v2\/product_tag?post=126711"}],"curies":[{"name":"wp","href":"https:\/\/api.w.org\/{rel}","templated":true}]}}