{"id":126719,"date":"2024-12-06T09:49:15","date_gmt":"2024-12-06T08:49:15","guid":{"rendered":"https:\/\/www.tatanka.nl\/?post_type=product&#038;p=126719"},"modified":"2025-03-05T16:25:36","modified_gmt":"2025-03-05T15:25:36","slug":"cola-nut-capsules-2","status":"publish","type":"product","link":"https:\/\/www.tatanka.nl\/es\/cola-nut-capsules-2\/","title":{"rendered":"C\u00e1psulas Cola Nut"},"content":{"rendered":"<h2>\u00bfQu\u00e9 son Cola Nut Capsules?<\/h2>\n<p>Las c\u00e1psulas Cola Nut son un suplemento natural elaborado a partir de las semillas de la planta Cola Nitida, tambi\u00e9n conocida como Kolanoot. Esta planta est\u00e1 emparentada con el cacao y puede crecer hasta 20 metros de altura en las selvas tropicales de \u00c1frica. Las semillas de la planta Cola Nitida son ricas en cafe\u00edna, que proporciona los efectos energizantes que se encuentran en las c\u00e1psulas Cola Nut. Similar a la cafe\u00edna del caf\u00e9, este estimulante natural puede ayudar a combatir la fatiga y aumentar la agudeza mental.<\/p>\n<p>Las c\u00e1psulas est\u00e1n dise\u00f1adas para proporcionarle una dosis c\u00f3moda y controlada de Cola Nut. Cada c\u00e1psula contiene una potente cantidad de los compuestos activos de Cola Nitida, ofreci\u00e9ndole un impulso de energ\u00eda limpia y natural sin necesidad de bebidas energ\u00e9ticas azucaradas. Los efectos de Cola Nut incluyen una mayor concentraci\u00f3n, un aumento de la resistencia y una reducci\u00f3n de la sensaci\u00f3n de cansancio. Si necesita un est\u00edmulo mental o ayuda para mantenerse alerta durante sus actividades diarias, las c\u00e1psulas de Cola Nut pueden ser un complemento \u00fatil para su rutina de bienestar.<\/p>\n<h2>Historia de Cola Nut<\/h2>\n<p>La historia de la Cola Nut se remonta a siglos atr\u00e1s en \u00c1frica, donde ha sido una parte esencial de la cultura y las pr\u00e1cticas medicinales. Las semillas de la planta Cola Nitida eran masticadas tradicionalmente por las tribus africanas para aumentar los niveles de energ\u00eda durante largos viajes o tareas extenuantes. Se valoraba por su capacidad para aumentar la resistencia y la concentraci\u00f3n, lo que la convert\u00eda en un recurso natural indispensable en estas comunidades.<\/p>\n<p>La popularidad mundial del Cola Nut se dispar\u00f3 cuando se convirti\u00f3 en la principal fuente de cafe\u00edna de la emblem\u00e1tica bebida Coca-Cola. Durante muchos a\u00f1os, el Cola Nut se utiliz\u00f3 en la f\u00f3rmula original, contribuyendo a las propiedades energizantes de la bebida. Aunque con el tiempo la cafe\u00edna sint\u00e9tica sustituy\u00f3 a la Cola Nut en la mayor\u00eda de los refrescos modernos, el legado de este estimulante natural perdura, y hoy sigue siendo un ingrediente clave en diversos productos para la salud.<\/p>\n<p>Las propiedades energizantes del Cola Nut lo han convertido en un ingrediente popular en los suplementos herbales de todo el mundo. Su capacidad para estimular y mejorar la concentraci\u00f3n lo convierte en la opci\u00f3n preferida de quienes buscan alternativas naturales a los productos energ\u00e9ticos sint\u00e9ticos.<\/p>\n<h2>C\u00f3mo utilizar Cola Nut Capsules<\/h2>\n<p>Para aprovechar al m\u00e1ximo las c\u00e1psulas de Cola Nut, tome dos c\u00e1psulas con un vaso de agua una vez al d\u00eda. Se recomienda consumir las c\u00e1psulas de Cola Nut por la ma\u00f1ana o a primera hora de la tarde para no interrumpir el sue\u00f1o debido a su contenido en cafe\u00edna. Esta sencilla dosificaci\u00f3n le permite disfrutar de sus efectos energ\u00e9ticos sin consumir cafe\u00edna en exceso.<\/p>\n<p>Si es la primera vez que toma Cola Nut o es sensible a la cafe\u00edna, empiece con una dosis m\u00e1s baja y eval\u00fae la respuesta de su cuerpo. Como con cualquier suplemento, la constancia es la clave. Para obtener resultados \u00f3ptimos, incorpore las c\u00e1psulas de Cola Nut a su rutina diaria para mejorar la concentraci\u00f3n y mantener la energ\u00eda durante todo el d\u00eda.<\/p>\n<p>Adem\u00e1s de aumentar la energ\u00eda, las c\u00e1psulas de Cola Nut pueden ayudar a perder peso. El contenido de cafe\u00edna puede ayudar a mejorar el metabolismo y suprimir el apetito, facilitando el seguimiento de los objetivos de control de peso. Aseg\u00farese de complementar las c\u00e1psulas con una dieta equilibrada y ejercicio regular para obtener los mejores resultados.<\/p>\n<h2>Ingredientes de Cola Nut Capsules<\/h2>\n<p>Cada c\u00e1psula Cola Nut contiene un \u00fanico y potente ingrediente: Cola Nitida. Este ingrediente procede de las semillas de la planta Cola Nitida, originaria del \u00c1frica tropical. Las semillas son naturalmente ricas en cafe\u00edna, que es el principal compuesto activo responsable de los efectos energizantes de Cola Nut.<\/p>\n<p>La cafe\u00edna act\u00faa estimulando el sistema nervioso central, mejorando la claridad mental y aumentando el estado de alerta. Adem\u00e1s, el Cola Nut puede tener otros compuestos beneficiosos que contribuyen a aumentar la energ\u00eda y a reforzar el metabolismo. Esto hace del Cola Nut una alternativa ideal a los estimulantes sint\u00e9ticos que se encuentran en muchas bebidas energ\u00e9ticas.<\/p>\n<p>Las c\u00e1psulas Indian Elements Cola Nut son 100% naturales, aptas para veganos y no contienen aditivos artificiales ni conservantes. Esto asegura que usted est\u00e1 recibiendo un producto puro, de alta calidad que se alinea con un estilo de vida limpio y saludable.<\/p>\n<p><strong>Advertencia<\/strong><br \/>\nLas c\u00e1psulas Cola Nut est\u00e1n destinadas a adultos mayores de 18 a\u00f1os. Mant\u00e9ngase fuera del alcance de los ni\u00f1os. Cola Nut no debe utilizarse en combinaci\u00f3n con inhibidores de la MAO. Las personas con problemas renales o card\u00edacos, hipertensi\u00f3n o hipotensi\u00f3n, diabetes o bajo la influencia de medicamentos, drogas o alcohol deben evitar el uso de Cola Nut. Consulte siempre con un profesional sanitario antes de empezar a tomar cualquier suplemento nuevo. Este producto es un complemento alimenticio y debe utilizarse como parte de una dieta equilibrada. No compre si el precinto est\u00e1 roto.<\/p>","protected":false},"excerpt":{"rendered":"<p>Indian Elements Cola Nut Capsules proporcionan un impulso de energ\u00eda natural a trav\u00e9s de la cafe\u00edna que se encuentra en la planta Cola Nitida. Este suplemento ayuda a mejorar la concentraci\u00f3n, combatir la fatiga e incluso puede contribuir a la p\u00e9rdida de peso. Con sus propiedades energizantes, Cola Nut ofrece una forma natural y apta para veganos de mejorar su rendimiento diario.<\/p>","protected":false},"featured_media":126722,"template":"","meta":[],"product_brand":[],"product_cat":[597,297,477,476],"product_tag":[],"class_list":{"0":"post-126719","1":"product","2":"type-product","3":"status-publish","4":"has-post-thumbnail","6":"product_cat-indian-elements","7":"product_cat-all-products","8":"product_cat-herbs","9":"product_cat-smartshop","11":"first","12":"instock","13":"taxable","14":"shipping-taxable","15":"purchasable","16":"product-type-variable","17":"has-default-attributes"},"_links":{"self":[{"href":"https:\/\/www.tatanka.nl\/es\/wp-json\/wp\/v2\/product\/126719","targetHints":{"allow":["GET"]}}],"collection":[{"href":"https:\/\/www.tatanka.nl\/es\/wp-json\/wp\/v2\/product"}],"about":[{"href":"https:\/\/www.tatanka.nl\/es\/wp-json\/wp\/v2\/types\/product"}],"wp:featuredmedia":[{"embeddable":true,"href":"https:\/\/www.tatanka.nl\/es\/wp-json\/wp\/v2\/media\/126722"}],"wp:attachment":[{"href":"https:\/\/www.tatanka.nl\/es\/wp-json\/wp\/v2\/media?parent=126719"}],"wp:term":[{"taxonomy":"product_brand","embeddable":true,"href":"https:\/\/www.tatanka.nl\/es\/wp-json\/wp\/v2\/product_brand?post=126719"},{"taxonomy":"product_cat","embeddable":true,"href":"https:\/\/www.tatanka.nl\/es\/wp-json\/wp\/v2\/product_cat?post=126719"},{"taxonomy":"product_tag","embeddable":true,"href":"https:\/\/www.tatanka.nl\/es\/wp-json\/wp\/v2\/product_tag?post=126719"}],"curies":[{"name":"wp","href":"https:\/\/api.w.org\/{rel}","templated":true}]}}