{"id":126729,"date":"2024-12-06T10:00:16","date_gmt":"2024-12-06T09:00:16","guid":{"rendered":"https:\/\/www.tatanka.nl\/?post_type=product&#038;p=126729"},"modified":"2025-01-29T14:02:50","modified_gmt":"2025-01-29T13:02:50","slug":"guarana","status":"publish","type":"product","link":"https:\/\/www.tatanka.nl\/es\/guarana\/","title":{"rendered":"Guaran\u00e1"},"content":{"rendered":"<h2>\u00bfQu\u00e9 es el guaran\u00e1?<\/h2>\n<p>El guaran\u00e1 (Paullinia Cupana) es una planta trepadora tropical originaria de la regi\u00f3n amaz\u00f3nica, sobre todo de Brasil. Sus peque\u00f1as bayas y semillas de color marr\u00f3n rojizo han sido utilizadas durante siglos por las tribus ind\u00edgenas, no s\u00f3lo como fuente de alimento, sino tambi\u00e9n por sus propiedades energ\u00e9ticas. Para estas tribus, el Guaran\u00e1 es un s\u00edmbolo cultural importante, a menudo considerado vital para su modo de vida. Conocido por sus potentes efectos estimulantes, el Guaran\u00e1 se ha utilizado hist\u00f3ricamente en la caza y la guerra por su capacidad para aumentar la energ\u00eda y el estado de alerta.<\/p>\n<p>La caracter\u00edstica m\u00e1s notable del Guaran\u00e1 es su alto contenido en cafe\u00edna, de 4 a 6 veces superior al del caf\u00e9. A diferencia del caf\u00e9, que proporciona una r\u00e1faga r\u00e1pida de cafe\u00edna, el Guaran\u00e1 la libera gradualmente, lo que se traduce en un nivel de energ\u00eda m\u00e1s sostenido sin la ca\u00edda r\u00e1pida. Esto convierte al Guaran\u00e1 en un suplemento natural ideal para quienes buscan un impulso de energ\u00eda constante y a largo plazo. Los efectos del Guaran\u00e1 son m\u00e1s beneficiosos cuando se consume con regularidad, ya que favorece la vitalidad general y mejora el rendimiento mental y f\u00edsico.<\/p>\n<hr \/>\n<h2>Historia del guaran\u00e1<\/h2>\n<p>El guaran\u00e1 tiene una historia muy arraigada en el Amazonas, donde las tribus ind\u00edgenas han dependido de la planta durante siglos. La utilizan por sus propiedades estimulantes, especialmente \u00fatiles durante las expediciones de caza o para prepararse para la batalla. Las bayas de la planta, que contienen altos niveles de cafe\u00edna, se muelen a menudo en polvo o se mezclan con agua para crear bebidas energizantes.<\/p>\n<p>Para muchas tribus, el guaran\u00e1 tiene un significado cultural y forma parte integrante de su supervivencia y sus tradiciones. Con el tiempo, el conocimiento de sus beneficios se extendi\u00f3 y el Guaran\u00e1 acab\u00f3 ganando popularidad m\u00e1s all\u00e1 del Amazonas. En los tiempos modernos, el Guaran\u00e1 es ampliamente utilizado en bebidas energ\u00e9ticas, suplementos diet\u00e9ticos y productos para la p\u00e9rdida de peso debido a su capacidad natural para mejorar la energ\u00eda y la concentraci\u00f3n. Indian Elements Guaran\u00e1 trae esta tradici\u00f3n centenaria en el mundo moderno, ofreciendo un refuerzo de energ\u00eda natural y eficaz.<\/p>\n<hr \/>\n<h2>C\u00f3mo utilizar el guaran\u00e1<\/h2>\n<p>La dosis recomendada de Guaran\u00e1 Indian Elements es de 1 gramo al d\u00eda, por lo que es una forma f\u00e1cil y c\u00f3moda de incorporar esta hierba energ\u00e9tica a su rutina diaria. Simplemente mezcle el polvo en una bebida, batido o licuado. Debido a su liberaci\u00f3n gradual de cafe\u00edna, los efectos del Guaran\u00e1 se mantienen durante todo el d\u00eda, proporcionando un aumento constante de energ\u00eda, concentraci\u00f3n y claridad mental.<\/p>\n<p>Aunque el Guaran\u00e1 puede tomarse en cualquier momento, es preferible hacerlo por la ma\u00f1ana o a primera hora de la tarde para no alterar los horarios de sue\u00f1o. Puede ser especialmente \u00fatil para quienes necesitan un impulso de energ\u00eda durante largas sesiones de trabajo o estudio, ya que ayuda a mantener la concentraci\u00f3n y la productividad. En el caso de los deportistas, el Guaran\u00e1 puede contribuir a mejorar el rendimiento, ya que mejora la resistencia f\u00edsica y reduce la fatiga durante las actividades f\u00edsicas intensas.<\/p>\n<hr \/>\n<h2>Ingredientes del Guaran\u00e1<\/h2>\n<p>El \u00fanico ingrediente de Indian Elements Guaran\u00e1 es la semilla de la planta Paullinia Cupana. Esta semilla se muele en un polvo fino, conservando todos los beneficios naturales de la hierba. El Guaran\u00e1 es conocido por su alta concentraci\u00f3n de cafe\u00edna, as\u00ed como por otros compuestos beneficiosos como los antioxidantes, que favorecen la salud y el bienestar general.<\/p>\n<p>Adem\u00e1s, el guaran\u00e1 tiene propiedades supresoras del apetito, lo que lo convierte en una opci\u00f3n popular para quienes desean controlar su peso. Sus antioxidantes ayudan a combatir el estr\u00e9s oxidativo en el organismo, contribuyendo a la vitalidad general. La cafe\u00edna del Guaran\u00e1, combinada con sus otros compuestos naturales, lo convierte en un potente suplemento natural para aumentar la energ\u00eda, la concentraci\u00f3n y la resistencia.<\/p>\n<hr \/>\n<p><strong>Advertencia:<\/strong><br \/>\nUtilizar s\u00f3lo para mayores de 18 a\u00f1os. Mant\u00e9ngase fuera del alcance de los ni\u00f1os. El guaran\u00e1 no est\u00e1 recomendado para personas con afecciones card\u00edacas. Este producto es un suplemento diet\u00e9tico y debe utilizarse como tal. No compre si el precinto est\u00e1 roto.<\/p>","protected":false},"excerpt":{"rendered":"<p>Guarana de Indian Elements es un potenciador de energ\u00eda natural, perfecto para aquellos que necesitan un empuj\u00f3n extra durante el d\u00eda. Con su alto contenido en cafe\u00edna, esta poderosa hierba ayuda a mejorar el rendimiento f\u00edsico y mental, por lo que es popular entre los atletas, estudiantes y trabajadores nocturnos. Con una dosis diaria recomendada de s\u00f3lo 1 gramo, ofrece energ\u00eda duradera, mayor concentraci\u00f3n y motivaci\u00f3n.<\/p>","protected":false},"featured_media":126732,"template":"","meta":[],"product_brand":[],"product_cat":[597,297,477,476],"product_tag":[],"class_list":{"0":"post-126729","1":"product","2":"type-product","3":"status-publish","4":"has-post-thumbnail","6":"product_cat-indian-elements","7":"product_cat-all-products","8":"product_cat-herbs","9":"product_cat-smartshop","11":"first","12":"instock","13":"taxable","14":"shipping-taxable","15":"purchasable","16":"product-type-variable","17":"has-default-attributes"},"_links":{"self":[{"href":"https:\/\/www.tatanka.nl\/es\/wp-json\/wp\/v2\/product\/126729","targetHints":{"allow":["GET"]}}],"collection":[{"href":"https:\/\/www.tatanka.nl\/es\/wp-json\/wp\/v2\/product"}],"about":[{"href":"https:\/\/www.tatanka.nl\/es\/wp-json\/wp\/v2\/types\/product"}],"wp:featuredmedia":[{"embeddable":true,"href":"https:\/\/www.tatanka.nl\/es\/wp-json\/wp\/v2\/media\/126732"}],"wp:attachment":[{"href":"https:\/\/www.tatanka.nl\/es\/wp-json\/wp\/v2\/media?parent=126729"}],"wp:term":[{"taxonomy":"product_brand","embeddable":true,"href":"https:\/\/www.tatanka.nl\/es\/wp-json\/wp\/v2\/product_brand?post=126729"},{"taxonomy":"product_cat","embeddable":true,"href":"https:\/\/www.tatanka.nl\/es\/wp-json\/wp\/v2\/product_cat?post=126729"},{"taxonomy":"product_tag","embeddable":true,"href":"https:\/\/www.tatanka.nl\/es\/wp-json\/wp\/v2\/product_tag?post=126729"}],"curies":[{"name":"wp","href":"https:\/\/api.w.org\/{rel}","templated":true}]}}