{"id":126743,"date":"2024-12-06T11:16:36","date_gmt":"2024-12-06T10:16:36","guid":{"rendered":"https:\/\/www.tatanka.nl\/?post_type=product&#038;p=126743"},"modified":"2025-03-05T16:24:02","modified_gmt":"2025-03-05T15:24:02","slug":"creatine","status":"publish","type":"product","link":"https:\/\/www.tatanka.nl\/es\/creatine\/","title":{"rendered":"Creatina"},"content":{"rendered":"<h2>\u00bfQu\u00e9 es el Monohidrato de Creatina Capsules?<\/h2>\n<p>Fit4Seasons Creatina Monohidrato Capsules ofrecen una manera conveniente de incorporar la creatina en su rutina de ejercicios. La creatina es un compuesto natural que se encuentra en las c\u00e9lulas musculares, y desempe\u00f1a un papel vital en la producci\u00f3n de energ\u00eda durante las explosiones cortas de ejercicio de alta intensidad. Cada c\u00e1psula contiene 750 mg de monohidrato de creatina, la forma de creatina m\u00e1s estudiada y utilizada.<\/p>\n<p>La creatina es popular entre atletas y entusiastas del fitness porque puede mejorar el rendimiento f\u00edsico, especialmente en actividades explosivas como el levantamiento de pesas, el sprint y el entrenamiento a intervalos de alta intensidad (HIIT). Mediante la suplementaci\u00f3n con creatina, los atletas pueden experimentar mejoras en la fuerza, la potencia y la resistencia durante los entrenamientos intensos de corta duraci\u00f3n. Estas c\u00e1psulas veganas proporcionan una manera f\u00e1cil y eficaz de a\u00f1adir creatina a su rutina diaria sin necesidad de polvos o batidos.<\/p>\n<p>Fit4Seasons Creatina Monohidrato Capsules est\u00e1n dise\u00f1ados para apoyar sus objetivos de entrenamiento y ayudarle a alcanzar su m\u00e1ximo rendimiento. Son adecuados para atletas de todos los niveles que buscan una forma natural y eficaz de mejorar su rendimiento f\u00edsico.<\/p>\n<hr \/>\n<h2>Historia de la creatina<\/h2>\n<p>La creatina se utiliza desde hace d\u00e9cadas como suplemento para mejorar el rendimiento deportivo. Descubierta a principios del siglo XIX por el qu\u00edmico franc\u00e9s Michel Eug\u00e8ne Chevreul, la creatina se identific\u00f3 como una sustancia presente de forma natural en el tejido muscular. Sin embargo, no fue hasta la d\u00e9cada de 1990 cuando la creatina fue ampliamente reconocida por sus beneficios para mejorar el rendimiento, especialmente en el \u00e1mbito del deporte y el fitness.<\/p>\n<p>Al principio, los suplementos de creatina se suministraban principalmente en forma de polvo, pero con el tiempo se desarrollaron m\u00e9todos de administraci\u00f3n m\u00e1s c\u00f3modos, como las c\u00e1psulas, para facilitar la suplementaci\u00f3n a los atletas. Los estudios de investigaci\u00f3n han demostrado que el monohidrato de creatina puede aumentar la masa muscular, la fuerza y el rendimiento del ejercicio, especialmente en los entrenamientos de alta intensidad. Como resultado, la creatina se ha convertido en uno de los suplementos m\u00e1s investigados y populares del mundo, utilizado tanto por atletas profesionales como por aficionados al gimnasio.<\/p>\n<p>Hoy en d\u00eda, la creatina se incluye habitualmente en los productos de nutrici\u00f3n deportiva debido a sus beneficios bien documentados para los ejercicios explosivos de corta duraci\u00f3n, y a su capacidad para ayudar a los atletas a recuperarse m\u00e1s eficazmente entre series o entrenamientos.<\/p>\n<hr \/>\n<h2>C\u00f3mo utilizar Creatina Monohidrato Capsules<\/h2>\n<p>Fit4Seasons Creatina Monohidrato Capsules son f\u00e1ciles de usar. La dosis recomendada es de 1 c\u00e1psula, tomada dos veces al d\u00eda, preferiblemente despu\u00e9s de las comidas con un vaso de agua. Esto garantiza una absorci\u00f3n \u00f3ptima de la creatina y minimiza el riesgo de molestias digestivas.<\/p>\n<p>Para obtener los mejores resultados, es esencial ser constante con la ingesta de creatina. Muchos atletas optan por tomar las c\u00e1psulas en momentos espec\u00edficos del d\u00eda, como despu\u00e9s del entrenamiento o con una comida para facilitar su absorci\u00f3n. Mientras que algunas personas pueden experimentar beneficios inmediatos de la creatina, otras pueden tardar varios d\u00edas o semanas en notar cambios notables en su rendimiento.<\/p>\n<p>Tambi\u00e9n es importante mantener una hidrataci\u00f3n adecuada cuando se toman suplementos de creatina, ya que puede aumentar la retenci\u00f3n de agua en los m\u00fasculos. Como siempre, consulte con un profesional sanitario antes de empezar a tomar cualquier suplemento, especialmente si est\u00e1 embarazada, en periodo de lactancia o padece alg\u00fan problema de salud.<\/p>\n<hr \/>\n<h2>Ingredientes del Monohidrato de Creatina Capsules<\/h2>\n<p>Cada c\u00e1psula de monohidrato de creatina Fit4Seasons contiene 750 mg de monohidrato de creatina puro, la forma de creatina m\u00e1s investigada y eficaz. La creatina es un compuesto que se encuentra de forma natural en el cuerpo, principalmente en las c\u00e9lulas musculares, y desempe\u00f1a un papel clave en la producci\u00f3n de energ\u00eda durante las explosiones cortas de actividad f\u00edsica intensa.<\/p>\n<p>Cuando se toma como suplemento, la creatina ayuda a reponer las reservas corporales de ATP (trifosfato de adenosina), la moneda energ\u00e9tica de las c\u00e9lulas. Esto, a su vez, contribuye a aumentar la fuerza, la potencia y la resistencia durante ejercicios de alta intensidad como el levantamiento de pesas, el sprint y otros movimientos explosivos.<\/p>\n<p>Las c\u00e1psulas son 100% veganas, por lo que son adecuadas para una dieta basada en plantas. Est\u00e1n libres de aditivos artificiales, conservantes y gluten, ofreciendo una forma limpia y natural para apoyar sus objetivos de fitness. Con Fit4Seasons Creatina Monohidrato Capsules, puede alimentar su cuerpo con una fuente pura y potente de creatina para mejorar su rendimiento deportivo y la recuperaci\u00f3n.<\/p>\n<hr \/>\n<p><strong>Advertencias<\/strong><\/p>\n<ul>\n<li>Mantener fuera del alcance de los ni\u00f1os.<\/li>\n<li>Consulte a su m\u00e9dico antes de utilizarlo si est\u00e1 embarazada, en per\u00edodo de lactancia o padece alg\u00fan problema de salud.<\/li>\n<li>Conservar en un lugar fresco y seco, protegido de la luz solar directa y a temperatura ambiente.<\/li>\n<li>Este producto no sustituye a una dieta equilibrada y debe utilizarse como parte de un estilo de vida saludable.<\/li>\n<\/ul>","protected":false},"excerpt":{"rendered":"<p>Fit4Seasons Creatina Monohidrato Capsules est\u00e1n dise\u00f1adas para ayudar a los atletas a mejorar su rendimiento durante entrenamientos cortos e intensos. Cada c\u00e1psula apta para veganos contiene 750 mg de monohidrato de creatina puro, conocido por potenciar la energ\u00eda y la fuerza durante actividades como el levantamiento de pesas.<\/p>","protected":false},"featured_media":126746,"template":"","meta":[],"product_brand":[],"product_cat":[598,297,475,482],"product_tag":[],"class_list":{"0":"post-126743","1":"product","2":"type-product","3":"status-publish","4":"has-post-thumbnail","6":"product_cat-fit4seasons","7":"product_cat-all-products","8":"product_cat-healthshop","9":"product_cat-vitamins","11":"first","12":"instock","13":"taxable","14":"shipping-taxable","15":"purchasable","16":"product-type-variable","17":"has-default-attributes"},"_links":{"self":[{"href":"https:\/\/www.tatanka.nl\/es\/wp-json\/wp\/v2\/product\/126743","targetHints":{"allow":["GET"]}}],"collection":[{"href":"https:\/\/www.tatanka.nl\/es\/wp-json\/wp\/v2\/product"}],"about":[{"href":"https:\/\/www.tatanka.nl\/es\/wp-json\/wp\/v2\/types\/product"}],"wp:featuredmedia":[{"embeddable":true,"href":"https:\/\/www.tatanka.nl\/es\/wp-json\/wp\/v2\/media\/126746"}],"wp:attachment":[{"href":"https:\/\/www.tatanka.nl\/es\/wp-json\/wp\/v2\/media?parent=126743"}],"wp:term":[{"taxonomy":"product_brand","embeddable":true,"href":"https:\/\/www.tatanka.nl\/es\/wp-json\/wp\/v2\/product_brand?post=126743"},{"taxonomy":"product_cat","embeddable":true,"href":"https:\/\/www.tatanka.nl\/es\/wp-json\/wp\/v2\/product_cat?post=126743"},{"taxonomy":"product_tag","embeddable":true,"href":"https:\/\/www.tatanka.nl\/es\/wp-json\/wp\/v2\/product_tag?post=126743"}],"curies":[{"name":"wp","href":"https:\/\/api.w.org\/{rel}","templated":true}]}}