{"id":126747,"date":"2024-12-06T11:25:42","date_gmt":"2024-12-06T10:25:42","guid":{"rendered":"https:\/\/www.tatanka.nl\/?post_type=product&#038;p=126747"},"modified":"2025-03-05T16:23:48","modified_gmt":"2025-03-05T15:23:48","slug":"energetic-fatblocker","status":"publish","type":"product","link":"https:\/\/www.tatanka.nl\/es\/energetic-fatblocker\/","title":{"rendered":"Bloqueador energ\u00e9tico de grasas"},"content":{"rendered":"<h2>\u00bfQu\u00e9 es Energetic Fatblocker?<\/h2>\n<p>Energetic Fatblocker es un suplemento diet\u00e9tico creado para apoyar la p\u00e9rdida de peso bloqueando la absorci\u00f3n de grasa y ayudando a quemar la grasa existente. Funciona como un cortafuegos o esc\u00e1ner de virus para su cuerpo, reduciendo la absorci\u00f3n de grasa y aumentar el metabolismo de las grasas. Este producto esta repleto de potentes ingredientes naturales, incluyendo Camelia Sinensis, Chitosan, y Garcinia, todos conocidos por sus propiedades para quemar grasa y suprimir el apetito. Ideal para cualquier persona que desee perder peso o mantener una composici\u00f3n corporal saludable, Energetic Fatblocker puede ser una herramienta poderosa cuando se utiliza junto con una dieta equilibrada y ejercicio regular.<\/p>\n<p>La f\u00f3rmula se ha desarrollado espec\u00edficamente para proporcionar resultados notables de p\u00e9rdida de peso al tiempo que aumenta los niveles de energ\u00eda. Cada c\u00e1psula vegana es f\u00e1cil de tomar, por lo que es una adici\u00f3n conveniente a su rutina diaria. La eficacia del producto puede potenciarse si se combina con otros suplementos complementarios. Con un uso regular, Energetic Fatblocker favorece los procesos naturales del organismo, ayud\u00e1ndole a alcanzar sus objetivos de p\u00e9rdida de peso de forma m\u00e1s eficaz.<\/p>\n<hr \/>\n<h2>Historia de Energetic Fatblocker<\/h2>\n<p>Energetic Fatblocker se desarroll\u00f3 con la visi\u00f3n de crear una soluci\u00f3n natural y eficaz para el control del peso. Combinando ingredientes tradicionales con la ciencia moderna, este suplemento refleja la creciente demanda de soluciones quemagrasas eficaces basadas en plantas. Los ingredientes clave de Energetic Fatblocker se han utilizado durante mucho tiempo en la medicina herbal por su capacidad para promover el metabolismo y la quema de grasas. La Camelia Sinensis, por ejemplo, ha sido c\u00e9lebre durante siglos por sus beneficios para la salud, mientras que la Garcinia y el Chitosan se han hecho populares por sus propiedades bloqueadoras de la grasa.<\/p>\n<p>Gracias a la investigaci\u00f3n y la colaboraci\u00f3n con expertos en nutrici\u00f3n y p\u00e9rdida de peso, naci\u00f3 Energetic Fatblocker. El producto combina estos ingredientes ancestrales con el conocimiento contempor\u00e1neo de la ciencia de la p\u00e9rdida de peso para crear un producto que funcione eficazmente en el acelerado mundo actual. Centrado en la pureza y la potencia, Energetic Fatblocker es apto para veganos, lo que garantiza que satisface las necesidades de una amplia gama de consumidores. Este producto est\u00e1 dise\u00f1ado para ser una ayuda fiable y potente en la b\u00fasqueda de un peso corporal m\u00e1s saludable.<\/p>\n<hr \/>\n<h2>C\u00f3mo utilizar Energetic Fatblocker<\/h2>\n<p>Para obtener los mejores resultados con Energetic Fatblocker, se recomienda tomar de 2 a 3 c\u00e1psulas aproximadamente 45 minutos antes del efecto deseado con agua. No exceda una dosis m\u00e1xima de 4 c\u00e1psulas al d\u00eda. Esta dosis es ideal para estimular el metabolismo de las grasas y optimizar los procesos de quema de grasas en su organismo.<\/p>\n<p>Para aquellos que son nuevos en el uso de suplementos para quemar grasa, puede ser mejor comenzar con una dosis m\u00e1s baja de 2 c\u00e1psulas, mientras se aumenta gradualmente a 3 c\u00e1psulas a medida que se adapta. Es importante utilizar Energetic Fatblocker constantemente para ver los beneficios completos. Para obtener resultados \u00f3ptimos, combine este producto con una dieta saludable y una rutina de ejercicios. La f\u00f3rmula funciona mejor cuando el cuerpo est\u00e1 participando activamente en la actividad f\u00edsica, lo que permite la m\u00e1xima quema de grasa y el gasto de energ\u00eda.<\/p>\n<p>Adem\u00e1s, recuerde que los suplementos diet\u00e9ticos funcionan mejor cuando se incorporan a un estilo de vida equilibrado. El Fatblocker energ\u00e9tico se debe considerar como adici\u00f3n \u00fatil a su plan de la p\u00e9rdida del peso, no un reemplazo para una dieta o un ejercicio apropiada.<\/p>\n<hr \/>\n<h2>Ingredientes de Energetic Fatblocker<\/h2>\n<p>Energetic Fatblocker contiene una potente mezcla de ingredientes naturales, cada uno seleccionado por su capacidad para ayudar con el control de peso y el metabolismo de las grasas. Estos ingredientes incluyen:<\/p>\n<ul>\n<li><strong>Camelia Sinensis (extracto de t\u00e9 verde)<\/strong>: Conocida por sus propiedades antioxidantes, la Camelia Sinensis tambi\u00e9n favorece la oxidaci\u00f3n de las grasas y ayuda a estimular el metabolismo.<\/li>\n<li><strong>Chitos\u00e1n<\/strong>: Una fibra natural que ayuda a bloquear la absorci\u00f3n de grasa en el sistema digestivo, reduciendo la cantidad de grasa que el cuerpo puede almacenar.<\/li>\n<li><strong>Cola Nitida<\/strong>: Un extracto de la nuez de cola, que aumenta los niveles de energ\u00eda y ayuda a quemar grasas.<\/li>\n<li><strong>Paullinia Cupana (Guaran\u00e1)<\/strong>: Un estimulante natural que aumenta el metabolismo y ayuda a suprimir el apetito.<\/li>\n<li><strong>Citrus Paradise (pomelo)<\/strong>: Conocido por sus propiedades quemagrasas, el extracto de pomelo ayuda a aumentar el metabolismo y a reducir el almacenamiento de grasa.<\/li>\n<li><strong>Garcinia<\/strong>: Una fruta tropical popular por su capacidad para bloquear la producci\u00f3n de grasa y suprimir el apetito.<\/li>\n<li><strong>Salix Alda Cortex<\/strong>: Conocida por sus propiedades antioxidantes y antiinflamatorias, puede favorecer la salud general durante la p\u00e9rdida de peso.<\/li>\n<\/ul>\n<p>Cada uno de estos ingredientes juega un papel clave en el apoyo a la p\u00e9rdida de grasa y aumentar el bienestar general, haciendo Energetic Fatblocker una opci\u00f3n eficaz y natural para el control de peso.<\/p>\n<hr \/>\n<p><strong>Advertencia<\/strong><br \/>\nMant\u00e9ngase fuera del alcance de los ni\u00f1os. Consulte a su m\u00e9dico antes de utilizarlo si est\u00e1 embarazada, en per\u00edodo de lactancia o tiene alg\u00fan problema de salud. Este producto no sustituye a una dieta equilibrada y debe utilizarse como parte de un estilo de vida saludable. Conservar a temperatura ambiente en un lugar oscuro.<\/p>","protected":false},"excerpt":{"rendered":"<p>Energetic Fatblocker es un suplemento natural dise\u00f1ado para ayudar a reducir la absorci\u00f3n de grasa y promover la quema de grasa. Formulado con una mezcla de potentes ingredientes, este producto favorece la p\u00e9rdida de peso y mejora los niveles de energ\u00eda. Con 100 c\u00e1psulas veganas por botella, ofrece una soluci\u00f3n f\u00e1cil para aquellos que buscan lograr un cuerpo m\u00e1s delgado.<\/p>","protected":false},"featured_media":126750,"template":"","meta":[],"product_brand":[],"product_cat":[598,297,475,480],"product_tag":[],"class_list":{"0":"post-126747","1":"product","2":"type-product","3":"status-publish","4":"has-post-thumbnail","6":"product_cat-fit4seasons","7":"product_cat-all-products","8":"product_cat-healthshop","9":"product_cat-supplements","11":"first","12":"instock","13":"taxable","14":"shipping-taxable","15":"purchasable","16":"product-type-variable","17":"has-default-attributes"},"_links":{"self":[{"href":"https:\/\/www.tatanka.nl\/es\/wp-json\/wp\/v2\/product\/126747","targetHints":{"allow":["GET"]}}],"collection":[{"href":"https:\/\/www.tatanka.nl\/es\/wp-json\/wp\/v2\/product"}],"about":[{"href":"https:\/\/www.tatanka.nl\/es\/wp-json\/wp\/v2\/types\/product"}],"wp:featuredmedia":[{"embeddable":true,"href":"https:\/\/www.tatanka.nl\/es\/wp-json\/wp\/v2\/media\/126750"}],"wp:attachment":[{"href":"https:\/\/www.tatanka.nl\/es\/wp-json\/wp\/v2\/media?parent=126747"}],"wp:term":[{"taxonomy":"product_brand","embeddable":true,"href":"https:\/\/www.tatanka.nl\/es\/wp-json\/wp\/v2\/product_brand?post=126747"},{"taxonomy":"product_cat","embeddable":true,"href":"https:\/\/www.tatanka.nl\/es\/wp-json\/wp\/v2\/product_cat?post=126747"},{"taxonomy":"product_tag","embeddable":true,"href":"https:\/\/www.tatanka.nl\/es\/wp-json\/wp\/v2\/product_tag?post=126747"}],"curies":[{"name":"wp","href":"https:\/\/api.w.org\/{rel}","templated":true}]}}