{"id":126751,"date":"2024-12-06T11:35:11","date_gmt":"2024-12-06T10:35:11","guid":{"rendered":"https:\/\/www.tatanka.nl\/?post_type=product&#038;p=126751"},"modified":"2025-05-20T07:41:54","modified_gmt":"2025-05-20T06:41:54","slug":"thermo-energetic-fatburner","status":"publish","type":"product","link":"https:\/\/www.tatanka.nl\/es\/thermo-energetic-fatburner\/","title":{"rendered":"Quemagrasas termoenerg\u00e9tico"},"content":{"rendered":"<h2>\u00bfQu\u00e9 es Energetic Fatburner?<\/h2>\n<p>Energetic Fatburner es un suplemento diet\u00e9tico natural formulado para acelerar la p\u00e9rdida de grasa impulsando su metabolismo y disminuyendo el hambre. Cada c\u00e1psula contiene una potente combinaci\u00f3n de ingredientes org\u00e1nicos como corteza de sauce, cafe\u00edna, citrus aurantium y vitamina B12. Estos componentes trabajan sin\u00e9rgicamente para apoyar su viaje de p\u00e9rdida de peso mediante el aumento de los niveles de energ\u00eda y animar a su cuerpo a quemar m\u00e1s grasa. La f\u00f3rmula tambi\u00e9n ayuda a controlar el apetito, por lo que es m\u00e1s f\u00e1cil de seguir su dieta y reducir la ingesta de calor\u00edas. Con una dosis m\u00e1xima recomendada de 4 c\u00e1psulas al d\u00eda, Energetic Fatburner puede cambiar su rutina de quema de grasas.<\/p>\n<h2>Historia de Energetic Fatburner<\/h2>\n<p>El concepto de quemadores de grasa ha existido durante muchos a\u00f1os, con varios suplementos en el mercado que afirman ayudar en la p\u00e9rdida de peso. Sin embargo, Energetic Fatburner de Fit 4 Seasons se destaca por su uso de ingredientes org\u00e1nicos 100% y una f\u00f3rmula probada dise\u00f1ada para aumentar el metabolismo y apoyar la p\u00e9rdida de grasa sin efectos secundarios. Con los a\u00f1os, Fit 4 Seasons ha refinado su enfoque, asegurando que s\u00f3lo los ingredientes de m\u00e1s alta calidad se utilizan en sus suplementos. La mezcla \u00fanica de extractos naturales y vitaminas en Energetic Fatburner lo ha convertido en uno de los productos quemadores de grasa m\u00e1s vendidos en el mercado, con usuarios que reportan mejoras significativas en sus niveles de energ\u00eda, control del apetito y p\u00e9rdida de peso.<\/p>\n<h2>C\u00f3mo utilizar Energetic Fatburner<\/h2>\n<p>Para experimentar todos los beneficios de Energetic Fatburner, tome 2 \u00f3 3 c\u00e1psulas 45 minutos antes del efecto deseado con agua. Para obtener los mejores resultados, la dosis recomendada no debe exceder de 4 c\u00e1psulas al d\u00eda. Este suplemento funciona mejor cuando se combina con una dieta saludable y una rutina de ejercicio regular. Al aumentar el metabolismo y disminuir el apetito, Energetic Fatburner le ayuda a quemar grasa de forma m\u00e1s eficiente mientras mantiene la masa muscular. Recuerde mantenerse hidratado y consulte a su m\u00e9dico si tiene alg\u00fan problema de salud, especialmente si est\u00e1 embarazada, en per\u00edodo de lactancia o padece alguna enfermedad.<\/p>\n<h2>Ingredientes de Energetic Fatburner<\/h2>\n<p>Energetic Fatburner est\u00e1 formulado con ingredientes cuidadosamente seleccionados que trabajan juntos para proporcionar beneficios \u00f3ptimos para quemar grasa. Los ingredientes clave incluyen:<\/p>\n<ul>\n<li><strong>Extracto de corteza de sauce<\/strong> (300 mg): Conocido por sus propiedades analg\u00e9sicas naturales, tambi\u00e9n ayuda a reducir la inflamaci\u00f3n y favorece el metabolismo.<\/li>\n<li><strong>Cafe\u00edna (160 mg)<\/strong>: Un conocido estimulante que aumenta la energ\u00eda, potencia la oxidaci\u00f3n de grasas y suprime el apetito.<\/li>\n<li><strong>Citrus Aurantium (16 mg de sinefrina)<\/strong>: Un compuesto natural que ayuda al metabolismo de las grasas y potencia los efectos de la quema de grasas.<\/li>\n<li><strong>Vitamina B12 (0,01 mg)<\/strong>: Esencial para la producci\u00f3n de energ\u00eda y el mantenimiento de un metabolismo saludable.<\/li>\n<li><strong>Niacina (5 mg)<\/strong>: Favorece la conversi\u00f3n de los alimentos en energ\u00eda y promueve niveles saludables de colesterol.<\/li>\n<li><strong>Cloruro de cromo (0,05 mg)<\/strong>: Ayuda a regular el az\u00facar en sangre y contribuye a una p\u00e9rdida de peso saludable.<\/li>\n<\/ul>\n<p>Cada c\u00e1psula proporciona una dosis cuidadosamente equilibrada de estos ingredientes para garantizar unos resultados eficaces en la quema de grasas y el aumento de la energ\u00eda.<\/p>\n<p><strong>Advertencia:<\/strong> Mant\u00e9ngase fuera del alcance de los ni\u00f1os. Consulte a su m\u00e9dico antes de utilizarlo si est\u00e1 embarazada, en per\u00edodo de lactancia o padece alguna enfermedad. No es un complemento alimenticio y debe utilizarse como tal. Conservar a temperatura ambiente en un lugar oscuro.<\/p>\n<p>Energetic Fatburner es el compa\u00f1ero ideal para aquellos que buscan una forma natural y eficaz de perder peso, aumentar la energ\u00eda y mejorar la salud en general. Tanto si est\u00e1 comenzando su viaje de fitness como si busca mejorar su rutina actual, este quemador de grasa es el complemento perfecto para ayudarle a alcanzar sus objetivos.<\/p>","protected":false},"excerpt":{"rendered":"<p>Energetic Fatburner es una potente ayuda natural para la p\u00e9rdida de peso dise\u00f1ada para estimular el metabolismo, aumentar los niveles de energ\u00eda y promover la quema de grasa sin causar efectos secundarios no deseados. Repleto de 100% ingredientes org\u00e1nicos como el extracto de corteza de sauce, cafe\u00edna y vitamina B12, este suplemento es el apoyo ideal para aquellos que buscan quemar grasa y suprimir el apetito de una manera saludable. Si usted est\u00e1 tratando de arrojar libras o mejorar su viaje de fitness, el quemador de grasa energ\u00e9tica le ayuda a lograr resultados visibles con facilidad.<\/p>","protected":false},"featured_media":126753,"template":"","meta":[],"product_brand":[],"product_cat":[598,297,475],"product_tag":[],"class_list":{"0":"post-126751","1":"product","2":"type-product","3":"status-publish","4":"has-post-thumbnail","6":"product_cat-fit4seasons","7":"product_cat-all-products","8":"product_cat-healthshop","10":"first","11":"instock","12":"taxable","13":"shipping-taxable","14":"purchasable","15":"product-type-variable","16":"has-default-attributes"},"_links":{"self":[{"href":"https:\/\/www.tatanka.nl\/es\/wp-json\/wp\/v2\/product\/126751","targetHints":{"allow":["GET"]}}],"collection":[{"href":"https:\/\/www.tatanka.nl\/es\/wp-json\/wp\/v2\/product"}],"about":[{"href":"https:\/\/www.tatanka.nl\/es\/wp-json\/wp\/v2\/types\/product"}],"wp:featuredmedia":[{"embeddable":true,"href":"https:\/\/www.tatanka.nl\/es\/wp-json\/wp\/v2\/media\/126753"}],"wp:attachment":[{"href":"https:\/\/www.tatanka.nl\/es\/wp-json\/wp\/v2\/media?parent=126751"}],"wp:term":[{"taxonomy":"product_brand","embeddable":true,"href":"https:\/\/www.tatanka.nl\/es\/wp-json\/wp\/v2\/product_brand?post=126751"},{"taxonomy":"product_cat","embeddable":true,"href":"https:\/\/www.tatanka.nl\/es\/wp-json\/wp\/v2\/product_cat?post=126751"},{"taxonomy":"product_tag","embeddable":true,"href":"https:\/\/www.tatanka.nl\/es\/wp-json\/wp\/v2\/product_tag?post=126751"}],"curies":[{"name":"wp","href":"https:\/\/api.w.org\/{rel}","templated":true}]}}