{"id":126754,"date":"2024-12-06T11:41:44","date_gmt":"2024-12-06T10:41:44","guid":{"rendered":"https:\/\/www.tatanka.nl\/?post_type=product&#038;p=126754"},"modified":"2025-07-11T12:48:38","modified_gmt":"2025-07-11T11:48:38","slug":"pine-pollen","status":"publish","type":"product","link":"https:\/\/www.tatanka.nl\/es\/pine-pollen\/","title":{"rendered":"Polen de pino"},"content":{"rendered":"<h2>\u00bfQu\u00e9 son los comprimidos de polen de pino?<\/h2>\n<p>Las tabletas de polen de pino son un suplemento diet\u00e9tico natural hecho de polvo de polen de pino org\u00e1nico 90%, combinado con polvo de maltodextrina 10%. Estos comprimidos son una rica fuente de fitoandr\u00f3genos bioid\u00e9nticos como DHEA, androsterona y testosterona, que son esenciales para mantener niveles hormonales saludables en los hombres. Conocido por su sutil color amarillo y sabor dulce, el polen de pino se ha utilizado durante siglos por sus diversos beneficios para la salud. Si se toman con regularidad, los comprimidos de polen de pino pueden aportar nutrientes esenciales para favorecer la fertilidad masculina, aumentar la libido y mejorar la vitalidad f\u00edsica y mental en general.<\/p>\n<p>La composici\u00f3n \u00fanica del polen de pino lo convierte en uno de los suplementos naturales m\u00e1s potentes para mejorar la salud masculina, ya que aumenta los niveles de energ\u00eda, mejora la funci\u00f3n inmunitaria e incluso alivia los s\u00edntomas de dolores articulares como la artritis. Los compuestos naturales que se encuentran en el polen de pino lo convierten en un suplemento vers\u00e1til adecuado para aquellos que buscan mejorar su salud de forma natural.<\/p>\n<h2>Historia de los comprimidos de polen de pino<\/h2>\n<p>El polen de pino se ha utilizado en la medicina tradicional durante siglos, especialmente en las culturas asi\u00e1ticas, por sus propiedades beneficiosas para la salud. El concepto de utilizar el polen de pino como suplemento se basa en su alta concentraci\u00f3n de testosterona natural y otros nutrientes esenciales que favorecen la salud masculina. En los tiempos modernos, las tabletas de polen de pino han ganado popularidad como remedio natural para los hombres que buscan mejorar su vitalidad y apoyar sus niveles hormonales.<\/p>\n<p>Hist\u00f3ricamente, el polen de pino ha sido valorado por su capacidad para fortalecer el cuerpo, mejorar la resistencia f\u00edsica y promover la energ\u00eda juvenil. Tambi\u00e9n ha sido reconocido por sus propiedades antioxidantes, que ayudan a combatir los efectos del envejecimiento y mejorar el bienestar general. La formulaci\u00f3n de los comprimidos de polen de pino ha evolucionado para proporcionar una manera conveniente y eficaz de aprovechar el poder del polen de pino en una forma altamente biodisponible, por lo que es m\u00e1s f\u00e1cil que nunca para experimentar sus beneficios para la salud.<\/p>\n<h2>C\u00f3mo utilizar los comprimidos de polen de pino<\/h2>\n<p>Para obtener los mejores resultados, se recomienda tomar 1-2 comprimidos de polen de pino tres veces al d\u00eda, preferiblemente con las comidas y un vaso de agua. Esta dosis garantiza que su organismo pueda absorber eficazmente los nutrientes de los comprimidos a lo largo del d\u00eda, favoreciendo el equilibrio hormonal, la fertilidad y los niveles de energ\u00eda. El suplemento puede utilizarse de forma continuada como parte de una rutina diaria de bienestar.<\/p>\n<p>Los comprimidos de polen de pino son especialmente beneficiosos para los hombres que experimentan s\u00edntomas relacionados con desequilibrios hormonales, falta de energ\u00eda o disminuci\u00f3n de la libido. Tomando estos comprimidos regularmente, puede ayudar a mantener sus niveles de testosterona, mejorar su resistencia f\u00edsica y aumentar la concentraci\u00f3n mental. Siga siempre la dosis recomendada y consulte a su m\u00e9dico antes de tomarlas, especialmente si tiene problemas de salud o est\u00e1 embarazada o en per\u00edodo de lactancia.<\/p>\n<h2>Ingredientes de los comprimidos de polen de pino<\/h2>\n<p>Cada pastilla de polen de pino est\u00e1 hecha de polvo de polen de pino org\u00e1nico 90%, que contiene una amplia gama de nutrientes biodisponibles. Estos incluyen vitaminas, minerales, antioxidantes y fitoandr\u00f3genos como DHEA, androsterona y testosterona. Estos compuestos son naturalmente id\u00e9nticos a las hormonas humanas, por lo que el polen de pino es un suplemento muy eficaz para apoyar la salud masculina. El polvo de maltodextrina 10% sirve como aglutinante para ayudar a crear la forma de tableta.<\/p>\n<p>El polen de pino es conocido por su capacidad para promover niveles saludables de testosterona, aumentar la fertilidad y mejorar la libido masculina. Tambi\u00e9n contiene vitaminas y minerales esenciales que favorecen la salud en general, como la vitamina A, las vitaminas del grupo B y los amino\u00e1cidos esenciales. Adem\u00e1s, los antioxidantes presentes en el polen de pino ayudan a reducir la inflamaci\u00f3n, apoyar la funci\u00f3n inmune, y proteger contra el estr\u00e9s oxidativo, por lo que es una excelente adici\u00f3n a un estilo de vida consciente de la salud.<\/p>\n<p><strong>Advertencia:<\/strong> Mant\u00e9ngase fuera del alcance de los ni\u00f1os. Consulte a su m\u00e9dico antes de utilizarlo si est\u00e1 embarazada, en per\u00edodo de lactancia o padece alguna enfermedad. Conservar a temperatura ambiente en un lugar oscuro.<\/p>","protected":false},"excerpt":{"rendered":"<p>Los comprimidos de polen de pino son un potente suplemento natural repleto de m\u00e1s de 200 nutrientes biodisponibles, entre los que se incluyen vitaminas, minerales, antioxidantes y fitoandr\u00f3genos. Conocido por su capacidad para apoyar la salud masculina, el polen de pino es una gran fuente de testosterona y puede ayudar a mejorar la fertilidad, mejorar la libido, e incluso promover la salud de las articulaciones. Este suplemento es ideal para los hombres que buscan aumentar su bienestar f\u00edsico y mental de forma natural.<\/p>","protected":false},"featured_media":126756,"template":"","meta":[],"product_brand":[],"product_cat":[598,297,475,482],"product_tag":[],"class_list":{"0":"post-126754","1":"product","2":"type-product","3":"status-publish","4":"has-post-thumbnail","6":"product_cat-fit4seasons","7":"product_cat-all-products","8":"product_cat-healthshop","9":"product_cat-vitamins","11":"first","12":"instock","13":"taxable","14":"shipping-taxable","15":"purchasable","16":"product-type-variable","17":"has-default-attributes"},"_links":{"self":[{"href":"https:\/\/www.tatanka.nl\/es\/wp-json\/wp\/v2\/product\/126754","targetHints":{"allow":["GET"]}}],"collection":[{"href":"https:\/\/www.tatanka.nl\/es\/wp-json\/wp\/v2\/product"}],"about":[{"href":"https:\/\/www.tatanka.nl\/es\/wp-json\/wp\/v2\/types\/product"}],"wp:featuredmedia":[{"embeddable":true,"href":"https:\/\/www.tatanka.nl\/es\/wp-json\/wp\/v2\/media\/126756"}],"wp:attachment":[{"href":"https:\/\/www.tatanka.nl\/es\/wp-json\/wp\/v2\/media?parent=126754"}],"wp:term":[{"taxonomy":"product_brand","embeddable":true,"href":"https:\/\/www.tatanka.nl\/es\/wp-json\/wp\/v2\/product_brand?post=126754"},{"taxonomy":"product_cat","embeddable":true,"href":"https:\/\/www.tatanka.nl\/es\/wp-json\/wp\/v2\/product_cat?post=126754"},{"taxonomy":"product_tag","embeddable":true,"href":"https:\/\/www.tatanka.nl\/es\/wp-json\/wp\/v2\/product_tag?post=126754"}],"curies":[{"name":"wp","href":"https:\/\/api.w.org\/{rel}","templated":true}]}}