{"id":126757,"date":"2024-12-06T11:48:41","date_gmt":"2024-12-06T10:48:41","guid":{"rendered":"https:\/\/www.tatanka.nl\/?post_type=product&#038;p=126757"},"modified":"2025-06-27T12:48:44","modified_gmt":"2025-06-27T11:48:44","slug":"spirulina","status":"publish","type":"product","link":"https:\/\/www.tatanka.nl\/es\/spirulina\/","title":{"rendered":"Spirulina"},"content":{"rendered":"<h2>\u00bfQu\u00e9 son los comprimidos de espirulina?<\/h2>\n<p>Los comprimidos de espirulina son un suplemento diet\u00e9tico derivado de la espirulina org\u00e1nica, un alga verde azulada altamente nutritiva. La espirulina se considera uno de los alimentos m\u00e1s ricos en nutrientes que existen, ya que aporta una impresionante variedad de vitaminas, minerales y amino\u00e1cidos esenciales. Cada comprimido contiene espirulina en polvo, rica en prote\u00ednas (que constituyen el 70% de su contenido), \u00e1cidos grasos omega-3 y antioxidantes. Se sabe que la espirulina contribuye al bienestar general aumentando la energ\u00eda, mejorando la resistencia y reforzando el sistema inmunitario.<\/p>\n<p>Estos comprimidos son especialmente populares entre deportistas, vegetarianos y personas con un estilo de vida activo. El alto contenido de amino\u00e1cidos esenciales de la espirulina, incluidos los nueve amino\u00e1cidos esenciales del organismo, la convierte en una excelente fuente de prote\u00ednas de origen vegetal. Adem\u00e1s, su abundancia de vitaminas (como las del grupo B) y minerales (como el calcio, el hierro y el magnesio) contribuye a una salud \u00f3ptima. Los comprimidos de espirulina son una forma sencilla y c\u00f3moda de incorporar este poderoso superalimento a su rutina diaria.<\/p>\n<h2>Historia de los comprimidos de espirulina<\/h2>\n<p>El uso de la espirulina se remonta a las civilizaciones antiguas, especialmente en la cultura azteca, donde se consum\u00eda como fuente de alimento nutritivo. Sin embargo, el inter\u00e9s moderno por la espirulina como suplemento diet\u00e9tico comenz\u00f3 a mediados del siglo XX, cuando se descubrieron sus notables beneficios para la salud. La espirulina gan\u00f3 r\u00e1pidamente popularidad en la comunidad de la salud y el bienestar, sobre todo entre atletas y vegetarianos, debido a su alto contenido en prote\u00ednas y su completo perfil nutricional.<\/p>\n<p>El desarrollo de los comprimidos de espirulina facilit\u00f3 el consumo de este superalimento repleto de nutrientes, haci\u00e9ndolo accesible a un p\u00fablico m\u00e1s amplio. Los investigadores han estudiado a fondo la espirulina, confirmando sus beneficios potenciales para el sistema inmunitario, la energ\u00eda y la resistencia. La espirulina es ahora reconocida mundialmente como uno de los superalimentos m\u00e1s investigados, y su inclusi\u00f3n en tabletas ha proporcionado una forma conveniente para que la gente experimente sus beneficios sin necesidad de prepararla en otras formas, como polvo o batidos.<\/p>\n<h2>C\u00f3mo utilizar los comprimidos de espirulina<\/h2>\n<p>Para obtener el m\u00e1ximo rendimiento de los comprimidos de espirulina, se recomienda tomar 1-2 comprimidos tres veces al d\u00eda con agua durante las comidas. De este modo, el cuerpo recibe un aporte constante de los nutrientes de la espirulina a lo largo del d\u00eda. Las personas que buscan mayores beneficios para la salud pueden combinar la espirulina con otros superalimentos, como la chlorella, para potenciar sus efectos.<\/p>\n<p>Los comprimidos de espirulina son un complemento excelente para una dieta equilibrada y un estilo de vida activo. Ayudan a aumentar la energ\u00eda, refuerzan el sistema inmunitario y mejoran la resistencia, lo que las convierte en un suplemento ideal para deportistas o cualquier persona que desee mejorar su rendimiento f\u00edsico y mental. La espirulina tambi\u00e9n puede utilizarse como suplemento de bienestar diario, aportando nutrientes esenciales y favoreciendo la salud en general. Recuerde seguir la dosis recomendada y consultar con un profesional sanitario si est\u00e1 embarazada, en per\u00edodo de lactancia o tiene alg\u00fan problema de salud.<\/p>\n<h2>Ingredientes de los comprimidos de espirulina<\/h2>\n<p>Cada tableta de espirulina contiene 100% de espirulina org\u00e1nica en polvo, una potente fuente de nutrientes. La espirulina es rica en prote\u00ednas y contiene los nueve amino\u00e1cidos esenciales, lo que la convierte en una excelente fuente de prote\u00ednas vegetales para vegetarianos y veganos. Tambi\u00e9n es rica en vitaminas del grupo B, fibra, antioxidantes y \u00e1cidos grasos omega-3, que ayudan a promover la salud cardiovascular, la funci\u00f3n cerebral y el bienestar general.<\/p>\n<p>Adem\u00e1s de estos nutrientes, la espirulina es conocida por su alto contenido en calcio, tres veces superior al de la leche entera, lo que la convierte en una excelente opci\u00f3n para quienes buscan fuentes vegetales de calcio. La espirulina tambi\u00e9n contiene minerales importantes como el hierro, el magnesio y el potasio, que contribuyen a diversas funciones corporales. Su alto contenido en antioxidantes ayuda a proteger el organismo del estr\u00e9s oxidativo, contribuyendo a mejorar la funci\u00f3n inmunitaria y la salud en general.<\/p>\n<p><strong>Advertencia:<\/strong> Mant\u00e9ngase fuera del alcance de los ni\u00f1os. Consulte a su m\u00e9dico antes de utilizarlo si est\u00e1 embarazada, en per\u00edodo de lactancia o padece alguna enfermedad. Conservar a temperatura ambiente en un lugar oscuro.<\/p>\n<p>Los comprimidos de espirulina son una forma sencilla y eficaz de a\u00f1adir a su dieta una potente fuente de nutrientes que le aportar\u00e1n energ\u00eda, resistencia y salud inmunol\u00f3gica. Con su impresionante perfil de nutrientes, este suplemento de superalimentos puede ayudarle a mantener un estilo de vida saludable y activo.<\/p>","protected":false},"excerpt":{"rendered":"<p>Los comprimidos de espirulina est\u00e1n hechos de polvo de espirulina org\u00e1nica 100%, un alga verde-azulada que crece en agua dulce. Repleto de amino\u00e1cidos esenciales, vitaminas y minerales, la espirulina es un poderoso superalimento que apoya los niveles de energ\u00eda, la funci\u00f3n inmune y la resistencia. Ideal para los atletas y aquellos que llevan un estilo de vida consciente, Spirulina Tablets proporcionan una fuente natural de prote\u00ednas, fibra y antioxidantes para ayudarle a sentirse mejor cada d\u00eda.<\/p>","protected":false},"featured_media":126759,"template":"","meta":[],"product_brand":[],"product_cat":[598,297,475,482],"product_tag":[],"class_list":{"0":"post-126757","1":"product","2":"type-product","3":"status-publish","4":"has-post-thumbnail","6":"product_cat-fit4seasons","7":"product_cat-all-products","8":"product_cat-healthshop","9":"product_cat-vitamins","11":"first","12":"instock","13":"taxable","14":"shipping-taxable","15":"purchasable","16":"product-type-variable","17":"has-default-attributes"},"_links":{"self":[{"href":"https:\/\/www.tatanka.nl\/es\/wp-json\/wp\/v2\/product\/126757","targetHints":{"allow":["GET"]}}],"collection":[{"href":"https:\/\/www.tatanka.nl\/es\/wp-json\/wp\/v2\/product"}],"about":[{"href":"https:\/\/www.tatanka.nl\/es\/wp-json\/wp\/v2\/types\/product"}],"wp:featuredmedia":[{"embeddable":true,"href":"https:\/\/www.tatanka.nl\/es\/wp-json\/wp\/v2\/media\/126759"}],"wp:attachment":[{"href":"https:\/\/www.tatanka.nl\/es\/wp-json\/wp\/v2\/media?parent=126757"}],"wp:term":[{"taxonomy":"product_brand","embeddable":true,"href":"https:\/\/www.tatanka.nl\/es\/wp-json\/wp\/v2\/product_brand?post=126757"},{"taxonomy":"product_cat","embeddable":true,"href":"https:\/\/www.tatanka.nl\/es\/wp-json\/wp\/v2\/product_cat?post=126757"},{"taxonomy":"product_tag","embeddable":true,"href":"https:\/\/www.tatanka.nl\/es\/wp-json\/wp\/v2\/product_tag?post=126757"}],"curies":[{"name":"wp","href":"https:\/\/api.w.org\/{rel}","templated":true}]}}