{"id":126765,"date":"2024-12-06T12:05:00","date_gmt":"2024-12-06T11:05:00","guid":{"rendered":"https:\/\/www.tatanka.nl\/?post_type=product&#038;p=126765"},"modified":"2025-06-04T15:39:41","modified_gmt":"2025-06-04T14:39:41","slug":"all-in-one-kratom","status":"publish","type":"product","link":"https:\/\/www.tatanka.nl\/es\/all-in-one-kratom\/","title":{"rendered":"Todo en uno Kratom"},"content":{"rendered":"<h2>\u00bfQu\u00e9 es Kratopia Todo en uno Kratom?<\/h2>\n<p>Kratopia All in One Kratom es una mezcla cuidadosamente elaborada de varias cepas Kratom, incluyendo Green, Red y White Vein, con un toque de Maeng Da para mayor potencia. Esta mezcla ha sido dise\u00f1ada para proporcionar una amplia gama de efectos, permitiendo a los usuarios experimentar alivio del dolor, aumento de energ\u00eda y relajaci\u00f3n. La combinaci\u00f3n de estas diferentes cepas Kratom asegura que la mezcla mantiene un efecto equilibrado, con la capacidad de ajustar la intensidad en funci\u00f3n de las preferencias personales y la dosis. Las caracter\u00edsticas \u00fanicas de cada cepa contribuyen a una experiencia m\u00e1s din\u00e1mica, haciendo Kratopia All in One Kratom una opci\u00f3n vers\u00e1til para aquellos que buscan una experiencia hol\u00edstica Kratom. Dependiendo de factores como la edad, la condici\u00f3n corporal y la dosis, el impacto de la mezcla puede variar, proporcionando una experiencia personalizada cada vez. Tanto si buscas reducir el estr\u00e9s, mejorar la concentraci\u00f3n o aliviar el malestar, Kratopia All in One Kratom ofrece una soluci\u00f3n completa.<\/p>\n<h2>Historia del Kratopia Todo en uno Kratom<\/h2>\n<p>Kratopia All in One Kratom combina las mejores caracter\u00edsticas de varias cepas tradicionales de Kratom que se han utilizado durante siglos. Kratom, conocida cient\u00edficamente como <em>Mitragyna speciosa<\/em>es originaria del sudeste asi\u00e1tico, donde ha sido un elemento b\u00e1sico de la fitoterapia durante siglos. Las distintas variedades de Vein Kratom -Verde, Roja y Blanca- tienen propiedades \u00fanicas y se han utilizado para diversos fines. La Vena Verde Kratom es conocida por sus efectos energizantes, mientras que la Vena Roja es m\u00e1s relajante y se utiliza a menudo para aliviar el dolor. White Vein Kratom, por otro lado, es estimulante y edificante. Al mezclar estas cepas, Kratopia All in One Kratom crea un producto m\u00e1s completo, combinando los atributos positivos de cada cepa en una mezcla armoniosa. El Maeng Da, otra cepa muy apreciada y conocida por su potencia, se a\u00f1ade para potenciar los efectos generales. Esta mezcla ofrece a los usuarios una experiencia Kratom evolucionada que abarca m\u00faltiples beneficios, y se ha convertido en una elecci\u00f3n popular para aquellos que buscan versatilidad y equilibrio en su consumo de Kratom.<\/p>\n<h2>C\u00f3mo utilizar Kratopia Todo en uno Kratom<\/h2>\n<p>Kratopia All in One Kratom se puede utilizar de varias maneras, pero el m\u00e9todo m\u00e1s com\u00fan es prepar\u00e1ndolo en un t\u00e9. Para prepararlo, simplemente disuelva 4-5 gramos del polvo Kratom en una taza de agua caliente, luego a\u00f1ada un poco de miel o su edulcorante preferido al gusto. Esta es una forma relajante y agradable de consumir el Kratom, permitiendo que los efectos aparezcan gradualmente. Se recomienda a los principiantes empezar con una dosis m\u00e1s baja, especialmente cuando se mezclan diferentes cepas de Kratom como las que se encuentran en Kratopia All in One Kratom. El efecto de Kratom puede variar en funci\u00f3n del peso corporal, la sensibilidad y la tolerancia, por lo que ajustar la dosis es clave para conseguir el efecto deseado. Para los usuarios m\u00e1s experimentados, una dosis m\u00e1s alta puede ser necesaria para sentir los beneficios completos. Sin embargo, es importante seguir siempre la dosis recomendada y evitar sobrepasar los l\u00edmites para prevenir efectos secundarios no deseados.<\/p>\n<h2>Ingredientes del Kratopia Todo en uno Kratom<\/h2>\n<p>El ingrediente principal de Kratopia All in One Kratom es <em>Mitragyna speciosa<\/em>que se conoce com\u00fanmente como Kratom. Esta planta contiene varios alcaloides, entre ellos la mitraginina y la 7-hidroximitraginina, que son responsables de los amplios efectos de la planta. La mezcla de Green Vein, Red y White Vein Kratom proporciona una combinaci\u00f3n equilibrada de efectos estimulantes y calmantes. El Kratom de Vena Verde se utiliza normalmente por sus propiedades para mejorar el estado de \u00e1nimo y la energ\u00eda. La Red Vein Kratom se utiliza m\u00e1s a menudo para aliviar el dolor y relajarse, mientras que la White Vein Kratom es conocida por sus efectos energizantes y de claridad mental. La inclusi\u00f3n de Maeng Da, una cepa potente, aumenta a\u00fan m\u00e1s la eficacia general de este producto. La combinaci\u00f3n de estas cepas Kratom en Kratopia All in One Kratom asegura que los usuarios experimentan una variedad de beneficios, dependiendo de la dosis y la condici\u00f3n individual. Tanto si buscas relajaci\u00f3n, alivio del dolor, energ\u00eda o alivio del estr\u00e9s, esta mezcla ofrece una soluci\u00f3n vers\u00e1til y equilibrada.<\/p>\n<p><strong>Advertencia:<\/strong><\/p>\n<p>La venta y el uso de Kratopia All in One Kratom est\u00e1n prohibidos a menores de 18 a\u00f1os. Conservar en lugar fresco y seco, fuera del alcance de los ni\u00f1os. Siga siempre la dosis recomendada para garantizar un uso seguro.<\/p>","protected":false},"excerpt":{"rendered":"<p>Kratopia All in One Kratom es una mezcla equilibrada y vers\u00e1til de Kratom de Vena Verde, Roja y Blanca, potenciada con Maeng Da. Esta potente mezcla ofrece una serie de beneficios, desde el alivio del dolor y el aumento de la energ\u00eda hasta la reducci\u00f3n del estr\u00e9s y la relajaci\u00f3n. Sus efectos var\u00edan dependiendo de la dosis y de factores individuales, proporcionando una experiencia \u00fanica cada vez.<\/p>","protected":false},"featured_media":126768,"template":"","meta":[],"product_brand":[],"product_cat":[599,297,477,511,476],"product_tag":[],"class_list":{"0":"post-126765","1":"product","2":"type-product","3":"status-publish","4":"has-post-thumbnail","6":"product_cat-kratopia","7":"product_cat-all-products","8":"product_cat-herbs","9":"product_cat-relax-herbs","10":"product_cat-smartshop","11":"product_shipping_class-not-allowed-group-1","13":"first","14":"instock","15":"taxable","16":"shipping-taxable","17":"purchasable","18":"product-type-variable","19":"has-default-attributes"},"_links":{"self":[{"href":"https:\/\/www.tatanka.nl\/es\/wp-json\/wp\/v2\/product\/126765","targetHints":{"allow":["GET"]}}],"collection":[{"href":"https:\/\/www.tatanka.nl\/es\/wp-json\/wp\/v2\/product"}],"about":[{"href":"https:\/\/www.tatanka.nl\/es\/wp-json\/wp\/v2\/types\/product"}],"wp:featuredmedia":[{"embeddable":true,"href":"https:\/\/www.tatanka.nl\/es\/wp-json\/wp\/v2\/media\/126768"}],"wp:attachment":[{"href":"https:\/\/www.tatanka.nl\/es\/wp-json\/wp\/v2\/media?parent=126765"}],"wp:term":[{"taxonomy":"product_brand","embeddable":true,"href":"https:\/\/www.tatanka.nl\/es\/wp-json\/wp\/v2\/product_brand?post=126765"},{"taxonomy":"product_cat","embeddable":true,"href":"https:\/\/www.tatanka.nl\/es\/wp-json\/wp\/v2\/product_cat?post=126765"},{"taxonomy":"product_tag","embeddable":true,"href":"https:\/\/www.tatanka.nl\/es\/wp-json\/wp\/v2\/product_tag?post=126765"}],"curies":[{"name":"wp","href":"https:\/\/api.w.org\/{rel}","templated":true}]}}