{"id":126770,"date":"2024-12-06T12:14:49","date_gmt":"2024-12-06T11:14:49","guid":{"rendered":"https:\/\/www.tatanka.nl\/?post_type=product&#038;p=126770"},"modified":"2025-06-04T15:39:51","modified_gmt":"2025-06-04T14:39:51","slug":"maeng-da-x-bali-kratom","status":"publish","type":"product","link":"https:\/\/www.tatanka.nl\/es\/maeng-da-x-bali-kratom\/","title":{"rendered":"Maeng Da X Bali Kratom"},"content":{"rendered":"<h2>\u00bfQu\u00e9 es Kratopia Maeng Da X Bali Kratom?<\/h2>\n<p>Kratopia Maeng Da X Bali Kratom es una mezcla distintiva que combina dos de las cepas Kratom m\u00e1s veneradas: Maeng Da y Bali. La Maeng Da es conocida por su alto contenido en alcaloides, que proporciona un potente subid\u00f3n de energ\u00eda y una mayor concentraci\u00f3n, mientras que la Bali Kratom es c\u00e9lebre por sus propiedades calmantes y analg\u00e9sicas. La combinaci\u00f3n de estas dos cepas crea una experiencia Kratom completa, que ofrece a los usuarios beneficios tanto f\u00edsicos como mentales. El componente Maeng Da proporciona efectos estimulantes, mientras que la Bali Kratom equilibra esto con efectos calmantes y tranquilizantes, que conducen a una sensaci\u00f3n de serena relajaci\u00f3n. Esta mezcla es perfecta para las personas que desean experimentar una combinaci\u00f3n de energ\u00eda, alegr\u00eda y alivio del dolor, con el beneficio a\u00f1adido de fomentar la claridad mental y la vitalidad f\u00edsica. Tanto si se utiliza para afrontar las tareas diarias como para relajarse tras un largo d\u00eda, Kratopia Maeng Da X Bali Kratom ofrece una experiencia adaptable que puede satisfacer diversas necesidades.<\/p>\n<h2>Historia de Kratopia Maeng Da X Bali Kratom<\/h2>\n<p>Kratopia Maeng Da X Bali Kratom re\u00fane dos de las cepas Kratom m\u00e1s famosas y apreciadas del sudeste asi\u00e1tico. La cepa Maeng Da Kratom tiene sus or\u00edgenes en Indonesia, donde los cultivadores de Borneo y Sumatra llevan generaciones criando selectivamente los mejores \u00e1rboles Kratom. Este cuidadoso proceso de cultivo ha llevado a la cepa Maeng Da a la reputaci\u00f3n de ser la m\u00e1s potente en t\u00e9rminos de contenido de alcaloides. A menudo se considera el \"patr\u00f3n oro\" del Kratom por su potencia y eficacia. Por otro lado, la Bali Kratom se ha utilizado durante siglos en Bali, Indonesia, conocida por sus propiedades calmantes y analg\u00e9sicas. La combinaci\u00f3n de estas dos potentes cepas de Kratom da como resultado una mezcla equilibrada y vers\u00e1til que ofrece una amplia gama de beneficios. Esta mezcla ha ganado popularidad por su capacidad para abordar las necesidades f\u00edsicas y mentales, proporcionando a los usuarios un impulso de energ\u00eda y una sensaci\u00f3n de bienestar. Adem\u00e1s, la mezcla contiene una Kratom blanca malaya especial que potencia a\u00fan m\u00e1s los efectos estimulantes, creando un producto Kratom \u00fanico y potente.<\/p>\n<h2>C\u00f3mo utilizar Kratopia Maeng Da X Bali Kratom<\/h2>\n<p>Para utilizar Kratopia Maeng Da X Bali Kratom, el m\u00e9todo m\u00e1s popular es prepararlo en forma de t\u00e9. Empieza disolviendo 4-5 gramos del polvo Kratom en una taza de agua caliente. A continuaci\u00f3n, puede a\u00f1adir miel o cualquier edulcorante de su elecci\u00f3n para realzar el sabor y hacerlo m\u00e1s agradable. Kratom se puede tomar de otras maneras, como mezclarlo con un batido o c\u00e1psulas, pero el t\u00e9 sigue siendo el m\u00e9todo m\u00e1s com\u00fan para la mayor\u00eda de los usuarios. Si usted es nuevo a Kratom o esta mezcla espec\u00edfica, se aconseja comenzar con una dosis m\u00e1s peque\u00f1a y aumentarla gradualmente para encontrar el efecto \u00f3ptimo. Para aquellos que tienen m\u00e1s experiencia con Kratom, una dosis m\u00e1s alta puede ser m\u00e1s apropiado. Los efectos de la Kratopia Maeng Da X Bali Kratom pueden variar dependiendo de la dosis, el peso corporal y la sensibilidad individual. Aunque se suele utilizar por sus efectos energizantes y calmantes, los usuarios deben ser conscientes de su tolerancia personal y ajustar su consumo en consecuencia para evitar posibles efectos secundarios. Siempre sea cauteloso y comience con una dosis moderada cuando pruebe una nueva mezcla de Kratom.<\/p>\n<h2>Ingredientes del Kratopia Maeng Da X Bali Kratom<\/h2>\n<p>Los ingredientes principales del Kratopia Maeng Da X Bali Kratom son las hojas de <em>Mitragyna speciosa<\/em>com\u00fanmente conocida como Kratom. Esta mezcla contiene una combinaci\u00f3n de Maeng Da Kratom, Bali Kratom y un toque de Malaysian White Kratom. Cada una de estas cepas Kratom tiene sus propias propiedades \u00fanicas, contribuyendo a los efectos generales de la mezcla. La Maeng Da Kratom es conocida por su alto contenido en alcaloides, especialmente mitraginina, que proporciona efectos estimulantes que aumentan la energ\u00eda y la concentraci\u00f3n. La Bali Kratom, en cambio, es conocida por sus propiedades relajantes y analg\u00e9sicas, lo que la hace ideal para aliviar el estr\u00e9s y relajar los m\u00fasculos. La adici\u00f3n de Malaysian White Kratom aumenta los efectos energizantes generales de la mezcla, creando una experiencia equilibrada que ofrece beneficios tanto f\u00edsicos como mentales. La combinaci\u00f3n de estas tres cepas garantiza que Kratopia Maeng Da X Bali Kratom proporcione un producto Kratom potente y vers\u00e1til, ideal para usuarios que buscan una amplia gama de efectos, desde el aumento de la vitalidad hasta la relajaci\u00f3n y el alivio del dolor.<\/p>\n<p><strong>Advertencia:<\/strong><\/p>\n<p>La venta y el uso de Kratopia Maeng Da X Bali Kratom no est\u00e1n permitidos a menores de 18 a\u00f1os. Almacenar en un lugar fresco y seco, lejos del alcance de los ni\u00f1os. Siga siempre la dosis recomendada para garantizar un uso seguro.<\/p>","protected":false},"excerpt":{"rendered":"<p>Kratopia Maeng Da y Bali Kratom es una poderosa mezcla que combina los efectos energizantes de Maeng Da con las cualidades calmantes de Bali Kratom. Esta mezcla \u00fanica proporciona beneficios tanto f\u00edsicos como mentales, incluyendo alivio del dolor, mayor vitalidad y una sensaci\u00f3n de serena relajaci\u00f3n. Ideal para aquellos que buscan una experiencia Kratom equilibrada y eficaz.<\/p>","protected":false},"featured_media":126773,"template":"","meta":[],"product_brand":[],"product_cat":[599,297,477,479,511,476],"product_tag":[],"class_list":{"0":"post-126770","1":"product","2":"type-product","3":"status-publish","4":"has-post-thumbnail","6":"product_cat-kratopia","7":"product_cat-all-products","8":"product_cat-herbs","9":"product_cat-medicinal-herbs","10":"product_cat-relax-herbs","11":"product_cat-smartshop","12":"product_shipping_class-not-allowed-group-1","14":"first","15":"instock","16":"taxable","17":"shipping-taxable","18":"purchasable","19":"product-type-variable","20":"has-default-attributes"},"_links":{"self":[{"href":"https:\/\/www.tatanka.nl\/es\/wp-json\/wp\/v2\/product\/126770","targetHints":{"allow":["GET"]}}],"collection":[{"href":"https:\/\/www.tatanka.nl\/es\/wp-json\/wp\/v2\/product"}],"about":[{"href":"https:\/\/www.tatanka.nl\/es\/wp-json\/wp\/v2\/types\/product"}],"wp:featuredmedia":[{"embeddable":true,"href":"https:\/\/www.tatanka.nl\/es\/wp-json\/wp\/v2\/media\/126773"}],"wp:attachment":[{"href":"https:\/\/www.tatanka.nl\/es\/wp-json\/wp\/v2\/media?parent=126770"}],"wp:term":[{"taxonomy":"product_brand","embeddable":true,"href":"https:\/\/www.tatanka.nl\/es\/wp-json\/wp\/v2\/product_brand?post=126770"},{"taxonomy":"product_cat","embeddable":true,"href":"https:\/\/www.tatanka.nl\/es\/wp-json\/wp\/v2\/product_cat?post=126770"},{"taxonomy":"product_tag","embeddable":true,"href":"https:\/\/www.tatanka.nl\/es\/wp-json\/wp\/v2\/product_tag?post=126770"}],"curies":[{"name":"wp","href":"https:\/\/api.w.org\/{rel}","templated":true}]}}