{"id":126918,"date":"2024-12-13T10:09:47","date_gmt":"2024-12-13T09:09:47","guid":{"rendered":"https:\/\/www.tatanka.nl\/?post_type=product&#038;p=126918"},"modified":"2025-10-16T07:58:07","modified_gmt":"2025-10-16T06:58:07","slug":"thai-sporeprint","status":"publish","type":"product","link":"https:\/\/www.tatanka.nl\/es\/thai-sporeprint\/","title":{"rendered":"Thai Impresi\u00f3n de esporas"},"content":{"rendered":"<h2>\u00bfQu\u00e9 es Thai Sporeprint?<\/h2>\n<p>La Thai Sporeprint de McSmart es una esporada cuidadosamente elaborada a partir de la famosa variedad de setas m\u00e1gicas Thai. Conocida por sus propiedades \u00fanicas y potentes efectos, la Thai Sporeprint ofrece tanto a cultivadores experimentados como a nuevos exploradores la oportunidad de cultivar sus propias setas m\u00e1gicas. Las Sporeprints contienen millones de esporas viables que pueden utilizarse para cultivar micelio, el primer paso para cultivar setas sanas.<\/p>\n<p>El Thai Sporeprint proporciona una conexi\u00f3n directa con el mundo natural de los psicod\u00e9licos, ofreci\u00e9ndote una comprensi\u00f3n m\u00e1s profunda de c\u00f3mo crecen y prosperan estos fascinantes organismos. Tanto si te interesa la exploraci\u00f3n psicod\u00e9lica como el cultivo de setas, este producto te abre las puertas a experiencias educativas y espirituales. La cepa Thai en s\u00ed es conocida por su potencia y capacidad para producir rendimientos impresionantes cuando se cultiva en las condiciones adecuadas. McSmart asegura la m\u00e1s alta calidad de esporas, garantizando un viaje de cultivo exitoso para todos los entusiastas.<\/p>\n<h2>Historia de Thai Sporeprint<\/h2>\n<p>La variedad de seta m\u00e1gica Thai, tambi\u00e9n conocida como Psilocybe cubensis Thai, tiene una rica historia enraizada en el Sudeste Asi\u00e1tico. La cepa se descubri\u00f3 por primera vez en Thailandia, donde se ha utilizado durante siglos en rituales espirituales y pr\u00e1cticas curativas tradicionales. Las culturas ind\u00edgenas cre\u00edan que los hongos proporcionaban una visi\u00f3n de los misterios del universo, ayudando a desbloquear nuevas percepciones de la conciencia y la existencia.<\/p>\n<p>A medida que crec\u00eda el inter\u00e9s mundial por los psicod\u00e9licos, la cepa Thai se convirti\u00f3 en una elecci\u00f3n popular entre los exploradores psicod\u00e9licos por sus potentes efectos y conexiones espirituales. La cepa es conocida por su r\u00e1pido crecimiento y sus potentes propiedades alucin\u00f3genas, lo que la convierte en una de las favoritas para aquellos que buscan profundizar en sus experiencias psicod\u00e9licas. McSmart's Thai Sporeprint lleva esta cepa hist\u00f3rica al cultivo actual, ofreciendo un producto fiable y de alta calidad que satisface las demandas de los cultivadores de setas m\u00e1s experimentados.<\/p>\n<h2>C\u00f3mo utilizar Thai Sporeprint<\/h2>\n<p><strong>Paso 1: Preparaci\u00f3n de la placa de Petri<\/strong><br \/>\nComience con una placa de Petri est\u00e9ril que contenga una soluci\u00f3n de agar. Puedes preparar el agar t\u00fa mismo o comprarlo ya preparado. Es importante abrir la placa en un entorno est\u00e9ril para evitar cualquier contaminaci\u00f3n.<\/p>\n<p><strong>Paso 2: A\u00f1adir las esporas<\/strong><br \/>\nUtiliza una jeringa est\u00e9ril para extraer el l\u00edquido de esporas del vial. Si est\u00e1s trabajando con una huella de esporas, raspa suavemente algunas esporas de la huella y d\u00e9jalas caer sobre la superficie de agar de la placa de Petri.<\/p>\n<p><strong>Paso 3: Incubaci\u00f3n<\/strong><br \/>\nCierre la placa de Petri y col\u00f3quela en un entorno adecuado y controlado donde las esporas puedan crecer hasta convertirse en micelio sin ser molestadas. El periodo de incubaci\u00f3n puede variar de varios d\u00edas a semanas, dependiendo de las condiciones y del tipo de hongo.<\/p>\n<p><strong>Paso 4: Purificaci\u00f3n del micelio<\/strong><br \/>\nUna vez que el micelio se ha desarrollado lo suficiente y cubre una gran parte de la placa Petri, es el momento de purificarlo. Seleccione cuidadosamente un trozo de micelio sano y completamente desarrollado para su uso posterior.<\/p>\n<p><strong>Paso 5: Cortar el micelio<\/strong><br \/>\nCon un bistur\u00ed est\u00e9ril, corte una peque\u00f1a secci\u00f3n del micelio, de unos 6 x 6 mm. Este trozo servir\u00e1 como iniciador para un nuevo cultivo limpio.<\/p>\n<p><strong>Paso 6: Inoculaci\u00f3n del medio de cultivo<\/strong><br \/>\nTransfiera el trozo de micelio cortado a un medio de cultivo nuevo, como una nueva placa de Petri con agar u otro medio adecuado para su posterior cultivo. Aseg\u00farese de manipular el nuevo medio en condiciones est\u00e9riles para mantener su integridad.<\/p>\n<h2>Ingredientes de Thai Sporeprint<\/h2>\n<p>La Thai Sporeprint est\u00e1 formada por millones de esporas de la cepa Thai de Psilocybe cubensis, un tipo de seta psicod\u00e9lica conocida por sus potentes propiedades alucin\u00f3genas. Las esporas contienen el material gen\u00e9tico necesario para que crezca el micelio que acabar\u00e1 convirti\u00e9ndose en setas maduras. Los hongos Psilocybe cubensis, incluida la cepa Thai, contienen de forma natural psilocibina y psilocina, compuestos alucin\u00f3genos que alteran la conciencia y producen efectos psicod\u00e9licos.<\/p>\n<p>La pureza de la McSmart Thai Sporeprint garantiza que cada espora es viable y est\u00e1 lista para el cultivo, permiti\u00e9ndole cultivar setas con resultados consistentes y de alta calidad. La propia esporada se conserva y almacena cuidadosamente para mantener la integridad de las esporas, garantizando un proceso de cultivo satisfactorio. El compromiso de McSmart con la calidad hace de esta esporeprint una excelente elecci\u00f3n tanto para cultivadores de setas noveles como experimentados.<\/p>\n<p><strong>Advertencia<\/strong><br \/>\nLas setas m\u00e1gicas, incluidas las cultivadas a partir de la Sporeprint Thai, contienen de forma natural psilocibina y psilocina, que son sustancias alucin\u00f3genas. Estos compuestos pueden alterar la conciencia y provocar alucinaciones. Es importante manipular estas setas de forma responsable, asegur\u00e1ndose de que se mantienen fuera del alcance de los ni\u00f1os y se consumen en un entorno seguro y controlado. Sea siempre consciente de los efectos potenciales y cons\u00famalas con precauci\u00f3n.<\/p>","protected":false},"excerpt":{"rendered":"<p>Ad\u00e9ntrese en el fascinante mundo de McSmart's Thai Sporeprint, dise\u00f1ado para los entusiastas psicod\u00e9licos experimentados. Ideal para los que ya est\u00e1n familiarizados con las maravillas de los psicod\u00e9licos, esta sporeprint ofrece la oportunidad de descubrir los patrones ocultos de la naturaleza y cultivar tus propias setas m\u00e1gicas. La colecci\u00f3n exclusiva de McSmart garantiza una experiencia de primera calidad, permiti\u00e9ndote desbloquear nuevas dimensiones de la conciencia y explorar los misterios de esta cepa de hongos \u00fanica.<\/p>","protected":false},"featured_media":126921,"template":"","meta":[],"product_brand":[],"product_cat":[657,297,518,515,476],"product_tag":[662],"class_list":{"0":"post-126918","1":"product","2":"type-product","3":"status-publish","4":"has-post-thumbnail","6":"product_cat-magic-mushroom-spore-prints","7":"product_cat-all-products","8":"product_cat-mushrooms","9":"product_cat-shroomshop","10":"product_cat-smartshop","11":"product_tag-shrdeal","12":"product_shipping_class-creditcard-off","14":"first","15":"instock","16":"taxable","17":"shipping-taxable","18":"purchasable","19":"product-type-variable","20":"has-default-attributes"},"_links":{"self":[{"href":"https:\/\/www.tatanka.nl\/es\/wp-json\/wp\/v2\/product\/126918","targetHints":{"allow":["GET"]}}],"collection":[{"href":"https:\/\/www.tatanka.nl\/es\/wp-json\/wp\/v2\/product"}],"about":[{"href":"https:\/\/www.tatanka.nl\/es\/wp-json\/wp\/v2\/types\/product"}],"wp:featuredmedia":[{"embeddable":true,"href":"https:\/\/www.tatanka.nl\/es\/wp-json\/wp\/v2\/media\/126921"}],"wp:attachment":[{"href":"https:\/\/www.tatanka.nl\/es\/wp-json\/wp\/v2\/media?parent=126918"}],"wp:term":[{"taxonomy":"product_brand","embeddable":true,"href":"https:\/\/www.tatanka.nl\/es\/wp-json\/wp\/v2\/product_brand?post=126918"},{"taxonomy":"product_cat","embeddable":true,"href":"https:\/\/www.tatanka.nl\/es\/wp-json\/wp\/v2\/product_cat?post=126918"},{"taxonomy":"product_tag","embeddable":true,"href":"https:\/\/www.tatanka.nl\/es\/wp-json\/wp\/v2\/product_tag?post=126918"}],"curies":[{"name":"wp","href":"https:\/\/api.w.org\/{rel}","templated":true}]}}