{"id":126922,"date":"2024-12-13T10:20:28","date_gmt":"2024-12-13T09:20:28","guid":{"rendered":"https:\/\/www.tatanka.nl\/?post_type=product&#038;p=126922"},"modified":"2025-10-16T07:58:06","modified_gmt":"2025-10-16T06:58:06","slug":"hawaiian-sporeprint","status":"publish","type":"product","link":"https:\/\/www.tatanka.nl\/es\/hawaiian-sporeprint\/","title":{"rendered":"Hawaiian Impresi\u00f3n espor\u00e1dica"},"content":{"rendered":"<h2>\u00bfQu\u00e9 son las Hawaiian Sporeprints?<\/h2>\n<p>La Hawaiian Sporeprint de McSmart es una esporada de alta calidad derivada de la cepa Hawaiian de hongos Psilocybe cubensis. Esta cepa es muy apreciada en la comunidad psicod\u00e9lica por sus potentes efectos, que incluyen fuertes distorsiones visuales y experiencias prolongadas. Las setas Hawaiian son m\u00e1s peque\u00f1as y m\u00e1s dif\u00edciles de cultivar, pero su potente impacto las convierte en una variedad muy buscada tanto por usuarios nuevos como experimentados.<\/p>\n<p>La esporada contiene millones de esporas, que pueden utilizarse para hacer crecer un nuevo cultivo de micelio. Este proceso es un m\u00e9todo cl\u00e1sico e interactivo para los interesados en cultivar sus propias setas m\u00e1gicas. Las Sporeprints del Hawaiian son perfectas para las personas que buscan ampliar sus conocimientos y experiencia en el mundo de la psicodelia. Con la atenci\u00f3n al detalle de la McSmart, puedes esperar resultados fiables y la oportunidad de explorar las complejas estructuras gen\u00e9ticas de esta fascinante variedad de seta.<\/p>\n<h2>Historia de Hawaiian Sporeprints<\/h2>\n<p>La cepa Hawaiian de Psilocybe cubensis, tambi\u00e9n conocida como \"seta m\u00e1gica Hawaiian\", es originaria de las islas Hawaiian, donde se ha utilizado durante siglos en pr\u00e1cticas espirituales. Las culturas ind\u00edgenas de Hawai cre\u00edan que las setas les ayudaban a conectarse con la conciencia superior, proporcion\u00e1ndoles una visi\u00f3n m\u00e1s profunda y mejorando su conexi\u00f3n con el mundo natural. La cepa Hawaiian se hizo famosa por sus potentes efectos, que incluyen poderosas alucinaciones visuales y una intensa experiencia psicod\u00e9lica en general.<\/p>\n<p>A medida que crec\u00eda el inter\u00e9s mundial por los psicod\u00e9licos durante el siglo XX, la cepa Hawaiian fue ganando reconocimiento entre los exploradores psicod\u00e9licos por su capacidad de producir efectos potentes y duraderos. La Hawaiian Sporeprint es una forma moderna de acceder a esta cepa \u00fanica, ofreciendo a los entusiastas una herramienta fiable y pr\u00e1ctica para cultivar sus propias setas m\u00e1gicas. McSmart's Hawaiian Sporeprint captura la esencia de esta cepa hist\u00f3rica, asegurando un producto de primera calidad para aquellos que buscan experimentar sus efectos m\u00edsticos.<\/p>\n<h2>C\u00f3mo utilizar Hawaiian Sporeprints<\/h2>\n<p><strong>Paso 1: Preparaci\u00f3n de la placa de Petri<\/strong><br \/>\nComience con una placa de Petri est\u00e9ril que contenga una soluci\u00f3n de agar. Puedes preparar el agar t\u00fa mismo o comprarlo ya preparado. Es importante abrir la placa en un entorno est\u00e9ril para evitar cualquier contaminaci\u00f3n.<\/p>\n<p><strong>Paso 2: A\u00f1adir las esporas<\/strong><br \/>\nUtiliza una jeringa est\u00e9ril para extraer el l\u00edquido de esporas del vial. Si est\u00e1s trabajando con una huella de esporas, raspa suavemente algunas esporas de la huella y d\u00e9jalas caer sobre la superficie de agar de la placa de Petri.<\/p>\n<p><strong>Paso 3: Incubaci\u00f3n<\/strong><br \/>\nCierre la placa de Petri y col\u00f3quela en un entorno adecuado y controlado donde las esporas puedan crecer hasta convertirse en micelio sin ser molestadas. El periodo de incubaci\u00f3n puede variar de varios d\u00edas a semanas, dependiendo de las condiciones y del tipo de hongo.<\/p>\n<p><strong>Paso 4: Purificaci\u00f3n del micelio<\/strong><br \/>\nUna vez que el micelio se ha desarrollado lo suficiente y cubre una gran parte de la placa Petri, es el momento de purificarlo. Seleccione cuidadosamente un trozo de micelio sano y completamente desarrollado para su uso posterior.<\/p>\n<p><strong>Paso 5: Cortar el micelio<\/strong><br \/>\nCon un bistur\u00ed est\u00e9ril, corte una peque\u00f1a secci\u00f3n del micelio, de unos 6 x 6 mm. Este trozo servir\u00e1 como iniciador para un nuevo cultivo limpio.<\/p>\n<p><strong>Paso 6: Inoculaci\u00f3n del medio de cultivo<\/strong><br \/>\nTransfiera el trozo de micelio cortado a un medio de cultivo nuevo, como una nueva placa de Petri con agar u otro medio adecuado para su posterior cultivo. Aseg\u00farese de manipular el nuevo medio en condiciones est\u00e9riles para mantener su integridad.<\/p>\n<h2>Ingredientes de Hawaiian Sporeprints<\/h2>\n<p>La Sporeprint Hawaiian consiste en millones de esporas de la cepa Hawaiian de Psilocybe cubensis, que son las c\u00e9lulas reproductoras del hongo. Estas esporas contienen el material gen\u00e9tico necesario para el crecimiento del micelio, la parte vegetativa del hongo, que acabar\u00e1 convirti\u00e9ndose en setas maduras. La cepa Hawaiian es conocida por producir setas peque\u00f1as pero potentes, con potentes efectos alucin\u00f3genos.<\/p>\n<p>La esporada proporciona todo lo necesario para empezar a cultivar esta cepa en particular, garantizando una experiencia de cultivo fiable y de alta calidad. Las setas Psilocybe cubensis, incluida la variedad Hawaiian, contienen de forma natural psilocibina y psilocina, compuestos psicoactivos responsables de los efectos alucin\u00f3genos. El McSmart's Hawaiian Sporeprint se conserva y almacena cuidadosamente para mantener la integridad de las esporas, asegurando un cultivo exitoso y un producto consistente en todo momento.<\/p>\n<p><strong>Advertencia<\/strong><br \/>\nLas setas m\u00e1gicas, incluidas las cultivadas a partir de la Sporeprint Hawaiian, contienen de forma natural psilocibina y psilocina, que son sustancias alucin\u00f3genas. Estos compuestos pueden alterar la conciencia e inducir alucinaciones. Es esencial consumir estas setas en un entorno seguro y controlado. Mant\u00e9ngalas fuera del alcance de los ni\u00f1os y manip\u00falelas con responsabilidad, comprendiendo los efectos potenciales antes de consumirlas. Ac\u00e9rquese siempre a estas sustancias con precauci\u00f3n y respeto por su potencia.<\/p>","protected":false},"excerpt":{"rendered":"<p>Ad\u00e9ntrate en el fascinante mundo de la Hawaiian Sporeprint de la McSmart, dise\u00f1ada espec\u00edficamente para los entusiastas psicod\u00e9licos experimentados. Conocida por sus potentes efectos visuales y su impacto duradero, la variedad Hawaiian es una verdadera joya en el mundo de las setas m\u00e1gicas. Las esporeprints premium de McSmart ofrecen un camino directo para explorar los misterios de estas extraordinarias setas y te permiten cultivar tu propio cultivo \u00fanico de hongos psicod\u00e9licos.<\/p>","protected":false},"featured_media":126925,"template":"","meta":[],"product_brand":[],"product_cat":[657,297,518,515,476],"product_tag":[662],"class_list":{"0":"post-126922","1":"product","2":"type-product","3":"status-publish","4":"has-post-thumbnail","6":"product_cat-magic-mushroom-spore-prints","7":"product_cat-all-products","8":"product_cat-mushrooms","9":"product_cat-shroomshop","10":"product_cat-smartshop","11":"product_tag-shrdeal","12":"product_shipping_class-creditcard-off","14":"first","15":"instock","16":"taxable","17":"shipping-taxable","18":"purchasable","19":"product-type-variable","20":"has-default-attributes"},"_links":{"self":[{"href":"https:\/\/www.tatanka.nl\/es\/wp-json\/wp\/v2\/product\/126922","targetHints":{"allow":["GET"]}}],"collection":[{"href":"https:\/\/www.tatanka.nl\/es\/wp-json\/wp\/v2\/product"}],"about":[{"href":"https:\/\/www.tatanka.nl\/es\/wp-json\/wp\/v2\/types\/product"}],"wp:featuredmedia":[{"embeddable":true,"href":"https:\/\/www.tatanka.nl\/es\/wp-json\/wp\/v2\/media\/126925"}],"wp:attachment":[{"href":"https:\/\/www.tatanka.nl\/es\/wp-json\/wp\/v2\/media?parent=126922"}],"wp:term":[{"taxonomy":"product_brand","embeddable":true,"href":"https:\/\/www.tatanka.nl\/es\/wp-json\/wp\/v2\/product_brand?post=126922"},{"taxonomy":"product_cat","embeddable":true,"href":"https:\/\/www.tatanka.nl\/es\/wp-json\/wp\/v2\/product_cat?post=126922"},{"taxonomy":"product_tag","embeddable":true,"href":"https:\/\/www.tatanka.nl\/es\/wp-json\/wp\/v2\/product_tag?post=126922"}],"curies":[{"name":"wp","href":"https:\/\/api.w.org\/{rel}","templated":true}]}}