{"id":126949,"date":"2024-12-13T14:28:54","date_gmt":"2024-12-13T13:28:54","guid":{"rendered":"https:\/\/www.tatanka.nl\/?post_type=product&#038;p=126949"},"modified":"2025-10-16T07:58:03","modified_gmt":"2025-10-16T06:58:03","slug":"mazatapec-sporeprint","status":"publish","type":"product","link":"https:\/\/www.tatanka.nl\/es\/mazatapec-sporeprint\/","title":{"rendered":"Mazatapec Impresi\u00f3n espor\u00e1dica"},"content":{"rendered":"<h2>\u00bfQu\u00e9 son las esporas Mazatapec?<\/h2>\n<p>Las Esporeprints Mazatapec son una puerta de entrada al fascinante mundo del cultivo de setas m\u00e1gicas. Estas impresiones de esporas contienen la huella gen\u00e9tica de las setas Mazatapec, una variedad famosa por su aspecto \u00fanico y su importancia hist\u00f3rica en los rituales ind\u00edgenas. Una sporeprint es esencialmente una colecci\u00f3n de esporas meticulosamente recogidas sobre una superficie est\u00e9ril, que permite a los aficionados cultivar y estudiar estas setas.<\/p>\n<p>Las Sporeprints ofrecen algo m\u00e1s que una forma de cultivar setas: proporcionan una conexi\u00f3n m\u00e1s profunda con los procesos naturales que subyacen al crecimiento de los hongos. Con Mazatapec Sporeprints, puede explorar estos intrigantes patrones mientras desvela los misterios de la micolog\u00eda. Son ideales para los apasionados de la naturaleza, la ciencia o las artes psicod\u00e9licas.<\/p>\n<h2>Historia de Mazatapec Sporeprints<\/h2>\n<p>El hongo Mazatapec tiene sus ra\u00edces en el pueblo mazateco de M\u00e9xico, que utilizaba estos hongos en ceremonias sagradas. El propio nombre refleja este origen, mezclando la herencia de la cultura mazateca con la identidad \u00fanica del hongo. Durante siglos, estos hongos desempe\u00f1aron un papel vital en las pr\u00e1cticas espirituales, sirviendo como herramienta para alcanzar estados de conciencia elevados.<\/p>\n<p>En la era moderna, el descubrimiento y la conservaci\u00f3n de los hongos Mazatapec han inspirado un resurgimiento de su estudio. Las impresiones de esporas como estas permiten a los aficionados participar en esta rica historia, preservando el legado de estos extraordinarios hongos al tiempo que exploran su importancia cient\u00edfica y cultural.<\/p>\n<h2>C\u00f3mo utilizar Mazatapec Sporeprints<\/h2>\n<p><strong>Paso 1: Preparaci\u00f3n de la placa de Petri<\/strong><br \/>\nComience con una placa de Petri est\u00e9ril que contenga una soluci\u00f3n de agar. Puedes preparar el agar t\u00fa mismo o comprarlo ya preparado. Es importante abrir la placa en un entorno est\u00e9ril para evitar cualquier contaminaci\u00f3n.<\/p>\n<p><strong>Paso 2: A\u00f1adir las esporas<\/strong><br \/>\nUtiliza una jeringa est\u00e9ril para extraer el l\u00edquido de esporas del vial. Si est\u00e1s trabajando con una huella de esporas, raspa suavemente algunas esporas de la huella y d\u00e9jalas caer sobre la superficie de agar de la placa de Petri.<\/p>\n<p><strong>Paso 3: Incubaci\u00f3n<\/strong><br \/>\nCierre la placa de Petri y col\u00f3quela en un entorno adecuado y controlado donde las esporas puedan crecer hasta convertirse en micelio sin ser molestadas. El periodo de incubaci\u00f3n puede variar de varios d\u00edas a semanas, dependiendo de las condiciones y del tipo de hongo.<\/p>\n<p><strong>Paso 4: Purificaci\u00f3n del micelio<\/strong><br \/>\nUna vez que el micelio se ha desarrollado lo suficiente y cubre una gran parte de la placa Petri, es el momento de purificarlo. Seleccione cuidadosamente un trozo de micelio sano y completamente desarrollado para su uso posterior.<\/p>\n<p><strong>Paso 5: Cortar el micelio<\/strong><br \/>\nCon un bistur\u00ed est\u00e9ril, corte una peque\u00f1a secci\u00f3n del micelio, de unos 6 x 6 mm. Este trozo servir\u00e1 como iniciador para un nuevo cultivo limpio.<\/p>\n<p><strong>Paso 6: Inoculaci\u00f3n del medio de cultivo<\/strong><br \/>\nTransfiera el trozo de micelio cortado a un medio de cultivo nuevo, como una nueva placa de Petri con agar u otro medio adecuado para su posterior cultivo. Aseg\u00farese de manipular el nuevo medio en condiciones est\u00e9riles para mantener su integridad.<\/p>\n<p>El proceso requiere paciencia y precisi\u00f3n, pero la recompensa es la oportunidad de cultivar setas m\u00e1gicas Mazatapec vibrantes y sanas. Cada paso aporta valiosos conocimientos sobre el fascinante mundo del cultivo de hongos, haciendo que el viaje sea tan satisfactorio como el resultado.<\/p>\n<h3>Ingredientes de Mazatapec Sporeprints<\/h3>\n<p>Cada Mazatapec Sporeprint contiene millones de esporas, cuidadosamente recogidas y conservadas. Estas esporas representan el material gen\u00e9tico necesario para cultivar la especie de hongo Mazatapec. La sporeprint se crea sobre una superficie est\u00e9ril para mantener la pureza y la calidad.<\/p>\n<p>Las esporas son microsc\u00f3picas y s\u00f3lo pueden observarse con detalle al microscopio. Sirven de base para el desarrollo de una red de micelio sano, un paso fundamental para el \u00e9xito del cultivo de hongos. Con un manejo adecuado, el Mazatapec Sporeprint proporciona el punto de partida perfecto para explorar el fascinante ciclo de vida de los hongos.<\/p>\n<p><strong>Advertencia<\/strong><br \/>\nLas setas Mazatapec contienen psilocibina y psilocina, compuestos con efectos psicoactivos. Estas sustancias pueden inducir estados alterados de conciencia, incluidas alucinaciones. Manip\u00falelas y cons\u00famalas siempre de forma responsable. Mantenga los productos que contengan estas sustancias fuera del alcance de los ni\u00f1os y gu\u00e1rdelos de forma segura.<\/p>","protected":false},"excerpt":{"rendered":"<p>Explore el encantador Mazatapec Sporeprint de McSmart, creado para los entusiastas m\u00e1s experimentados. Sum\u00e9rjase en los fascinantes patrones de las maravillas ocultas de la naturaleza y descubra por qu\u00e9 McSmart es famosa por su colecci\u00f3n premium Sporeprint, dise\u00f1ada para satisfacer las refinadas preferencias de los verdaderos conocedores.<\/p>","protected":false},"featured_media":126951,"template":"","meta":[],"product_brand":[],"product_cat":[657,297,518,515,476],"product_tag":[662],"class_list":{"0":"post-126949","1":"product","2":"type-product","3":"status-publish","4":"has-post-thumbnail","6":"product_cat-magic-mushroom-spore-prints","7":"product_cat-all-products","8":"product_cat-mushrooms","9":"product_cat-shroomshop","10":"product_cat-smartshop","11":"product_tag-shrdeal","12":"product_shipping_class-creditcard-off","14":"first","15":"instock","16":"taxable","17":"shipping-taxable","18":"purchasable","19":"product-type-variable","20":"has-default-attributes"},"_links":{"self":[{"href":"https:\/\/www.tatanka.nl\/es\/wp-json\/wp\/v2\/product\/126949","targetHints":{"allow":["GET"]}}],"collection":[{"href":"https:\/\/www.tatanka.nl\/es\/wp-json\/wp\/v2\/product"}],"about":[{"href":"https:\/\/www.tatanka.nl\/es\/wp-json\/wp\/v2\/types\/product"}],"wp:featuredmedia":[{"embeddable":true,"href":"https:\/\/www.tatanka.nl\/es\/wp-json\/wp\/v2\/media\/126951"}],"wp:attachment":[{"href":"https:\/\/www.tatanka.nl\/es\/wp-json\/wp\/v2\/media?parent=126949"}],"wp:term":[{"taxonomy":"product_brand","embeddable":true,"href":"https:\/\/www.tatanka.nl\/es\/wp-json\/wp\/v2\/product_brand?post=126949"},{"taxonomy":"product_cat","embeddable":true,"href":"https:\/\/www.tatanka.nl\/es\/wp-json\/wp\/v2\/product_cat?post=126949"},{"taxonomy":"product_tag","embeddable":true,"href":"https:\/\/www.tatanka.nl\/es\/wp-json\/wp\/v2\/product_tag?post=126949"}],"curies":[{"name":"wp","href":"https:\/\/api.w.org\/{rel}","templated":true}]}}