{"id":127323,"date":"2025-01-10T12:09:59","date_gmt":"2025-01-10T11:09:59","guid":{"rendered":"https:\/\/www.tatanka.nl\/?post_type=product&#038;p=127323"},"modified":"2025-05-16T14:49:19","modified_gmt":"2025-05-16T13:49:19","slug":"sogouda-soma-sacred-seeds","status":"publish","type":"product","link":"https:\/\/www.tatanka.nl\/es\/sogouda-soma-sacred-seeds\/","title":{"rendered":"SoGouda - Semillas Sagradas de Soma"},"content":{"rendered":"<h2>\u00bfQu\u00e9 es el SoGouda?<\/h2>\n<p>SoGouda es una variedad de cannabis de primera calidad desarrollada por Soma Sacred Seeds. Esta cepa en particular es famosa por su perfil de sabor \u00fanico que combina notas \u00e1cidas y verde lima con un regusto delicioso. La cepa es predominantemente Indica, por lo que es ideal para la relajaci\u00f3n y una experiencia tranquila. Con la gen\u00e9tica 80% Indica y 20% Sativa, SoGouda equilibra los efectos corporales relajantes de la Indica y los efectos cerebrales estimulantes de la Sativa.<\/p>\n<p>Lo que distingue a SoGouda es su capacidad para producir un excelente hach\u00eds, un subproducto que los entusiastas del cannabis realmente aprecian por su rico y potente sabor. Cuando se cultiva adecuadamente, SoGouda produce alrededor de 40 gramos por planta y tiene un tiempo de floraci\u00f3n de 9-10 semanas. La cepa prospera en condiciones \u00f3ptimas, ofreciendo la combinaci\u00f3n ideal de sabor y potencia para una amplia gama de usuarios.<\/p>\n<hr \/>\n<h2>Historia de SoGouda<\/h2>\n<p>La historia de SoGouda se remonta a los dedicados esfuerzos de Soma Sacred Seeds, una empresa conocida por su compromiso con la cr\u00eda de variedades de cannabis de primera calidad. El objetivo de Soma era crear una cepa que no s\u00f3lo tuviera un perfil de sabor distintivo y agradable, sino que tambi\u00e9n destacara en la producci\u00f3n de hach\u00eds de alta calidad. Mezclando gen\u00e9ticas cuidadosamente seleccionadas, Soma Sacred Seeds fue capaz de crear SoGouda, una variedad que r\u00e1pidamente se hizo popular entre los entusiastas del cannabis.<\/p>\n<p>SoGouda lleva consigo el rico legado de la artesan\u00eda de Soma. El equipo de cultivo se centr\u00f3 en desarrollar una variedad robusta y de alto rendimiento que siguiera siendo accesible tanto para cultivadores novatos como experimentados. El resultado fue una cepa que produce sabores excelentes y efectos potentes, asegurando su lugar como favorita entre los amantes del cannabis. Sus caracter\u00edsticas \u00fanicas hacen que destaque entre otras cepas, combinando un gran sabor con un potencial excepcional para hacer hach\u00eds.<\/p>\n<hr \/>\n<h2>C\u00f3mo utilizar SoGouda<\/h2>\n<p>SoGouda es una cepa vers\u00e1til que se puede disfrutar de varias maneras. Tanto si eres un consumidor de cannabis experimentado como un principiante, la SoGouda puede utilizarse con fines recreativos y medicinales. Para maximizar sus efectos, se recomienda consumirla con moderaci\u00f3n. Para aquellos que buscan experimentar su sabor \u00e1cido y verde lima, fumar o vaporizar SoGouda es el m\u00e9todo m\u00e1s com\u00fan. Se puede liar en un porro o utilizar en un vaporizador para disfrutar de una experiencia suave y sabrosa.<\/p>\n<p>Para los interesados en la elaboraci\u00f3n de hach\u00eds, SoGouda es conocida por producir hach\u00eds de alta calidad. Para crear hach\u00eds, puedes utilizar un m\u00e9todo tradicional como el tamizado en seco o la extracci\u00f3n con agua helada. Los ricos y pegajosos tricomas de SoGouda la convierten en una excelente candidata para producir potentes concentrados. Tanto si buscas relajarte en casa como disfrutar de una sesi\u00f3n social, SoGouda proporciona una experiencia satisfactoria con sus efectos de gran cuerpo y sabor suave.<\/p>\n<hr \/>\n<h2>Ingredientes del SoGouda<\/h2>\n<p>Los ingredientes de SoGouda proceden de una mezcla cuidadosamente seleccionada de gen\u00e9ticas de cannabis. La cepa se compone de 80% Indica y 20% Sativa, lo que influye tanto en su sabor como en sus efectos. La gen\u00e9tica de predominancia Indica contribuye a un subid\u00f3n calmante y relajante, mientras que la Sativa a\u00f1ade un toque suave y edificante que mejora la experiencia general. La combinaci\u00f3n \u00fanica de estas gen\u00e9ticas permite a SoGouda mantener un equilibrio de efectos, haci\u00e9ndola adecuada para diferentes ocasiones.<\/p>\n<p>En t\u00e9rminos de sabor, SoGouda es conocida por sus notas \u00e1cidas y verde lima. Este distintivo perfil de sabor es el resultado de plantas de cannabis cuidadosamente cultivadas que destacan por su riqueza en terpenos. Estos terpenos no s\u00f3lo contribuyen al sabor, sino tambi\u00e9n al perfil arom\u00e1tico de la variedad. Los terpenos de SoGouda desempe\u00f1an un papel clave en la experiencia general, con un regusto exquisito y suave que deja satisfechos a los usuarios. Los tricomas de la planta, que son la fuente de cannabinoides y terpenos, son abundantes, lo que convierte a SoGouda en una excelente elecci\u00f3n para aquellos que aprecian una variedad sabrosa y potente.<\/p>\n<hr \/>\n<p><strong>Advertencia:<\/strong><br \/>\nSoGouda, como todas las variedades de cannabis, debe consumirse de forma responsable. Debido a su naturaleza Indica dominante, puede causar relajaci\u00f3n y sedaci\u00f3n, lo que la hace inadecuada para actividades que requieran alerta o concentraci\u00f3n. Consume siempre cannabis en un entorno seguro y controlado, especialmente si no est\u00e1s familiarizado con sus efectos. Mant\u00e9ngalo fuera del alcance de los ni\u00f1os y los animales dom\u00e9sticos.<\/p>","protected":false},"excerpt":{"rendered":"<p>La SoGouda de Soma Sacred Seeds ofrece un perfil de sabor \u00e1cido, verde lima y exquisito, que la convierte en una cepa encantadora tanto para entendidos como para usuarios ocasionales. Conocida por su rico sabor, SoGouda tambi\u00e9n produce un hach\u00eds excepcional, ofreciendo una experiencia satisfactoria para aquellos que aprecian el cannabis de calidad.<\/p>","protected":false},"featured_media":127328,"template":"","meta":[],"product_brand":[],"product_cat":[640,297,549,546],"product_tag":[],"class_list":{"0":"post-127323","1":"product","2":"type-product","3":"status-publish","4":"has-post-thumbnail","6":"product_cat-soma-sacred-seeds","7":"product_cat-all-products","8":"product_cat-feminized-seeds","9":"product_cat-seedshop","11":"first","12":"instock","13":"taxable","14":"shipping-taxable","15":"purchasable","16":"product-type-variable","17":"has-default-attributes"},"_links":{"self":[{"href":"https:\/\/www.tatanka.nl\/es\/wp-json\/wp\/v2\/product\/127323","targetHints":{"allow":["GET"]}}],"collection":[{"href":"https:\/\/www.tatanka.nl\/es\/wp-json\/wp\/v2\/product"}],"about":[{"href":"https:\/\/www.tatanka.nl\/es\/wp-json\/wp\/v2\/types\/product"}],"wp:featuredmedia":[{"embeddable":true,"href":"https:\/\/www.tatanka.nl\/es\/wp-json\/wp\/v2\/media\/127328"}],"wp:attachment":[{"href":"https:\/\/www.tatanka.nl\/es\/wp-json\/wp\/v2\/media?parent=127323"}],"wp:term":[{"taxonomy":"product_brand","embeddable":true,"href":"https:\/\/www.tatanka.nl\/es\/wp-json\/wp\/v2\/product_brand?post=127323"},{"taxonomy":"product_cat","embeddable":true,"href":"https:\/\/www.tatanka.nl\/es\/wp-json\/wp\/v2\/product_cat?post=127323"},{"taxonomy":"product_tag","embeddable":true,"href":"https:\/\/www.tatanka.nl\/es\/wp-json\/wp\/v2\/product_tag?post=127323"}],"curies":[{"name":"wp","href":"https:\/\/api.w.org\/{rel}","templated":true}]}}