{"id":127329,"date":"2025-01-10T12:23:11","date_gmt":"2025-01-10T11:23:11","guid":{"rendered":"https:\/\/www.tatanka.nl\/?post_type=product&#038;p=127329"},"modified":"2025-05-16T14:49:11","modified_gmt":"2025-05-16T13:49:11","slug":"amnesia-haze-autoflower-soma-sacred-seeds","status":"publish","type":"product","link":"https:\/\/www.tatanka.nl\/es\/amnesia-haze-autoflower-soma-sacred-seeds\/","title":{"rendered":"Amnesia Haze Autoflower - Soma Sacred Seeds"},"content":{"rendered":"<h2>\u00bfQu\u00e9 es Amnesia Haze Autoflower?<\/h2>\n<p>La Amnesia Haze Autoflower es una variedad de cannabis que combina las mejores gen\u00e9ticas del sudeste asi\u00e1tico, la Haze jamaicana y las variedades Afghani-Hawaiian. Esta variedad h\u00edbrida, con 70% Sativa y 30% Indica, ofrece un subid\u00f3n equilibrado que es a la vez estimulante y relajante. La Amnesia Haze Autoflower destaca por sus potentes efectos y su vibrante sabor, que la convierten en una de las favoritas de los entusiastas del cannabis. Es particularmente conocida por su capacidad de proporcionar una experiencia energ\u00e9tica y euf\u00f3rica, ideal para situaciones sociales o esfuerzos creativos.<\/p>\n<p>Con un tiempo de floraci\u00f3n de 9-10 semanas y un rendimiento de hasta 40 gramos por planta, la Amnesia Haze Autoflower es una gran elecci\u00f3n tanto para cultivadores experimentados como principiantes. Su naturaleza autofloreciente hace que sea f\u00e1cil de cultivar, requiriendo un m\u00ednimo de atenci\u00f3n sin dejar de producir cogollos de alta calidad. La gen\u00e9tica \u00fanica de esta variedad hace que destaque en el mundo del cannabis, con una rica historia y un impresionante historial de premios, entre los que se incluyen m\u00faltiples victorias en la High Times Cannabis Cup.<\/p>\n<hr \/>\n<h2>Historia de Amnesia Haze Autoflower<\/h2>\n<p>La historia de la Amnesia Haze Autofloreciente se remonta a la creaci\u00f3n de su predecesora, la ic\u00f3nica Amnesia Haze. Desarrollada a trav\u00e9s de un cruce de varias gen\u00e9ticas internacionales, la Amnesia Haze se convirti\u00f3 r\u00e1pidamente en una cepa de renombre en la comunidad cann\u00e1bica. En colaboraci\u00f3n con los principales criadores de autoflorecientes, Soma Sacred Seeds desarroll\u00f3 la versi\u00f3n autofloreciente, que conserva todas las cualidades de la Amnesia Haze original, al tiempo que ofrece la ventaja a\u00f1adida de un cultivo m\u00e1s f\u00e1cil.<\/p>\n<p>El legado de la Amnesia Haze Autoflower incluye haber ganado la prestigiosa High Times Cannabis Cup en 2012, as\u00ed como otras tres competiciones de cannabis en los Pa\u00edses Bajos. Estos galardones consolidaron el estatus de esta cepa como una de las mejores del sector. Desde entonces, la Amnesia Haze Autoflower se ha convertido en una de las m\u00e1s vendidas en Barney's Breakfast Bar, un lugar popular entre los entendidos del cannabis. Su mezcla de gen\u00e9tica del sudeste asi\u00e1tico, Haze jamaicana y Afghani-Hawaiian la convierte en una variedad vers\u00e1til y solicitada por los usuarios que aprecian tanto el sabor como la potencia.<\/p>\n<hr \/>\n<h2>C\u00f3mo utilizar Amnesia Haze Autoflower<\/h2>\n<p>Amnesia Haze Autoflower es una cepa vers\u00e1til que se puede disfrutar de muchas maneras. Para los fumadores, se disfruta mejor en un porro, pipa o cachimba, donde se puede apreciar plenamente su humo suave y sabroso. El vapeo tambi\u00e9n es una excelente opci\u00f3n, ya que realza el vibrante perfil de terpenos de la cepa. La Amnesia Haze Autoflower es conocida por sus efectos estimulantes y euf\u00f3ricos, que la hacen ideal para actividades sociales, proyectos creativos o simplemente para relajarse con los amigos.<\/p>\n<p>Cuando se trata de utilizar esta cepa con fines medicinales, la Amnesia Haze Autoflower se suele elegir por sus propiedades para mejorar el estado de \u00e1nimo. Las personas que sufren de estr\u00e9s, ansiedad o depresi\u00f3n pueden beneficiarse de su capacidad para elevar el estado de \u00e1nimo y proporcionar una sensaci\u00f3n de calma. Adem\u00e1s, debido a sus efectos equilibrados, se puede utilizar durante todo el d\u00eda sin causar una sedaci\u00f3n abrumadora. Para los cultivadores, la Amnesia Haze Autoflower ofrece una experiencia de cultivo sencilla, que requiere una atenci\u00f3n m\u00ednima. Es perfecta para aquellos que buscan una planta de bajo mantenimiento que produzca cogollos de alta calidad en un periodo de tiempo relativamente corto.<\/p>\n<hr \/>\n<h2>Ingredientes de Amnesia Haze Autoflower<\/h2>\n<p>Amnesia Haze Autoflower es una variedad h\u00edbrida con una mezcla distintiva de gen\u00e9ticas que dan forma tanto a sus efectos como a su sabor. La proporci\u00f3n de 70% Sativa y 30% Indica asegura un subid\u00f3n equilibrado, con Sativa contribuyendo a sus efectos edificantes y energizantes, mientras que la gen\u00e9tica Indica proporciona relajaci\u00f3n y cualidades calmantes. El linaje de la cepa incluye variedades del sudeste asi\u00e1tico, Haze jamaicana y Afghani-Hawaiian, cada una aportando sus caracter\u00edsticas \u00fanicas a la experiencia general.<\/p>\n<p>Los terpenos que se encuentran en la Amnesia Haze Autoflower desempe\u00f1an un papel importante en su perfil de sabor. Los usuarios pueden esperar una compleja mezcla de notas terrosas, c\u00edtricas y dulces, con un toque picante. Estos terpenos no s\u00f3lo contribuyen al agradable sabor de la cepa, sino que tambi\u00e9n realzan sus cualidades arom\u00e1ticas, proporcionando una experiencia sensorial completa. El alto contenido en THC de la Amnesia Haze Autoflower garantiza unos efectos potentes, ofreciendo un subid\u00f3n potente y duradero, perfecto para aquellos que buscan una experiencia cann\u00e1bica extraordinaria. La naturaleza autofloreciente de esta cepa la convierte en una opci\u00f3n atractiva para los cultivadores que desean un proceso de cultivo sin complicaciones sin dejar de disfrutar de un producto final de primera calidad.<\/p>\n<hr \/>\n<p><strong>Advertencia:<\/strong><br \/>\nLa Amnesia Haze Autoflower, como todas las variedades de cannabis, debe consumirse de forma responsable. Debido a sus potentes efectos, puede provocar un aumento del ritmo card\u00edaco o una sensaci\u00f3n de mareo en algunos consumidores, especialmente en los que se inician en el cannabis. Se aconseja empezar con una dosis peque\u00f1a y aumentarla gradualmente seg\u00fan sea necesario. Cons\u00famala siempre en un entorno seguro y evite manejar maquinaria pesada o realizar actividades que requieran una atenci\u00f3n plena despu\u00e9s de consumirla. Mant\u00e9ngase fuera del alcance de los ni\u00f1os y los animales dom\u00e9sticos.<\/p>","protected":false},"excerpt":{"rendered":"<p>La Amnesia Haze Autoflower es una extraordinaria variedad de cannabis conocida por sus efectos \u00fanicos y potentes. Creada gracias a la colaboraci\u00f3n de los mejores criadores de autoflorecientes, esta cepa mezcla gen\u00e9ticas del sudeste asi\u00e1tico, Haze jamaicana y Afghani-Hawaiian, ofreciendo una experiencia cann\u00e1bica realmente \u00fanica. Con su galardonado legado y su excepcional perfil de sabor, la Amnesia Haze Autoflower es imprescindible para los entendidos.<\/p>","protected":false},"featured_media":127334,"template":"","meta":[],"product_brand":[],"product_cat":[640,297,547,546],"product_tag":[],"class_list":{"0":"post-127329","1":"product","2":"type-product","3":"status-publish","4":"has-post-thumbnail","6":"product_cat-soma-sacred-seeds","7":"product_cat-all-products","8":"product_cat-autoflowering-seeds","9":"product_cat-seedshop","11":"first","12":"instock","13":"taxable","14":"shipping-taxable","15":"purchasable","16":"product-type-variable","17":"has-default-attributes"},"_links":{"self":[{"href":"https:\/\/www.tatanka.nl\/es\/wp-json\/wp\/v2\/product\/127329","targetHints":{"allow":["GET"]}}],"collection":[{"href":"https:\/\/www.tatanka.nl\/es\/wp-json\/wp\/v2\/product"}],"about":[{"href":"https:\/\/www.tatanka.nl\/es\/wp-json\/wp\/v2\/types\/product"}],"wp:featuredmedia":[{"embeddable":true,"href":"https:\/\/www.tatanka.nl\/es\/wp-json\/wp\/v2\/media\/127334"}],"wp:attachment":[{"href":"https:\/\/www.tatanka.nl\/es\/wp-json\/wp\/v2\/media?parent=127329"}],"wp:term":[{"taxonomy":"product_brand","embeddable":true,"href":"https:\/\/www.tatanka.nl\/es\/wp-json\/wp\/v2\/product_brand?post=127329"},{"taxonomy":"product_cat","embeddable":true,"href":"https:\/\/www.tatanka.nl\/es\/wp-json\/wp\/v2\/product_cat?post=127329"},{"taxonomy":"product_tag","embeddable":true,"href":"https:\/\/www.tatanka.nl\/es\/wp-json\/wp\/v2\/product_tag?post=127329"}],"curies":[{"name":"wp","href":"https:\/\/api.w.org\/{rel}","templated":true}]}}