{"id":127347,"date":"2025-01-10T13:18:03","date_gmt":"2025-01-10T12:18:03","guid":{"rendered":"https:\/\/www.tatanka.nl\/?post_type=product&#038;p=127347"},"modified":"2025-05-16T14:47:56","modified_gmt":"2025-05-16T13:47:56","slug":"true-og-soma-sacred-seeds","status":"publish","type":"product","link":"https:\/\/www.tatanka.nl\/es\/true-og-soma-sacred-seeds\/","title":{"rendered":"True OG - Semillas Sagradas de Soma"},"content":{"rendered":"<h2>\u00bfQu\u00e9 es True OG?<\/h2>\n<p>True OG es una distinguida cepa creada a partir de la popular OG Kush, con ra\u00edces en el sur de California. El nombre \"OG\" originalmente se refer\u00eda a \"cultivada en el oc\u00e9ano\", indicando los or\u00edgenes de la planta a lo largo de las regiones costeras de California. True OG, con su composici\u00f3n gen\u00e9tica 80% Indica y 20% Sativa, es un potente h\u00edbrido conocido por sus efectos relajantes y suaves, combinados con un subid\u00f3n mental m\u00e1s concentrado. Esta cepa ofrece un perfil de sabor suave y terroso que es ideal para aquellos que buscan una relajaci\u00f3n profunda sin sedaci\u00f3n pesada.<\/p>\n<p>Una de las caracter\u00edsticas clave de True OG es su versatilidad como cepa f\u00e1cil de cultivar. Tanto si se cultiva en interior como en exterior, la True OG prospera en las condiciones adecuadas. Aunque es m\u00e1s adecuada para climas m\u00e1s secos debido a su susceptibilidad a la podredumbre de los cogollos en condiciones de alta humedad, tambi\u00e9n puede cultivarse con \u00e9xito en entornos de interior controlados. Los cogollos densos y repletos de resina de esta variedad son muy apreciados por su capacidad para producir hach\u00eds de alta calidad, lo que la convierte en una de las favoritas tanto de los usuarios recreativos como de los entusiastas del hach\u00eds.<\/p>\n<h2>Historia de True OG<\/h2>\n<p>Los or\u00edgenes de True OG se remontan al sur de California, donde se acu\u00f1\u00f3 por primera vez el t\u00e9rmino \"OG\", que significa \"cultivada en el oc\u00e9ano\". Se refer\u00eda a las variedades cultivadas cerca de la costa, que se beneficiaban del aire fresco del oc\u00e9ano y de unas condiciones ambientales \u00fanicas. La cepa madre, la OG Kush, ha sido durante mucho tiempo una de las variedades de cannabis m\u00e1s ic\u00f3nicas e influyentes, contribuyendo con sus potentes efectos y sabor \u00fanico a la True OG. Con el tiempo, este fenotipo espec\u00edfico de OG Kush fue seleccionado por su excepcional sabor, potencia y caracter\u00edsticas de crecimiento.<\/p>\n<p>Desde su introducci\u00f3n, True OG ha sido favorecida tanto por usuarios ocasionales como experimentados. La cepa gan\u00f3 popularidad r\u00e1pidamente por su notable capacidad de proporcionar un sabor suave y terroso con efectos relajantes que mejoran el estado de \u00e1nimo. Soma Sacred Seeds obtuvo el fenotipo de True OG que han estado cultivando desde 2008, y sigue siendo una de sus cepas favoritas debido a sus terpenos superiores y su potencial de producci\u00f3n de hach\u00eds. Hoy en d\u00eda, True OG es c\u00e9lebre por su capacidad de ofrecer un subid\u00f3n equilibrado que relaja el cuerpo y estimula la mente sin causar una sedaci\u00f3n abrumadora.<\/p>\n<h2>C\u00f3mo utilizar True OG<\/h2>\n<p>La True OG se puede utilizar de varias formas, dependiendo de tus preferencias. Cuando se fuma, la cepa ofrece un sabor suave y terroso que mejora la experiencia general. Sus efectos suaves y relajantes la hacen ideal para su uso nocturno, ofreciendo una gran manera de relajarse despu\u00e9s de un largo d\u00eda sin sentirse demasiado sedado. Los efectos equilibrados de la cepa tambi\u00e9n la convierten en una buena opci\u00f3n para entornos sociales, ya que proporciona un subid\u00f3n mental calmante sin nublar la claridad mental.<\/p>\n<p>Para los que prefieren los extractos, la True OG tambi\u00e9n es conocida por su excelente potencial para hacer hach\u00eds. Los densos cogollos son ricos en resina, lo que los hace perfectos para producir un hach\u00eds sabroso y potente. Ya sea consumida como flor o en su forma concentrada, True OG ofrece una experiencia agradable y relajante. Al cultivar la cepa, los cultivadores deben procurar mantener unas condiciones \u00f3ptimas de temperatura entre 18 y 29\u00b0C y ser conscientes de los niveles de humedad, ya que la True OG es m\u00e1s susceptible a la putrefacci\u00f3n de los cogollos en condiciones h\u00famedas.<\/p>\n<h2>Ingredientes de True OG<\/h2>\n<p>Los efectos y el perfil de sabor de la True OG vienen determinados en gran medida por su combinaci\u00f3n de cannabinoides y terpenos. El terpeno principal de la cepa es el mirceno, que contribuye a su aroma terroso y herbal y a sus propiedades relajantes. El limoneno, otro terpeno clave en la True OG, a\u00f1ade una ligera nota c\u00edtrica, realzando su sabor general y a\u00f1adiendo un componente estimulante al subid\u00f3n. El pineno, que tambi\u00e9n se encuentra en la cepa, ofrece un aroma refrescante a pino que equilibra las notas m\u00e1s terrosas de la cepa.<\/p>\n<p>Adem\u00e1s de sus terpenos, la True OG contiene una alta concentraci\u00f3n de THC, responsable de sus potentes efectos. La composici\u00f3n gen\u00e9tica 80% Indica y 20% Sativa garantiza que True OG proporcione una experiencia relajante y suave con un subid\u00f3n mental claro y concentrado. El perfil de terpenos de la cepa, combinado con su contenido de THC, hace de la True OG una excelente elecci\u00f3n para aquellos que buscan una experiencia sabrosa que alivie el estr\u00e9s. Ya sea para uso recreativo o medicinal, la combinaci\u00f3n \u00fanica de cannabinoides y terpenos hace de la True OG la favorita de muchos consumidores de cannabis.<\/p>\n<p><strong>Advertencia:<\/strong><br \/>\nLa True OG es una cepa potente, y sus efectos pueden ser intensos para algunos usuarios. Los novatos o aquellos con una tolerancia m\u00e1s baja deber\u00edan empezar con una dosis peque\u00f1a para evitar un consumo excesivo. Tambi\u00e9n es importante tener en cuenta que los cogollos densos de True OG y su naturaleza rica en resina la hacen ideal para la producci\u00f3n de hach\u00eds, por lo que un manejo adecuado durante el cultivo es esencial para evitar la contaminaci\u00f3n o la putrefacci\u00f3n. Cons\u00famela siempre de forma responsable y de acuerdo con las leyes locales.<\/p>","protected":false},"excerpt":{"rendered":"<p>True OG es un potente h\u00edbrido con Indica dominante que proporciona experiencias terrosas y sabrosas. Con gen\u00e9tica Indica 80% y Sativa 20%, ofrece efectos duraderos y suaves junto con un subid\u00f3n mental concentrado. Conocida por su excelente potencial para hacer hach\u00eds, la True OG prospera tanto en interior como en exterior, lo que la convierte en una opci\u00f3n vers\u00e1til para los cultivadores. Sus ricos y densos cogollos y sus deliciosos terpenos la convierten en la favorita de aquellos que aprecian un humo suave y sabroso y una relajaci\u00f3n duradera.<\/p>","protected":false},"featured_media":127352,"template":"","meta":[],"product_brand":[],"product_cat":[640,297,549,546],"product_tag":[],"class_list":{"0":"post-127347","1":"product","2":"type-product","3":"status-publish","4":"has-post-thumbnail","6":"product_cat-soma-sacred-seeds","7":"product_cat-all-products","8":"product_cat-feminized-seeds","9":"product_cat-seedshop","11":"first","12":"instock","13":"taxable","14":"shipping-taxable","15":"purchasable","16":"product-type-variable","17":"has-default-attributes"},"_links":{"self":[{"href":"https:\/\/www.tatanka.nl\/es\/wp-json\/wp\/v2\/product\/127347","targetHints":{"allow":["GET"]}}],"collection":[{"href":"https:\/\/www.tatanka.nl\/es\/wp-json\/wp\/v2\/product"}],"about":[{"href":"https:\/\/www.tatanka.nl\/es\/wp-json\/wp\/v2\/types\/product"}],"wp:featuredmedia":[{"embeddable":true,"href":"https:\/\/www.tatanka.nl\/es\/wp-json\/wp\/v2\/media\/127352"}],"wp:attachment":[{"href":"https:\/\/www.tatanka.nl\/es\/wp-json\/wp\/v2\/media?parent=127347"}],"wp:term":[{"taxonomy":"product_brand","embeddable":true,"href":"https:\/\/www.tatanka.nl\/es\/wp-json\/wp\/v2\/product_brand?post=127347"},{"taxonomy":"product_cat","embeddable":true,"href":"https:\/\/www.tatanka.nl\/es\/wp-json\/wp\/v2\/product_cat?post=127347"},{"taxonomy":"product_tag","embeddable":true,"href":"https:\/\/www.tatanka.nl\/es\/wp-json\/wp\/v2\/product_tag?post=127347"}],"curies":[{"name":"wp","href":"https:\/\/api.w.org\/{rel}","templated":true}]}}