{"id":127363,"date":"2025-01-10T13:37:12","date_gmt":"2025-01-10T12:37:12","guid":{"rendered":"https:\/\/www.tatanka.nl\/?post_type=product&#038;p=127363"},"modified":"2025-05-16T14:48:41","modified_gmt":"2025-05-16T13:48:41","slug":"lavender-soma-sacred-seeds","status":"publish","type":"product","link":"https:\/\/www.tatanka.nl\/es\/lavender-soma-sacred-seeds\/","title":{"rendered":"Lavanda - Soma Sacred Seeds"},"content":{"rendered":"<h2>\u00bfQu\u00e9 es la lavanda?<\/h2>\n<p>Lavender es una cautivadora variedad de cannabis que destaca no s\u00f3lo por su llamativo aspecto, sino tambi\u00e9n por su compleja composici\u00f3n gen\u00e9tica. Se trata de un cruce a tres bandas que incorpora los mejores rasgos de varias regiones: Afganist\u00e1n, Hawai, Corea, EE.UU. y Europa. Este variado patrimonio gen\u00e9tico da como resultado una planta que es a la vez visualmente impresionante y potente. La Lavender destaca especialmente por su coloraci\u00f3n p\u00farpura intenso, que puede alcanzar tonos casi negros en las puntas de las hojas, lo que la convierte en una de las variedades m\u00e1s llamativas del mercado.<\/p>\n<p>Los densos cogollos de la planta desprenden un aroma picante que recuerda al hach\u00eds afgano, lo que aumenta su atractivo. Con un alto ratio c\u00e1liz\/hoja, Lavender es relativamente f\u00e1cil de manicurar, lo que la convierte en una opci\u00f3n atractiva para los cultivadores. Aunque no crece tanto como las variedades Haze, Lavender puede alcanzar alturas impresionantes si se le da un per\u00edodo vegetativo prolongado. Es vers\u00e1til y puede prosperar tanto en interior como en exterior, ofreciendo un rendimiento generoso y una calidad excepcional. Tanto si se cultiva en un mar de verde o como una planta de m\u00faltiples ramas, Lavender proporciona una experiencia agradable y potente para los entusiastas del cannabis.<\/p>\n<h2>Historia de la lavanda<\/h2>\n<p>La historia de la Lavender es tan diversa y rica como su linaje gen\u00e9tico. Esta cepa re\u00fane gen\u00e9ticas de m\u00faltiples regiones, como Afganist\u00e1n, Hawai, Corea, EE.UU. y Europa. La combinaci\u00f3n de estas diferentes variedades de cannabis da como resultado una cepa que mezcla las mejores cualidades de cada regi\u00f3n, creando un producto complejo y muy codiciado. La influencia afgana aporta a Lavender su distintivo aroma picante y a hach\u00eds, mientras que la Hawaiian y la gen\u00e9tica estadounidense contribuyen a su potencia y atractivo general.<\/p>\n<p>La gen\u00e9tica \u00fanica de Lavender ha sido cuidadosamente seleccionada a lo largo del tiempo para producir una cepa que no s\u00f3lo ofrece un excelente subid\u00f3n, sino que tambi\u00e9n prospera en diversas condiciones de cultivo. La adaptabilidad de la planta y su excepcional rendimiento la han convertido en una de las favoritas de los cultivadores de interior y exterior. La coloraci\u00f3n y el sabor distintivos de la Lavender la han convertido en una variedad destacada en el mundo del cannabis, llamando la atenci\u00f3n tanto por su belleza como por sus potentes efectos relajantes. Hoy en d\u00eda, sigue siendo una elecci\u00f3n popular entre los entendidos del cannabis que buscan una experiencia equilibrada y relajante.<\/p>\n<h2>C\u00f3mo utilizar la lavanda<\/h2>\n<p>La Lavender es una cepa vers\u00e1til que se puede disfrutar de varias maneras, dependiendo de tus preferencias. Tanto si prefieres fumarla, vaporizarla o utilizar concentrados, la Lavender proporciona una experiencia potente y relajante, ideal para relajarse tras un largo d\u00eda. El sabor distintivo de la cepa, que se asemeja mucho al hach\u00eds afgano, la convierte en una excelente elecci\u00f3n para aquellos que disfrutan de notas ricas, especiadas y terrosas en su cannabis.<\/p>\n<p>Para los nuevos en esta variedad, se recomienda empezar con una dosis peque\u00f1a para medir sus efectos. El subid\u00f3n suave y relajante de la Lavender la convierte en una elecci\u00f3n ideal para la noche o los d\u00edas lluviosos en los que quieres relajarte y descansar. Sus efectos calmantes pueden ayudar a aliviar el estr\u00e9s y la ansiedad y, en algunos casos, puede incluso ayudar a conciliar el sue\u00f1o. Tanto si se utiliza para relajarse como para conciliar el sue\u00f1o, la lavanda proporciona una experiencia tranquila y agradable que deja a los usuarios satisfechos y tranquilos.<\/p>\n<h2>Ingredientes de la lavanda<\/h2>\n<p>Los efectos y el perfil de sabor de Lavender son el resultado de una compleja combinaci\u00f3n de cannabinoides y terpenos. El alto contenido de THC de esta cepa proporciona un subid\u00f3n potente y relajante, perfecto para desconectar. Adem\u00e1s de THC, Lavender contiene otros cannabinoides como CBD, que contribuyen a sus efectos terap\u00e9uticos, como el alivio del estr\u00e9s y la relajaci\u00f3n.<\/p>\n<p>Los terpenos de la lavanda tambi\u00e9n desempe\u00f1an un papel crucial en su sabor y aroma distintivos. El mirceno, el terpeno dominante, aporta notas terrosas y almizcladas, mientras que el limoneno a\u00f1ade un toque c\u00edtrico al perfil general. El cariofileno aporta un aroma picante y a pimienta, que complementa el aroma a hach\u00eds afgano. Estos terpenos trabajan juntos para crear un sabor \u00fanico y complejo que mejora la experiencia general de usar Lavender. La combinaci\u00f3n de estos ingredientes da como resultado una cepa que no s\u00f3lo es calmante, sino tambi\u00e9n sabrosa, lo que la convierte en la mejor elecci\u00f3n para los entusiastas del cannabis.<\/p>\n<p><strong>Advertencia:<\/strong><br \/>\nLavender es una cepa potente, y sus efectos calmantes pueden ser intensos para algunos usuarios. Si usted es nuevo en esta cepa o tiene una baja tolerancia, se recomienda comenzar con una dosis peque\u00f1a y aumentar gradualmente seg\u00fan sea necesario. La naturaleza relajante de Lavender hace que sea la m\u00e1s adecuada para el uso nocturno, ya que puede inducir somnolencia. Ten en cuenta los efectos de esta cepa y cons\u00famela de forma responsable, sobre todo si vas a realizar actividades que requieran atenci\u00f3n o concentraci\u00f3n. Respeta siempre las leyes y normativas locales cuando consumas productos derivados del cannabis.<\/p>","protected":false},"excerpt":{"rendered":"<p>Lavender es una llamativa y ex\u00f3tica variedad de cannabis con una rica historia gen\u00e9tica, que combina influencias de Afganist\u00e1n, Hawai, Corea, EE.UU. y Europa. Conocida por su intensa coloraci\u00f3n p\u00farpura y sus densos cogollos, esta cepa ofrece un aroma picante, similar al hach\u00eds afgano, y un efecto calmante y suave. Lavender prospera en climas templados, produciendo un rendimiento excepcional con un proceso de cultivo simplificado. Ideal para el uso nocturno, ofrece un efecto relajante y calmante que es perfecto para relajarse o inducir el sue\u00f1o.<\/p>","protected":false},"featured_media":127367,"template":"","meta":[],"product_brand":[],"product_cat":[640,297,549,546],"product_tag":[],"class_list":{"0":"post-127363","1":"product","2":"type-product","3":"status-publish","4":"has-post-thumbnail","6":"product_cat-soma-sacred-seeds","7":"product_cat-all-products","8":"product_cat-feminized-seeds","9":"product_cat-seedshop","11":"first","12":"instock","13":"taxable","14":"shipping-taxable","15":"purchasable","16":"product-type-variable","17":"has-default-attributes"},"_links":{"self":[{"href":"https:\/\/www.tatanka.nl\/es\/wp-json\/wp\/v2\/product\/127363","targetHints":{"allow":["GET"]}}],"collection":[{"href":"https:\/\/www.tatanka.nl\/es\/wp-json\/wp\/v2\/product"}],"about":[{"href":"https:\/\/www.tatanka.nl\/es\/wp-json\/wp\/v2\/types\/product"}],"wp:featuredmedia":[{"embeddable":true,"href":"https:\/\/www.tatanka.nl\/es\/wp-json\/wp\/v2\/media\/127367"}],"wp:attachment":[{"href":"https:\/\/www.tatanka.nl\/es\/wp-json\/wp\/v2\/media?parent=127363"}],"wp:term":[{"taxonomy":"product_brand","embeddable":true,"href":"https:\/\/www.tatanka.nl\/es\/wp-json\/wp\/v2\/product_brand?post=127363"},{"taxonomy":"product_cat","embeddable":true,"href":"https:\/\/www.tatanka.nl\/es\/wp-json\/wp\/v2\/product_cat?post=127363"},{"taxonomy":"product_tag","embeddable":true,"href":"https:\/\/www.tatanka.nl\/es\/wp-json\/wp\/v2\/product_tag?post=127363"}],"curies":[{"name":"wp","href":"https:\/\/api.w.org\/{rel}","templated":true}]}}