{"id":127932,"date":"2025-02-04T16:29:33","date_gmt":"2025-02-04T15:29:33","guid":{"rendered":"https:\/\/www.tatanka.nl\/?post_type=product&#038;p=127932"},"modified":"2026-02-05T00:49:25","modified_gmt":"2026-02-04T23:49:25","slug":"love-caps-6-capsules","status":"publish","type":"product","link":"https:\/\/www.tatanka.nl\/es\/love-caps-6-capsules\/","title":{"rendered":"Love Caps - 6 c\u00e1psulas"},"content":{"rendered":"<p><strong>Ultimate69 Love Caps - 6 Capsules<\/strong><\/p>\n<p>Eleve sus momentos \u00edntimos con Ultimate69 Love Caps, dise\u00f1adas tanto para hombres como para mujeres. Estas c\u00e1psulas cuidadosamente elaboradas contienen potentes extractos de hierbas para mejorar la libido, la energ\u00eda y la resistencia, mientras que la entrega de una sutil sensaci\u00f3n de hormigueo. Experimente un mayor placer y alcancen juntos nuevos niveles de satisfacci\u00f3n.<\/p>\n<p><strong>Ingredientes:<\/strong><br \/>\n150 mg de GABA, 100 mg de L-arginina, 100 mg de L-citrulina, 100 mg de extracto de maca negra, 50 mg de kanna, 50 mg de extracto de ginseng, 50 mg de extracto de damiana, 50 mg de extracto de pasiflora, 50 mg de taurina, 50 mg de extracto de cacao, 50 mg de vitamina C, 25 mg de extracto de melisa, 10 mg de niacina, 10 mg de zinc, 2 mg de piperina y almid\u00f3n de arroz como excipiente.<\/p>\n<p><strong>Dosificaci\u00f3n:<\/strong><br \/>\nTomar una c\u00e1psula una hora antes de la intimidad. Si es necesario, tome una segunda c\u00e1psula despu\u00e9s de 30 minutos. No exceda de 2 c\u00e1psulas al d\u00eda.<\/p>\n<p><strong>Advertencia:<\/strong><br \/>\nMantener fuera del alcance de los ni\u00f1os. Consulte a un m\u00e9dico antes de utilizarlo si est\u00e1 embarazada, en per\u00edodo de lactancia o tiene problemas de salud. Este es un suplemento diet\u00e9tico y debe utilizarse en consecuencia.<\/p>\n<p><strong>Almacenamiento:<\/strong><br \/>\nGu\u00e1rdelo en un lugar fresco y oscuro.<\/p>","protected":false},"excerpt":{"rendered":"<p>Potencia tus momentos \u00edntimos con las c\u00e1psulas Ultimate69 Love Caps, pensadas tanto para hombres como para mujeres. Con una infusi\u00f3n de extractos de hierbas de primera calidad, estas c\u00e1psulas aumentan la libido, la energ\u00eda y la resistencia, al tiempo que proporcionan una sutil sensaci\u00f3n de hormigueo. Tomar una c\u00e1psula una hora antes de la actividad, con la opci\u00f3n de una segunda si se desea. M\u00e1ximo 2 al d\u00eda. Disfrutad juntos del m\u00e1ximo placer.<\/p>","protected":false},"featured_media":127936,"template":"","meta":[],"product_brand":[],"product_cat":[531,297,576,573,383,476],"product_tag":[],"class_list":{"0":"post-127932","1":"product","2":"type-product","3":"status-publish","4":"has-post-thumbnail","6":"product_cat-aphrodisiacs","7":"product_cat-all-products","8":"product_cat-sex-products-for-couples","9":"product_cat-sex-products-top-10","10":"product_cat-sex-shop","11":"product_cat-smartshop","13":"first","14":"instock","15":"taxable","16":"shipping-taxable","17":"purchasable","18":"product-type-variable","19":"has-default-attributes"},"_links":{"self":[{"href":"https:\/\/www.tatanka.nl\/es\/wp-json\/wp\/v2\/product\/127932","targetHints":{"allow":["GET"]}}],"collection":[{"href":"https:\/\/www.tatanka.nl\/es\/wp-json\/wp\/v2\/product"}],"about":[{"href":"https:\/\/www.tatanka.nl\/es\/wp-json\/wp\/v2\/types\/product"}],"wp:featuredmedia":[{"embeddable":true,"href":"https:\/\/www.tatanka.nl\/es\/wp-json\/wp\/v2\/media\/127936"}],"wp:attachment":[{"href":"https:\/\/www.tatanka.nl\/es\/wp-json\/wp\/v2\/media?parent=127932"}],"wp:term":[{"taxonomy":"product_brand","embeddable":true,"href":"https:\/\/www.tatanka.nl\/es\/wp-json\/wp\/v2\/product_brand?post=127932"},{"taxonomy":"product_cat","embeddable":true,"href":"https:\/\/www.tatanka.nl\/es\/wp-json\/wp\/v2\/product_cat?post=127932"},{"taxonomy":"product_tag","embeddable":true,"href":"https:\/\/www.tatanka.nl\/es\/wp-json\/wp\/v2\/product_tag?post=127932"}],"curies":[{"name":"wp","href":"https:\/\/api.w.org\/{rel}","templated":true}]}}