{"id":129627,"date":"2025-05-09T08:20:26","date_gmt":"2025-05-09T07:20:26","guid":{"rendered":"https:\/\/www.tatanka.nl\/?post_type=product&#038;p=129627"},"modified":"2025-10-16T07:58:42","modified_gmt":"2025-10-16T06:58:42","slug":"cutting-monstrosus-25-29-cm","status":"publish","type":"product","link":"https:\/\/www.tatanka.nl\/es\/cutting-monstrosus-25-29-cm\/","title":{"rendered":"Monstrosus cortante 25 - 29 cm"},"content":{"rendered":"<h2 class=\"\" data-start=\"474\" data-end=\"511\">\u00bfQu\u00e9 son los Cutting Monstrosus?<\/h2>\n<p class=\"\" data-start=\"513\" data-end=\"1495\">En <em data-start=\"517\" data-end=\"544\">Corte de cactus Monstrosus<\/em> es una forma especial y naturalmente mutada de un cactus que contiene mescalina, a menudo se cree que es una variaci\u00f3n de especies como <em data-start=\"671\" data-end=\"694\">Trichocereus pachanoi<\/em> o <em data-start=\"698\" data-end=\"723\">Trichocereus peruvianus<\/em>. Reconocido por sus patrones de crecimiento irregulares y \"monstruosos\", el cactus desarrolla formas retorcidas y anudadas que hacen que cada esp\u00e9cimen sea visualmente \u00fanico. Adem\u00e1s de su fascinante aspecto, el <em data-start=\"910\" data-end=\"937\">Corte de cactus Monstrosus<\/em> posee un importante valor espiritual. Se ha utilizado en pr\u00e1cticas ind\u00edgenas durante siglos debido a sus potentes efectos psicoactivos, atribuidos principalmente a su contenido en mescalina. Cuando se consume, el cactus puede actuar como herramienta para la introspecci\u00f3n profunda, la limpieza energ\u00e9tica y la curaci\u00f3n emocional. Como esqueje, permite a los usuarios preparar su propia dosis ceremonial o propagarla para su uso futuro. En <em data-start=\"1330\" data-end=\"1357\">Corte de cactus Monstrosus<\/em> tiende puentes entre los reinos f\u00edsico y espiritual, ayudando a quienes buscan conexi\u00f3n, claridad y un sentido renovado de s\u00ed mismos a trav\u00e9s de medios naturales.<\/p>\n<h2 class=\"\" data-start=\"1502\" data-end=\"1540\">Historia de Cutting Monstrosus<\/h2>\n<p class=\"\" data-start=\"1542\" data-end=\"2786\">En <em data-start=\"1546\" data-end=\"1573\">Corte de cactus Monstrosus<\/em> comparte sus or\u00edgenes con las antiguas culturas andinas, que durante mucho tiempo han venerado los cactus ricos en mescalina como plantas sagradas. Estos cactus, que suelen encontrarse en las regiones monta\u00f1osas de Per\u00fa, Bolivia y el norte de Chile, se utilizaban tradicionalmente en rituales cham\u00e1nicos de curaci\u00f3n, adivinaci\u00f3n y despertar espiritual. La variante \"monstrosus\" hace referencia a la mutaci\u00f3n gen\u00e9tica \u00fanica que provoca un crecimiento anormal y no lineal, lo que lo convierte en un s\u00edmbolo de transformaci\u00f3n e imprevisibilidad. Aunque no se sabe con exactitud cu\u00e1ndo <em data-start=\"2072\" data-end=\"2099\">Corte de cactus Monstrosus<\/em> su uso es paralelo al de otros cactus ceremoniales m\u00e1s comunes, como el San Pedro y la Antorcha Peruana. Los chamanes y l\u00edderes espirituales preparaban el cactus como un sacramento, que se consum\u00eda durante rituales que duraban toda la noche, dise\u00f1ados para acceder a estados superiores de conciencia. En las comunidades espirituales modernas, el <em data-start=\"2406\" data-end=\"2433\">Corte de cactus Monstrosus<\/em> es apreciado no s\u00f3lo por su rareza, sino por su intenso simbolismo. La forma impredecible del cactus refleja el viaje humano: bello, ca\u00f3tico y profundamente personal. Su reputaci\u00f3n no ha dejado de crecer en los c\u00edrculos de la fitomedicina contempor\u00e1nea, convirti\u00e9ndolo en un cactus muy codiciado por quienes exploran la curaci\u00f3n basada en las plantas y la percepci\u00f3n m\u00edstica.<\/p>\n<h2 class=\"\" data-start=\"2793\" data-end=\"2831\">C\u00f3mo utilizar Cutting Monstrosus<\/h2>\n<p class=\"\" data-start=\"2833\" data-end=\"3374\">En <em data-start=\"2837\" data-end=\"2864\">Corte de cactus Monstrosus<\/em> se consume normalmente en contextos ceremoniales o de meditaci\u00f3n, valorada por sus fuertes propiedades psicoactivas. Antes de ingerirla, hay que retirar cuidadosamente la piel exterior y las espinas. La pulpa interior se corta en trozos y a menudo se cuece a fuego lento en agua durante varias horas para crear un t\u00e9 concentrado. Este t\u00e9 es conocido por su sabor amargo, pero es el m\u00e9todo m\u00e1s tradicional y eficaz de consumir el cactus. Algunas personas tambi\u00e9n consumen la carne cruda, aunque es m\u00e1s probable que les provoque n\u00e1useas.<\/p>\n<p class=\"\" data-start=\"3376\" data-end=\"4065\">Es esencial abordar la experiencia con intenci\u00f3n y preparaci\u00f3n. Los efectos suelen comenzar una o dos horas despu\u00e9s del consumo y alcanzan su punto \u00e1lgido entre las 4 y las 6 horas. La experiencia global puede durar entre 10 y 15 horas. Durante este tiempo, los usuarios pueden experimentar fen\u00f3menos visuales, una mayor conciencia emocional y una fuerte sensaci\u00f3n de interconexi\u00f3n con la naturaleza y con uno mismo. Es fundamental consumir la <em data-start=\"3779\" data-end=\"3806\">Corte de cactus Monstrosus<\/em> en un entorno tranquilo y seguro, con la presencia de un acompa\u00f1ante sobrio. Se recomienda encarecidamente una hidrataci\u00f3n adecuada, una dieta ligera de antemano y descanso tras la experiencia. El cactus debe tratarse como un gu\u00eda sagrado, no para la recreaci\u00f3n, sino para la curaci\u00f3n y la alineaci\u00f3n espiritual.<\/p>\n<h2 class=\"\" data-start=\"4072\" data-end=\"4114\">Ingredientes de Cutting Monstrosus<\/h2>\n<p class=\"\" data-start=\"4116\" data-end=\"4612\">En <em data-start=\"4120\" data-end=\"4147\">Corte de cactus Monstrosus<\/em> contiene una serie de compuestos naturales, sobre todo <strong data-start=\"4212\" data-end=\"4225\">mescalina<\/strong>responsable de sus efectos psicoactivos y visionarios. La mescalina es un potente ente\u00f3geno que interact\u00faa con los receptores de serotonina, induciendo estados alterados de conciencia, una mayor percepci\u00f3n y una profunda introspecci\u00f3n. Adem\u00e1s de mescalina, el cactus puede contener otros alcaloides en cantidades menores, como anhalonidina y tiramina, que pueden favorecer sus efectos generales.<\/p>\n<p class=\"\" data-start=\"4614\" data-end=\"5349\">En t\u00e9rminos de composici\u00f3n f\u00edsica, el <em data-start=\"4652\" data-end=\"4679\">Corte de cactus Monstrosus<\/em> consiste en un alto contenido de agua, tejido vegetal fibroso y capas protectoras de la piel. La estructura irregular de la variante \"monstrosus\" se debe a una mutaci\u00f3n gen\u00e9tica, pero esto no afecta a su potencia. Aunque la concentraci\u00f3n de mescalina de cada esqueje de cactus puede variar en funci\u00f3n de la edad, el tama\u00f1o y las condiciones de cultivo, el componente espiritual b\u00e1sico permanece intacto. Esto hace que la <em data-start=\"5050\" data-end=\"5077\">Corte de cactus Monstrosus<\/em> fuente de transformaci\u00f3n tanto bioqu\u00edmica como simb\u00f3lica. Su estructura limpia y natural permite utilizarla con un procesamiento m\u00ednimo. Para quienes buscan una herramienta natural, basada en plantas, para despertar y sanar, el <em data-start=\"5288\" data-end=\"5315\">Corte de cactus Monstrosus<\/em> proporciona un camino profundo y org\u00e1nico.<\/p>\n<p class=\"\" data-start=\"5356\" data-end=\"5817\"><strong data-start=\"5356\" data-end=\"5368\">Advertencia:<\/strong><br data-start=\"5368\" data-end=\"5371\" \/>Visite <strong data-start=\"5374\" data-end=\"5381\">no<\/strong> utilizar el <em data-start=\"5390\" data-end=\"5417\">Corte de cactus Monstrosus<\/em> si est\u00e1 embarazada, en per\u00edodo de lactancia, es menor de 18 a\u00f1os o padece alguna enfermedad como problemas card\u00edacos, anomal\u00edas de la tensi\u00f3n arterial o problemas de salud mental. Evite mezclarlo con alcohol, medicamentos u otras sustancias. Consuma siempre en un lugar seguro y con un acompa\u00f1ante sobrio. No conduzcas ni manejes maquinaria bajo los efectos del alcohol. Respeta el cactus como medicina sagrada, no como droga recreativa.<\/p>","protected":false},"excerpt":{"rendered":"<p>El cactus Cutting Monstrosus es una planta rara y venerada, conocida por su poderosa profundidad espiritual y su energ\u00eda curativa natural. Tradicionalmente utilizado en rituales sagrados y viajes introspectivos, este cactus ofrece un camino \u00fanico hacia la claridad emocional, el autodescubrimiento y la conexi\u00f3n con el universo.<\/p>","protected":false},"featured_media":129629,"template":"","meta":[],"product_brand":[],"product_cat":[536,297,476],"product_tag":[],"class_list":{"0":"post-129627","1":"product","2":"type-product","3":"status-publish","4":"has-post-thumbnail","6":"product_cat-mescaline-cacti","7":"product_cat-all-products","8":"product_cat-smartshop","9":"product_shipping_class-creditcard-off","11":"first","12":"instock","13":"taxable","14":"shipping-taxable","15":"purchasable","16":"product-type-variable","17":"has-default-attributes"},"_links":{"self":[{"href":"https:\/\/www.tatanka.nl\/es\/wp-json\/wp\/v2\/product\/129627","targetHints":{"allow":["GET"]}}],"collection":[{"href":"https:\/\/www.tatanka.nl\/es\/wp-json\/wp\/v2\/product"}],"about":[{"href":"https:\/\/www.tatanka.nl\/es\/wp-json\/wp\/v2\/types\/product"}],"wp:featuredmedia":[{"embeddable":true,"href":"https:\/\/www.tatanka.nl\/es\/wp-json\/wp\/v2\/media\/129629"}],"wp:attachment":[{"href":"https:\/\/www.tatanka.nl\/es\/wp-json\/wp\/v2\/media?parent=129627"}],"wp:term":[{"taxonomy":"product_brand","embeddable":true,"href":"https:\/\/www.tatanka.nl\/es\/wp-json\/wp\/v2\/product_brand?post=129627"},{"taxonomy":"product_cat","embeddable":true,"href":"https:\/\/www.tatanka.nl\/es\/wp-json\/wp\/v2\/product_cat?post=129627"},{"taxonomy":"product_tag","embeddable":true,"href":"https:\/\/www.tatanka.nl\/es\/wp-json\/wp\/v2\/product_tag?post=129627"}],"curies":[{"name":"wp","href":"https:\/\/api.w.org\/{rel}","templated":true}]}}