{"id":129631,"date":"2025-05-09T08:31:49","date_gmt":"2025-05-09T07:31:49","guid":{"rendered":"https:\/\/www.tatanka.nl\/?post_type=product&#038;p=129631"},"modified":"2025-10-16T07:58:42","modified_gmt":"2025-10-16T06:58:42","slug":"cutting-bridgesii-25-29-cm","status":"publish","type":"product","link":"https:\/\/www.tatanka.nl\/es\/cutting-bridgesii-25-29-cm\/","title":{"rendered":"Corte Bridgesii 25 - 29 cm"},"content":{"rendered":"<h2 class=\"\" data-start=\"540\" data-end=\"576\">\u00bfQu\u00e9 son los puentes de corteii?<\/h2>\n<p class=\"\" data-start=\"578\" data-end=\"1508\">En <em data-start=\"582\" data-end=\"608\">Cortar el cactus Bridgesii<\/em>-tambi\u00e9n conocido como <strong data-start=\"623\" data-end=\"650\">Echinopsis lageniformis<\/strong> o <strong data-start=\"654\" data-end=\"672\">Antorcha boliviana<\/strong>-es un cactus columnar de r\u00e1pido crecimiento originario de Bolivia. Con su caracter\u00edstica piel verde azulada, sus largas espinas y su estructura acanalada, es a la vez visualmente llamativo y espiritualmente poderoso. Este cactus es muy apreciado por su alto contenido en mescalina, que lo convierte en una de las especies m\u00e1s potentes desde el punto de vista psicoactivo de la familia Trichocereus. Como esqueje, ofrece una forma flexible de propagar una nueva planta o de preparar una dosis ceremonial para uso espiritual. Conocida por inducir estados visionarios, claridad emocional y una profunda conexi\u00f3n con uno mismo y con la naturaleza, la <em data-start=\"1216\" data-end=\"1242\">Cortar el cactus Bridgesii<\/em> se ha convertido en una herramienta esencial para quienes practican el trabajo interior consciente. Tanto si se utiliza en ceremonias tradicionales como en entornos de sanaci\u00f3n modernos, el <em data-start=\"1386\" data-end=\"1412\">Cortar el cactus Bridgesii<\/em> sirve de aliado vegetal capaz de guiar a los individuos a trav\u00e9s de una profunda transformaci\u00f3n personal.<\/p>\n<h2 class=\"\" data-start=\"1515\" data-end=\"1552\">Historia del corte de puentesii<\/h2>\n<p class=\"\" data-start=\"1554\" data-end=\"2080\">En <em data-start=\"1558\" data-end=\"1584\">Cortar el cactus Bridgesii<\/em> tiene sus ra\u00edces en las regiones de gran altitud de Bolivia, donde ha sido utilizado durante siglos por las culturas ind\u00edgenas andinas. Curanderos y chamanes han consumido tradicionalmente este cactus en ceremonias sagradas para acceder a la gu\u00eda espiritual, facilitar la curaci\u00f3n y comunicarse con el mundo de los esp\u00edritus. La Antorcha Boliviana se menciona a menudo junto a otros cactus ceremoniales como el San Pedro y el Peyote, aunque el <em data-start=\"1989\" data-end=\"2015\">Cortar el cactus Bridgesii<\/em> es conocida por sus experiencias especialmente intensas y visionarias.<\/p>\n<p class=\"\" data-start=\"2082\" data-end=\"2687\">Su nombre hace honor al bot\u00e1nico del siglo XIX Thomas Bridges y, desde su descubrimiento, ha traspasado las fronteras de Sudam\u00e9rica para llegar a los c\u00edrculos espirituales de todo el mundo. En las \u00faltimas d\u00e9cadas, ha ganado adeptos entre las comunidades de fitoterapeutas debido a sus efectos, potentes pero l\u00facidos. El cactus se considera un \"maestro\", capaz de afrontar el dolor emocional profundamente arraigado, desmantelar las estructuras del ego y guiar a los usuarios hacia una mayor libertad personal. En la actualidad, el <em data-start=\"2552\" data-end=\"2578\">Cortar el cactus Bridgesii<\/em> es un puente, literal y simb\u00f3lico, entre la sabidur\u00eda antigua y los buscadores modernos de la verdad interior.<\/p>\n<h2 class=\"\" data-start=\"2694\" data-end=\"2731\">C\u00f3mo utilizar Cutting Bridgesii<\/h2>\n<p class=\"\" data-start=\"2733\" data-end=\"3248\">En <em data-start=\"2737\" data-end=\"2763\">Cortar el cactus Bridgesii<\/em> suele consumirse en contextos ceremoniales o terap\u00e9uticos para acceder a sus potentes propiedades visionarias. Para prepararlo, se quitan las espinas y la piel verde oscura y se corta la pulpa interior en peque\u00f1as secciones. Se cuecen a fuego lento durante varias horas en agua para obtener una infusi\u00f3n espesa y amarga. El l\u00edquido resultante se consume lentamente y con intenci\u00f3n, a menudo en un entorno tranquilo y de apoyo. Algunos usuarios tambi\u00e9n mezclan el cactus hervido para obtener una pasta bebible o lo secan para su uso posterior.<\/p>\n<p class=\"\" data-start=\"3250\" data-end=\"3906\">Con el est\u00f3mago vac\u00edo, los efectos suelen comenzar en una o dos horas, y alcanzan su punto \u00e1lgido entre las 3 y las 5 horas. La experiencia completa puede durar entre 10 y 14 horas. Muchos informan de una profunda introspecci\u00f3n, liberaci\u00f3n emocional, patrones visuales y una profunda sensaci\u00f3n de unidad con la naturaleza. En <em data-start=\"3523\" data-end=\"3549\">Cortar el cactus Bridgesii<\/em> no debe tomarse a la ligera: sus efectos pueden ser intensos y s\u00f3lo debe utilizarse si se est\u00e1 mental y f\u00edsicamente preparado. Aseg\u00farese siempre de que est\u00e9 presente un acompa\u00f1ante de confianza y evite las distracciones externas. La integraci\u00f3n tras el viaje es esencial. Llevar un diario, descansar y reflexionar pueden ayudar a absorber y asentar los conocimientos recibidos de este poderoso cactus.<\/p>\n<h2 class=\"\" data-start=\"3913\" data-end=\"3954\">Ingredientes de Cutting Bridgesii<\/h2>\n<p class=\"\" data-start=\"3956\" data-end=\"4436\">El principal compuesto activo de la <em data-start=\"3991\" data-end=\"4017\">Cortar el cactus Bridgesii<\/em> es <strong data-start=\"4021\" data-end=\"4034\">mescalina<\/strong>La mescalina es un alcaloide psicod\u00e9lico natural utilizado en rituales sagrados desde hace miles de a\u00f1os. La mescalina afecta a los receptores de serotonina del cerebro, altera la percepci\u00f3n, potencia las emociones y abre v\u00edas a la conciencia espiritual. Este cactus suele contener una alta concentraci\u00f3n de mescalina en comparaci\u00f3n con otras especies de Trichocereus, lo que lo hace especialmente codiciado para trabajos ceremoniales.<\/p>\n<p class=\"\" data-start=\"4438\" data-end=\"5111\">Otros alcaloides como la anhalonidina y la tiramina tambi\u00e9n pueden estar presentes en cantidades menores, contribuyendo al perfil energ\u00e9tico global. En t\u00e9rminos f\u00edsicos, la <em data-start=\"4598\" data-end=\"4624\">Cortar el cactus Bridgesii<\/em> se compone de tejido vegetal fibroso con alto contenido en agua, lo que le permite sobrevivir en entornos \u00e1ridos. Su piel acanalada y cerosa ayuda a conservar la humedad, mientras que su n\u00facleo rico en alcaloides produce sus efectos espirituales y curativos cuando se prepara adecuadamente. A diferencia de los cactus ornamentales, esta planta se considera un instrumento sagrado. El <em data-start=\"4943\" data-end=\"4969\">Cortar el cactus Bridgesii<\/em> no es s\u00f3lo una planta: es un potente aliado para quienes buscan el crecimiento personal, la verdad espiritual y la expansi\u00f3n de la conciencia por medios naturales.<\/p>\n<p class=\"\" data-start=\"5118\" data-end=\"5619\"><strong data-start=\"5118\" data-end=\"5130\">Advertencia:<\/strong><br data-start=\"5130\" data-end=\"5133\" \/>Visite <strong data-start=\"5136\" data-end=\"5143\">no<\/strong> consumir el <em data-start=\"5156\" data-end=\"5182\">Cortar el cactus Bridgesii<\/em> si est\u00e1 embarazada, en per\u00edodo de lactancia, es menor de 18 a\u00f1os o padece problemas de salud mental, cardiopat\u00edas o hipertensi\u00f3n o hipotensi\u00f3n. Evite combinarla con alcohol, medicamentos con receta u otras sustancias psicoactivas. Cons\u00famelo s\u00f3lo en un entorno seguro y tranquilo, con la presencia de una persona sobria. No conduzca ni maneje maquinaria bajo sus efectos. Respete las <em data-start=\"5543\" data-end=\"5569\">Cortar el cactus Bridgesii<\/em> como medicina sagrada, no como sustancia recreativa.<\/p>","protected":false},"excerpt":{"rendered":"<p>El cactus Bridgesii cortante es una planta maestra sagrada y potente, venerada desde hace mucho tiempo por sus profundos conocimientos espirituales y sus profundas propiedades curativas. Tradicionalmente utilizado en rituales cham\u00e1nicos y en el trabajo interior, ofrece un poderoso camino hacia el autodescubrimiento, la limpieza energ\u00e9tica y la elevaci\u00f3n de la conciencia.<\/p>","protected":false},"featured_media":129633,"template":"","meta":[],"product_brand":[],"product_cat":[536,297,476],"product_tag":[],"class_list":{"0":"post-129631","1":"product","2":"type-product","3":"status-publish","4":"has-post-thumbnail","6":"product_cat-mescaline-cacti","7":"product_cat-all-products","8":"product_cat-smartshop","9":"product_shipping_class-creditcard-off","11":"first","12":"instock","13":"taxable","14":"shipping-taxable","15":"purchasable","16":"product-type-variable","17":"has-default-attributes"},"_links":{"self":[{"href":"https:\/\/www.tatanka.nl\/es\/wp-json\/wp\/v2\/product\/129631","targetHints":{"allow":["GET"]}}],"collection":[{"href":"https:\/\/www.tatanka.nl\/es\/wp-json\/wp\/v2\/product"}],"about":[{"href":"https:\/\/www.tatanka.nl\/es\/wp-json\/wp\/v2\/types\/product"}],"wp:featuredmedia":[{"embeddable":true,"href":"https:\/\/www.tatanka.nl\/es\/wp-json\/wp\/v2\/media\/129633"}],"wp:attachment":[{"href":"https:\/\/www.tatanka.nl\/es\/wp-json\/wp\/v2\/media?parent=129631"}],"wp:term":[{"taxonomy":"product_brand","embeddable":true,"href":"https:\/\/www.tatanka.nl\/es\/wp-json\/wp\/v2\/product_brand?post=129631"},{"taxonomy":"product_cat","embeddable":true,"href":"https:\/\/www.tatanka.nl\/es\/wp-json\/wp\/v2\/product_cat?post=129631"},{"taxonomy":"product_tag","embeddable":true,"href":"https:\/\/www.tatanka.nl\/es\/wp-json\/wp\/v2\/product_tag?post=129631"}],"curies":[{"name":"wp","href":"https:\/\/api.w.org\/{rel}","templated":true}]}}