{"id":129635,"date":"2025-05-09T08:51:27","date_gmt":"2025-05-09T07:51:27","guid":{"rendered":"https:\/\/www.tatanka.nl\/?post_type=product&#038;p=129635"},"modified":"2025-10-16T07:58:41","modified_gmt":"2025-10-16T06:58:41","slug":"san-pedro-cutting-pachanoi","status":"publish","type":"product","link":"https:\/\/www.tatanka.nl\/es\/san-pedro-cutting-pachanoi\/","title":{"rendered":"San Pedro corte Pachanoi"},"content":{"rendered":"<h2 class=\"\" data-start=\"524\" data-end=\"559\">\u00bfQu\u00e9 son los cactus Cutting Pachanoi?<\/h2>\n<p class=\"\" data-start=\"561\" data-end=\"1030\">En <em data-start=\"565\" data-end=\"590\">Corte del cactus Pachanoi<\/em>com\u00fanmente conocido como <strong data-start=\"616\" data-end=\"629\">San Pedro<\/strong>es un cactus columnar de crecimiento r\u00e1pido originario de los Andes de Per\u00fa, Ecuador y Bolivia. Pertenece a la familia de las <em data-start=\"749\" data-end=\"761\">Echinopsis<\/em> (anteriormente <em data-start=\"772\" data-end=\"786\">Trichocereus<\/em>) y es conocido por su piel lisa y verde, sus pocas espinas y su potencia espiritual. Este cactus contiene mescalina, un compuesto psicod\u00e9lico natural que se utiliza desde hace miles de a\u00f1os en la medicina tradicional andina y en ceremonias religiosas.<\/p>\n<p class=\"\" data-start=\"1032\" data-end=\"1588\">Como corte, el <em data-start=\"1050\" data-end=\"1075\">Corte del cactus Pachanoi<\/em> puede propagarse o consumirse con fines ceremoniales. Conocida por sus efectos suaves pero transformadores, promueve un estado de armon\u00eda, compasi\u00f3n y profunda conexi\u00f3n con uno mismo y con el universo. A diferencia de muchas otras plantas ente\u00f3genas, la experiencia que proporciona suele describirse como emocionalmente enriquecedora y espiritualmente expansiva. Ya se utilice en un ritual sagrado o como parte de un viaje de sanaci\u00f3n personal, la <em data-start=\"1497\" data-end=\"1522\">Corte del cactus Pachanoi<\/em> es una gu\u00eda de confianza hacia el conocimiento personal y la alineaci\u00f3n con el alma.<\/p>\n<h2 class=\"\" data-start=\"1595\" data-end=\"1631\">Historia del corte de Pachanoi<\/h2>\n<p class=\"\" data-start=\"1633\" data-end=\"2018\">En <em data-start=\"1637\" data-end=\"1662\">Corte del cactus Pachanoi<\/em> tiene una larga y sagrada historia en la cultura andina, que se remonta a m\u00e1s de 3.000 a\u00f1os. Las pruebas arqueol\u00f3gicas demuestran que los pueblos ind\u00edgenas de Per\u00fa y Bolivia lo utilizaban en ceremonias precolombinas. El cactus aparece a menudo en tallas antiguas, cer\u00e1mica y arte de templos, simbolizando el poder divino, la curaci\u00f3n y la comunicaci\u00f3n con el mundo de los esp\u00edritus.<\/p>\n<p class=\"\" data-start=\"2020\" data-end=\"2778\">Su nombre tradicional, San Pedro, se adopt\u00f3 durante la conquista espa\u00f1ola, en referencia a San Pedro, poseedor de las llaves del cielo. Esto refleja su capacidad para abrir las puertas de la visi\u00f3n espiritual y la conciencia superior. Los chamanes y curanderos utilizaban <em data-start=\"2279\" data-end=\"2304\">Corte del cactus Pachanoi<\/em> en ceremonias nocturnas, preparando un brebaje que permit\u00eda a los participantes afrontar el dolor interior, liberar bloqueos emocionales y conectar con la sabidur\u00eda ancestral. En la actualidad, sigue siendo una piedra angular de la pr\u00e1ctica espiritual para muchos, valorada por su combinaci\u00f3n \u00fanica de energ\u00eda suave y profundo poder visionario. El cactus sigue tendiendo puentes entre la sabidur\u00eda ancestral y los buscadores modernos, invitando a cada usuario a adentrarse en un viaje sagrado de autodescubrimiento y renovaci\u00f3n energ\u00e9tica.<\/p>\n<h2 class=\"\" data-start=\"2785\" data-end=\"2821\">C\u00f3mo utilizar Cutting Pachanoi<\/h2>\n<p class=\"\" data-start=\"2823\" data-end=\"3243\">En <em data-start=\"2827\" data-end=\"2852\">Corte del cactus Pachanoi<\/em> se consume sobre todo en forma l\u00edquida como infusi\u00f3n tradicional. Para prepararlo, se retiran cuidadosamente la piel exterior y las espinas. La pulpa interior se corta en trozos y se cuece a fuego lento en agua durante varias horas. El t\u00e9 resultante es espeso, amargo y suele tomarse en peque\u00f1as dosis. Este preparado tambi\u00e9n puede reducirse a una forma m\u00e1s concentrada o secarse en resina para almacenarlo.<\/p>\n<p class=\"\" data-start=\"3245\" data-end=\"4010\">Los efectos suelen comenzar una o dos horas despu\u00e9s de la ingesta y alcanzan su punto \u00e1lgido entre las 3 y las 6 horas, con una duraci\u00f3n total de 12 a 15 horas. Muchos informan de sensaciones de mayor empat\u00eda, paz interior, estimulaci\u00f3n visual y profunda introspecci\u00f3n. En <em data-start=\"3489\" data-end=\"3514\">Corte del cactus Pachanoi<\/em> se utiliza mejor en un entorno tranquilo e intencionado, idealmente en la naturaleza o en un espacio sagrado, con la presencia de una persona sobria y de confianza. Dado que el viaje puede ser emocionalmente intenso, es esencial realizar pr\u00e1cticas de conexi\u00f3n a tierra antes y despu\u00e9s de su uso. Se recomienda ayunar de 6 a 12 horas antes para reducir las n\u00e1useas y mejorar la experiencia en general. Utilizada con reverencia y determinaci\u00f3n, la <em data-start=\"3883\" data-end=\"3908\">Corte del cactus Pachanoi<\/em> se convierte en algo m\u00e1s que una sustancia: se convierte en un maestro que gu\u00eda al alma hacia la curaci\u00f3n y la comprensi\u00f3n.<\/p>\n<h2 class=\"\" data-start=\"4017\" data-end=\"4057\">Ingredientes para cortar Pachanoi<\/h2>\n<p class=\"\" data-start=\"4059\" data-end=\"4642\">El compuesto activo m\u00e1s importante de la <em data-start=\"4103\" data-end=\"4128\">Corte del cactus Pachanoi<\/em> es <strong data-start=\"4132\" data-end=\"4145\">mescalina<\/strong>un psicod\u00e9lico natural que interact\u00faa con los receptores de serotonina del cerebro. La mescalina es responsable de los efectos visionarios y emocionales del cactus, que incluyen una mayor percepci\u00f3n, la elevaci\u00f3n del estado de \u00e1nimo y una profunda reflexi\u00f3n espiritual. El sitio <em data-start=\"4395\" data-end=\"4420\">Corte del cactus Pachanoi<\/em> se sabe que contiene niveles m\u00e1s bajos de mescalina en comparaci\u00f3n con sus parientes como la <em data-start=\"4498\" data-end=\"4509\">Bridgesii<\/em>pero sigue siendo lo suficientemente potente como para facilitar experiencias internas profundas, sobre todo cuando se consume en dosis mayores o concentradas.<\/p>\n<p class=\"\" data-start=\"4644\" data-end=\"5224\">Otros alcaloides como la anhalonidina, la tiramina y la hordenina est\u00e1n presentes en cantidades menores, contribuyendo a la firma energ\u00e9tica global de la planta. En cuanto a su estructura f\u00edsica, el cactus se compone de tejido vegetal rico en agua, carne fibrosa y piel exterior protectora. Su r\u00e1pido crecimiento y su relativamente bajo n\u00famero de espinas lo convierten en uno de los cactus m\u00e1s accesibles tanto para el cultivo como para el uso ceremonial. El <em data-start=\"5050\" data-end=\"5075\">Corte del cactus Pachanoi<\/em> ofrece un equilibrio armonioso entre potencia qu\u00edmica y presencia espiritual, lo que la convierte en un elemento b\u00e1sico en el trabajo con plantas sagradas y en los viajes de sanaci\u00f3n emocional.<\/p>\n<p class=\"\" data-start=\"5231\" data-end=\"5747\"><strong data-start=\"5231\" data-end=\"5243\">Advertencia:<\/strong><br data-start=\"5243\" data-end=\"5246\" \/>Visite <strong data-start=\"5249\" data-end=\"5256\">no<\/strong> utilizar el <em data-start=\"5265\" data-end=\"5290\">Corte del cactus Pachanoi<\/em> si est\u00e1 embarazada, en per\u00edodo de lactancia, es menor de 18 a\u00f1os o padece alguna enfermedad como cardiopat\u00edas, hipertensi\u00f3n o hipotensi\u00f3n, o trastornos mentales. No combinar con alcohol, medicamentos u otras sustancias. Cons\u00famala siempre en un entorno seguro y tranquilo, con un acompa\u00f1ante sobrio presente. No conduzca nunca veh\u00edculos o maquinaria bajo sus efectos. Esta planta debe ser abordada con respeto e intenci\u00f3n - no es recreativa sino ceremonial por naturaleza.<\/p>","protected":false},"excerpt":{"rendered":"<p>El cactus Pachanoi Cortante, tambi\u00e9n conocido como San Pedro, es un venerado aliado vegetal conocido por sus cualidades curativas y de apertura del coraz\u00f3n. Utilizado en rituales sagrados durante siglos, este cactus ofrece un poderoso camino hacia la paz interior, la claridad emocional y el despertar espiritual.<\/p>","protected":false},"featured_media":129636,"template":"","meta":[],"product_brand":[],"product_cat":[536,297,476],"product_tag":[],"class_list":{"0":"post-129635","1":"product","2":"type-product","3":"status-publish","4":"has-post-thumbnail","6":"product_cat-mescaline-cacti","7":"product_cat-all-products","8":"product_cat-smartshop","9":"product_shipping_class-creditcard-off","11":"first","12":"instock","13":"taxable","14":"shipping-taxable","15":"purchasable","16":"product-type-variable","17":"has-default-attributes"},"_links":{"self":[{"href":"https:\/\/www.tatanka.nl\/es\/wp-json\/wp\/v2\/product\/129635","targetHints":{"allow":["GET"]}}],"collection":[{"href":"https:\/\/www.tatanka.nl\/es\/wp-json\/wp\/v2\/product"}],"about":[{"href":"https:\/\/www.tatanka.nl\/es\/wp-json\/wp\/v2\/types\/product"}],"wp:featuredmedia":[{"embeddable":true,"href":"https:\/\/www.tatanka.nl\/es\/wp-json\/wp\/v2\/media\/129636"}],"wp:attachment":[{"href":"https:\/\/www.tatanka.nl\/es\/wp-json\/wp\/v2\/media?parent=129635"}],"wp:term":[{"taxonomy":"product_brand","embeddable":true,"href":"https:\/\/www.tatanka.nl\/es\/wp-json\/wp\/v2\/product_brand?post=129635"},{"taxonomy":"product_cat","embeddable":true,"href":"https:\/\/www.tatanka.nl\/es\/wp-json\/wp\/v2\/product_cat?post=129635"},{"taxonomy":"product_tag","embeddable":true,"href":"https:\/\/www.tatanka.nl\/es\/wp-json\/wp\/v2\/product_tag?post=129635"}],"curies":[{"name":"wp","href":"https:\/\/api.w.org\/{rel}","templated":true}]}}