{"id":129639,"date":"2025-05-09T09:00:19","date_gmt":"2025-05-09T08:00:19","guid":{"rendered":"https:\/\/www.tatanka.nl\/?post_type=product&#038;p=129639"},"modified":"2025-10-16T07:58:41","modified_gmt":"2025-10-16T06:58:41","slug":"san-pedro-cutting-peruvianus-25-29-cm","status":"publish","type":"product","link":"https:\/\/www.tatanka.nl\/es\/san-pedro-cutting-peruvianus-25-29-cm\/","title":{"rendered":"San Pedro Corte Peruvianus - 25 - 29 cm"},"content":{"rendered":"<h2 class=\"\" data-start=\"569\" data-end=\"606\">\u00bfQu\u00e9 son los cactus Cutting Peruvianus?<\/h2>\n<p class=\"\" data-start=\"608\" data-end=\"1033\">En <em data-start=\"612\" data-end=\"639\">Corte de cactus Peruvianus<\/em>-tambi\u00e9n llamado <strong data-start=\"652\" data-end=\"676\">Echinopsis peruviana<\/strong> o <strong data-start=\"680\" data-end=\"698\">Antorcha peruana<\/strong>-es un cactus columnar de r\u00e1pido crecimiento que crece en las tierras altas de Per\u00fa. Conocido por su piel verde azulada y sus pronunciadas costillas, este cactus es especialmente codiciado por su alta concentraci\u00f3n de mescalina, un compuesto psicod\u00e9lico natural. Como esqueje, puede propagarse hasta convertirse en una planta completa o prepararse para uso ceremonial.<\/p>\n<p class=\"\" data-start=\"1035\" data-end=\"1556\">En <em data-start=\"1039\" data-end=\"1066\">Corte de cactus Peruvianus<\/em> se utiliza en pr\u00e1cticas espirituales por su poderosa capacidad para facilitar la visi\u00f3n interior, la sanaci\u00f3n emocional y la conexi\u00f3n profunda con la naturaleza y el universo. La experiencia que ofrece se describe a menudo como intensamente introspectiva, con efectos que pueden ser a la vez enraizantes e iluminadores. Tanto si se utiliza para una ceremonia cham\u00e1nica como para la exploraci\u00f3n personal, la <em data-start=\"1416\" data-end=\"1443\">Corte de cactus Peruvianus<\/em> es una venerada maestra de las plantas que ofrece orientaci\u00f3n a quienes buscan claridad, equilibrio y una mayor conciencia.<\/p>\n<h2 class=\"\" data-start=\"1563\" data-end=\"1601\">Historia del Cutting Peruvianus<\/h2>\n<p class=\"\" data-start=\"1603\" data-end=\"2108\">En <em data-start=\"1607\" data-end=\"1634\">Corte de cactus Peruvianus<\/em> tiene profundas ra\u00edces en la historia cultural y espiritual de Per\u00fa, donde se ha utilizado durante miles de a\u00f1os en contextos ceremoniales y curativos. Los pueblos ind\u00edgenas de los Andes consideran sagrado este cactus, creyendo que es un puente entre el mundo f\u00edsico y el espiritual. La evidencia arqueol\u00f3gica -incluidas tallas de templos y artefactos rituales- demuestra que los cactus ricos en mescalina como \u00e9ste desempe\u00f1aban un papel central en los ritos religiosos, a menudo guiados por chamanes o curanderos.<\/p>\n<p class=\"\" data-start=\"2110\" data-end=\"2655\">A diferencia del cactus San Pedro, que est\u00e1 m\u00e1s extendido, el <em data-start=\"2169\" data-end=\"2196\">Corte de cactus Peruvianus<\/em> es conocido por su aparici\u00f3n m\u00e1s r\u00e1pida y sus efectos visualmente m\u00e1s intensos. Se ha utilizado durante mucho tiempo para limpiar bloqueos energ\u00e9ticos, revelar verdades ocultas y despertar la sabidur\u00eda interior. En la actualidad, sigue siendo una opci\u00f3n popular entre quienes buscan un camino natural y vegetal hacia la comprensi\u00f3n espiritual. Con su combinaci\u00f3n de rica historia cultural y potentes propiedades psicoactivas, la <em data-start=\"2564\" data-end=\"2591\">Corte de cactus Peruvianus<\/em> ofrece una experiencia ceremonial profundamente arraigada en la sabidur\u00eda ancestral.<\/p>\n<h2 class=\"\" data-start=\"2662\" data-end=\"2700\">C\u00f3mo utilizar Cutting Peruvianus<\/h2>\n<p class=\"\" data-start=\"2702\" data-end=\"3113\">En <em data-start=\"2706\" data-end=\"2733\">Corte de cactus Peruvianus<\/em> se prepara sobre todo como t\u00e9 ceremonial. Para empezar, se quitan las espinas y la piel exterior oscura, y se corta la pulpa interior en trozos manejables. Se cuecen durante varias horas en agua hasta obtener una infusi\u00f3n espesa y amarga. Este t\u00e9 se suele consumir lentamente en un entorno tranquilo e intencionado, a solas o bajo la gu\u00eda de un acompa\u00f1ante o facilitador espiritual.<\/p>\n<p class=\"\" data-start=\"3115\" data-end=\"3806\">Con el est\u00f3mago vac\u00edo, los efectos suelen comenzar en una o dos horas y aumentan progresivamente hasta alcanzar su punto m\u00e1ximo entre las 4 y las 6 horas. El viaje puede durar entre 12 y 15 horas. Los efectos m\u00e1s comunes son una profunda liberaci\u00f3n emocional, fen\u00f3menos visuales, una fuerte conexi\u00f3n con la naturaleza y una mayor sensaci\u00f3n de amor y unidad universales. En <em data-start=\"3436\" data-end=\"3463\">Corte de cactus Peruvianus<\/em> puede evocar visiones y sentimientos poderosos, por lo que es crucial crear un entorno seguro y con los pies en la tierra y tener preparadas pr\u00e1cticas de integraci\u00f3n para despu\u00e9s de la experiencia. Ayunar antes de consumirla ayuda a reducir las n\u00e1useas y a profundizar el efecto. Cuando se aborda con reverencia, este cactus se convierte no s\u00f3lo en una sustancia psicod\u00e9lica, sino en una puerta sagrada hacia el interior de uno mismo.<\/p>\n<h2 class=\"\" data-start=\"3813\" data-end=\"3855\">Ingredientes de Cutting Peruvianus<\/h2>\n<p class=\"\" data-start=\"3857\" data-end=\"4218\">El ingrediente m\u00e1s activo e importante del <em data-start=\"3905\" data-end=\"3932\">Corte de cactus Peruvianus<\/em> es <strong data-start=\"3936\" data-end=\"3949\">mescalina<\/strong>un alcaloide natural que se ha utilizado con fines espirituales en todas las culturas ind\u00edgenas. La mescalina estimula los receptores de serotonina del cerebro, provocando cambios en la percepci\u00f3n, la emoci\u00f3n y el pensamiento que favorecen la introspecci\u00f3n profunda y la exploraci\u00f3n espiritual.<\/p>\n<p class=\"\" data-start=\"4220\" data-end=\"4934\">En <em data-start=\"4224\" data-end=\"4251\">Corte de cactus Peruvianus<\/em> tambi\u00e9n puede contener otros alcaloides como la anhalonidina y la hordenina, que contribuyen a su perfil energ\u00e9tico y fisiol\u00f3gico general. F\u00edsicamente, se compone de tejido fibroso denso en agua, piel gruesa y espinas protectoras. Su tonalidad azulada y su estructura grande y estriada son visualmente distintivas. Su potencia puede variar en funci\u00f3n de los factores ambientales, la edad y los cuidados, pero se considera una de las especies m\u00e1s potentes de su g\u00e9nero. Cuando se prepara adecuadamente, la <em data-start=\"4722\" data-end=\"4749\">Corte de cactus Peruvianus<\/em> ofrece un viaje espiritual de inmersi\u00f3n profunda que combina la qu\u00edmica con la sabidur\u00eda ancestral. Es una herramienta sagrada y una expresi\u00f3n viva de la inteligencia curativa de la naturaleza.<\/p>\n<p class=\"\" data-start=\"4941\" data-end=\"5474\"><strong data-start=\"4941\" data-end=\"4953\">Advertencia:<\/strong><br data-start=\"4953\" data-end=\"4956\" \/>Visite <strong data-start=\"4959\" data-end=\"4966\">no<\/strong> consumir el <em data-start=\"4979\" data-end=\"5006\">Corte de cactus Peruvianus<\/em> si est\u00e1 embarazada, en per\u00edodo de lactancia, es menor de 18 a\u00f1os o padece enfermedades como cardiopat\u00edas, problemas de tensi\u00f3n arterial o trastornos psiqui\u00e1tricos. Nunca lo mezcles con alcohol, medicamentos con receta u otras drogas. Cons\u00famela s\u00f3lo en un entorno seguro y tranquilo con una persona de confianza y sobria. No conduzcas ni corras ning\u00fan riesgo f\u00edsico durante la experiencia. Trate el <em data-start=\"5384\" data-end=\"5411\">Corte de cactus Peruvianus<\/em> como medicina sagrada, no como sustancia recreativa.<\/p>","protected":false},"excerpt":{"rendered":"<p>El cactus Cutting Peruvianus, una planta sagrada originaria de los Andes, es c\u00e9lebre por su profunda resonancia espiritual y sus poderes curativos naturales. Conocido por abrir el coraz\u00f3n y expandir la conciencia, sirve como una poderosa gu\u00eda en viajes de transformaci\u00f3n interior y renovaci\u00f3n energ\u00e9tica.<\/p>","protected":false},"featured_media":129641,"template":"","meta":[],"product_brand":[],"product_cat":[536,297,476],"product_tag":[],"class_list":{"0":"post-129639","1":"product","2":"type-product","3":"status-publish","4":"has-post-thumbnail","6":"product_cat-mescaline-cacti","7":"product_cat-all-products","8":"product_cat-smartshop","9":"product_shipping_class-creditcard-off","11":"first","12":"instock","13":"taxable","14":"shipping-taxable","15":"purchasable","16":"product-type-variable","17":"has-default-attributes"},"_links":{"self":[{"href":"https:\/\/www.tatanka.nl\/es\/wp-json\/wp\/v2\/product\/129639","targetHints":{"allow":["GET"]}}],"collection":[{"href":"https:\/\/www.tatanka.nl\/es\/wp-json\/wp\/v2\/product"}],"about":[{"href":"https:\/\/www.tatanka.nl\/es\/wp-json\/wp\/v2\/types\/product"}],"wp:featuredmedia":[{"embeddable":true,"href":"https:\/\/www.tatanka.nl\/es\/wp-json\/wp\/v2\/media\/129641"}],"wp:attachment":[{"href":"https:\/\/www.tatanka.nl\/es\/wp-json\/wp\/v2\/media?parent=129639"}],"wp:term":[{"taxonomy":"product_brand","embeddable":true,"href":"https:\/\/www.tatanka.nl\/es\/wp-json\/wp\/v2\/product_brand?post=129639"},{"taxonomy":"product_cat","embeddable":true,"href":"https:\/\/www.tatanka.nl\/es\/wp-json\/wp\/v2\/product_cat?post=129639"},{"taxonomy":"product_tag","embeddable":true,"href":"https:\/\/www.tatanka.nl\/es\/wp-json\/wp\/v2\/product_tag?post=129639"}],"curies":[{"name":"wp","href":"https:\/\/api.w.org\/{rel}","templated":true}]}}