{"id":129643,"date":"2025-05-09T09:04:53","date_gmt":"2025-05-09T08:04:53","guid":{"rendered":"https:\/\/www.tatanka.nl\/?post_type=product&#038;p=129643"},"modified":"2025-10-16T07:58:41","modified_gmt":"2025-10-16T06:58:41","slug":"cutting-macrogona-25-29-cm","status":"publish","type":"product","link":"https:\/\/www.tatanka.nl\/es\/cutting-macrogona-25-29-cm\/","title":{"rendered":"Macrogona de corte 25 - 29 cm"},"content":{"rendered":"<h2 class=\"\" data-start=\"559\" data-end=\"595\">\u00bfQu\u00e9 son los cactus Macrogona cortados?<\/h2>\n<p class=\"\" data-start=\"597\" data-end=\"1081\">En <em data-start=\"601\" data-end=\"627\">Corte de cactus Macrogona<\/em>tambi\u00e9n denominado <strong data-start=\"649\" data-end=\"673\">Echinopsis macrogona<\/strong>es un miembro menos conocido pero muy respetado de la familia Trichocereus. Es un cactus columnar de r\u00e1pido crecimiento, originario de las regiones andinas de Sudam\u00e9rica, que llama la atenci\u00f3n por su color verde azulado intenso y sus largas y afiladas espinas. Conocido por su alto contenido en mescalina, el <em data-start=\"950\" data-end=\"976\">Corte de cactus Macrogona<\/em> es a menudo solicitada por quienes buscan una experiencia de medicina vegetal profundamente introspectiva y que les abra el coraz\u00f3n.<\/p>\n<p class=\"\" data-start=\"1083\" data-end=\"1562\">Como esqueje, puede enraizarse para su cultivo o prepararse para uso ceremonial. Este cactus es c\u00e9lebre por inducir viajes psicod\u00e9licos potentes pero manejables, ayudando a los usuarios a conectar con su subconsciente, liberar heridas emocionales y acceder a una profunda sensaci\u00f3n de paz y claridad. Tanto para la exploraci\u00f3n espiritual como para la curaci\u00f3n personal, la <em data-start=\"1436\" data-end=\"1462\">Corte de cactus Macrogona<\/em> proporciona una experiencia enraizada y expansiva, profundamente arraigada en la tradici\u00f3n y la inteligencia natural.<\/p>\n<h2 class=\"\" data-start=\"1569\" data-end=\"1606\">Historia del corte de Macrogona<\/h2>\n<p class=\"\" data-start=\"1608\" data-end=\"2030\">En <em data-start=\"1612\" data-end=\"1638\">Corte de cactus Macrogona<\/em> forma parte desde hace mucho tiempo de la medicina tradicional y los rituales espirituales de los Andes. Aunque no es tan conocida como la San Pedro o la Bridgesii, comparte el mismo linaje cultural. Los chamanes ind\u00edgenas, o curanderos, utilizaban la <em data-start=\"1860\" data-end=\"1886\">Corte de cactus Macrogona<\/em> en ceremonias sagradas para conectar con el mundo de los esp\u00edritus, limpiar el cuerpo energ\u00e9tico y recibir visiones y orientaci\u00f3n de la inteligencia de la naturaleza.<\/p>\n<p class=\"\" data-start=\"2032\" data-end=\"2659\">Su uso se remonta a siglos atr\u00e1s, apareciendo en las tradiciones orales de las culturas peruana y boliviana, a menudo junto a cactus ente\u00f3genos m\u00e1s com\u00fanmente conocidos. La potencia y claridad \u00fanicas de este cactus le han valido un lugar respetado en los utensilios ceremoniales. A medida que ha ido creciendo el inter\u00e9s por la medicina vegetal en todo el mundo, la <em data-start=\"2341\" data-end=\"2367\">Corte de cactus Macrogona<\/em> ha ganado popularidad por su equilibrado perfil psicod\u00e9lico, lo suficientemente fuerte como para abrir puertas interiores, pero lo suficientemente suave como para apoyar la seguridad emocional durante el proceso. En la actualidad, sirve de puente entre las antiguas pr\u00e1cticas curativas y los buscadores modernos de la verdad, la curaci\u00f3n y el despertar espiritual.<\/p>\n<h2 class=\"\" data-start=\"2666\" data-end=\"2703\">C\u00f3mo utilizar Cutting Macrogona<\/h2>\n<p class=\"\" data-start=\"2705\" data-end=\"3105\">En <em data-start=\"2709\" data-end=\"2735\">Corte de cactus Macrogona<\/em> se consume tradicionalmente en forma de una espesa infusi\u00f3n ceremonial. Para prepararla, se retiran la piel y las espinas y se trocea la carne del cactus. Estos trozos se cuecen a fuego lento en agua durante varias horas para extraer los compuestos activos, sobre todo la mescalina. El l\u00edquido resultante suele ser oscuro y amargo, y se consume en un ambiente tranquilo y sagrado.<\/p>\n<p class=\"\" data-start=\"3107\" data-end=\"3862\">Los efectos suelen comenzar una o dos horas despu\u00e9s de la ingesta y alcanzan su punto \u00e1lgido entre las 3 y las 6 horas. El viaje completo puede durar entre 10 y 14 horas. Los consumidores suelen declarar im\u00e1genes visuales, mayor percepci\u00f3n emocional, profunda claridad mental y una sensaci\u00f3n de unidad con la vida. Dado que la <em data-start=\"3383\" data-end=\"3409\">Corte de cactus Macrogona<\/em> conlleva un fuerte perfil psicoactivo, es esencial abordar su uso con respeto y preparaci\u00f3n. Se suele ayunar antes para reducir las n\u00e1useas y aumentar la receptividad. Se recomienda encarecidamente contar con la ayuda de un gu\u00eda de confianza. El cactus s\u00f3lo debe utilizarse cuando uno se sienta mental y f\u00edsicamente preparado. Cuando se utiliza con la intenci\u00f3n adecuada, el <em data-start=\"3762\" data-end=\"3788\">Corte de cactus Macrogona<\/em> se convierte en algo m\u00e1s que una planta: se convierte en un maestro y un espejo para el alma.<\/p>\n<h2 class=\"\" data-start=\"3869\" data-end=\"3910\">Ingredientes del corte Macrogona<\/h2>\n<p class=\"\" data-start=\"3912\" data-end=\"4304\">El principal componente psicoactivo de la <em data-start=\"3954\" data-end=\"3980\">Corte de cactus Macrogona<\/em> es <strong data-start=\"3984\" data-end=\"3997\">mescalina<\/strong>un conocido alcaloide enteog\u00e9nico. La mescalina se une a los receptores de serotonina del cerebro, facilitando profundos cambios en la percepci\u00f3n, el estado de \u00e1nimo y la conciencia. Se ha utilizado durante milenios en contextos espirituales y terap\u00e9uticos por su capacidad para iluminar el subconsciente y catalizar la liberaci\u00f3n emocional.<\/p>\n<p class=\"\" data-start=\"4306\" data-end=\"4972\">Adem\u00e1s de la mescalina, la <em data-start=\"4336\" data-end=\"4362\">Corte de cactus Macrogona<\/em> contiene alcaloides menores como la anhalonidina y la tiramina, que contribuyen al perfil general del efecto. El cactus en s\u00ed est\u00e1 formado por tejido fibroso rico en agua envuelto en una piel lisa de color verde azulado con largas espinas. Su composici\u00f3n qu\u00edmica \u00fanica y su firma energ\u00e9tica lo convierten en una de las especies de Trichocereus m\u00e1s intensas. A diferencia de los cactus ornamentales, el <em data-start=\"4720\" data-end=\"4746\">Corte de cactus Macrogona<\/em> es una planta ceremonial, valorada por su capacidad para guiar a los usuarios a trav\u00e9s de viajes interiores transformadores. Cuando se respeta y se prepara adecuadamente, ofrece una experiencia directa del poder curativo de la naturaleza y de la antigua sabidur\u00eda espiritual.<\/p>\n<p class=\"\" data-start=\"4979\" data-end=\"5515\"><strong data-start=\"4979\" data-end=\"4991\">Advertencia:<\/strong><br data-start=\"4991\" data-end=\"4994\" \/>Visite <strong data-start=\"4997\" data-end=\"5004\">no<\/strong> utilizar el <em data-start=\"5013\" data-end=\"5039\">Corte de cactus Macrogona<\/em> si est\u00e1 embarazada, en per\u00edodo de lactancia, es menor de 18 a\u00f1os o padece enfermedades como cardiopat\u00edas, hipertensi\u00f3n o hipotensi\u00f3n, o trastornos psiqui\u00e1tricos. No combinar nunca con alcohol, medicamentos u otras sustancias psicoactivas. \u00dasalo s\u00f3lo en un entorno seguro, con una persona sobria y experimentada presente. No conduzca ni maneje maquinaria bajo sus efectos. Trate el <em data-start=\"5416\" data-end=\"5442\">Corte de cactus Macrogona<\/em> con profundo respeto-esto es medicina sagrada, no una sustancia recreativa.<\/p>","protected":false},"excerpt":{"rendered":"<p>El cactus Macrogona cortante es un aliado sagrado en la transformaci\u00f3n personal y espiritual. Conocido por su energ\u00eda enraizadora y su potencial visionario, este venerado cactus se ha utilizado en pr\u00e1cticas ceremoniales para despertar la sabidur\u00eda interior, disolver barreras emocionales y restaurar la armon\u00eda de la mente y el esp\u00edritu.<\/p>","protected":false},"featured_media":129645,"template":"","meta":[],"product_brand":[],"product_cat":[536,297,476],"product_tag":[],"class_list":{"0":"post-129643","1":"product","2":"type-product","3":"status-publish","4":"has-post-thumbnail","6":"product_cat-mescaline-cacti","7":"product_cat-all-products","8":"product_cat-smartshop","9":"product_shipping_class-creditcard-off","11":"first","12":"instock","13":"taxable","14":"shipping-taxable","15":"purchasable","16":"product-type-variable","17":"has-default-attributes"},"_links":{"self":[{"href":"https:\/\/www.tatanka.nl\/es\/wp-json\/wp\/v2\/product\/129643","targetHints":{"allow":["GET"]}}],"collection":[{"href":"https:\/\/www.tatanka.nl\/es\/wp-json\/wp\/v2\/product"}],"about":[{"href":"https:\/\/www.tatanka.nl\/es\/wp-json\/wp\/v2\/types\/product"}],"wp:featuredmedia":[{"embeddable":true,"href":"https:\/\/www.tatanka.nl\/es\/wp-json\/wp\/v2\/media\/129645"}],"wp:attachment":[{"href":"https:\/\/www.tatanka.nl\/es\/wp-json\/wp\/v2\/media?parent=129643"}],"wp:term":[{"taxonomy":"product_brand","embeddable":true,"href":"https:\/\/www.tatanka.nl\/es\/wp-json\/wp\/v2\/product_brand?post=129643"},{"taxonomy":"product_cat","embeddable":true,"href":"https:\/\/www.tatanka.nl\/es\/wp-json\/wp\/v2\/product_cat?post=129643"},{"taxonomy":"product_tag","embeddable":true,"href":"https:\/\/www.tatanka.nl\/es\/wp-json\/wp\/v2\/product_tag?post=129643"}],"curies":[{"name":"wp","href":"https:\/\/api.w.org\/{rel}","templated":true}]}}