{"id":131236,"date":"2025-07-21T08:26:04","date_gmt":"2025-07-21T07:26:04","guid":{"rendered":"https:\/\/www.tatanka.nl\/?post_type=product&#038;p=131236"},"modified":"2025-07-23T13:22:58","modified_gmt":"2025-07-23T12:22:58","slug":"kanna-blitz-speed","status":"publish","type":"product","link":"https:\/\/www.tatanka.nl\/es\/kanna-blitz-speed\/","title":{"rendered":"Kanna Blitz Speed"},"content":{"rendered":"<h2 dir=\"ltr\" data-pm-slice=\"1 1 []\">\u00bfQu\u00e9 es Kanna Blitz Speed?<\/h2>\n<p dir=\"ltr\">Kanna Blitz Speed es un suplemento de alta potencia que combina los beneficios naturales del Sceletium tortuosum (kanna) con la taurina, la teobromina y la cafe\u00edna para un impulso de energ\u00eda sin precedentes. Derivado de una suculenta sudafricana, los alcaloides de la kanna, incluida la mesembrina, favorecen la elevaci\u00f3n del estado de \u00e1nimo y la claridad mental. La adici\u00f3n de cafe\u00edna amplifica el estado de alerta, mientras que la taurina contribuye a la resistencia y la teobromina mejora la concentraci\u00f3n sin nerviosismo. Esta f\u00f3rmula cuidadosamente equilibrada est\u00e1 dise\u00f1ada para personas que necesitan energ\u00eda sostenida para actividades exigentes como entrenamientos, maratones de trabajo o proyectos creativos. Kanna Blitz Speed destaca por su mezcla sin\u00e9rgica, que garantiza un efecto suave pero potente. A diferencia de los t\u00edpicos suplementos energ\u00e9ticos, evita los choques bruscos gracias a sus ingredientes naturales. Perfecto para quienes llevan un estilo de vida activo, ayuda a los usuarios a mantenerse despiertos, motivados y con energ\u00eda. La proporci\u00f3n optimizada de alcaloides garantiza un rendimiento constante, lo que hace que Kanna Blitz Speed sea la elecci\u00f3n perfecta para cualquiera que busque elevar sus niveles de energ\u00eda de forma natural y eficaz, ya sea para afrontar un d\u00eda ajetreado o para superar sus l\u00edmites f\u00edsicos.<\/p>\n<h2 dir=\"ltr\">Historia del Kanna Blitz Speed<\/h2>\n<p dir=\"ltr\">Las ra\u00edces de la Kanna Blitz Speed se encuentran en el uso tradicional de la kanna por parte de los pueblos ind\u00edgenas sudafricanos khoikhoi y san, que valoraban el Sceletium tortuosum por sus propiedades energizantes y de mejora del estado de \u00e1nimo. Hist\u00f3ricamente, la kanna se masticaba o se preparaba para aumentar la resistencia durante la caza o los rituales. La ciencia moderna se ha basado en este legado, aislando los alcaloides clave de la kanna, como la mesembrina, para crear potentes extractos. Kanna Blitz Speed va m\u00e1s all\u00e1 mezclando kanna con taurina, teobromina y cafe\u00edna, ingredientes conocidos por sus efectos energ\u00e9ticos. La taurina, que se encuentra de forma natural en el organismo, favorece el rendimiento f\u00edsico, mientras que la teobromina, derivada del cacao, promueve un estado de alerta sostenido. La cafe\u00edna, un estimulante de eficacia probada, complementa el est\u00edmulo natural del kanna. Esta innovadora combinaci\u00f3n refleja una fusi\u00f3n de sabidur\u00eda ancestral y ciencia nutricional contempor\u00e1nea, dise\u00f1ada para satisfacer las demandas de los estilos de vida modernos y acelerados. Kanna Blitz Speed ha ganado popularidad entre atletas, profesionales y creativos que buscan una alternativa natural a los potenciadores de energ\u00eda sint\u00e9ticos. Su desarrollo pone de relieve el compromiso de aprovechar las soluciones vegetales para proporcionar energ\u00eda limpia y fiable a quienes necesitan rendir al m\u00e1ximo.<\/p>\n<h2 dir=\"ltr\">Ingredientes del Kanna Blitz Speed<\/h2>\n<p dir=\"ltr\">Kanna Blitz Speed est\u00e1 elaborado con una potente mezcla de extracto de Sceletium tortuosum (kanna), taurina, teobromina y cafe\u00edna. El extracto de kanna, rico en mesembrina, favorece el estado de \u00e1nimo y la claridad cognitiva, formando el n\u00facleo de la f\u00f3rmula. La taurina, un amino\u00e1cido, mejora la resistencia f\u00edsica y reduce la fatiga, por lo que es ideal para usuarios activos. La teobromina, derivada del cacao, favorece una concentraci\u00f3n sostenida y una liberaci\u00f3n suave de energ\u00eda, complementando los efectos de la kanna. La cafe\u00edna, un conocido estimulante, aumenta el estado de alerta y amplifica las propiedades energizantes de la f\u00f3rmula. Esta mezcla sin\u00e9rgica no contiene aditivos artificiales, lo que garantiza un producto limpio y natural. La proporci\u00f3n de alcaloides est\u00e1 optimizada para una m\u00e1xima eficacia, proporcionando un impulso energ\u00e9tico equilibrado pero potente. Cada ingrediente es cuidadosamente obtenido y probado para cumplir con est\u00e1ndares de alta calidad, preservando los beneficios naturales de la kanna mientras se potencian sus efectos con compuestos complementarios. Esta combinaci\u00f3n hace Kanna Blitz Speed una opci\u00f3n \u00fanica para aquellos que buscan un suplemento natural, de alto rendimiento para apoyar tanto las demandas mentales y f\u00edsicas, ya sea para los entrenamientos, el trabajo o los esfuerzos creativos.<\/p>\n<p dir=\"ltr\"><strong>Advertencia<\/strong><br \/>\nKanna Blitz Speed es para uso exclusivo de adultos y no es adecuado para mujeres embarazadas o en per\u00edodo de lactancia. Consulte a un profesional de la salud antes de usar si usted tiene condiciones m\u00e9dicas, especialmente problemas relacionados con el coraz\u00f3n, o est\u00e1 tomando medicamentos como estimulantes o antidepresivos, ya que pueden producirse interacciones. Evite exceder la dosis recomendada para prevenir efectos secundarios como nerviosismo o insomnio. No combinar con alcohol u otros estimulantes. Mant\u00e9ngalo fuera del alcance de los ni\u00f1os y gu\u00e1rdelo en un lugar seguro.<\/p>","protected":false},"excerpt":{"rendered":"<p dir=\"ltr\" data-pm-slice=\"1 1 []\">Kanna Blitz Speed es una mezcla din\u00e1mica de kanna, taurina, teobromina y cafe\u00edna, dise\u00f1ada para proporcionar un potente impulso de energ\u00eda. Perfecto para los d\u00edas largos, entrenamientos intensos, o momentos que necesitan impulso adicional, esta f\u00f3rmula sin\u00e9rgica mejora la concentraci\u00f3n y la resistencia. Ideal para aquellos que buscan un suplemento natural de alta energ\u00eda para impulsar a trav\u00e9s de tareas exigentes.<\/p>","protected":false},"featured_media":131239,"template":"","meta":[],"product_brand":[],"product_cat":[476,297,508],"product_tag":[],"class_list":{"0":"post-131236","1":"product","2":"type-product","3":"status-publish","4":"has-post-thumbnail","6":"product_cat-smartshop","7":"product_cat-all-products","8":"product_cat-kanna","10":"first","11":"instock","12":"taxable","13":"shipping-taxable","14":"purchasable","15":"product-type-variable","16":"has-default-attributes"},"_links":{"self":[{"href":"https:\/\/www.tatanka.nl\/es\/wp-json\/wp\/v2\/product\/131236","targetHints":{"allow":["GET"]}}],"collection":[{"href":"https:\/\/www.tatanka.nl\/es\/wp-json\/wp\/v2\/product"}],"about":[{"href":"https:\/\/www.tatanka.nl\/es\/wp-json\/wp\/v2\/types\/product"}],"wp:featuredmedia":[{"embeddable":true,"href":"https:\/\/www.tatanka.nl\/es\/wp-json\/wp\/v2\/media\/131239"}],"wp:attachment":[{"href":"https:\/\/www.tatanka.nl\/es\/wp-json\/wp\/v2\/media?parent=131236"}],"wp:term":[{"taxonomy":"product_brand","embeddable":true,"href":"https:\/\/www.tatanka.nl\/es\/wp-json\/wp\/v2\/product_brand?post=131236"},{"taxonomy":"product_cat","embeddable":true,"href":"https:\/\/www.tatanka.nl\/es\/wp-json\/wp\/v2\/product_cat?post=131236"},{"taxonomy":"product_tag","embeddable":true,"href":"https:\/\/www.tatanka.nl\/es\/wp-json\/wp\/v2\/product_tag?post=131236"}],"curies":[{"name":"wp","href":"https:\/\/api.w.org\/{rel}","templated":true}]}}