{"id":138577,"date":"2026-03-25T15:51:11","date_gmt":"2026-03-25T14:51:11","guid":{"rendered":"https:\/\/www.tatanka.nl\/?post_type=product&#038;p=138577"},"modified":"2026-03-25T15:51:12","modified_gmt":"2026-03-25T14:51:12","slug":"salvia-divinorum-leaf","status":"publish","type":"product","link":"https:\/\/www.tatanka.nl\/es\/salvia-divinorum-leaf\/","title":{"rendered":"Salvia Divinorum Hoja"},"content":{"rendered":"<h2 dir=\"auto\">Qu\u00e9 es Indian Elements Salvia Divinorum Hoja<\/h2>\n<p dir=\"auto\">La Hoja Indian Elements Salvia Divinorum consiste en las hojas cuidadosamente secadas de la planta Salvia Divinorum, un miembro de la familia de la salvia nativa de los bosques nubosos de M\u00e9xico. Este extraordinario bot\u00e1nico es uno de los psicod\u00e9licos naturales m\u00e1s potentes que se conocen. Las hojas contienen salvinorina A, un compuesto \u00fanico que produce efectos distintos a los de cualquier otra planta visionaria. Los consumidores suelen referir intensos cambios visuales y perceptivos, una profunda sensaci\u00f3n de fusi\u00f3n con los objetos o el entorno, y una disoluci\u00f3n temporal del sentido ordinario del yo. Con una dosis recomendada de s\u00f3lo 1 gramo, la Hoja Indian Elements Salvia Divinorum est\u00e1 destinada a personas experimentadas que se acercan a esta hierba con respeto e intenci\u00f3n. El producto se ofrece en su forma m\u00e1s pura, sin procesar, para preservar toda la potencia tradicional que ha hecho legendaria a esta hoja entre las culturas cham\u00e1nicas.<\/p>\n<h2 dir=\"auto\">Historia de la hoja Indian Elements Salvia Divinorum<\/h2>\n<p dir=\"auto\">La historia de la Hoja Indian Elements Salvia Divinorum est\u00e1 profundamente arraigada en las tradiciones espirituales del pueblo mazateco de Oaxaca, M\u00e9xico. Durante cientos de a\u00f1os, los chamanes mazatecos han utilizado las hojas frescas en ceremonias nocturnas sagradas para comunicarse con el mundo de los esp\u00edritus, recibir orientaci\u00f3n y facilitar la curaci\u00f3n. Se refieren a la planta como Ska Maria Pastora, consider\u00e1ndola una maestra divina y un puente entre los reinos f\u00edsico y espiritual. Tradicionalmente, las hojas se masticaban o se preparaban en infusi\u00f3n durante elaborados rituales dirigidos por curanderos experimentados. El conocimiento de la hoja Salvia Divinorum permaneci\u00f3 en gran parte secreto dentro de estas comunidades ind\u00edgenas hasta mediados del siglo XX, cuando los etnobot\u00e1nicos occidentales empezaron a documentar sus notables propiedades. Indian Elements honra este antiguo linaje mediante el abastecimiento y la oferta de las hojas en su forma m\u00e1s aut\u00e9ntica y no adulterada, permitiendo a los buscadores modernos para conectar con el mismo esp\u00edritu de la planta de gran alcance que ha guiado a los curanderos y visionarios durante generaciones.<\/p>\n<h2 dir=\"auto\">C\u00f3mo utilizar Indian Elements Salvia Divinorum Hoja<\/h2>\n<p dir=\"auto\">El uso de la hoja Indian Elements Salvia Divinorum exige atenci\u00f3n, preparaci\u00f3n y un entorno seguro. Mida con exactitud 1 gramo de las hojas secas con una balanza precisa. Las hojas pueden prepararse como un t\u00e9 fuerte vertiendo agua hirviendo sobre ellas y dej\u00e1ndolas reposar de 10 a 15 minutos para garantizar la extracci\u00f3n completa de los compuestos activos. Beba la infusi\u00f3n lentamente mientras permanece sentado en una habitaci\u00f3n tranquila y oscura. Dado que los efectos pueden aparecer r\u00e1pidamente y llegar a ser extremadamente intensos, es muy recomendable contar con la presencia de una persona sobria y de confianza. Nunca combines esta hierba con otras sustancias psicoactivas, alcohol o medicamentos. La experiencia suele comenzar r\u00e1pidamente y durar relativamente poco, tras lo cual es esencial una integraci\u00f3n tranquila y el descanso. Aborda cada sesi\u00f3n con una intenci\u00f3n clara y respetando el poder de la planta. Debido a su potencia, se aconseja un uso responsable y poco frecuente para preservar la sensibilidad y garantizar viajes significativos.<\/p>\n<h2 dir=\"auto\">Ingredientes de la hoja Indian Elements Salvia Divinorum<\/h2>\n<p dir=\"auto\">Los ingredientes de Indian Elements Salvia Divinorum Hoja consisten \u00fanicamente en 100% pura Hoja Salvia Divinorum seca. No se utilizan rellenos, aditivos, extractos o agentes de procesamiento, lo que garantiza el m\u00e1s alto nivel de pureza y potencia tradicional. El principal compuesto activo es la salvinorina A, un potente diterpenoide que act\u00faa sobre los receptores kappa-opioides del cerebro, produciendo los caracter\u00edsticos efectos visionarios intensos asociados a esta planta. Estos efectos incluyen profundos cambios perceptivos, distorsi\u00f3n de la realidad y la caracter\u00edstica sensaci\u00f3n de convertirse en uno con los objetos o el entorno circundante. Las hojas tambi\u00e9n contienen otros compuestos naturales que contribuyen a la experiencia global. Al tratarse de un producto totalmente sin procesar y de un solo ingrediente, ofrece todo el espectro de las cualidades tradicionales de la planta, tal y como las han utilizado los curanderos ind\u00edgenas durante siglos. Indian Elements selecciona cuidadosamente cada lote para mantener una potencia y calidad constantes. Esta composici\u00f3n minimalista garantiza que cada porci\u00f3n de 1 gramo proporcione un aut\u00e9ntico encuentro con uno de los productos bot\u00e1nicos visionarios m\u00e1s notables de la naturaleza.<\/p>\n<p dir=\"auto\"><strong>Advertencia<\/strong> S\u00f3lo para adultos mayores de 18 a\u00f1os. Mant\u00e9ngase fuera del alcance de los ni\u00f1os. Este producto no est\u00e1 recomendado para personas con problemas renales o card\u00edacos, hipertensi\u00f3n o hipotensi\u00f3n, diabetes, o para quienes est\u00e9n tomando medicamentos, consumiendo alcohol o otras sustancias. Consulte a su m\u00e9dico antes de utilizarlo si est\u00e1 embarazada, en per\u00edodo de lactancia o padece alg\u00fan problema de salud. Indian Elements Salvia Divinorum La hoja es un suplemento diet\u00e9tico y no pretende diagnosticar, tratar, curar o prevenir ninguna enfermedad. No comprar ni utilizar si el precinto est\u00e1 roto. Almacenar en un lugar fresco, oscuro y seco para mantener la frescura y potencia \u00f3ptimas. Utilice siempre esta hierba con respeto y en un entorno seguro.<\/p>","protected":false},"excerpt":{"rendered":"<p dir=\"auto\">Descubre el extraordinario poder visionario de la Hoja Indian Elements Salvia Divinorum, un suplemento herbal puro y potente conocido por sus intensos efectos psicod\u00e9licos. Esta hoja sagrada de la familia de la salvia se ha utilizado durante siglos en pr\u00e1cticas cham\u00e1nicas tradicionales para inducir profundos estados alterados de conciencia, visiones v\u00edvidas y experiencias profundamente transformadoras. Cada paquete de 10 gramos ofrece una oportunidad \u00fanica para explorar los l\u00edmites de la percepci\u00f3n y la realidad de una forma tradicional y natural.<\/p>","protected":false},"featured_media":138580,"template":"","meta":[],"product_brand":[],"product_cat":[597,297,477,290,544,476,480],"product_tag":[],"class_list":{"0":"post-138577","1":"product","2":"type-product","3":"status-publish","4":"has-post-thumbnail","6":"product_cat-indian-elements","7":"product_cat-all-products","8":"product_cat-herbs","9":"product_cat-psychedelic-herbs","10":"product_cat-salvia-divinorum","11":"product_cat-smartshop","12":"product_cat-supplements","14":"first","15":"instock","16":"taxable","17":"shipping-taxable","18":"purchasable","19":"product-type-variable","20":"has-default-attributes"},"_links":{"self":[{"href":"https:\/\/www.tatanka.nl\/es\/wp-json\/wp\/v2\/product\/138577","targetHints":{"allow":["GET"]}}],"collection":[{"href":"https:\/\/www.tatanka.nl\/es\/wp-json\/wp\/v2\/product"}],"about":[{"href":"https:\/\/www.tatanka.nl\/es\/wp-json\/wp\/v2\/types\/product"}],"wp:featuredmedia":[{"embeddable":true,"href":"https:\/\/www.tatanka.nl\/es\/wp-json\/wp\/v2\/media\/138580"}],"wp:attachment":[{"href":"https:\/\/www.tatanka.nl\/es\/wp-json\/wp\/v2\/media?parent=138577"}],"wp:term":[{"taxonomy":"product_brand","embeddable":true,"href":"https:\/\/www.tatanka.nl\/es\/wp-json\/wp\/v2\/product_brand?post=138577"},{"taxonomy":"product_cat","embeddable":true,"href":"https:\/\/www.tatanka.nl\/es\/wp-json\/wp\/v2\/product_cat?post=138577"},{"taxonomy":"product_tag","embeddable":true,"href":"https:\/\/www.tatanka.nl\/es\/wp-json\/wp\/v2\/product_tag?post=138577"}],"curies":[{"name":"wp","href":"https:\/\/api.w.org\/{rel}","templated":true}]}}