{"id":138937,"date":"2026-04-07T13:31:52","date_gmt":"2026-04-07T12:31:52","guid":{"rendered":"https:\/\/www.tatanka.nl\/?post_type=product&#038;p=138937"},"modified":"2026-04-07T13:31:53","modified_gmt":"2026-04-07T12:31:53","slug":"trip-booster-cacao-shot","status":"publish","type":"product","link":"https:\/\/www.tatanka.nl\/es\/trip-booster-cacao-shot\/","title":{"rendered":"Trip Booster Cacao Shot"},"content":{"rendered":"<h3 dir=\"auto\">\u00bfQu\u00e9 son los chupitos de cacao Trip Booster?<\/h3>\n<p dir=\"auto\">Los chupitos de cacao Trip Booster ofrecen una forma natural y sabrosa de mejorar las experiencias psicod\u00e9licas con trufas. En una pr\u00e1ctica dosis de 30 ml, cada chupito aporta la profundidad rica y aterciopelada del cacao crudo que combina a la perfecci\u00f3n con las trufas m\u00e1gicas. Los compuestos inherentes al cacao puro estimulan de forma natural un mejor flujo sangu\u00edneo y un estado mental tranquilo y centrado. Los ligeros elementos inhibidores de la MAO del cacao tambi\u00e9n pueden actuar sutilmente para potenciar los efectos de la trufa de forma armoniosa.<\/p>\n<p dir=\"auto\">Los usuarios suelen notar c\u00f3mo el chupito convierte las notas terrosas y atrevidas de las trufas en una sensaci\u00f3n mucho m\u00e1s agradable al paladar, lo que se traduce en una sesi\u00f3n m\u00e1s suave y acogedora. Disfrutar del Trip Booster Cacao Shot justo antes o durante la experiencia ayuda a crear una atm\u00f3sfera m\u00e1s c\u00e1lida y arraigada que se siente nutritiva y accesible. Procedente del cacao ceremonial tradicional peruano, este producto traslada la sabidur\u00eda ancestral de las plantas a las pr\u00e1cticas conscientes de hoy en d\u00eda. No contiene aditivos artificiales, lo que lo convierte en una elecci\u00f3n limpia para aquellos que buscan una exploraci\u00f3n centrada en el coraz\u00f3n. El formato f\u00e1cil de beber se adapta sin esfuerzo a cualquier ritual personal, tanto si se exploran las trufas por primera vez como si se profundiza en una pr\u00e1ctica establecida. Muchos aprecian c\u00f3mo fomenta una mayor presencia, apertura emocional y un sentido de unidad durante los momentos de transformaci\u00f3n.<\/p>\n<h3 dir=\"auto\">Historia de Trip Booster Cacao Shot<\/h3>\n<p dir=\"auto\">El cacao ocupa un lugar muy importante en la historia espiritual de la humanidad, con pruebas de su uso ceremonial en antiguas culturas sudamericanas de hace 5.300 a\u00f1os. En las exuberantes regiones del actual Per\u00fa y Ecuador, las primeras comunidades ind\u00edgenas incorporaron el cacao a recipientes y rituales sagrados mucho antes de que se extendiera a otras civilizaciones. Conocido como un puente sagrado entre mundos, el cacao se celebraba por su capacidad para abrir el coraz\u00f3n, invitar a la claridad y fortalecer los lazos comunitarios durante las reuniones cham\u00e1nicas.<\/p>\n<p dir=\"auto\">Durante siglos, culturas vecinas como la olmeca, la maya y la azteca consideraron el cacao \u201cel alimento de los dioses\u201d, emple\u00e1ndolo en ofrendas divinas, ceremonias de curaci\u00f3n y transiciones vitales importantes. En Per\u00fa, grupos como los shipibos siguieron honrando al cacao por su papel en la curaci\u00f3n emocional y la expansi\u00f3n de la conciencia. Estas pr\u00e1cticas ancestrales a menudo implicaban mezclar el cacao con otras plantas aliadas para crear experiencias equilibradas y de apoyo. El Trip Booster Cacao Shot contin\u00faa este linaje atemporal utilizando aut\u00e9ntico cacao crudo peruano que respeta los m\u00e9todos originales de cultivo y preparaci\u00f3n. En nuestra era moderna, muchos combinan el cacao con trufas m\u00e1gicas para promover viajes a tierra llenos de conocimiento y conexi\u00f3n. Este chupito es un gui\u00f1o respetuoso a esas ra\u00edces ancestrales, a la vez que satisface las necesidades de los buscadores contempor\u00e1neos que valoran la intenci\u00f3n, la seguridad y la sinergia natural en sus exploraciones.<\/p>\n<h3 dir=\"auto\">C\u00f3mo utilizar Trip Booster Cacao Shot<\/h3>\n<p dir=\"auto\">Incorporar el Trip Booster Cacao Shot a tu rutina es f\u00e1cil y gratificante. Gu\u00e1rdalo siempre en el frigor\u00edfico y agita bien el frasco antes de usarlo para mezclar perfectamente los ingredientes. Consume la dosis completa de 30 ml poco antes de empezar tu sesi\u00f3n de trufa m\u00e1gica o t\u00f3mala poco a poco mientras se desarrolla la experiencia. Muchos consideran que tomarlo entre 15 y 30 minutos antes permite que las propiedades naturales preparen suavemente el cuerpo y la mente.<\/p>\n<p dir=\"auto\">Prepara un espacio tranquilo y seguro y empieza con una intenci\u00f3n clara que gu\u00ede tu viaje. El chupito de cacao Trip Booster crea un ambiente acogedor y reconfortante que favorece la relajaci\u00f3n y un flujo emocional m\u00e1s fluido. Su rico perfil ayuda a enmascarar los matices m\u00e1s \u00e1cidos y agudos de las trufas, convirtiendo la fase de masticaci\u00f3n en una parte m\u00e1s placentera del ritual, a la vez que favorece una mayor profundidad a trav\u00e9s de sutiles mecanismos naturales. Bebe con atenci\u00f3n, conc\u00e9ntrate en la respiraci\u00f3n y deja que el reconfortante sabor del cacao te facilite la sesi\u00f3n. Mant\u00e9n el agua cerca, reproduce sonidos suaves o m\u00fasica que resuene contigo y mu\u00e9vete a tu propio ritmo. Considera todo el proceso como un ritual sagrado y no como algo apresurado. Cuando los efectos empiecen a desaparecer, deja tiempo suficiente para descansar e integrarte suavemente, por ejemplo, reflexionando en silencio o escribiendo tus pensamientos. El uso constante y consciente convierte a Trip Booster Cacao Shot en un valioso aliado para el descubrimiento personal continuo y la vida consciente.<\/p>\n<h3 dir=\"auto\">Ingredientes de Trip Booster Cacao Shot<\/h3>\n<p dir=\"auto\">Elaborado con esmero, el Trip Booster Cacao Shot se basa en una selecci\u00f3n corta y pura de ingredientes que aportan tanto sabor como apoyo funcional. La base son 6000 mg de cacao ceremonial crudo de primera calidad cosechado en Per\u00fa, famoso por su intenso car\u00e1cter achocolatado y sus compuestos naturales. Estos incluyen elementos que estimulan suavemente la circulaci\u00f3n y leves inhibidores de la MAO capaces de amplificar sutilmente las sensaciones de la trufa de forma equilibrada.<\/p>\n<p dir=\"auto\">Para mejorar la bebibilidad, 600 mg de sirope de agave a\u00f1aden un suave dulzor natural y una sensaci\u00f3n sedosa en boca sin utilizar az\u00facares procesados. La mezcla tambi\u00e9n incluye 250 mg de vitamina C, apreciada por sus cualidades antioxidantes protectoras en momentos delicados, junto con 200 mg de \u00e1cido c\u00edtrico que ayuda a mantener el frescor y proporciona un ligero y refrescante impulso al sabor general. Sin aditivos artificiales, colorantes ni conservantes, esta receta se mantiene fiel a los valores tradicionales al tiempo que ofrece la comodidad moderna. El cacao peruano aporta una profundidad aut\u00e9ntica que recuerda a las preparaciones ceremoniales hist\u00f3ricas. Cada componente trabaja en conjunto para producir una toma armoniosa y potente que se siente bien para el sistema. Esta f\u00f3rmula enfocada atrae fuertemente a las personas que buscan ayudas limpias, honestas y eficaces para sus viajes ceremoniales y de bienestar.<\/p>\n<p dir=\"auto\"><strong>Advertencia<\/strong> Mantener refrigerado. Agitar bien antes de usar.<\/p>","protected":false},"excerpt":{"rendered":"<p dir=\"auto\">Eleva tus sesiones de trufas m\u00e1gicas con nuestro Trip Booster Cacao Shot, una deliciosa mezcla l\u00edquida de 30 ml elaborada con cacao crudo peruano de primera calidad. Suaviza los sabores de la trufa y favorece la relajaci\u00f3n y una conexi\u00f3n m\u00e1s profunda.<\/p>\n<h3 dir=\"auto\"><\/h3>","protected":false},"featured_media":138941,"template":"","meta":[],"product_brand":[],"product_cat":[620,297,577,475,516,521,523,518,515,476,578],"product_tag":[],"class_list":{"0":"post-138937","1":"product","2":"type-product","3":"status-publish","4":"has-post-thumbnail","6":"product_cat-shamanita","7":"product_cat-all-products","8":"product_cat-beginner-magic-truffles","9":"product_cat-healthshop","10":"product_cat-magic-truffles","11":"product_cat-medicinal-mushrooms","12":"product_cat-medicinal-mushrooms-supplements","13":"product_cat-mushrooms","14":"product_cat-shroomshop","15":"product_cat-smartshop","16":"product_cat-strongest-magic-truffles","18":"first","19":"instock","20":"taxable","21":"shipping-taxable","22":"purchasable","23":"product-type-variable","24":"has-default-attributes"},"_links":{"self":[{"href":"https:\/\/www.tatanka.nl\/es\/wp-json\/wp\/v2\/product\/138937","targetHints":{"allow":["GET"]}}],"collection":[{"href":"https:\/\/www.tatanka.nl\/es\/wp-json\/wp\/v2\/product"}],"about":[{"href":"https:\/\/www.tatanka.nl\/es\/wp-json\/wp\/v2\/types\/product"}],"wp:featuredmedia":[{"embeddable":true,"href":"https:\/\/www.tatanka.nl\/es\/wp-json\/wp\/v2\/media\/138941"}],"wp:attachment":[{"href":"https:\/\/www.tatanka.nl\/es\/wp-json\/wp\/v2\/media?parent=138937"}],"wp:term":[{"taxonomy":"product_brand","embeddable":true,"href":"https:\/\/www.tatanka.nl\/es\/wp-json\/wp\/v2\/product_brand?post=138937"},{"taxonomy":"product_cat","embeddable":true,"href":"https:\/\/www.tatanka.nl\/es\/wp-json\/wp\/v2\/product_cat?post=138937"},{"taxonomy":"product_tag","embeddable":true,"href":"https:\/\/www.tatanka.nl\/es\/wp-json\/wp\/v2\/product_tag?post=138937"}],"curies":[{"name":"wp","href":"https:\/\/api.w.org\/{rel}","templated":true}]}}