{"id":2024,"date":"2017-10-02T19:14:58","date_gmt":"2017-10-02T19:14:58","guid":{"rendered":"http:\/\/www.tatanka.nl\/?post_type=product&#038;p=2024"},"modified":"2025-09-23T08:37:50","modified_gmt":"2025-09-23T07:37:50","slug":"camagra-for-men-man","status":"publish","type":"product","link":"https:\/\/www.tatanka.nl\/es\/camagra-for-men-man\/","title":{"rendered":"Camagra para hombres"},"content":{"rendered":"<h2 dir=\"auto\">Qu\u00e9 es Camagra para hombres<\/h2>\n<p dir=\"auto\">Camagra es una c\u00e1psula de hierbas naturales formulada para mejorar la funci\u00f3n er\u00e9ctil y el bienestar sexual general sin necesidad de medicamentos recetados. Aprovecha el poder de los productos bot\u00e1nicos para estimular el flujo sangu\u00edneo, aumentar los niveles de energ\u00eda y promover la excitaci\u00f3n, por lo que es una opci\u00f3n atractiva para los hombres que buscan un apoyo discreto en su vida \u00edntima. Los usuarios suelen declarar una mayor resistencia y satisfacci\u00f3n, lo que les permite disfrutar de experiencias m\u00e1s satisfactorias con sus parejas. El producto se distingue por su composici\u00f3n totalmente natural, que evita los compuestos sint\u00e9ticos que podr\u00edan provocar reacciones no deseadas, como dolores de cabeza o n\u00e1useas, que suelen asociarse a las alternativas qu\u00edmicas.<\/p>\n<p dir=\"auto\">Este suplemento funciona mediante la sinergia de ingredientes que tienen como objetivo el equilibrio hormonal, la circulaci\u00f3n y la actividad de los neurotransmisores, fomentando un enfoque hol\u00edstico para la mejora masculina. Ideal para los principiantes que exploran los remedios naturales, Camagra proporciona resultados fiables dentro de 30 a 60 minutos de la ingesti\u00f3n, con efectos duraderos a trav\u00e9s del encuentro. Su forma de c\u00e1psula garantiza un uso f\u00e1cil y port\u00e1til, adapt\u00e1ndose perfectamente a las rutinas diarias sin llamar la atenci\u00f3n.<\/p>\n<p dir=\"auto\">Muchos aprecian su versatilidad, ya sea para un aumento ocasional o para el mantenimiento regular de la vitalidad. Como opci\u00f3n legal y de venta libre, permite a las personas tomar el control de su salud sexual de forma natural y con confianza.<\/p>\n<h2 dir=\"auto\">Historia de Camagra for Men<\/h2>\n<p dir=\"auto\">El desarrollo de Camagra se basa en tradiciones herbolarias centenarias en las que tribus ind\u00edgenas sudamericanas utilizaban plantas como la maca y la muira puama para potenciar la fertilidad y la virilidad durante los rituales. En el siglo XIX, los exploradores europeos documentaron estos productos bot\u00e1nicos y los integraron en los primeros t\u00f3nicos afrodis\u00edacos en medio del creciente inter\u00e9s por la medicina natural. A mediados del siglo XX, con la aparici\u00f3n de los tratamientos farmac\u00e9uticos de la disfunci\u00f3n er\u00e9ctil, surgi\u00f3 un movimiento contrario que buscaba alternativas m\u00e1s suaves y dio lugar a la investigaci\u00f3n de extractos de plantas para la salud sexual.<\/p>\n<p dir=\"auto\">Camagra fue creada a principios de la d\u00e9cada de 2000 por expertos en bienestar con el objetivo de replicar la eficacia de las populares pastillas sint\u00e9ticas, pero con elementos puramente naturales. Las f\u00f3rmulas iniciales se centraban en estimulantes b\u00e1sicos como el guaran\u00e1, perfeccionados mediante pruebas con usuarios para incluir hierbas complementarias que equilibraran los efectos. Su lanzamiento coincidi\u00f3 con un aumento de la demanda de suplementos org\u00e1nicos, impulsada por la concienciaci\u00f3n sobre los efectos secundarios de la prescripci\u00f3n.<\/p>\n<p dir=\"auto\">A lo largo de los a\u00f1os, los comentarios de los usuarios satisfechos han marcado su evoluci\u00f3n, haciendo hincapi\u00e9 en la asequibilidad y la accesibilidad. En la actualidad, es un testimonio de la combinaci\u00f3n de la sabidur\u00eda ancestral con la fitoterapia moderna, que atrae a un p\u00fablico mundial que valora las mejoras sostenibles y sin efectos secundarios.<\/p>\n<p dir=\"auto\">Los entusiastas siguen alabando su papel en la revitalizaci\u00f3n de las relaciones, consolidando su lugar en el mercado del bienestar natural.<\/p>\n<h2 dir=\"auto\">C\u00f3mo utilizar Camagra para hombres<\/h2>\n<p dir=\"auto\">Para optimizar los beneficios de Camagra, tome una o dos c\u00e1psulas de 30 a 60 minutos antes de la intimidad prevista, dejando tiempo suficiente para que los ingredientes naturales se absorban y activen. Ingi\u00e9ralas con un vaso de agua para obtener los mejores resultados, evitando la comida si es posible para mejorar la absorci\u00f3n, aunque un ligero tentempi\u00e9 no dificultar\u00e1 significativamente la eficacia. Limite la ingesta a no m\u00e1s de dos c\u00e1psulas en un per\u00edodo de 24 horas para evitar cualquier posible sobreestimulaci\u00f3n y mantener la respuesta natural del organismo.<\/p>\n<p dir=\"auto\">Si es la primera vez que toma suplementos a base de plantas, empiece con una sola c\u00e1psula y observe c\u00f3mo reacciona su cuerpo antes de ajustar la dosis. Este enfoque gradual garantiza una comodidad personalizada y maximiza el disfrute sin sorpresas. Guarde el envase en un lugar fresco y seco, alejado de la humedad, para conservar su potencia a lo largo del tiempo.<\/p>\n<p dir=\"auto\">Integrarlo en tu estilo de vida puede ser sencillo, quiz\u00e1 como parte de un ritual previo a una cita, priorizando siempre el di\u00e1logo abierto con la pareja para la satisfacci\u00f3n mutua. La hidrataci\u00f3n favorece el proceso, amplificando las cualidades energizantes desde el interior.<\/p>\n<p dir=\"auto\">Con un uso consciente, Camagra se convierte en un potenciador fiable, que favorece un rendimiento m\u00e1s duradero y unas conexiones m\u00e1s profundas de forma segura.<\/p>\n<h2 dir=\"auto\">Ingredientes de Camagra for Men<\/h2>\n<p dir=\"auto\">Camagra contiene una potente mezcla de ingredientes bot\u00e1nicos y compuestos naturales, seleccionados por su contribuci\u00f3n a la vitalidad y el rendimiento. El extracto de ra\u00edz de maca encabeza la mezcla, conocida por equilibrar las hormonas y potenciar la libido. El guaran\u00e1 proporciona una fuente natural de cafe\u00edna para una energ\u00eda sostenida sin bajones. La cafe\u00edna amplifica el estado de alerta y la circulaci\u00f3n.<\/p>\n<p dir=\"auto\">La muira puama, a menudo llamada \"madera de la potencia\", favorece la funci\u00f3n nerviosa y la excitaci\u00f3n. La taurina contribuye a la relajaci\u00f3n muscular y a la resistencia durante la actividad. El extracto de hoja de damiana act\u00faa como afrodis\u00edaco suave, mejorando el estado de \u00e1nimo y la sensibilidad.<\/p>\n<p dir=\"auto\">La nuez de cola a\u00f1ade alcaloides estimulantes para la concentraci\u00f3n y la resistencia. El ginkgo biloba favorece el flujo sangu\u00edneo a las zonas clave, mejorando los tiempos de respuesta. La L-arginina, un amino\u00e1cido, se convierte en \u00f3xido n\u00edtrico, ayudando a la dilataci\u00f3n vascular para una mejor congesti\u00f3n.<\/p>\n<p dir=\"auto\">Estos ingredientes se combinan en un envase de 10 c\u00e1psulas, obtenidas de forma responsable para garantizar su pureza y eficacia. Sin rellenos artificiales, la f\u00f3rmula da prioridad a los beneficios hol\u00edsticos, por lo que es suave para el sistema.<\/p>\n<p dir=\"auto\">Los usuarios valoran esta transparencia, que permite incorporarlos con confianza a las rutinas de salud sin preocuparse por los productos sint\u00e9ticos ocultos.<\/p>","protected":false},"excerpt":{"rendered":"<p dir=\"auto\">Descubra el impulso natural de Camagra, un complemento a base de plantas dise\u00f1ado para favorecer la vitalidad y el rendimiento masculinos. Repleto de ingredientes de origen vegetal, esta c\u00e1psula ofrece una alternativa segura y sin efectos secundarios a las opciones tradicionales, ayudando a los usuarios a lograr una mayor resistencia y confianza para los momentos \u00edntimos.<\/p>","protected":false},"featured_media":12828,"template":"","meta":[],"product_brand":[],"product_cat":[574,297,531,573,383,476],"product_tag":[],"class_list":{"0":"post-2024","1":"product","2":"type-product","3":"status-publish","4":"has-post-thumbnail","6":"product_cat-sex-products-for-men","7":"product_cat-all-products","8":"product_cat-aphrodisiacs","9":"product_cat-sex-products-top-10","10":"product_cat-sex-shop","11":"product_cat-smartshop","13":"first","14":"instock","15":"taxable","16":"shipping-taxable","17":"purchasable","18":"product-type-variable","19":"has-default-attributes"},"_links":{"self":[{"href":"https:\/\/www.tatanka.nl\/es\/wp-json\/wp\/v2\/product\/2024","targetHints":{"allow":["GET"]}}],"collection":[{"href":"https:\/\/www.tatanka.nl\/es\/wp-json\/wp\/v2\/product"}],"about":[{"href":"https:\/\/www.tatanka.nl\/es\/wp-json\/wp\/v2\/types\/product"}],"wp:featuredmedia":[{"embeddable":true,"href":"https:\/\/www.tatanka.nl\/es\/wp-json\/wp\/v2\/media\/12828"}],"wp:attachment":[{"href":"https:\/\/www.tatanka.nl\/es\/wp-json\/wp\/v2\/media?parent=2024"}],"wp:term":[{"taxonomy":"product_brand","embeddable":true,"href":"https:\/\/www.tatanka.nl\/es\/wp-json\/wp\/v2\/product_brand?post=2024"},{"taxonomy":"product_cat","embeddable":true,"href":"https:\/\/www.tatanka.nl\/es\/wp-json\/wp\/v2\/product_cat?post=2024"},{"taxonomy":"product_tag","embeddable":true,"href":"https:\/\/www.tatanka.nl\/es\/wp-json\/wp\/v2\/product_tag?post=2024"}],"curies":[{"name":"wp","href":"https:\/\/api.w.org\/{rel}","templated":true}]}}