{"id":21391,"date":"2019-01-02T13:03:58","date_gmt":"2019-01-02T13:03:58","guid":{"rendered":"https:\/\/www.tatanka.nl\/?post_type=product&#038;p=21391"},"modified":"2025-05-20T10:16:29","modified_gmt":"2025-05-20T09:16:29","slug":"aphrodite-mix-sex-herbs","status":"publish","type":"product","link":"https:\/\/www.tatanka.nl\/es\/aphrodite-mix-sex-herbs\/","title":{"rendered":"Aphrodite Mix \u2013 Sex herbs"},"content":{"rendered":"<h2>\u00bfQu\u00e9 es Aphrodite Mix?<\/h2>\n<p>Aphrodite Mix de Indian Elements es una mezcla \u00fanica de hierbas que combina cinco ingredientes cuidadosamente seleccionados: Damiana, Tr\u00e9bol Rojo, Menta, Cal\u00e9ndula y Azahar. Estas hierbas son conocidas por sus propiedades estimulantes y calmantes, por lo que la mezcla es perfecta para quienes buscan una forma natural de mejorar su vida \u00edntima. La mezcla se ha formulado espec\u00edficamente para mejorar el rendimiento sexual, elevar el estado de \u00e1nimo y promover una sensaci\u00f3n de euforia y relajaci\u00f3n. El ingrediente principal, la damiana, es especialmente conocido por sus efectos afrodis\u00edacos, que se han utilizado durante siglos para aumentar la libido y estimular el deseo.<\/p>\n<p>La Mezcla Afrodita re\u00fane una variedad de sabores y aromas que son a la vez vigorizantes y calmantes. El Tr\u00e9bol Rojo y el Azahar ofrecen una sutil nota floral, mientras que la Menta a\u00f1ade un refrescante frescor. La cal\u00e9ndula ayuda a mejorar la experiencia relajante general, mientras que la damiana proporciona los beneficios afrodis\u00edacos m\u00e1s potentes. Tanto si desea darle un toque picante a su velada como potenciar su libido, la Mezcla Afrodita le ofrece una soluci\u00f3n natural y eficaz.<\/p>\n<h2>Historia de Aphrodite Mix<\/h2>\n<p>El nombre \"Aphrodite Mix\" se inspira en la antigua diosa griega del amor, la belleza y la sexualidad, Afrodita. En la antig\u00fcedad, la gente ofrec\u00eda tributos a la diosa con la esperanza de mejorar su vida amorosa o mejorar sus relaciones f\u00edsicas. Las hierbas utilizadas en esta mezcla tienen un profundo significado hist\u00f3rico en la fitoterapia tradicional. Por ejemplo, la damiana se ha utilizado durante miles de a\u00f1os, especialmente en Am\u00e9rica Central y del Sur, como afrodis\u00edaco natural. Se cre\u00eda que aumentaba el deseo sexual y mejoraba la energ\u00eda general.<\/p>\n<p>Del mismo modo, el tr\u00e9bol rojo y el azahar se han utilizado durante mucho tiempo por sus propiedades calmantes y sensuales, por lo que son ingredientes habituales en las pociones de amor a lo largo de la historia. La menta tambi\u00e9n ha sido s\u00edmbolo de frescor y vitalidad, y a menudo se ha utilizado para intensificar las experiencias sensoriales. Con el tiempo, se ha reconocido la capacidad de estas hierbas para actuar en sinergia, creando una mezcla que mejora la experiencia de la intimidad y favorece la relajaci\u00f3n.<\/p>\n<p>Hoy en d\u00eda, la Mezcla Afrodita sigue honrando estas antiguas tradiciones, proporcionando una forma moderna de mejorar la libido y potenciar las experiencias \u00edntimas de una manera natural y hol\u00edstica.<\/p>\n<h2>C\u00f3mo utilizar Aphrodite Mix<\/h2>\n<p>Para disfrutar plenamente de los beneficios de la Mezcla Afrodita, se recomienda preparar una taza de t\u00e9 fuerte con la mezcla. Simplemente deje reposar un gramo de la mezcla de hierbas en agua caliente durante unos 5-10 minutos, permitiendo que las hierbas se infusionen y liberen todas sus propiedades arom\u00e1ticas y terap\u00e9uticas. El resultado es una infusi\u00f3n sabrosa y vigorizante que estimula los sentidos y favorece la relajaci\u00f3n.<\/p>\n<p>Para obtener la mejor experiencia, se sugiere compartir el t\u00e9 con su pareja o amigos, ya que est\u00e1 dise\u00f1ado para mejorar la interacci\u00f3n social y crear un estado de \u00e1nimo euf\u00f3rico. La capacidad de la mezcla para estimular la libido y provocar un ligero \"subid\u00f3n\" puede conducir a una noche memorable y apasionada.<\/p>\n<p>Es importante utilizar la Mezcla Afrodita con moderaci\u00f3n. La dosis recomendada es de un gramo al d\u00eda, ya que un consumo excesivo puede provocar un efecto abrumador. Para mantener la potencia de la mezcla, es mejor consumirla en ocasiones especiales, mejorando el ambiente para una experiencia \u00edntima y excitante.<\/p>\n<h2>Ingredientes de Aphrodite Mix<\/h2>\n<p>La Mezcla Afrodita se compone de cinco ingredientes totalmente naturales que act\u00faan conjuntamente para crear un efecto euf\u00f3rico, calmante y potenciador de la libido. Estos ingredientes son la damiana, el tr\u00e9bol rojo, la menta, la cal\u00e9ndula y el azahar. La damiana es el ingrediente estrella, conocido por sus potentes propiedades afrodis\u00edacas. Se ha utilizado durante siglos para aumentar el deseo sexual y crear una sensaci\u00f3n de euforia.<\/p>\n<p>El tr\u00e9bol rojo se a\u00f1ade por sus suaves cualidades calmantes y su capacidad para contribuir a la salud general. La menta proporciona un toque refrescante y vigorizante, ayudando a estimular los sentidos y a aumentar el placer. La cal\u00e9ndula es conocida por sus propiedades calmantes y relajantes, que ayudan a mejorar la experiencia general. Por \u00faltimo, el Azahar aporta una dulce fragancia floral que se suma a los efectos sensuales y calmantes de la mezcla.<\/p>\n<p>Esta mezcla natural y vegana 100% no contiene aditivos artificiales, lo que la convierte en una opci\u00f3n segura y saludable para quienes buscan una forma natural y hol\u00edstica de mejorar su vida \u00edntima y potenciar su estado de \u00e1nimo.<\/p>\n<p><strong>Advertencia:<\/strong><\/p>\n<p>No utilizar en menores de 18 a\u00f1os. Mantener fuera del alcance de los ni\u00f1os. No recomendado para personas con problemas renales o cardiacos, tensi\u00f3n arterial alta o baja, diabetes o que est\u00e9n tomando medicamentos, alcohol o drogas. Este producto no es un medicamento y no debe utilizarse como tal. Es un suplemento diet\u00e9tico y debe utilizarse en consecuencia. No lo compre si el precinto est\u00e1 roto.<\/p>","protected":false},"excerpt":{"rendered":"<p>Aphrodite Mix de Indian Elements es una potente mezcla de hierbas dise\u00f1ada para mejorar las experiencias \u00edntimas y estimular los sentidos. Elaborada a partir de una combinaci\u00f3n de damiana, tr\u00e9bol rojo, menta, cal\u00e9ndula y flor de azahar, esta mezcla est\u00e1 cuidadosamente elaborada para estimular la libido, promover la relajaci\u00f3n y crear un efecto euf\u00f3rico y estimulante. Perfecto para una noche excitante y apasionada, ofrece una forma natural de estimular la libido y mejorar el estado de \u00e1nimo general.<\/p>","protected":false},"featured_media":125944,"template":"","meta":[],"product_brand":[],"product_cat":[597,297,531,576,383,476],"product_tag":[],"class_list":{"0":"post-21391","1":"product","2":"type-product","3":"status-publish","4":"has-post-thumbnail","6":"product_cat-indian-elements","7":"product_cat-all-products","8":"product_cat-aphrodisiacs","9":"product_cat-sex-products-for-couples","10":"product_cat-sex-shop","11":"product_cat-smartshop","13":"first","14":"instock","15":"taxable","16":"shipping-taxable","17":"purchasable","18":"product-type-variable"},"_links":{"self":[{"href":"https:\/\/www.tatanka.nl\/es\/wp-json\/wp\/v2\/product\/21391","targetHints":{"allow":["GET"]}}],"collection":[{"href":"https:\/\/www.tatanka.nl\/es\/wp-json\/wp\/v2\/product"}],"about":[{"href":"https:\/\/www.tatanka.nl\/es\/wp-json\/wp\/v2\/types\/product"}],"wp:featuredmedia":[{"embeddable":true,"href":"https:\/\/www.tatanka.nl\/es\/wp-json\/wp\/v2\/media\/125944"}],"wp:attachment":[{"href":"https:\/\/www.tatanka.nl\/es\/wp-json\/wp\/v2\/media?parent=21391"}],"wp:term":[{"taxonomy":"product_brand","embeddable":true,"href":"https:\/\/www.tatanka.nl\/es\/wp-json\/wp\/v2\/product_brand?post=21391"},{"taxonomy":"product_cat","embeddable":true,"href":"https:\/\/www.tatanka.nl\/es\/wp-json\/wp\/v2\/product_cat?post=21391"},{"taxonomy":"product_tag","embeddable":true,"href":"https:\/\/www.tatanka.nl\/es\/wp-json\/wp\/v2\/product_tag?post=21391"}],"curies":[{"name":"wp","href":"https:\/\/api.w.org\/{rel}","templated":true}]}}