{"id":21406,"date":"2019-01-02T14:38:15","date_gmt":"2019-01-02T14:38:15","guid":{"rendered":"https:\/\/www.tatanka.nl\/?post_type=product&#038;p=21406"},"modified":"2025-05-20T10:16:21","modified_gmt":"2025-05-20T09:16:21","slug":"relax-mix-herbs","status":"publish","type":"product","link":"https:\/\/www.tatanka.nl\/es\/relax-mix-herbs\/","title":{"rendered":"Relax Mix Herbs"},"content":{"rendered":"<h2>\u00bfQu\u00e9 es Relax Mix?<\/h2>\n<p>La Mezcla Relax de Indian Elements es una mezcla de hierbas especialmente elaborada para ayudarle a desconectar y relajarse. Combina tres hierbas calmantes: Passion Flower (Passiflora Incarnata), Woodrufa dulce (Asperula Odorata) y Menta de gato (Nepeta Cataria). Estas hierbas son conocidas por sus propiedades calmantes, individualmente y en combinaci\u00f3n. Cuando se utilizan juntas, crean una potente f\u00f3rmula que favorece la calma mental y la relajaci\u00f3n, convirti\u00e9ndola en el complemento perfecto para su rutina de cuidado personal, especialmente despu\u00e9s de un d\u00eda estresante. Adem\u00e1s de ayudar a la relajaci\u00f3n, esta mezcla se utiliza habitualmente para mejorar el sue\u00f1o y la salud digestiva.<\/p>\n<p>Tanto si busca mejorar su rutina nocturna como reducir los niveles de estr\u00e9s, la Mezcla Relax le ofrece una soluci\u00f3n natural. Esta mezcla de 50 gramos es ideal para aquellos que buscan un remedio calmante a base de hierbas para aliviar la ansiedad y promover una sensaci\u00f3n de bienestar. F\u00e1cil de preparar, puede utilizarla para preparar un t\u00e9 calmante o incorporarla a sus pr\u00e1cticas de bienestar para obtener el m\u00e1ximo beneficio.<\/p>\n<h2>Historia de Relax Mix<\/h2>\n<p>Los or\u00edgenes de la Mezcla Relax se encuentran en la larga historia de remedios herbales que se han utilizado en todas las culturas para promover la relajaci\u00f3n y la salud. La Passion Flower, la Woodrufa Dulce y la Menta de Gato se han utilizado durante siglos por sus propiedades terap\u00e9uticas. La Passion Flower, por ejemplo, era utilizada por las tribus nativas americanas para calmar la ansiedad e inducir el sue\u00f1o. Del mismo modo, la hierbabuena, conocida por sus suaves efectos sedantes, tiene una rica tradici\u00f3n en la herborister\u00eda europea y norteamericana. La Woodruff dulce, tambi\u00e9n conocida por sus cualidades calmantes, ha sido un elemento b\u00e1sico en las pr\u00e1cticas herbarias europeas desde la \u00e9poca medieval.<\/p>\n<p>Estas hierbas se eligieron no s\u00f3lo por sus beneficios individuales, sino tambi\u00e9n por su sinergia cuando se combinan. Con el tiempo, esta mezcla ha evolucionado hasta convertirse en la Mezcla Relax que se ofrece en la actualidad, centrada en la relajaci\u00f3n natural y suave. A medida que m\u00e1s personas recurren a soluciones vegetales para su bienestar, la Mezcla Relax ha ganado popularidad por su capacidad para promover la tranquilidad mental y f\u00edsica sin depender de sustancias sint\u00e9ticas.<\/p>\n<h2>C\u00f3mo utilizar Relax Mix<\/h2>\n<p>El Relax Mix by Indian Elements puede utilizarse de varias formas para fomentar la relajaci\u00f3n y la tranquilidad. El m\u00e9todo m\u00e1s com\u00fan es prepararla en un t\u00e9 relajante. Basta con dejar reposar un gramo de la mezcla de hierbas en agua caliente durante 5-10 minutos y disfrutar de sus efectos calmantes. Es perfecta para relajarse antes de acostarse o despu\u00e9s de un d\u00eda ajetreado para reducir el estr\u00e9s.<\/p>\n<p>Adem\u00e1s del t\u00e9, tambi\u00e9n puede incorporar la Mezcla Relax en ba\u00f1os o utilizarla como cataplasma para la relajaci\u00f3n t\u00f3pica. Las hierbas de la mezcla tambi\u00e9n pueden utilizarse en aromaterapia, donde su relajante aroma ayuda a inducir una sensaci\u00f3n de calma. Es importante tener en cuenta que la Mezcla Relax debe consumirse con moderaci\u00f3n: la dosis recomendada es de un gramo al d\u00eda. Su uso regular puede potenciar sus beneficios, pero un consumo excesivo puede provocar efectos secundarios no deseados.<\/p>\n<h2>Ingredientes de la mezcla Relax<\/h2>\n<p>La Mezcla Relax est\u00e1 elaborada con tres ingredientes vegetales totalmente naturales: Asperula Odorata (Woodruff dulce), Nepeta Cataria (Catmint) y Passiflora Incarnata (Passion Flower). Cada uno de estos ingredientes aporta su propio conjunto de cualidades terap\u00e9uticas. El Passion Flower es conocido por su capacidad para calmar la mente, reducir la ansiedad y favorecer el sue\u00f1o. Se utiliza desde hace mucho tiempo en la medicina tradicional para tratar el insomnio y el estr\u00e9s.<\/p>\n<p>La hierbabuena, miembro de la familia de la menta, es famosa por sus efectos calmantes tanto en humanos como en mascotas. Se sabe que alivia el estr\u00e9s y la ansiedad leve. La caspa dulce, utilizada a menudo en Europa durante siglos, tiene propiedades sedantes suaves y puede ayudar a aliviar la tensi\u00f3n y favorecer la relajaci\u00f3n. Cuando se combinan, estas tres hierbas crean una poderosa mezcla que proporciona un alivio natural del estr\u00e9s, la ansiedad y el insomnio.<\/p>\n<p>Esta mezcla de hierbas no contiene THC y es 100% natural, vegana y libre de cualquier aditivo artificial, por lo que es una opci\u00f3n segura y saludable para aquellos que buscan una forma natural de relajarse.<\/p>\n<p><strong>Advertencia:<\/strong><\/p>\n<p>No utilizar en menores de 18 a\u00f1os. Mant\u00e9ngase fuera del alcance de los ni\u00f1os. No recomendado para personas con problemas renales o cardiacos, tensi\u00f3n arterial alta o baja, diabetes, o que tomen medicamentos, alcohol o drogas. Esta hierba no es un medicamento y no debe utilizarse como tal. Es un suplemento diet\u00e9tico y debe tomarse en consecuencia. No comprar si el precinto est\u00e1 roto.<\/p>","protected":false},"excerpt":{"rendered":"<p>La Mezcla Relax de Indian Elements es una mezcla de hierbas calmantes que favorece la relajaci\u00f3n y la tranquilidad. Con tres poderosas hierbas-Passion Flower, Menta de Gato y Woodrufa Dulce-esta mezcla es perfecta para aliviar el estr\u00e9s y favorecer un sue\u00f1o reparador. Las propiedades calmantes naturales de estas hierbas pueden ayudar a traer la paz y la relajaci\u00f3n, especialmente cuando se siente abrumado. Puede disfrutarse de varias formas, como una infusi\u00f3n calmante.<\/p>","protected":false},"featured_media":125941,"template":"","meta":[],"product_brand":[],"product_cat":[597,297,477,510,511,476],"product_tag":[],"class_list":{"0":"post-21406","1":"product","2":"type-product","3":"status-publish","4":"has-post-thumbnail","6":"product_cat-indian-elements","7":"product_cat-all-products","8":"product_cat-herbs","9":"product_cat-relax","10":"product_cat-relax-herbs","11":"product_cat-smartshop","13":"first","14":"instock","15":"taxable","16":"shipping-taxable","17":"purchasable","18":"product-type-variable"},"_links":{"self":[{"href":"https:\/\/www.tatanka.nl\/es\/wp-json\/wp\/v2\/product\/21406","targetHints":{"allow":["GET"]}}],"collection":[{"href":"https:\/\/www.tatanka.nl\/es\/wp-json\/wp\/v2\/product"}],"about":[{"href":"https:\/\/www.tatanka.nl\/es\/wp-json\/wp\/v2\/types\/product"}],"wp:featuredmedia":[{"embeddable":true,"href":"https:\/\/www.tatanka.nl\/es\/wp-json\/wp\/v2\/media\/125941"}],"wp:attachment":[{"href":"https:\/\/www.tatanka.nl\/es\/wp-json\/wp\/v2\/media?parent=21406"}],"wp:term":[{"taxonomy":"product_brand","embeddable":true,"href":"https:\/\/www.tatanka.nl\/es\/wp-json\/wp\/v2\/product_brand?post=21406"},{"taxonomy":"product_cat","embeddable":true,"href":"https:\/\/www.tatanka.nl\/es\/wp-json\/wp\/v2\/product_cat?post=21406"},{"taxonomy":"product_tag","embeddable":true,"href":"https:\/\/www.tatanka.nl\/es\/wp-json\/wp\/v2\/product_tag?post=21406"}],"curies":[{"name":"wp","href":"https:\/\/api.w.org\/{rel}","templated":true}]}}