{"id":21423,"date":"2016-01-02T16:06:07","date_gmt":"2016-01-02T14:06:07","guid":{"rendered":"https:\/\/www.tatanka.nl\/?post_type=product&#038;p=21423"},"modified":"2026-01-20T12:48:32","modified_gmt":"2026-01-20T11:48:32","slug":"cbd-hempcare-90-pearlcaps","status":"publish","type":"product","link":"https:\/\/www.tatanka.nl\/es\/cbd-hempcare-90-pearlcaps\/","title":{"rendered":"CBD Hempcare - 90 Pearlcaps"},"content":{"rendered":"<h2><span style=\"font-size: 100%;\">CBD Hempcare - 90 Pearlcaps<br \/>\n<\/span><\/h2>\n<h2 data-start=\"0\" data-end=\"35\">\u00bfQu\u00e9 son Hempcare CBD Pearlcaps?<\/h2>\n<p data-start=\"37\" data-end=\"398\">Hempcare CBD Pearlcaps son c\u00e1psulas de primera calidad que contienen extracto de c\u00e1\u00f1amo puro y natural. Estas c\u00e1psulas est\u00e1n formuladas con aceite de semilla de c\u00e1\u00f1amo y extracto de CBD crudo, lo que garantiza que se conserven todos los nutrientes esenciales de la planta de c\u00e1\u00f1amo. A diferencia de los aceites de CBD, estas c\u00e1psulas de gelatina blanda se disuelven en el est\u00f3mago, liberando los compuestos beneficiosos sin ning\u00fan sabor fuerte.<\/p>\n<p data-start=\"400\" data-end=\"812\">Cada c\u00e1psula est\u00e1 cuidadosamente dise\u00f1ada para proporcionar CBD de espectro completo, lo que significa que incluye una variedad de cannabinoides naturales, flavonoides y terpenos que pueden trabajar juntos para potenciar los efectos. Sin THC, estas c\u00e1psulas proporcionan una experiencia no psicoactiva, por lo que son seguras y adecuadas para el uso diario. El c\u00f3modo formato en c\u00e1psulas hace que Hempcare CBD Pearlcaps sea una forma f\u00e1cil de incorporar el CBD a tu rutina.<\/p>\n<h2 data-start=\"814\" data-end=\"854\">Historia del Hempcare CBD Pearlcaps<\/h2>\n<p data-start=\"856\" data-end=\"1229\">El CBD, o cannabidiol, se ha utilizado durante siglos debido a sus posibles beneficios para la salud. La planta del c\u00e1\u00f1amo, de la que se deriva el CBD, tiene una larga historia que se remonta a miles de a\u00f1os. Antiguas civilizaciones, como la china y la egipcia, utilizaron el c\u00e1\u00f1amo con fines medicinales e industriales, reconociendo sus propiedades calmantes y antiinflamatorias para tratar diversas dolencias.<\/p>\n<p data-start=\"1231\" data-end=\"1582\">En los \u00faltimos a\u00f1os, la popularidad del CBD ha aumentado debido a la creciente investigaci\u00f3n cient\u00edfica y al inter\u00e9s de los consumidores por los productos naturales para el bienestar. Hempcare se ha basado en este legado creando c\u00e1psulas de CBD de alta calidad que conservan el extracto crudo de CBD y otros componentes naturales, garantizando que los usuarios reciban un suplemento puro y eficaz de la planta de c\u00e1\u00f1amo.<\/p>\n<h2 data-start=\"1584\" data-end=\"1620\">C\u00f3mo utilizar Hempcare CBD Pearlcaps<\/h2>\n<p data-start=\"1622\" data-end=\"1865\">El uso de Hempcare CBD Pearlcaps es sencillo y c\u00f3modo. La dosis recomendada es de una c\u00e1psula al d\u00eda, tomada con agua. Si se desea, la dosis puede aumentarse hasta un m\u00e1ximo de cuatro c\u00e1psulas diarias, pero es importante no superar esta cantidad.<\/p>\n<p data-start=\"1867\" data-end=\"2282\">A diferencia del aceite de CBD, que puede tener un sabor fuerte, estas c\u00e1psulas son ins\u00edpidas y f\u00e1ciles de tragar. La c\u00e1psula blanda se disuelve en el est\u00f3mago, lo que permite una absorci\u00f3n eficaz de los ingredientes activos. Su uso constante puede contribuir al bienestar general al favorecer la relajaci\u00f3n, reducir el estr\u00e9s y promover un estilo de vida equilibrado. Para obtener los mejores resultados, tome CBD diariamente para maximizar sus beneficios potenciales a lo largo del tiempo.<\/p>\n<h2 data-start=\"2284\" data-end=\"2324\">Ingredientes de Hempcare CBD Pearlcaps<\/h2>\n<p data-start=\"2326\" data-end=\"2466\">Hempcare CBD Pearlcaps est\u00e1n elaborados con ingredientes naturales cuidadosamente seleccionados para garantizar su pureza y eficacia. Los ingredientes clave incluyen:<\/p>\n<ul data-start=\"2468\" data-end=\"2884\">\n<li data-start=\"2468\" data-end=\"2581\"><strong data-start=\"2470\" data-end=\"2487\">Aceite de semillas de c\u00e1\u00f1amo<\/strong> - Un aceite rico en nutrientes que aporta \u00e1cidos grasos esenciales y mejora la absorci\u00f3n del CBD.<\/li>\n<li data-start=\"2582\" data-end=\"2741\"><strong data-start=\"2584\" data-end=\"2610\">Extracto de c\u00e1\u00f1amo (Raw CBD)<\/strong> - Contiene cannabinoides de espectro completo, incluidos CBD, flavonoides, terpenos y fenoles, que contribuyen a los beneficios generales.<\/li>\n<li data-start=\"2742\" data-end=\"2884\"><strong data-start=\"2744\" data-end=\"2779\">C\u00e1psula de gelatina blanda (a base de prote\u00ednas)<\/strong> - Elaborado a partir de ingredientes naturales 100%, que garantizan una f\u00e1cil digesti\u00f3n y una liberaci\u00f3n eficaz de los compuestos activos.<\/li>\n<\/ul>\n<p data-start=\"2886\" data-end=\"3098\">Al mantener la esencia cruda y sin filtrar del c\u00e1\u00f1amo, Hempcare garantiza que todos los componentes beneficiosos permanezcan intactos, lo que da como resultado un suplemento de alta calidad que se adapta perfectamente a un estilo de vida preocupado por la salud.<\/p>\n<p data-start=\"3100\" data-end=\"3110\"><strong>Advertencia<\/strong><\/p>\n<p data-start=\"3112\" data-end=\"3349\" data-is-last-node=\"\">No supere la dosis diaria recomendada. Este producto no est\u00e1 destinado a diagnosticar, tratar, curar ni prevenir ninguna enfermedad. Consulte a un profesional sanitario antes de utilizarlo, especialmente si est\u00e1 embarazada, en periodo de lactancia o tomando medicaci\u00f3n.<\/p>","protected":false},"excerpt":{"rendered":"<p>HempCare CBD Pearlcaps consiste en 90 c\u00e1psulas de todos los componentes naturales de la planta de c\u00e1\u00f1amo. Adem\u00e1s de Cannabidiol, contiene los otros cannabinoides y flavonoides, terpenos y fenoles. El conjunto es un producto natural completo con sustancias que nuestro cuerpo reconoce y absorbe.<\/p>","protected":false},"featured_media":126588,"template":"","meta":[],"product_brand":[],"product_cat":[601,297,484,371,483],"product_tag":[],"class_list":{"0":"post-21423","1":"product","2":"type-product","3":"status-publish","4":"has-post-thumbnail","6":"product_cat-hempcare","7":"product_cat-all-products","8":"product_cat-cbd-capsules","9":"product_cat-cbd-top-10","10":"product_cat-cbdshop","12":"first","13":"instock","14":"taxable","15":"shipping-taxable","16":"purchasable","17":"product-type-simple"},"_links":{"self":[{"href":"https:\/\/www.tatanka.nl\/es\/wp-json\/wp\/v2\/product\/21423","targetHints":{"allow":["GET"]}}],"collection":[{"href":"https:\/\/www.tatanka.nl\/es\/wp-json\/wp\/v2\/product"}],"about":[{"href":"https:\/\/www.tatanka.nl\/es\/wp-json\/wp\/v2\/types\/product"}],"wp:featuredmedia":[{"embeddable":true,"href":"https:\/\/www.tatanka.nl\/es\/wp-json\/wp\/v2\/media\/126588"}],"wp:attachment":[{"href":"https:\/\/www.tatanka.nl\/es\/wp-json\/wp\/v2\/media?parent=21423"}],"wp:term":[{"taxonomy":"product_brand","embeddable":true,"href":"https:\/\/www.tatanka.nl\/es\/wp-json\/wp\/v2\/product_brand?post=21423"},{"taxonomy":"product_cat","embeddable":true,"href":"https:\/\/www.tatanka.nl\/es\/wp-json\/wp\/v2\/product_cat?post=21423"},{"taxonomy":"product_tag","embeddable":true,"href":"https:\/\/www.tatanka.nl\/es\/wp-json\/wp\/v2\/product_tag?post=21423"}],"curies":[{"name":"wp","href":"https:\/\/api.w.org\/{rel}","templated":true}]}}