{"id":21612,"date":"2016-01-22T19:15:57","date_gmt":"2016-01-22T17:15:57","guid":{"rendered":"https:\/\/www.tatanka.nl\/?post_type=product&#038;p=21612"},"modified":"2025-08-29T10:25:37","modified_gmt":"2025-08-29T09:25:37","slug":"cbd-crystals-99-hempcare","status":"publish","type":"product","link":"https:\/\/www.tatanka.nl\/es\/cbd-crystals-99-hempcare\/","title":{"rendered":"CBD Crystals 99% - Hempcare"},"content":{"rendered":"<h2>CBD Crystals 99% - Hempcare<\/h2>\n<p>Hemp Care CBD Crystals procede de c\u00e1\u00f1amo cultivado en los Pa\u00edses Bajos y se extrae mediante el proceso de extracci\u00f3n SuperCritical CO2 para garantizar su pureza y limpieza. NO contiene ingredientes OGM. NO se utilizan pesticidas en el cultivo.<\/p>\n<p>Hay muchas maneras de utilizar el Hemp Care CBD Crystals. Puedes ingerir peque\u00f1as cantidades de los cristales directamente debajo de la lengua. Pero tambi\u00e9n puedes a\u00f1adirlos a otros productos como bebidas, comida o \u00a1vapearlos o fumarlos!<\/p>\n<p>La textura de cristal fino del Hemp Care CBD 99% hace que sea extremadamente f\u00e1cil de a\u00f1adir a las dietas de cannabinoides como ingrediente. Tambi\u00e9n puedes a\u00f1adir los cristales a tus dabs o a cualquier producto que ya est\u00e9s usando.<\/p>","protected":false},"excerpt":{"rendered":"<p>Hempcare Crystals es un producto de CBD (cannabidiol) puro de 99%, los cristales contienen 99% de CBD y 0% de THC. Est\u00e1 hecho de extracci\u00f3n de c\u00e1\u00f1amo org\u00e1nico y cristalizado utilizando la t\u00e9cnica de separaci\u00f3n m\u00e1s avanzada para garantizar nuestra pureza CBD de 99%.<\/p>","protected":false},"featured_media":126586,"template":"","meta":[],"product_brand":[],"product_cat":[601,297,542,371,483],"product_tag":[],"class_list":{"0":"post-21612","1":"product","2":"type-product","3":"status-publish","4":"has-post-thumbnail","6":"product_cat-hempcare","7":"product_cat-all-products","8":"product_cat-cbd-crystals","9":"product_cat-cbd-top-10","10":"product_cat-cbdshop","12":"first","13":"instock","14":"taxable","15":"shipping-taxable","16":"purchasable","17":"product-type-simple"},"_links":{"self":[{"href":"https:\/\/www.tatanka.nl\/es\/wp-json\/wp\/v2\/product\/21612","targetHints":{"allow":["GET"]}}],"collection":[{"href":"https:\/\/www.tatanka.nl\/es\/wp-json\/wp\/v2\/product"}],"about":[{"href":"https:\/\/www.tatanka.nl\/es\/wp-json\/wp\/v2\/types\/product"}],"wp:featuredmedia":[{"embeddable":true,"href":"https:\/\/www.tatanka.nl\/es\/wp-json\/wp\/v2\/media\/126586"}],"wp:attachment":[{"href":"https:\/\/www.tatanka.nl\/es\/wp-json\/wp\/v2\/media?parent=21612"}],"wp:term":[{"taxonomy":"product_brand","embeddable":true,"href":"https:\/\/www.tatanka.nl\/es\/wp-json\/wp\/v2\/product_brand?post=21612"},{"taxonomy":"product_cat","embeddable":true,"href":"https:\/\/www.tatanka.nl\/es\/wp-json\/wp\/v2\/product_cat?post=21612"},{"taxonomy":"product_tag","embeddable":true,"href":"https:\/\/www.tatanka.nl\/es\/wp-json\/wp\/v2\/product_tag?post=21612"}],"curies":[{"name":"wp","href":"https:\/\/api.w.org\/{rel}","templated":true}]}}