{"id":2247,"date":"2017-10-06T13:24:50","date_gmt":"2017-10-06T13:24:50","guid":{"rendered":"http:\/\/www.tatanka.nl\/?post_type=product&#038;p=2247"},"modified":"2025-05-20T11:15:48","modified_gmt":"2025-05-20T10:15:48","slug":"kanna-extract-10x-1-gram-energy-powder-party","status":"publish","type":"product","link":"https:\/\/www.tatanka.nl\/es\/kanna-extract-10x-1-gram-energy-powder-party\/","title":{"rendered":"Kanna Extracto 10x"},"content":{"rendered":"<h2 class=\"\" data-start=\"149\" data-end=\"166\">\u00bfQu\u00e9 es el Kanna?<\/h2>\n<p class=\"\" data-start=\"168\" data-end=\"552\">Kanna (<em data-start=\"175\" data-end=\"196\">Sceletium tortuosum<\/em>) es una planta sudafricana famosa por sus propiedades naturales calmantes y estimulantes del \u00e1nimo. Tradicionalmente utilizada por las tribus ind\u00edgenas, la Kanna se masticaba para aliviar el estr\u00e9s, mejorar el estado de \u00e1nimo y la concentraci\u00f3n. En la actualidad, el Kanna est\u00e1 disponible en varias formas, entre ellas el <strong data-start=\"463\" data-end=\"478\">Extracto 10x<\/strong>una versi\u00f3n potente que proporciona efectos m\u00e1s notables en dosis m\u00e1s peque\u00f1as.<\/p>\n<p class=\"\" data-start=\"554\" data-end=\"818\">Esta planta interact\u00faa con el sistema de serotonina del cerebro, fomentando la relajaci\u00f3n, la claridad mental y una leve sensaci\u00f3n de euforia, sin causar alucinaciones. Como resultado, Kanna es una opci\u00f3n popular para aquellos que buscan una manera segura y natural para apoyar el bienestar emocional.<\/p>\n<h2 class=\"\" data-start=\"825\" data-end=\"844\">Historia del Kanna<\/h2>\n<p class=\"\" data-start=\"846\" data-end=\"1111\">El uso de la Kanna se remonta a siglos atr\u00e1s, cuando los ind\u00edgenas khoisan de Sud\u00e1frica utilizaban la planta tanto con fines medicinales como sociales. Masticaban o fermentaban las hojas para disfrutar de sus efectos calmantes y edificantes, y a menudo la utilizaban en rituales comunales y curativos.<\/p>\n<p class=\"\" data-start=\"1113\" data-end=\"1520\">A finales del siglo XIX, exploradores y bot\u00e1nicos holandeses que estudiaban la regi\u00f3n tomaron nota de los efectos de la Kanna y la trajeron a Europa. A medida que crec\u00eda el inter\u00e9s, los cient\u00edficos aislaron los compuestos activos de la planta y desarrollaron formas concentradas como el <strong data-start=\"1351\" data-end=\"1366\">Extracto 10x<\/strong>lo que facilita su acceso y uso en todo el mundo. En la actualidad, el Kanna sigue ganando popularidad como suplemento herbal vers\u00e1til enraizado en una rica historia cultural.<\/p>\n<h2 class=\"\" data-start=\"1527\" data-end=\"1546\">C\u00f3mo utilizar Kanna<\/h2>\n<p class=\"\" data-start=\"1548\" data-end=\"1743\">En <strong data-start=\"1552\" data-end=\"1567\">Extracto 10x<\/strong> de Kanna ofrece una experiencia potente, por lo que es importante consumirla con cuidado. Existen varios m\u00e9todos de consumo, cada uno de los cuales ofrece tiempos de aparici\u00f3n y efectos ligeramente diferentes:<\/p>\n<ul data-start=\"1745\" data-end=\"2205\">\n<li class=\"\" data-start=\"1745\" data-end=\"1863\">\n<p class=\"\" data-start=\"1747\" data-end=\"1863\"><strong data-start=\"1747\" data-end=\"1758\">Masticar<\/strong>: El enfoque tradicional: masticar hojas secas o extracto en polvo para una absorci\u00f3n lenta y un efecto constante.<\/p>\n<\/li>\n<li class=\"\" data-start=\"1864\" data-end=\"1997\">\n<p class=\"\" data-start=\"1866\" data-end=\"1997\"><strong data-start=\"1866\" data-end=\"1873\">T\u00e9<\/strong>: La infusi\u00f3n de Kanna en forma de t\u00e9 proporciona resultados graduales y m\u00e1s duraderos. Una dosis t\u00edpica de extracto 10x oscila entre <strong data-start=\"1982\" data-end=\"1996\">200-300 mg<\/strong>.<\/p>\n<\/li>\n<li class=\"\" data-start=\"1998\" data-end=\"2096\">\n<p class=\"\" data-start=\"2000\" data-end=\"2096\"><strong data-start=\"2000\" data-end=\"2012\">Apagando<\/strong>: La inhalaci\u00f3n de polvo finamente molido produce una aparici\u00f3n m\u00e1s r\u00e1pida y efectos m\u00e1s inmediatos.<\/p>\n<\/li>\n<li class=\"\" data-start=\"2097\" data-end=\"2205\">\n<p class=\"\" data-start=\"2099\" data-end=\"2205\"><strong data-start=\"2099\" data-end=\"2113\">Sublingual<\/strong>: La colocaci\u00f3n del extracto de Kanna bajo la lengua permite una absorci\u00f3n r\u00e1pida y una administraci\u00f3n eficaz.<\/p>\n<\/li>\n<\/ul>\n<p class=\"\" data-start=\"2207\" data-end=\"2388\">Comience con un <strong data-start=\"2220\" data-end=\"2234\">peque\u00f1a dosis<\/strong> y ajustar gradualmente hasta encontrar la cantidad que se adapte a sus necesidades. Dado que el extracto est\u00e1 muy concentrado, peque\u00f1as cantidades pueden producir efectos significativos.<\/p>\n<h2 class=\"\" data-start=\"2395\" data-end=\"2425\">Ingredientes activos en Kanna<\/h2>\n<p class=\"\" data-start=\"2427\" data-end=\"2560\">Kanna debe sus efectos a un grupo de <strong data-start=\"2464\" data-end=\"2477\">alcaloides<\/strong> que influyen en el sistema de serotonina del cerebro. Entre los compuestos m\u00e1s destacados figuran:<\/p>\n<ul data-start=\"2562\" data-end=\"2763\">\n<li class=\"\" data-start=\"2562\" data-end=\"2629\">\n<p class=\"\" data-start=\"2564\" data-end=\"2629\"><strong data-start=\"2564\" data-end=\"2578\">Mesembrina<\/strong>: Un estimulante natural del estado de \u00e1nimo con efectos ansiol\u00edticos.<\/p>\n<\/li>\n<li class=\"\" data-start=\"2630\" data-end=\"2695\">\n<p class=\"\" data-start=\"2632\" data-end=\"2695\"><strong data-start=\"2632\" data-end=\"2648\">Mesembrenona<\/strong>: Favorece el alivio del estr\u00e9s y la claridad cognitiva.<\/p>\n<\/li>\n<li class=\"\" data-start=\"2696\" data-end=\"2763\">\n<p class=\"\" data-start=\"2698\" data-end=\"2763\"><strong data-start=\"2698\" data-end=\"2713\">Mesembrenol<\/strong>: Contribuye a la relajaci\u00f3n y al equilibrio emocional.<\/p>\n<\/li>\n<\/ul>\n<p class=\"\" data-start=\"2765\" data-end=\"3047\">Estos alcaloides act\u00faan conjuntamente para proporcionar una experiencia calmante y de concentraci\u00f3n. El <strong data-start=\"2844\" data-end=\"2859\">Extracto 10x<\/strong> contiene una dosis concentrada de estos compuestos beneficiosos, ofreciendo una alternativa potente y natural para quienes buscan apoyo emocional, reducci\u00f3n del estr\u00e9s y mayor claridad mental.<\/p>\n<p data-start=\"3054\" data-end=\"3085\"><strong>Informaci\u00f3n de seguridad importante<\/strong><\/p>\n<p class=\"\" data-start=\"3087\" data-end=\"3223\">Aunque el Kanna se tolera bien en general, debe utilizarse con precauci\u00f3n, especialmente en sus <strong data-start=\"3177\" data-end=\"3192\">Extracto 10x<\/strong> forma. Las principales precauciones son:<\/p>\n<ul data-start=\"3225\" data-end=\"3564\">\n<li class=\"\" data-start=\"3225\" data-end=\"3355\">\n<p class=\"\" data-start=\"3227\" data-end=\"3355\"><strong data-start=\"3227\" data-end=\"3270\">Evitar combinar Kanna con ISRS, IMAO<\/strong>o cualquier medicamento que afecte a la serotonina, ya que pueden producirse interacciones graves.<\/p>\n<\/li>\n<li class=\"\" data-start=\"3356\" data-end=\"3407\">\n<p class=\"\" data-start=\"3358\" data-end=\"3407\"><strong data-start=\"3358\" data-end=\"3407\">No utilizar durante el embarazo o la lactancia.<\/strong><\/p>\n<\/li>\n<li class=\"\" data-start=\"3408\" data-end=\"3564\">\n<p class=\"\" data-start=\"3410\" data-end=\"3564\">Siempre <strong data-start=\"3417\" data-end=\"3450\">consulte a un profesional sanitario<\/strong> antes de empezar a tomar un nuevo suplemento, sobre todo si padece alg\u00fan problema de salud o est\u00e1 tomando medicaci\u00f3n.<\/p>\n<\/li>\n<\/ul>\n<p class=\"\" data-start=\"3566\" data-end=\"3675\">Comenzando con una dosis baja y utilizando Kanna de forma responsable, los usuarios pueden disfrutar de sus beneficios de forma segura y eficaz.<\/p>","protected":false},"excerpt":{"rendered":"<p><span style=\"font-size: 100%;\"><span style=\"color: #000000; font-size: 100%;\">Kanna Extracto 10x , de la planta seca Sceletium tortuosum, es un remedio herbal tradicional sudafricano utilizado para ayudar a elevar el estado de \u00e1nimo y reducir la sensaci\u00f3n de estr\u00e9s y ansiedad. <\/span><\/span><\/p>\n<p><span style=\"font-size: 100%;\"><span style=\"color: #000000; font-size: 100%;\">Se volver\u00e1 m\u00e1s en\u00e9rgico, euf\u00f3rico, sociable y sensible al tacto. Contiene <\/span><span style=\"color: #000000;\">1 gramo.<\/span><br \/>\n<\/span><\/p>","protected":false},"featured_media":126909,"template":"","meta":[],"product_brand":[],"product_cat":[600,297,512,508,476],"product_tag":[],"class_list":{"0":"post-2247","1":"product","2":"type-product","3":"status-publish","4":"has-post-thumbnail","6":"product_cat-mcmystic","7":"product_cat-all-products","8":"product_cat-extracts","9":"product_cat-kanna","10":"product_cat-smartshop","12":"first","13":"instock","14":"taxable","15":"shipping-taxable","16":"purchasable","17":"product-type-simple"},"_links":{"self":[{"href":"https:\/\/www.tatanka.nl\/es\/wp-json\/wp\/v2\/product\/2247","targetHints":{"allow":["GET"]}}],"collection":[{"href":"https:\/\/www.tatanka.nl\/es\/wp-json\/wp\/v2\/product"}],"about":[{"href":"https:\/\/www.tatanka.nl\/es\/wp-json\/wp\/v2\/types\/product"}],"wp:featuredmedia":[{"embeddable":true,"href":"https:\/\/www.tatanka.nl\/es\/wp-json\/wp\/v2\/media\/126909"}],"wp:attachment":[{"href":"https:\/\/www.tatanka.nl\/es\/wp-json\/wp\/v2\/media?parent=2247"}],"wp:term":[{"taxonomy":"product_brand","embeddable":true,"href":"https:\/\/www.tatanka.nl\/es\/wp-json\/wp\/v2\/product_brand?post=2247"},{"taxonomy":"product_cat","embeddable":true,"href":"https:\/\/www.tatanka.nl\/es\/wp-json\/wp\/v2\/product_cat?post=2247"},{"taxonomy":"product_tag","embeddable":true,"href":"https:\/\/www.tatanka.nl\/es\/wp-json\/wp\/v2\/product_tag?post=2247"}],"curies":[{"name":"wp","href":"https:\/\/api.w.org\/{rel}","templated":true}]}}