{"id":2248,"date":"2017-10-06T13:34:21","date_gmt":"2017-10-06T13:34:21","guid":{"rendered":"http:\/\/www.tatanka.nl\/?post_type=product&#038;p=2248"},"modified":"2025-05-20T11:15:38","modified_gmt":"2025-05-20T10:15:38","slug":"kanna-extract-20x-powder-energy-party","status":"publish","type":"product","link":"https:\/\/www.tatanka.nl\/es\/kanna-extract-20x-powder-energy-party\/","title":{"rendered":"Kanna Extracto 20x"},"content":{"rendered":"<h2 class=\"\" data-start=\"109\" data-end=\"126\">\u00bfQu\u00e9 es el Kanna?<\/h2>\n<p class=\"\" data-start=\"128\" data-end=\"594\">Kanna (<em data-start=\"135\" data-end=\"156\">Sceletium tortuosum<\/em>) es un extracto natural de plantas conocido por sus propiedades estimulantes, calmantes y estimulantes del estado de \u00e1nimo. Originaria de Sud\u00e1frica, la Kanna ha sido utilizada durante siglos por los pueblos ind\u00edgenas que masticaban sus hojas para mejorar la claridad mental, reducir el estr\u00e9s y elevar el estado de \u00e1nimo. Hoy en d\u00eda, est\u00e1 disponible en varias formas modernas, incluidos extractos concentrados como el <strong data-start=\"503\" data-end=\"518\">Versi\u00f3n 20x<\/strong>que es aproximadamente 20 veces m\u00e1s fuerte que la planta seca tradicional.<\/p>\n<p class=\"\" data-start=\"596\" data-end=\"898\">El Kanna es apreciado por su capacidad para promover una sensaci\u00f3n de bienestar, reducir la ansiedad, mantener los niveles de energ\u00eda e incluso aumentar la libido. Su creciente popularidad se debe a su eficacia como ayuda natural para el equilibrio emocional y f\u00edsico, ya que no es alucin\u00f3geno pero mejora notablemente el estado de \u00e1nimo y la concentraci\u00f3n.<\/p>\n<h2 class=\"\" data-start=\"905\" data-end=\"928\">Historia del Kanna<\/h2>\n<p class=\"\" data-start=\"930\" data-end=\"1185\">El uso tradicional de la Kanna se remonta a siglos atr\u00e1s en Sud\u00e1frica, donde era un remedio de confianza entre las tribus ind\u00edgenas. A finales del siglo XIX, bot\u00e1nicos holandeses documentaron la planta y la trajeron a Europa, donde sus efectos cobraron inter\u00e9s cient\u00edfico.<\/p>\n<p class=\"\" data-start=\"1187\" data-end=\"1521\">A medida que se desarrollaba la investigaci\u00f3n, el Kanna se refin\u00f3 en formas m\u00e1s concentradas, como el moderno <strong data-start=\"1274\" data-end=\"1289\">Extracto 20x<\/strong>que proporciona los beneficios de la planta de forma m\u00e1s r\u00e1pida e intensa. Aunque las ra\u00edces del Kanna son profundamente culturales, su creciente popularidad en todo el mundo ha dado a conocer este antiguo remedio a un p\u00fablico m\u00e1s amplio que busca alternativas naturales de bienestar.<\/p>\n<h2 class=\"\" data-start=\"1528\" data-end=\"1547\">C\u00f3mo utilizar Kanna<\/h2>\n<p class=\"\" data-start=\"1549\" data-end=\"1730\">La versatilidad del Kanna lo hace accesible a una amplia gama de usuarios, y el <strong data-start=\"1623\" data-end=\"1638\">Extracto 20x<\/strong> proporciona una experiencia m\u00e1s potente en dosis m\u00e1s peque\u00f1as. Los m\u00e9todos populares de consumo incluyen:<\/p>\n<ul data-start=\"1732\" data-end=\"2126\">\n<li class=\"\" data-start=\"1732\" data-end=\"1872\">\n<p class=\"\" data-start=\"1734\" data-end=\"1872\"><strong data-start=\"1734\" data-end=\"1741\">T\u00e9<\/strong>: La infusi\u00f3n del extracto es un m\u00e9todo habitual. Una dosis inicial de <strong data-start=\"1818\" data-end=\"1828\">150 mg<\/strong> suele proporcionar una calma suave y energizante.<\/p>\n<\/li>\n<li class=\"\" data-start=\"1873\" data-end=\"1995\">\n<p class=\"\" data-start=\"1875\" data-end=\"1995\"><strong data-start=\"1875\" data-end=\"1886\">Masticar<\/strong>: Este m\u00e9todo tradicional ofrece un inicio gradual y es adecuado para quienes buscan una experiencia m\u00e1s aut\u00e9ntica.<\/p>\n<\/li>\n<li class=\"\" data-start=\"1996\" data-end=\"2126\">\n<p class=\"\" data-start=\"1998\" data-end=\"2126\"><strong data-start=\"1998\" data-end=\"2021\">Capsules o Polvos<\/strong>: Para mayor comodidad, Kanna tambi\u00e9n puede tomarse en forma de c\u00e1psulas o mezclado en batidos u otras sustancias.<\/p>\n<\/li>\n<\/ul>\n<p class=\"\" data-start=\"2128\" data-end=\"2398\">Dado que el extracto 20x est\u00e1 muy concentrado, los principiantes deber\u00edan <strong data-start=\"2193\" data-end=\"2218\">empezar con una dosis baja<\/strong> y aumentar lentamente seg\u00fan sea necesario. Kanna no causa alucinaciones, por lo que es adecuado para los usuarios que buscan un cambio suave en el estado de \u00e1nimo, la concentraci\u00f3n y la relajaci\u00f3n sin efectos psicod\u00e9licos.<\/p>\n<h2 class=\"\" data-start=\"2405\" data-end=\"2435\">Ingredientes activos en Kanna<\/h2>\n<p class=\"\" data-start=\"2437\" data-end=\"2522\">Los efectos de Kanna se deben en gran medida a su mezcla \u00fanica de <strong data-start=\"2497\" data-end=\"2510\">alcaloides<\/strong>incluyendo:<\/p>\n<ul data-start=\"2524\" data-end=\"2746\">\n<li class=\"\" data-start=\"2524\" data-end=\"2606\">\n<p class=\"\" data-start=\"2526\" data-end=\"2606\"><strong data-start=\"2526\" data-end=\"2540\">Mesembrina<\/strong>: Act\u00faa como un ISRS natural, ayudando a mejorar el estado de \u00e1nimo y reducir la ansiedad.<\/p>\n<\/li>\n<li class=\"\" data-start=\"2607\" data-end=\"2668\">\n<p class=\"\" data-start=\"2609\" data-end=\"2668\"><strong data-start=\"2609\" data-end=\"2625\">Mesembrenona<\/strong>: Contribuye a la calma y a la concentraci\u00f3n mental.<\/p>\n<\/li>\n<li class=\"\" data-start=\"2669\" data-end=\"2746\">\n<p class=\"\" data-start=\"2671\" data-end=\"2746\"><strong data-start=\"2671\" data-end=\"2687\">Tortuosamina<\/strong>: Se cree que favorece tanto el bienestar emocional como la libido.<\/p>\n<\/li>\n<\/ul>\n<p class=\"\" data-start=\"2748\" data-end=\"3044\">Estos compuestos interact\u00faan con el cerebro <strong data-start=\"2790\" data-end=\"2824\">sistemas de serotonina y dopamina<\/strong>Mejorar el estado de \u00e1nimo, aumentar la energ\u00eda y promover la paz interior. El sitio <strong data-start=\"2892\" data-end=\"2907\">Extracto 20x<\/strong> amplifica estos beneficios al concentrar estos alcaloides activos, proporcionando efectos m\u00e1s r\u00e1pidos y potentes que la Kanna seca est\u00e1ndar.<\/p>\n<p data-start=\"3051\" data-end=\"3076\"><strong>Seguridad y precauciones<\/strong><\/p>\n<p class=\"\" data-start=\"3078\" data-end=\"3261\">Debido a su potencia, especialmente en forma de extracto, es importante abordar el Kanna con cuidado. Comience con un <strong data-start=\"3184\" data-end=\"3198\">peque\u00f1a dosis<\/strong> para medir la respuesta de su cuerpo y ajustar gradualmente seg\u00fan sea necesario.<\/p>\n<p class=\"\" data-start=\"3263\" data-end=\"3561\">En general, Kanna se tolera bien, pero su potencia puede variar seg\u00fan las personas. Vigile siempre c\u00f3mo se siente y evite combinar Kanna con medicamentos que afecten a los niveles de serotonina, como los antidepresivos. Si est\u00e1 embarazada, en per\u00edodo de lactancia o tomando alg\u00fan medicamento, consulte a su m\u00e9dico antes de usarlo.<\/p>","protected":false},"excerpt":{"rendered":"<p><span style=\"font-size: 100%; color: #333333;\"><span style=\"color: #000000;\">Kanna Extracto 20x polvo est\u00e1 hecho de la planta Sceletium tortuosum, el sudafricano. Kanna 20x es dos veces m\u00e1s fuerte que Kanna 10x. <\/span><\/span><\/p>\n<p><span style=\"font-size: 100%; color: #333333;\"><span style=\"color: #000000;\">Kanna te proporciona sensaciones excitantes, energ\u00e9ticas, alegres y relajantes al mismo tiempo, reduce los miedos y mejora el estado de \u00e1nimo. Contiene 1 gramo.<\/span><br \/>\n<\/span><\/p>","protected":false},"featured_media":126908,"template":"","meta":[],"product_brand":[],"product_cat":[600,297,512,508,476],"product_tag":[],"class_list":{"0":"post-2248","1":"product","2":"type-product","3":"status-publish","4":"has-post-thumbnail","6":"product_cat-mcmystic","7":"product_cat-all-products","8":"product_cat-extracts","9":"product_cat-kanna","10":"product_cat-smartshop","12":"first","13":"instock","14":"taxable","15":"shipping-taxable","16":"purchasable","17":"product-type-simple"},"_links":{"self":[{"href":"https:\/\/www.tatanka.nl\/es\/wp-json\/wp\/v2\/product\/2248","targetHints":{"allow":["GET"]}}],"collection":[{"href":"https:\/\/www.tatanka.nl\/es\/wp-json\/wp\/v2\/product"}],"about":[{"href":"https:\/\/www.tatanka.nl\/es\/wp-json\/wp\/v2\/types\/product"}],"wp:featuredmedia":[{"embeddable":true,"href":"https:\/\/www.tatanka.nl\/es\/wp-json\/wp\/v2\/media\/126908"}],"wp:attachment":[{"href":"https:\/\/www.tatanka.nl\/es\/wp-json\/wp\/v2\/media?parent=2248"}],"wp:term":[{"taxonomy":"product_brand","embeddable":true,"href":"https:\/\/www.tatanka.nl\/es\/wp-json\/wp\/v2\/product_brand?post=2248"},{"taxonomy":"product_cat","embeddable":true,"href":"https:\/\/www.tatanka.nl\/es\/wp-json\/wp\/v2\/product_cat?post=2248"},{"taxonomy":"product_tag","embeddable":true,"href":"https:\/\/www.tatanka.nl\/es\/wp-json\/wp\/v2\/product_tag?post=2248"}],"curies":[{"name":"wp","href":"https:\/\/api.w.org\/{rel}","templated":true}]}}