{"id":2249,"date":"2017-10-06T13:46:57","date_gmt":"2017-10-06T11:46:57","guid":{"rendered":"http:\/\/www.tatanka.nl\/?post_type=product&#038;p=2249"},"modified":"2026-01-20T12:48:32","modified_gmt":"2026-01-20T11:48:32","slug":"kanna-extract-40x-energy-party-euphoria-powder","status":"publish","type":"product","link":"https:\/\/www.tatanka.nl\/es\/kanna-extract-40x-energy-party-euphoria-powder\/","title":{"rendered":"Kanna Extracto 40x"},"content":{"rendered":"<h2 class=\"\" data-start=\"113\" data-end=\"130\">\u00bfQu\u00e9 es el Kanna?<\/h2>\n<p class=\"\" data-start=\"132\" data-end=\"558\">Kanna, o <em data-start=\"142\" data-end=\"163\">Sceletium tortuosum<\/em>es un potente extracto de hierbas conocido por su combinaci\u00f3n \u00fanica de efectos energizantes y calmantes. Originaria de Sud\u00e1frica, esta planta ha sido utilizada tradicionalmente durante siglos por los pueblos ind\u00edgenas, que masticaban sus hojas para elevar el estado de \u00e1nimo y reducir el estr\u00e9s. En la actualidad, el Kanna est\u00e1 disponible en diversas formas, incluido un extracto 40x muy potente, cuarenta veces m\u00e1s potente que los preparados est\u00e1ndar.<\/p>\n<p class=\"\" data-start=\"560\" data-end=\"968\">Esta versi\u00f3n concentrada proporciona una dosis m\u00e1s fuerte de los compuestos activos de Kanna, ofreciendo una amplia gama de beneficios como un mayor bienestar, mejores niveles de energ\u00eda, reducci\u00f3n de la ansiedad e incluso aumento de la libido. Ya sea preparado en t\u00e9 o masticado en su forma natural, Kanna permite a los usuarios adaptar su experiencia sin el riesgo de alucinaciones, por lo que es una opci\u00f3n segura y adaptable para la mejora del estado de \u00e1nimo.<\/p>\n<h2 class=\"\" data-start=\"975\" data-end=\"998\">Historia del Kanna<\/h2>\n<p class=\"\" data-start=\"1000\" data-end=\"1396\">El Kanna tiene profundas ra\u00edces hist\u00f3ricas que se remontan a las tribus ind\u00edgenas sudafricanas. Mucho antes de que se introdujera en el mundo occidental, las comunidades locales utilizaban la Kanna masticando sus hojas para controlar el estr\u00e9s y mejorar la interacci\u00f3n social. En el siglo XIX, bot\u00e1nicos holandeses descubrieron la planta y la trajeron a Europa, donde empez\u00f3 a ser reconocida por sus propiedades para mejorar el estado de \u00e1nimo.<\/p>\n<p class=\"\" data-start=\"1398\" data-end=\"1770\">A medida que aumentaron los conocimientos sobre la planta, \u00e9sta se proces\u00f3 en extractos m\u00e1s refinados, aumentando significativamente su potencia. Este avance contribuy\u00f3 a que el Kanna ganara terreno en el mercado mundial de suplementos herbales. En la actualidad, su legado perdura tanto en las pr\u00e1cticas tradicionales como en las rutinas modernas de bienestar, y se celebra por su capacidad para promover la claridad mental y el equilibrio emocional.<\/p>\n<h2 class=\"\" data-start=\"1777\" data-end=\"1796\">C\u00f3mo utilizar Kanna<\/h2>\n<p class=\"\" data-start=\"1798\" data-end=\"1897\">El Kanna puede consumirse de m\u00faltiples formas, cada una de las cuales ofrece un efecto distinto en funci\u00f3n de la dosis y el m\u00e9todo:<\/p>\n<ul data-start=\"1899\" data-end=\"2372\">\n<li class=\"\" data-start=\"1899\" data-end=\"2094\">\n<p class=\"\" data-start=\"1901\" data-end=\"2094\"><strong data-start=\"1901\" data-end=\"1908\">T\u00e9<\/strong>: Preparar Kanna como t\u00e9 es uno de los m\u00e9todos m\u00e1s populares, especialmente cuando se utiliza el extracto 40x. Una dosis inicial t\u00edpica es de unos 100 mg, que proporciona una experiencia suave y relajante.<\/p>\n<\/li>\n<li class=\"\" data-start=\"2095\" data-end=\"2262\">\n<p class=\"\" data-start=\"2097\" data-end=\"2262\"><strong data-start=\"2097\" data-end=\"2108\">Masticar<\/strong>: Masticar el extracto reproduce el uso tradicional y a menudo produce efectos m\u00e1s r\u00e1pidos y notables. Empieza con una peque\u00f1a cantidad para evaluar la tolerancia.<\/p>\n<\/li>\n<li class=\"\" data-start=\"2263\" data-end=\"2372\">\n<p class=\"\" data-start=\"2265\" data-end=\"2372\"><strong data-start=\"2265\" data-end=\"2290\">Capsules o Tinctures<\/strong>: Para mayor comodidad, Kanna tambi\u00e9n puede tomarse en forma de c\u00e1psulas o como extracto l\u00edquido.<\/p>\n<\/li>\n<\/ul>\n<p class=\"\" data-start=\"2374\" data-end=\"2596\">Debido a que el Kanna no es alucin\u00f3geno, se considera seguro para aquellos interesados en potenciadores naturales del estado de \u00e1nimo. Sin embargo, es crucial comenzar con dosis bajas y ajustar gradualmente para encontrar el nivel m\u00e1s c\u00f3modo y eficaz.<\/p>\n<h2 class=\"\" data-start=\"2603\" data-end=\"2633\">Ingredientes activos en Kanna<\/h2>\n<p class=\"\" data-start=\"2635\" data-end=\"2770\">La potencia del Kanna procede de un grupo de alcaloides que influyen en el sistema de serotonina del cerebro. Los compuestos m\u00e1s importantes incluyen:<\/p>\n<ul data-start=\"2772\" data-end=\"3036\">\n<li class=\"\" data-start=\"2772\" data-end=\"2903\">\n<p class=\"\" data-start=\"2774\" data-end=\"2903\"><strong data-start=\"2774\" data-end=\"2788\">Mesembrina<\/strong>: Funciona como un ISRS natural (Inhibidor Selectivo de la Recaptaci\u00f3n de Serotonina), ayudando a mejorar el estado de \u00e1nimo y a reducir la ansiedad.<\/p>\n<\/li>\n<li class=\"\" data-start=\"2904\" data-end=\"2965\">\n<p class=\"\" data-start=\"2906\" data-end=\"2965\"><strong data-start=\"2906\" data-end=\"2922\">Mesembrenona<\/strong>: Contribuye a la concentraci\u00f3n mental y a la calma.<\/p>\n<\/li>\n<li class=\"\" data-start=\"2966\" data-end=\"3036\">\n<p class=\"\" data-start=\"2968\" data-end=\"3036\"><strong data-start=\"2968\" data-end=\"2983\">Mesembrenol<\/strong>: Potencia los efectos relajantes y equilibrantes de la planta.<\/p>\n<\/li>\n<\/ul>\n<p class=\"\" data-start=\"3038\" data-end=\"3333\">Estos compuestos est\u00e1n especialmente concentrados en el extracto 40x, lo que lo convierte en una opci\u00f3n muy eficaz para los usuarios que buscan resultados terap\u00e9uticos m\u00e1s potentes. Esta potencia permite dosis m\u00e1s peque\u00f1as y una mayor flexibilidad en el uso del suplemento, ya sea para el bienestar diario o para el alivio ocasional del estr\u00e9s.<\/p>\n<p data-start=\"3340\" data-end=\"3365\"><strong>Seguridad y precauciones<\/strong><\/p>\n<p class=\"\" data-start=\"3367\" data-end=\"3565\">Aunque el Kanna se tolera bien en general, hay que tener precauci\u00f3n, sobre todo cuando se utiliza el extracto concentrado 40x. Comience con una dosis baja y aum\u00e9ntela lentamente s\u00f3lo si es necesario para evitar efectos secundarios.<\/p>\n<p class=\"\" data-start=\"3567\" data-end=\"3831\">Evite combinar Kanna con otras sustancias que influyan en la serotonina, como los antidepresivos, ya que esto puede causar interacciones adversas. Adem\u00e1s, las personas embarazadas, en periodo de lactancia o que est\u00e9n tomando medicamentos deben consultar a un profesional sanitario antes de utilizarlo.<\/p>\n<p class=\"\" data-start=\"3838\" data-end=\"3915\">","protected":false},"excerpt":{"rendered":"<p><span style=\"font-size: 100%; color: #333333;\"><span style=\"color: #000000;\">Kanna Extract 40x es el extracto m\u00e1s potente de la colecci\u00f3n Kanna. Hecho de la planta sudafricana Sceletium tortuosum. Este Kanna Extracto eleva su estado de \u00e1nimo, reduce la sensaci\u00f3n de estr\u00e9s y ansiedad. <\/span><\/span><\/p>\n<p><span style=\"font-size: 100%; color: #333333;\"><span style=\"color: #000000;\">\u00a1Experimente una mayor energ\u00eda, sensibilidad al tacto y un aumento de la libido! Contiene 1 gramo.<\/span><br \/>\n<\/span><\/p>","protected":false},"featured_media":126905,"template":"","meta":[],"product_brand":[],"product_cat":[600,297,512,508,476,514],"product_tag":[],"class_list":{"0":"post-2249","1":"product","2":"type-product","3":"status-publish","4":"has-post-thumbnail","6":"product_cat-mcmystic","7":"product_cat-all-products","8":"product_cat-extracts","9":"product_cat-kanna","10":"product_cat-smartshop","11":"product_cat-smartshop-top-10","13":"first","14":"instock","15":"taxable","16":"shipping-taxable","17":"purchasable","18":"product-type-simple"},"_links":{"self":[{"href":"https:\/\/www.tatanka.nl\/es\/wp-json\/wp\/v2\/product\/2249","targetHints":{"allow":["GET"]}}],"collection":[{"href":"https:\/\/www.tatanka.nl\/es\/wp-json\/wp\/v2\/product"}],"about":[{"href":"https:\/\/www.tatanka.nl\/es\/wp-json\/wp\/v2\/types\/product"}],"wp:featuredmedia":[{"embeddable":true,"href":"https:\/\/www.tatanka.nl\/es\/wp-json\/wp\/v2\/media\/126905"}],"wp:attachment":[{"href":"https:\/\/www.tatanka.nl\/es\/wp-json\/wp\/v2\/media?parent=2249"}],"wp:term":[{"taxonomy":"product_brand","embeddable":true,"href":"https:\/\/www.tatanka.nl\/es\/wp-json\/wp\/v2\/product_brand?post=2249"},{"taxonomy":"product_cat","embeddable":true,"href":"https:\/\/www.tatanka.nl\/es\/wp-json\/wp\/v2\/product_cat?post=2249"},{"taxonomy":"product_tag","embeddable":true,"href":"https:\/\/www.tatanka.nl\/es\/wp-json\/wp\/v2\/product_tag?post=2249"}],"curies":[{"name":"wp","href":"https:\/\/api.w.org\/{rel}","templated":true}]}}