{"id":2276,"date":"2017-10-06T16:19:10","date_gmt":"2017-10-06T16:19:10","guid":{"rendered":"http:\/\/www.tatanka.nl\/?post_type=product&#038;p=2276"},"modified":"2025-05-20T11:13:39","modified_gmt":"2025-05-20T10:13:39","slug":"after-recovery-party-pills-capsules","status":"publish","type":"product","link":"https:\/\/www.tatanka.nl\/es\/after-recovery-party-pills-capsules\/","title":{"rendered":"After-E - Recovery"},"content":{"rendered":"<h2><span style=\"font-size: 95%; color: #000000;\">After-E - Recovery de XTC y MDMA<\/span><\/h2>\n<h2 data-start=\"0\" data-end=\"21\">\u00bfQu\u00e9 es After E?<\/h2>\n<p data-start=\"22\" data-end=\"503\">After E es un suplemento diet\u00e9tico especialmente formulado para apoyar la recuperaci\u00f3n de su cuerpo despu\u00e9s de una intensa noche de fiesta. Esta mezcla \u00fanica incluye un <strong data-start=\"173\" data-end=\"239\">multivitam\u00ednico, una c\u00e1psula de guaran\u00e1 y dos c\u00e1psulas de L-tript\u00f3fano.<\/strong>trabajando juntos para <strong data-start=\"261\" data-end=\"352\">restaura los nutrientes esenciales, elimina las toxinas y reequilibra los niveles de vitaminas y minerales<\/strong>. Tomando After E al d\u00eda siguiente, junto con una hidrataci\u00f3n adecuada, puede potenciar el proceso de recuperaci\u00f3n natural de su cuerpo y sentirse rejuvenecido m\u00e1s r\u00e1pidamente.<\/p>\n<h2 data-start=\"505\" data-end=\"528\">Historia de After E<\/h2>\n<p data-start=\"529\" data-end=\"774\">After E se desarroll\u00f3 en respuesta a la creciente demanda de una soluci\u00f3n fiable para la recuperaci\u00f3n tras un esfuerzo excesivo. A lo largo de los a\u00f1os, la industria de la salud y el bienestar se ha centrado en la creaci\u00f3n de suplementos que restauren el equilibrio natural del organismo.<\/p>\n<p data-start=\"776\" data-end=\"1062\">La investigaci\u00f3n cient\u00edfica ha puesto de relieve los beneficios de <strong data-start=\"828\" data-end=\"856\">guaran\u00e1 y L-tript\u00f3fano<\/strong> para restablecer la energ\u00eda y mejorar el estado de \u00e1nimo. Al combinar estos ingredientes con vitaminas esenciales, After E proporciona un <strong data-start=\"974\" data-end=\"1006\">soluci\u00f3n de recuperaci\u00f3n todo en uno<\/strong> que se ajusta a los estilos de vida modernos y preocupados por la salud.<\/p>\n<h2 data-start=\"1064\" data-end=\"1087\">C\u00f3mo utilizar After E<\/h2>\n<p data-start=\"1088\" data-end=\"1149\">Para obtener resultados \u00f3ptimos, siga estos pasos cuando utilice After E:<\/p>\n<ol data-start=\"1151\" data-end=\"1617\">\n<li data-start=\"1151\" data-end=\"1268\"><strong data-start=\"1154\" data-end=\"1196\">Toma After E al d\u00eda siguiente de una noche de fiesta<\/strong> con <strong data-start=\"1202\" data-end=\"1229\">De 1 a 4 vasos de agua<\/strong> para favorecer la hidrataci\u00f3n y la desintoxicaci\u00f3n.<\/li>\n<li data-start=\"1269\" data-end=\"1505\"><strong data-start=\"1272\" data-end=\"1300\">Consumir la raci\u00f3n completa<\/strong>que incluye:\n<ul data-start=\"1323\" data-end=\"1505\">\n<li data-start=\"1323\" data-end=\"1369\"><strong data-start=\"1325\" data-end=\"1343\">1 multivitam\u00ednico<\/strong> para nutrientes esenciales<\/li>\n<li data-start=\"1373\" data-end=\"1423\"><strong data-start=\"1375\" data-end=\"1396\">1 c\u00e1psula de guaran\u00e1<\/strong> para la energ\u00eda y el estado de alerta<\/li>\n<li data-start=\"1427\" data-end=\"1505\"><strong data-start=\"1429\" data-end=\"1456\">2 c\u00e1psulas de L-tript\u00f3fano<\/strong> para favorecer la producci\u00f3n de serotonina y la relajaci\u00f3n<\/li>\n<\/ul>\n<\/li>\n<li data-start=\"1506\" data-end=\"1617\"><strong data-start=\"1509\" data-end=\"1526\">Mant\u00e9ngase hidratado<\/strong> para potenciar los efectos del suplemento y apoyar los procesos metab\u00f3licos naturales del organismo.<\/li>\n<\/ol>\n<p data-start=\"1619\" data-end=\"1761\">Mientras que After E repone eficazmente los nutrientes, manteniendo un <strong data-start=\"1682\" data-end=\"1723\">dieta equilibrada y descansar lo suficiente<\/strong> mejorar\u00e1 a\u00fan m\u00e1s su recuperaci\u00f3n.<\/p>\n<h2 data-start=\"1763\" data-end=\"1790\">Ingredientes de After E<\/h2>\n<p data-start=\"1791\" data-end=\"1880\">Despu\u00e9s de que E contenga un <strong data-start=\"1810\" data-end=\"1851\">poderosa mezcla de nutrientes esenciales<\/strong> para ayudar a tu cuerpo a recuperarse:<\/p>\n<ul data-start=\"1882\" data-end=\"2274\">\n<li data-start=\"1882\" data-end=\"2027\"><strong data-start=\"1884\" data-end=\"1900\">Multivitam\u00ednico<\/strong> - Repone las vitaminas y minerales vitales perdidos durante la actividad intensa, restaurando el equilibrio y favoreciendo el bienestar general.<\/li>\n<li data-start=\"2028\" data-end=\"2137\"><strong data-start=\"2030\" data-end=\"2041\">Guaran\u00e1<\/strong> - Una fuente natural de cafe\u00edna que favorece <strong data-start=\"2084\" data-end=\"2114\">estado de alerta, reduce la fatiga<\/strong>y mejora la concentraci\u00f3n.<\/li>\n<li data-start=\"2138\" data-end=\"2274\"><strong data-start=\"2140\" data-end=\"2156\">L-tript\u00f3fano<\/strong> - Un amino\u00e1cido esencial que favorece <strong data-start=\"2197\" data-end=\"2221\">producci\u00f3n de serotonina<\/strong>mejorando el estado de \u00e1nimo, la relajaci\u00f3n y la recuperaci\u00f3n general.<\/li>\n<\/ul>\n<p data-start=\"2276\" data-end=\"2473\">Estos ingredientes se combinan para proporcionar <strong data-start=\"2321\" data-end=\"2356\">soluci\u00f3n integral de recuperaci\u00f3n<\/strong>por lo que After E es un suplemento esencial para quienes buscan <strong data-start=\"2418\" data-end=\"2470\">recuperarse r\u00e1pidamente y favorecer su bienestar<\/strong>.<\/p>\n<p data-start=\"2475\" data-end=\"2487\"><strong>Advertencia<\/strong><\/p>\n<p data-start=\"2488\" data-end=\"2818\" data-is-last-node=\"\">Se trata de un suplemento diet\u00e9tico y debe utilizarse como tal. No utilice After E como sustituto de una dieta variada. La dosis recomendada es el contenido completo del envase. No exceda la dosis diaria recomendada. Si padece alguna enfermedad subyacente o est\u00e1 tomando medicaci\u00f3n, consulte a un profesional sanitario antes de utilizarlo.<\/p>","protected":false},"excerpt":{"rendered":"<p><span style=\"font-size: 100%; color: #000000;\">\u00bfTe sientes cansado y deca\u00eddo despu\u00e9s de una fiesta por haber bebido demasiado o por haber tomado demasiadas drogas como MDMA o XTC? After-E est\u00e1 lleno de vitaminas y amino\u00e1cidos que recuperar\u00e1n tu estado de \u00e1nimo y tu cuerpo a la normalidad.<br \/>\n<\/span><\/p>","protected":false},"featured_media":14679,"template":"","meta":[],"product_brand":[],"product_cat":[475,297,522,481,533],"product_tag":[],"class_list":{"0":"post-2276","1":"product","2":"type-product","3":"status-publish","4":"has-post-thumbnail","6":"product_cat-healthshop","7":"product_cat-all-products","8":"product_cat-detox","9":"product_cat-healthshop-top-10","10":"product_cat-recovery","12":"first","13":"instock","14":"taxable","15":"shipping-taxable","16":"purchasable","17":"product-type-variable"},"_links":{"self":[{"href":"https:\/\/www.tatanka.nl\/es\/wp-json\/wp\/v2\/product\/2276","targetHints":{"allow":["GET"]}}],"collection":[{"href":"https:\/\/www.tatanka.nl\/es\/wp-json\/wp\/v2\/product"}],"about":[{"href":"https:\/\/www.tatanka.nl\/es\/wp-json\/wp\/v2\/types\/product"}],"wp:featuredmedia":[{"embeddable":true,"href":"https:\/\/www.tatanka.nl\/es\/wp-json\/wp\/v2\/media\/14679"}],"wp:attachment":[{"href":"https:\/\/www.tatanka.nl\/es\/wp-json\/wp\/v2\/media?parent=2276"}],"wp:term":[{"taxonomy":"product_brand","embeddable":true,"href":"https:\/\/www.tatanka.nl\/es\/wp-json\/wp\/v2\/product_brand?post=2276"},{"taxonomy":"product_cat","embeddable":true,"href":"https:\/\/www.tatanka.nl\/es\/wp-json\/wp\/v2\/product_cat?post=2276"},{"taxonomy":"product_tag","embeddable":true,"href":"https:\/\/www.tatanka.nl\/es\/wp-json\/wp\/v2\/product_tag?post=2276"}],"curies":[{"name":"wp","href":"https:\/\/api.w.org\/{rel}","templated":true}]}}