{"id":2278,"date":"2017-10-06T16:28:58","date_gmt":"2017-10-06T16:28:58","guid":{"rendered":"http:\/\/www.tatanka.nl\/?post_type=product&#038;p=2278"},"modified":"2025-05-20T11:13:33","modified_gmt":"2025-05-20T10:13:33","slug":"after-c-cocaine-speed-recovery-vitamines-amino-pills-capsules","status":"publish","type":"product","link":"https:\/\/www.tatanka.nl\/es\/after-c-cocaine-speed-recovery-vitamines-amino-pills-capsules\/","title":{"rendered":"After-C - Recovery"},"content":{"rendered":"<h2><span style=\"color: #000000; font-size: 95%;\">After-C - Recovery de Coke and Speed<\/span><span style=\"font-size: 100%; color: #dd9933;\"><strong><br \/>\n<\/strong><\/span><\/h2>\n<h2 data-start=\"0\" data-end=\"21\">\u00bfQu\u00e9 es After-C?<\/h2>\n<p data-start=\"22\" data-end=\"542\">After C es un suplemento diet\u00e9tico formulado para aliviar las molestias de la resaca y apoyar el proceso de recuperaci\u00f3n natural de su cuerpo. Su potente mezcla de ingredientes, incluyendo vitaminas esenciales, 5-HTP y Guaran\u00e1, ayuda a desintoxicar el cuerpo y reponer los nutrientes perdidos. Al restaurar la hidrataci\u00f3n y equilibrar las deficiencias de vitaminas y minerales, After C le ayuda a recuperarse m\u00e1s r\u00e1pidamente y a sentirse revitalizado. Tanto si necesita recuperarse despu\u00e9s de una noche de fiesta como si simplemente desea un apoyo adicional para su bienestar, After C es la soluci\u00f3n perfecta.<\/p>\n<p data-start=\"544\" data-end=\"829\">Esta f\u00f3rmula cuidadosamente elaborada asegura que su cuerpo reciba los nutrientes que necesita para una recuperaci\u00f3n \u00f3ptima. Con 5-HTP que mejora el estado de \u00e1nimo, guaran\u00e1 energizante y vitaminas esenciales, After C trabaja en armon\u00eda con su sistema para ayudar a desintoxicar, restaurar el equilibrio y recuperar la energ\u00eda despu\u00e9s de una larga noche.<\/p>\n<h2 data-start=\"831\" data-end=\"854\">Historia de After-C<\/h2>\n<p data-start=\"855\" data-end=\"1203\">After C se desarroll\u00f3 para tratar un problema com\u00fan: la resaca. Aunque se han introducido varios suplementos para aliviar los s\u00edntomas de la resaca, After C destaca por su f\u00f3rmula \u00fanica, respaldada por la ciencia. Dise\u00f1ado no s\u00f3lo para ayudar a la recuperaci\u00f3n, sino tambi\u00e9n para promover la salud en general, este suplemento ayuda al cuerpo a eliminar toxinas y restablecer su equilibrio natural.<\/p>\n<p data-start=\"1205\" data-end=\"1545\">La demanda de remedios eficaces y seguros contra la resaca ha crecido a lo largo de los a\u00f1os, lo que ha llevado a la creaci\u00f3n de After C, una mezcla de remedios tradicionales y ciencia nutricional moderna. Sus ingredientes cuidadosamente seleccionados reflejan las \u00faltimas investigaciones en salud y bienestar, garantizando que cada componente desempe\u00f1e un papel vital en la desintoxicaci\u00f3n y la recuperaci\u00f3n.<\/p>\n<p data-start=\"1547\" data-end=\"1798\">Hoy en d\u00eda, After C se ha convertido en una soluci\u00f3n de confianza para muchos que buscan una forma sencilla y eficaz de apoyar a sus cuerpos despu\u00e9s de beber. A medida que m\u00e1s personas recurren a los suplementos para la salud y el bienestar, After C sigue siendo una herramienta valiosa para la recuperaci\u00f3n r\u00e1pida.<\/p>\n<h2 data-start=\"1800\" data-end=\"1823\">C\u00f3mo utilizar After-C<\/h2>\n<p data-start=\"1824\" data-end=\"1864\">Utilizar After C es sencillo y eficaz:<\/p>\n<ol data-start=\"1866\" data-end=\"2197\">\n<li data-start=\"1866\" data-end=\"1932\">Tome la dosis recomendada al d\u00eda siguiente de consumir alcohol.<\/li>\n<li data-start=\"1933\" data-end=\"2040\">Beba <strong data-start=\"1942\" data-end=\"1969\">De 1 a 4 vasos de agua<\/strong> junto con el suplemento para mantenerse hidratado y ayudar a eliminar toxinas.<\/li>\n<li data-start=\"2041\" data-end=\"2197\">Para obtener los mejores resultados, tome After C lo antes posible despu\u00e9s de sentir los efectos de la resaca. No obstante, puede seguir aportando beneficios aunque se tome m\u00e1s tarde.<\/li>\n<\/ol>\n<p data-start=\"2199\" data-end=\"2427\">El proceso de hidrataci\u00f3n es crucial para permitir que su cuerpo se recupere, mientras que After C trabaja para restablecer el equilibrio. El guaran\u00e1 proporciona un suave impulso de energ\u00eda para combatir la fatiga, mientras que el 5-HTP ayuda a regular el estado de \u00e1nimo, promoviendo el bienestar general.<\/p>\n<p data-start=\"2429\" data-end=\"2532\">Incorpora After C a tu rutina de recuperaci\u00f3n para un rebote m\u00e1s r\u00e1pido y suave despu\u00e9s de una larga noche.<\/p>\n<h2 data-start=\"2534\" data-end=\"2561\">Ingredientes del After-C<\/h2>\n<p data-start=\"2562\" data-end=\"2642\">After C contiene tres ingredientes clave que act\u00faan conjuntamente para favorecer la recuperaci\u00f3n:<\/p>\n<ul data-start=\"2644\" data-end=\"3122\">\n<li data-start=\"2644\" data-end=\"2787\"><strong data-start=\"2646\" data-end=\"2658\">Vitamins<\/strong> - Esenciales para el apoyo inmunol\u00f3gico, la producci\u00f3n de energ\u00eda y la funci\u00f3n metab\u00f3lica. Estos nutrientes ayudan al organismo a recuperarse eficazmente.<\/li>\n<li data-start=\"2788\" data-end=\"2961\"><strong data-start=\"2790\" data-end=\"2799\">5-HTP<\/strong> - Compuesto natural derivado de las semillas de Griffonia simplicifolia. Aumenta los niveles de serotonina, mejorando el estado de \u00e1nimo y combatiendo el cansancio, la irritabilidad o la falta de energ\u00eda.<\/li>\n<li data-start=\"2962\" data-end=\"3122\"><strong data-start=\"2964\" data-end=\"2975\">Guaran\u00e1<\/strong> - Estimulante natural rico en cafe\u00edna que mejora el estado de alerta y aporta energ\u00eda para contrarrestar el cansancio y la niebla cerebral provocados por la resaca.<\/li>\n<\/ul>\n<p data-start=\"3124\" data-end=\"3259\">Juntos, estos ingredientes crean un <strong data-start=\"3161\" data-end=\"3190\">potente f\u00f3rmula de recuperaci\u00f3n<\/strong>, ayudando a su cuerpo a desintoxicarse, rehidratarse y recuperar la energ\u00eda r\u00e1pidamente.<\/p>\n<p data-start=\"3261\" data-end=\"3273\"><strong>Advertencia<\/strong><\/p>\n<p data-start=\"3274\" data-end=\"3463\" data-is-last-node=\"\">Este producto es un suplemento diet\u00e9tico y debe utilizarse como tal. No lo utilice como sustituto de una dieta variada. Siga las instrucciones de la dosis recomendada y no exceda el l\u00edmite diario.<\/p>","protected":false},"excerpt":{"rendered":"<p><span style=\"font-size: 100%; color: #000000;\">\u00bfHas estado de fiesta toda la noche con speed o coca\u00edna? \u00bfSe siente agotado y deprimido? After-C contiene todas las vitaminas y amino\u00e1cidos que necesita para recuperar su cuerpo y su estado de \u00e1nimo. <\/span><span style=\"font-size: 100%; color: #000000;\">\u00a1Descarga la sustancia t\u00f3xica, Estabiliza tu estado de \u00e1nimo!<br \/>\n<\/span><\/p>","protected":false},"featured_media":14683,"template":"","meta":[],"product_brand":[],"product_cat":[475,297,522,481,533],"product_tag":[],"class_list":{"0":"post-2278","1":"product","2":"type-product","3":"status-publish","4":"has-post-thumbnail","6":"product_cat-healthshop","7":"product_cat-all-products","8":"product_cat-detox","9":"product_cat-healthshop-top-10","10":"product_cat-recovery","12":"first","13":"instock","14":"taxable","15":"shipping-taxable","16":"purchasable","17":"product-type-variable"},"_links":{"self":[{"href":"https:\/\/www.tatanka.nl\/es\/wp-json\/wp\/v2\/product\/2278","targetHints":{"allow":["GET"]}}],"collection":[{"href":"https:\/\/www.tatanka.nl\/es\/wp-json\/wp\/v2\/product"}],"about":[{"href":"https:\/\/www.tatanka.nl\/es\/wp-json\/wp\/v2\/types\/product"}],"wp:featuredmedia":[{"embeddable":true,"href":"https:\/\/www.tatanka.nl\/es\/wp-json\/wp\/v2\/media\/14683"}],"wp:attachment":[{"href":"https:\/\/www.tatanka.nl\/es\/wp-json\/wp\/v2\/media?parent=2278"}],"wp:term":[{"taxonomy":"product_brand","embeddable":true,"href":"https:\/\/www.tatanka.nl\/es\/wp-json\/wp\/v2\/product_brand?post=2278"},{"taxonomy":"product_cat","embeddable":true,"href":"https:\/\/www.tatanka.nl\/es\/wp-json\/wp\/v2\/product_cat?post=2278"},{"taxonomy":"product_tag","embeddable":true,"href":"https:\/\/www.tatanka.nl\/es\/wp-json\/wp\/v2\/product_tag?post=2278"}],"curies":[{"name":"wp","href":"https:\/\/api.w.org\/{rel}","templated":true}]}}