{"id":2368,"date":"2017-10-07T13:40:38","date_gmt":"2017-10-07T11:40:38","guid":{"rendered":"http:\/\/www.tatanka.nl\/?post_type=product&#038;p=2368"},"modified":"2026-02-23T00:48:28","modified_gmt":"2026-02-22T23:48:28","slug":"maeng-da-pills-capsules-mitragyna-speciosa-kratom","status":"publish","type":"product","link":"https:\/\/www.tatanka.nl\/es\/maeng-da-pills-capsules-mitragyna-speciosa-kratom\/","title":{"rendered":"Maeng Da Kratom Caps"},"content":{"rendered":"<h2 data-start=\"347\" data-end=\"375\">\u00bfQu\u00e9 son Kratom Capsules?<\/h2>\n<p data-start=\"377\" data-end=\"766\">Kratom Capsules son una forma f\u00e1cil y c\u00f3moda de disfrutar de los beneficios de la Kratom, una planta tropical originaria del sudeste asi\u00e1tico. Las c\u00e1psulas contienen una potente combinaci\u00f3n de extracto de Mitragyna speciosa 15x y polvo de Maeng Da Red Kratom, ambos conocidos por sus propiedades energizantes y calmantes. Una peque\u00f1a dosis de cafe\u00edna potencia los efectos generales, proporcionando una experiencia estimulante y de concentraci\u00f3n.<\/p>\n<p data-start=\"768\" data-end=\"1267\">Estas c\u00e1psulas proporcionan una dosis precisa de 500mg por c\u00e1psula, eliminando la necesidad de medir o mezclar polvos. Esto hace que Kratom Capsules sea una gran opci\u00f3n para cualquiera que busque una experiencia Kratom controlada y consistente. Tanto si buscas una relajaci\u00f3n suave como una estimulaci\u00f3n m\u00e1s fuerte, Kratom Capsules puede ajustarse seg\u00fan el efecto que desees. Son perfectas para aquellos que prefieren la simplicidad y facilidad de las c\u00e1psulas pre-medidas sin dejar de experimentar todos los efectos de Kratom.<\/p>\n<h2 data-start=\"1274\" data-end=\"1303\">Historia de Kratom Capsules<\/h2>\n<p data-start=\"1305\" data-end=\"1741\">El Kratom tiene una larga historia de uso en el sudeste asi\u00e1tico, donde se ha utilizado durante siglos. Tradicionalmente, los lugare\u00f1os masticaban hojas de Kratom para aumentar la energ\u00eda y la concentraci\u00f3n, o para aliviar el dolor. El uso de la Kratom ha evolucionado con el tiempo, y hoy en d\u00eda se consume ampliamente en diversas formas, incluidos polvos, t\u00e9s y extractos. Las Capsules son una soluci\u00f3n m\u00e1s moderna, desarrollada para que la Kratom sea m\u00e1s f\u00e1cil de usar y m\u00e1s accesible para los usuarios de todo el mundo.<\/p>\n<p data-start=\"1743\" data-end=\"2254\">El formato en c\u00e1psulas del Kratom ofrece una alternativa a los m\u00e9todos de consumo tradicionales al proporcionar una dosis controlada en una forma c\u00f3moda. Con la introducci\u00f3n de extractos como la versi\u00f3n 15x utilizada en estas c\u00e1psulas, el Kratom se hizo mucho m\u00e1s potente, requiriendo dosis m\u00e1s peque\u00f1as para efectos m\u00e1s fuertes. Esta innovaci\u00f3n en los productos Kratom ha llevado a un mayor inter\u00e9s mundial en las c\u00e1psulas Kratom, ya que son f\u00e1ciles de usar y ofrecen los mismos beneficios que otras formas de Kratom con el beneficio a\u00f1adido de la comodidad.<\/p>\n<h2 data-start=\"2261\" data-end=\"2290\">C\u00f3mo utilizar Kratom Capsules<\/h2>\n<p data-start=\"2292\" data-end=\"2666\">El uso de Kratom Capsules es f\u00e1cil y c\u00f3modo. La dosis recomendada depende de su peso corporal, sensibilidad y efecto deseado. Los principiantes deben comenzar con 1 c\u00e1psula, ya que esto proporcionar\u00e1 un efecto leve. Para efectos moderados, puede tomar de 2 a 3 c\u00e1psulas, y para un efecto m\u00e1s fuerte, puede necesitar de 3 a 5 c\u00e1psulas. Las c\u00e1psulas est\u00e1n premedidas, lo que garantiza la precisi\u00f3n de cada dosis.<\/p>\n<p data-start=\"2668\" data-end=\"3112\">Basta con tragar las c\u00e1psulas con agua, ya sea con el est\u00f3mago vac\u00edo para efectos m\u00e1s r\u00e1pidos o con alimentos si se prefiere. Las c\u00e1psulas de Kratom est\u00e1n dise\u00f1adas para ser f\u00e1ciles de consumir, por lo que son ideales para las personas que prefieren no lidiar con polvos o l\u00edquidos. Para obtener resultados consistentes, es importante seguir la dosis recomendada y evitar exceder la ingesta m\u00e1xima sugerida. Tenga en cuenta c\u00f3mo reacciona su cuerpo a Kratom y ajustar su dosis en consecuencia.<\/p>\n<h2 data-start=\"3119\" data-end=\"3152\">Ingredientes de Maeng Da Kratom Capsules<\/h2>\n<p data-start=\"3154\" data-end=\"3598\">Cada c\u00e1psula de Kratom contiene una potente mezcla de ingredientes dise\u00f1ados para ofrecer efectos equilibrados y eficaces. El ingrediente principal es el extracto de Mitragyna speciosa 15x, una forma concentrada de Kratom que proporciona los alcaloides clave de una forma m\u00e1s potente y de acci\u00f3n m\u00e1s r\u00e1pida. El extracto 15x garantiza que los usuarios experimenten efectos m\u00e1s potentes con dosis m\u00e1s peque\u00f1as, lo que hace que estas c\u00e1psulas sean m\u00e1s eficaces en comparaci\u00f3n con el polvo o las hojas secas de Kratom normales.<\/p>\n<p data-start=\"3600\" data-end=\"4096\">Adem\u00e1s del extracto, las c\u00e1psulas tambi\u00e9n contienen polvo de Maeng Da Red Kratom, conocido por su capacidad para potenciar tanto la relajaci\u00f3n como la energ\u00eda. Esta combinaci\u00f3n de ingredientes ayuda a proporcionar una experiencia equilibrada, tanto si buscas relajarte como mantenerte alerta. Una peque\u00f1a dosis de cafe\u00edna (5 mg) se incluye para a\u00f1adir un efecto estimulante suave, mejorando la concentraci\u00f3n y aumentando la energ\u00eda sin causar nerviosismo. Estos ingredientes trabajan juntos para crear una experiencia Kratom \u00fanica en cada c\u00e1psula.<\/p>\n<p data-start=\"4103\" data-end=\"4506\" data-is-last-node=\"\"><strong data-start=\"4103\" data-end=\"4114\">Advertencia<\/strong><br data-start=\"4114\" data-end=\"4117\" \/>Utilizar con precauci\u00f3n. La venta y el uso de Kratom Capsules est\u00e1n prohibidos a menores de 18 a\u00f1os. No utilizar mientras se conduce un veh\u00edculo a motor o se maneja maquinaria, si est\u00e1 embarazada o en per\u00edodo de lactancia, o si est\u00e1 tomando medicamentos con o sin receta o drogas. Mant\u00e9ngase fuera del alcance de los ni\u00f1os. Este producto no ha sido evaluado por la FDA y no est\u00e1 concebido como medicamento.<\/p>","protected":false},"excerpt":{"rendered":"<p>Kratom Capsules combina el poder del extracto de Mitragyna speciosa 15x, polvo de Maeng Da Red Kratom y cafe\u00edna para crear una mezcla equilibrada de energ\u00eda y relajaci\u00f3n. Con 20 c\u00e1psulas por frasco, cada una conteniendo una potente f\u00f3rmula de 500mg, estas c\u00e1psulas ofrecen una dosificaci\u00f3n precisa tanto para principiantes como para usuarios experimentados de Kratom.<\/p>","protected":false},"featured_media":126076,"template":"","meta":[],"product_brand":[],"product_cat":[599,297,477,509,525,510,511,530,476],"product_tag":[],"class_list":{"0":"post-2368","1":"product","2":"type-product","3":"status-publish","4":"has-post-thumbnail","6":"product_cat-kratopia","7":"product_cat-all-products","8":"product_cat-herbs","9":"product_cat-kratom","10":"product_cat-party-pills","11":"product_cat-relax","12":"product_cat-relax-herbs","13":"product_cat-relax-pills","14":"product_cat-smartshop","15":"product_shipping_class-creditcard-off","17":"first","18":"instock","19":"taxable","20":"shipping-taxable","21":"purchasable","22":"product-type-variable"},"_links":{"self":[{"href":"https:\/\/www.tatanka.nl\/es\/wp-json\/wp\/v2\/product\/2368","targetHints":{"allow":["GET"]}}],"collection":[{"href":"https:\/\/www.tatanka.nl\/es\/wp-json\/wp\/v2\/product"}],"about":[{"href":"https:\/\/www.tatanka.nl\/es\/wp-json\/wp\/v2\/types\/product"}],"wp:featuredmedia":[{"embeddable":true,"href":"https:\/\/www.tatanka.nl\/es\/wp-json\/wp\/v2\/media\/126076"}],"wp:attachment":[{"href":"https:\/\/www.tatanka.nl\/es\/wp-json\/wp\/v2\/media?parent=2368"}],"wp:term":[{"taxonomy":"product_brand","embeddable":true,"href":"https:\/\/www.tatanka.nl\/es\/wp-json\/wp\/v2\/product_brand?post=2368"},{"taxonomy":"product_cat","embeddable":true,"href":"https:\/\/www.tatanka.nl\/es\/wp-json\/wp\/v2\/product_cat?post=2368"},{"taxonomy":"product_tag","embeddable":true,"href":"https:\/\/www.tatanka.nl\/es\/wp-json\/wp\/v2\/product_tag?post=2368"}],"curies":[{"name":"wp","href":"https:\/\/api.w.org\/{rel}","templated":true}]}}