{"id":2370,"date":"2017-10-07T13:51:08","date_gmt":"2017-10-07T13:51:08","guid":{"rendered":"http:\/\/www.tatanka.nl\/?post_type=product&#038;p=2370"},"modified":"2025-11-18T15:37:59","modified_gmt":"2025-11-18T14:37:59","slug":"kratom-bali-capsules-pills-caps-mitragyna-speciosa","status":"publish","type":"product","link":"https:\/\/www.tatanka.nl\/es\/kratom-bali-capsules-pills-caps-mitragyna-speciosa\/","title":{"rendered":"Bali Kratom Caps"},"content":{"rendered":"<h2 data-start=\"391\" data-end=\"419\">\u00bfQu\u00e9 son Kratom Capsules?<\/h2>\n<p data-start=\"421\" data-end=\"932\">Kratom Capsules son una forma c\u00f3moda y eficaz de consumir Kratom, una planta originaria del sudeste asi\u00e1tico. Estas c\u00e1psulas contienen una potente mezcla de extracto de Mitragyna speciosa 15x, polvo de Bali Blanco y una peque\u00f1a dosis de cafe\u00edna. El extracto proporciona los compuestos activos clave de Kratom en una forma concentrada, lo que permite un efecto m\u00e1s potente y r\u00e1pido. La adici\u00f3n de White Bali Kratom en polvo potencia los efectos calmantes, mientras que la cafe\u00edna ofrece un ligero impulso estimulante, creando una experiencia equilibrada.<\/p>\n<p data-start=\"934\" data-end=\"1394\">Estas c\u00e1psulas est\u00e1n dise\u00f1adas para facilitar su uso, por lo que son una gran opci\u00f3n tanto para usuarios nuevos como experimentados del Kratom. Con cada c\u00e1psula conteniendo una dosis pre-medida de 505mg, proporcionan resultados consistentes y eliminan la necesidad de adivinar o medir polvos. Tanto si buscas una relajaci\u00f3n suave como un efecto m\u00e1s fuerte, Kratom Capsules ofrecen una forma accesible de experimentar los beneficios de Kratom sin la molestia de prepararlo en otras formas.<\/p>\n<h2 data-start=\"1401\" data-end=\"1430\">Historia de Kratom Capsules<\/h2>\n<p data-start=\"1432\" data-end=\"1803\">Kratom, conocida cient\u00edficamente como Mitragyna speciosa, se utiliza desde hace siglos en el sudeste asi\u00e1tico, donde se consum\u00eda tradicionalmente en forma de hojas crudas. Los trabajadores locales masticaban las hojas por sus propiedades energizantes y sus efectos analg\u00e9sicos. Con el tiempo, la Kratom gan\u00f3 popularidad en Occidente por sus propiedades naturales y se convirti\u00f3 en un elemento b\u00e1sico de los suplementos herbales.<\/p>\n<p data-start=\"1805\" data-end=\"2365\">La innovaci\u00f3n de Kratom Capsules es una soluci\u00f3n moderna para hacer que Kratom sea m\u00e1s f\u00e1cil de consumir y m\u00e1s accesible para las personas de todo el mundo. Capsules proporciona una forma c\u00f3moda de experimentar los efectos de Kratom sin tener que medir o mezclar polvos. La introducci\u00f3n de extractos como la versi\u00f3n 15x utilizada en estas c\u00e1psulas ha mejorado la potencia del Kratom, haci\u00e9ndolo m\u00e1s eficaz para los usuarios que buscan efectos m\u00e1s fuertes. Hoy en d\u00eda, Kratom Capsules se encuentran entre los productos m\u00e1s populares Kratom, proporcionando resultados consistentes y ofreciendo una dosis controlada en una forma port\u00e1til.<\/p>\n<h2 data-start=\"2372\" data-end=\"2401\">C\u00f3mo utilizar Kratom Capsules<\/h2>\n<p data-start=\"2403\" data-end=\"2898\">El uso de Kratom Capsules es sencillo y directo. La dosis recomendada para la mayor\u00eda de los usuarios oscila entre 1 y 5 c\u00e1psulas, dependiendo del efecto deseado y de la sensibilidad individual. Para los nuevos en Kratom, se aconseja comenzar con s\u00f3lo 1 c\u00e1psula para experimentar un efecto leve. A medida que su cuerpo se acostumbra a Kratom, puede aumentar la dosis para lograr efectos m\u00e1s fuertes. T\u00edpicamente, 2-3 c\u00e1psulas producir\u00e1n un efecto moderado a bueno, mientras que 3-5 c\u00e1psulas dar\u00e1n lugar a una experiencia fuerte.<\/p>\n<p data-start=\"2900\" data-end=\"3343\">Para utilizar las c\u00e1psulas, basta con tragarlas con un vaso de agua. Las c\u00e1psulas pueden tomarse con o sin alimentos, aunque tomarlas con el est\u00f3mago vac\u00edo puede provocar efectos m\u00e1s r\u00e1pidos. Es importante evitar exceder la dosis recomendada para prevenir cualquier efecto adverso. Dado que estas c\u00e1psulas contienen un potente extracto de Mitragyna speciosa, es esencial comenzar con una dosis m\u00e1s baja, especialmente si eres nuevo en el uso de Kratom o tienes una baja tolerancia.<\/p>\n<h2 data-start=\"3350\" data-end=\"3383\">Ingredientes de Kratom Capsules<\/h2>\n<p data-start=\"3385\" data-end=\"3845\">Cada c\u00e1psula de Kratom contiene una potente mezcla de ingredientes dise\u00f1ados para proporcionar una experiencia equilibrada y eficaz. El ingrediente principal es el extracto de Mitragyna speciosa 15x, que es una forma altamente concentrada de Kratom. Este extracto contiene los alcaloides clave responsables de los efectos estimulantes y calmantes del Kratom. El extracto 15x hace que las c\u00e1psulas sean mucho m\u00e1s fuertes que el polvo de Kratom normal o las hojas secas, lo que permite un efecto m\u00e1s potente e inmediato.<\/p>\n<p data-start=\"3847\" data-end=\"4329\">Adem\u00e1s del extracto de Mitragyna speciosa, las c\u00e1psulas contienen polvo de White Bali Kratom. El Bali Blanco es conocido por sus propiedades energizantes y de mejora del estado de \u00e1nimo, lo que lo convierte en un excelente complemento del extracto de Mitragyna speciosa. Tambi\u00e9n se incluye una peque\u00f1a cantidad de cafe\u00edna (5 mg), que proporciona un ligero impulso estimulante para mejorar los efectos generales de las c\u00e1psulas. Juntos, estos ingredientes trabajan en armon\u00eda para ofrecer una experiencia equilibrada de relajaci\u00f3n, energ\u00eda y claridad mental.<\/p>\n<p data-start=\"4336\" data-end=\"4739\" data-is-last-node=\"\"><strong data-start=\"4336\" data-end=\"4347\">Advertencia<\/strong><br data-start=\"4347\" data-end=\"4350\" \/>Utilizar con precauci\u00f3n. La venta y el uso de Kratom Capsules est\u00e1n prohibidos a menores de 18 a\u00f1os. No utilizar mientras se conduce un veh\u00edculo a motor o se maneja maquinaria, si est\u00e1 embarazada o en per\u00edodo de lactancia, o si est\u00e1 tomando medicamentos con o sin receta o drogas. Mant\u00e9ngase fuera del alcance de los ni\u00f1os. Este producto no ha sido evaluado por la FDA y no est\u00e1 concebido como medicamento.<\/p>","protected":false},"excerpt":{"rendered":"<p>Nuestro Kratom Capsules mezcla extracto de Mitragyna speciosa 15x, polvo de Bali Blanco y un toque de cafe\u00edna para ofrecer una experiencia equilibrada de energ\u00eda y relajaci\u00f3n. Con una potencia de 505mg por c\u00e1psula, proporcionan una alternativa precisa y f\u00e1cil de consumir a las formas tradicionales de Kratom. Ideales para quienes buscan un efecto de suave a fuerte, estas c\u00e1psulas vienen en un paquete de 20.<\/p>","protected":false},"featured_media":126075,"template":"","meta":[],"product_brand":[],"product_cat":[599,297,477,509,510,511,530,476],"product_tag":[],"class_list":{"0":"post-2370","1":"product","2":"type-product","3":"status-publish","4":"has-post-thumbnail","6":"product_cat-kratopia","7":"product_cat-all-products","8":"product_cat-herbs","9":"product_cat-kratom","10":"product_cat-relax","11":"product_cat-relax-herbs","12":"product_cat-relax-pills","13":"product_cat-smartshop","14":"product_shipping_class-creditcard-off","16":"first","17":"instock","18":"taxable","19":"shipping-taxable","20":"purchasable","21":"product-type-variable"},"_links":{"self":[{"href":"https:\/\/www.tatanka.nl\/es\/wp-json\/wp\/v2\/product\/2370","targetHints":{"allow":["GET"]}}],"collection":[{"href":"https:\/\/www.tatanka.nl\/es\/wp-json\/wp\/v2\/product"}],"about":[{"href":"https:\/\/www.tatanka.nl\/es\/wp-json\/wp\/v2\/types\/product"}],"wp:featuredmedia":[{"embeddable":true,"href":"https:\/\/www.tatanka.nl\/es\/wp-json\/wp\/v2\/media\/126075"}],"wp:attachment":[{"href":"https:\/\/www.tatanka.nl\/es\/wp-json\/wp\/v2\/media?parent=2370"}],"wp:term":[{"taxonomy":"product_brand","embeddable":true,"href":"https:\/\/www.tatanka.nl\/es\/wp-json\/wp\/v2\/product_brand?post=2370"},{"taxonomy":"product_cat","embeddable":true,"href":"https:\/\/www.tatanka.nl\/es\/wp-json\/wp\/v2\/product_cat?post=2370"},{"taxonomy":"product_tag","embeddable":true,"href":"https:\/\/www.tatanka.nl\/es\/wp-json\/wp\/v2\/product_tag?post=2370"}],"curies":[{"name":"wp","href":"https:\/\/api.w.org\/{rel}","templated":true}]}}