{"id":2371,"date":"2017-10-07T14:04:47","date_gmt":"2017-10-07T14:04:47","guid":{"rendered":"http:\/\/www.tatanka.nl\/?post_type=product&#038;p=2371"},"modified":"2025-11-18T15:37:58","modified_gmt":"2025-11-18T14:37:58","slug":"thai-kratom-capsules-mitragyna-speciosa","status":"publish","type":"product","link":"https:\/\/www.tatanka.nl\/es\/thai-kratom-capsules-mitragyna-speciosa\/","title":{"rendered":"Thai Kratom Caps"},"content":{"rendered":"<h2 data-start=\"408\" data-end=\"436\">\u00bfQu\u00e9 son Kratom Capsules?<\/h2>\n<p data-start=\"438\" data-end=\"1018\">Kratom Capsules son una forma c\u00f3moda y f\u00e1cil de experimentar los efectos de la Kratom, una planta natural originaria del sudeste asi\u00e1tico. El ingrediente principal de estas c\u00e1psulas es el extracto de Mitragyna speciosa 15x, que es una forma concentrada de Kratom. Este extracto proporciona efectos potentes a dosis m\u00e1s bajas en comparaci\u00f3n con el polvo o las hojas tradicionales de Kratom. Junto con el extracto, las c\u00e1psulas tambi\u00e9n contienen polvo de Red Thai y una peque\u00f1a dosis de cafe\u00edna. El Kratom rojo es conocido por sus efectos calmantes, mientras que la cafe\u00edna a\u00f1ade un ligero impulso estimulante, creando una experiencia equilibrada para el usuario.<\/p>\n<p data-start=\"1020\" data-end=\"1420\">Estas c\u00e1psulas est\u00e1n dise\u00f1adas para ser una forma f\u00e1cil y controlada de consumir Kratom. Dado que vienen en dosis pre-medidos, puede controlar f\u00e1cilmente su consumo. Las c\u00e1psulas son perfectas para las personas que quieren los beneficios de Kratom pero prefieren no lidiar con el desorden de los polvos. Las c\u00e1psulas de Kratom son ideales para quienes buscan una forma c\u00f3moda, port\u00e1til y eficaz de disfrutar de los beneficios de esta planta \u00fanica.<\/p>\n<h2 data-start=\"1427\" data-end=\"1456\">Historia de Kratom Capsules<\/h2>\n<p data-start=\"1458\" data-end=\"1887\">La historia de la Kratom se remonta a siglos atr\u00e1s, cuando la planta, Mitragyna speciosa, se utilizaba ampliamente en el sudeste asi\u00e1tico por sus propiedades estimulantes y analg\u00e9sicas. Tradicionalmente, los trabajadores masticaban las hojas de Kratom o las preparaban en t\u00e9 para aumentar su energ\u00eda y resistencia. Con el tiempo, la Kratom fue reconocida tambi\u00e9n por sus efectos calmantes, lo que la hizo popular en diversas culturas para la relajaci\u00f3n y la claridad mental.<\/p>\n<p data-start=\"1889\" data-end=\"2558\">La creaci\u00f3n de las c\u00e1psulas de Kratom es una innovaci\u00f3n m\u00e1s moderna dise\u00f1ada para que el Kratom sea m\u00e1s f\u00e1cil de consumir, especialmente para quienes no disfrutan del sabor del Kratom en forma de t\u00e9 o polvo. El desarrollo de extractos de Kratom, como el extracto 15x utilizado en estas c\u00e1psulas, supuso un importante paso adelante en la potencia y comodidad de los productos de Kratom. A medida que la popularidad del Kratom se extend\u00eda por todo el mundo, las formas en c\u00e1psula se hicieron muy utilizadas debido a su precisi\u00f3n en la dosificaci\u00f3n y a su facilidad de uso. Hoy en d\u00eda, las c\u00e1psulas de Kratom son una de las formas m\u00e1s c\u00f3modas de disfrutar de los beneficios del Kratom, y est\u00e1n disponibles en varias concentraciones y combinaciones para adaptarse a las diferentes preferencias y necesidades.<\/p>\n<h2 data-start=\"2565\" data-end=\"2594\">C\u00f3mo utilizar Kratom Capsules<\/h2>\n<p data-start=\"2596\" data-end=\"3096\">El uso de Kratom Capsules es sencillo y c\u00f3modo. La dosis recomendada var\u00eda en funci\u00f3n de la sensibilidad de su organismo y del efecto deseado. Para los principiantes, lo mejor es empezar con una sola c\u00e1psula, ya que proporcionar\u00e1 un efecto suave. Si busca un efecto m\u00e1s fuerte, puede tomar hasta 3 c\u00e1psulas, mientras que los usuarios experimentados pueden encontrar que 4 \u00f3 5 c\u00e1psulas son ideales para lograr los resultados deseados. Es importante tener en cuenta que la dosis debe ajustarse en funci\u00f3n de la tolerancia personal y del peso.<\/p>\n<p data-start=\"3098\" data-end=\"3646\">Para utilizar las c\u00e1psulas, basta con tragarlas con agua. Puede tomarlas con el est\u00f3mago vac\u00edo para obtener efectos m\u00e1s r\u00e1pidos, pero tambi\u00e9n pueden tomarse con alimentos si lo prefiere. Dado que las c\u00e1psulas est\u00e1n premedidas, no es necesario adivinar ni medir el polvo. Esto hace que sean una opci\u00f3n perfecta para las personas que son nuevas en Kratom o para cualquiera que busque una experiencia m\u00e1s controlada. Como con cualquier suplemento, es crucial evitar exceder la dosis recomendada para evitar cualquier efecto secundario no deseado. Escuche siempre a su cuerpo y ajuste la dosis seg\u00fan sea necesario.<\/p>\n<h2 data-start=\"3653\" data-end=\"3686\">Ingredientes de Kratom Capsules<\/h2>\n<p data-start=\"3688\" data-end=\"4186\">Los ingredientes clave de estos Kratom Capsules son el extracto 15x de Mitragyna speciosa, el polvo rojo Thai y la cafe\u00edna. El extracto 15x de Mitragyna speciosa, tambi\u00e9n conocido como Kratom, es el ingrediente principal. Este extracto es una forma concentrada de la planta Kratom, proporcionando un efecto m\u00e1s potente que el polvo Kratom normal o las hojas secas. El extracto 15x permite una entrega m\u00e1s fuerte y m\u00e1s eficiente de los alcaloides activos que se encuentran en Kratom, por lo que es ideal para los usuarios que desean un efecto m\u00e1s inmediato.<\/p>\n<p data-start=\"4188\" data-end=\"4687\">El polvo rojo Thai es otro ingrediente importante de estas c\u00e1psulas. Es conocido por sus propiedades calmantes y analg\u00e9sicas, por lo que es un complemento perfecto para los efectos estimulantes del extracto de Kratom. La peque\u00f1a cantidad de cafe\u00edna en las c\u00e1psulas a\u00f1ade un elemento energizante a la f\u00f3rmula, ayudando a equilibrar los efectos estimulantes y relajantes de la combinaci\u00f3n de Kratom y Red Thai. Cada c\u00e1psula contiene 505mg de estos ingredientes, asegurando una experiencia potente y equilibrada con cada dosis.<\/p>\n<p data-start=\"4694\" data-end=\"5097\" data-is-last-node=\"\"><strong data-start=\"4694\" data-end=\"4705\">Advertencia<\/strong><br data-start=\"4705\" data-end=\"4708\" \/>Utilizar con precauci\u00f3n. La venta y el uso de Kratom Capsules est\u00e1n prohibidos a menores de 18 a\u00f1os. No utilizar mientras se conduce un veh\u00edculo a motor o se maneja maquinaria, si est\u00e1 embarazada o en per\u00edodo de lactancia, o si est\u00e1 tomando medicamentos con o sin receta o drogas. Mant\u00e9ngase fuera del alcance de los ni\u00f1os. Este producto no ha sido evaluado por la FDA y no est\u00e1 concebido como medicamento.<\/p>","protected":false},"excerpt":{"rendered":"<p>Experimente la potente mezcla de extracto de Mitragyna speciosa 15x, polvo de Red Thai y cafe\u00edna con nuestro Kratom Capsules. Cada c\u00e1psula contiene una potente combinaci\u00f3n de ingredientes dise\u00f1ados para proporcionar efectos estimulantes y calmantes. Con 20 c\u00e1psulas por frasco, puede ajustar f\u00e1cilmente la dosis para conseguir el efecto deseado. Adecuado tanto para usuarios nuevos como experimentados de Kratom.<\/p>","protected":false},"featured_media":126074,"template":"","meta":[],"product_brand":[],"product_cat":[599,297,477,509,510,511,530,476],"product_tag":[],"class_list":{"0":"post-2371","1":"product","2":"type-product","3":"status-publish","4":"has-post-thumbnail","6":"product_cat-kratopia","7":"product_cat-all-products","8":"product_cat-herbs","9":"product_cat-kratom","10":"product_cat-relax","11":"product_cat-relax-herbs","12":"product_cat-relax-pills","13":"product_cat-smartshop","14":"product_shipping_class-creditcard-off","16":"first","17":"instock","18":"taxable","19":"shipping-taxable","20":"purchasable","21":"product-type-variable"},"_links":{"self":[{"href":"https:\/\/www.tatanka.nl\/es\/wp-json\/wp\/v2\/product\/2371","targetHints":{"allow":["GET"]}}],"collection":[{"href":"https:\/\/www.tatanka.nl\/es\/wp-json\/wp\/v2\/product"}],"about":[{"href":"https:\/\/www.tatanka.nl\/es\/wp-json\/wp\/v2\/types\/product"}],"wp:featuredmedia":[{"embeddable":true,"href":"https:\/\/www.tatanka.nl\/es\/wp-json\/wp\/v2\/media\/126074"}],"wp:attachment":[{"href":"https:\/\/www.tatanka.nl\/es\/wp-json\/wp\/v2\/media?parent=2371"}],"wp:term":[{"taxonomy":"product_brand","embeddable":true,"href":"https:\/\/www.tatanka.nl\/es\/wp-json\/wp\/v2\/product_brand?post=2371"},{"taxonomy":"product_cat","embeddable":true,"href":"https:\/\/www.tatanka.nl\/es\/wp-json\/wp\/v2\/product_cat?post=2371"},{"taxonomy":"product_tag","embeddable":true,"href":"https:\/\/www.tatanka.nl\/es\/wp-json\/wp\/v2\/product_tag?post=2371"}],"curies":[{"name":"wp","href":"https:\/\/api.w.org\/{rel}","templated":true}]}}