{"id":2373,"date":"2017-10-07T14:33:59","date_gmt":"2017-10-07T14:33:59","guid":{"rendered":"http:\/\/www.tatanka.nl\/?post_type=product&#038;p=2373"},"modified":"2025-05-20T11:12:21","modified_gmt":"2025-05-20T10:12:21","slug":"valerian-capsules-sleeping-pills-herbal-natural-sleep-insomnia","status":"publish","type":"product","link":"https:\/\/www.tatanka.nl\/es\/valerian-capsules-sleeping-pills-herbal-natural-sleep-insomnia\/","title":{"rendered":"Valeriana Capsules"},"content":{"rendered":"<h2>\u00bfQu\u00e9 son los Valerian Capsules?<\/h2>\n<p>Valeriana Capsules son un complemento alimenticio natural derivado de la planta Valeriana (Valeriana Officinalis), conocida por sus propiedades calmantes. Las c\u00e1psulas est\u00e1n dise\u00f1adas para ayudar a las personas a controlar el estr\u00e9s, la ansiedad y los trastornos del sue\u00f1o de forma natural. La valeriana se ha utilizado durante siglos por su capacidad para promover la relajaci\u00f3n, aliviar la tensi\u00f3n y favorecer un sue\u00f1o reparador. Estas c\u00e1psulas ofrecen una forma c\u00f3moda de incorporar los beneficios de la valeriana a la rutina diaria, especialmente para quienes sufren estr\u00e9s, ansiedad o insomnio. Tambi\u00e9n pueden aliviar dolores de cabeza, dolores musculares y calambres. Con cada frasco conteniendo 60 c\u00e1psulas, Valeriana Capsules son una opci\u00f3n fiable para aquellos que buscan restaurar el equilibrio y la paz a su mente y cuerpo.<\/p>\n<h2>Historia de la valeriana<\/h2>\n<p>La valeriana, conocida cient\u00edficamente como Valeriana Officinalis, tiene una larga historia de uso tanto en Europa como en Asia, que se remonta a las antiguas Grecia y Roma. Era ampliamente conocida por su capacidad para tratar los trastornos del sue\u00f1o, en particular el insomnio, y era utilizada por curanderos y m\u00e9dicos como remedio natural. Se sab\u00eda que las propiedades calmantes de la planta relajaban tanto la mente como el cuerpo, lo que la convert\u00eda en una opci\u00f3n popular para quienes sufr\u00edan ansiedad, estr\u00e9s e inquietud. A lo largo de la historia, la valeriana ha seguido siendo una hierba medicinal en la que se conf\u00eda, y ahora los estudios cient\u00edficos modernos respaldan sus beneficios calmantes y estimulantes del sue\u00f1o. Indian Elements aprovecha el poder de esta hierba centenaria en su Capsules Valeriana, por lo que es accesible en una forma conveniente c\u00e1psula para aquellos que buscan formas naturales para hacer frente al estr\u00e9s y problemas relacionados con el sue\u00f1o. El uso de la valeriana sigue estando muy extendido hoy en d\u00eda, y muchos buscan sus efectos calmantes para obtener claridad mental y mejorar la calidad del sue\u00f1o.<\/p>\n<h2>C\u00f3mo utilizar Valerian Capsules<\/h2>\n<p>Para utilizar Valeriana Capsules, basta con tomar una c\u00e1psula cada vez con un vaso de agua. Se recomienda seguir cuidadosamente las instrucciones de dosificaci\u00f3n para garantizar la m\u00e1xima eficacia. Dado que la Valeriana act\u00faa calmando y tranquilizando el cuerpo, es mejor tomarla por la noche o antes de acostarse para ayudar a promover la relajaci\u00f3n y favorecer un sue\u00f1o reparador. La Valeriana Capsules tambi\u00e9n puede utilizarse en momentos de estr\u00e9s, ansiedad o molestias musculares para proporcionar una sensaci\u00f3n de calma y tranquilidad. Tenga en cuenta que, como con cualquier suplemento, es importante consultar con un profesional de la salud si usted tiene alguna condici\u00f3n m\u00e9dica existente o est\u00e1 tomando otros medicamentos. Aseg\u00farese siempre de seguir la dosis recomendada y no exceda la ingesta sugerida.<\/p>\n<h2>Ingredientes de la Valeriana Capsules<\/h2>\n<p>El ingrediente principal de Valerian Capsules es Valeriana Officinalis, tambi\u00e9n conocida como ra\u00edz de valeriana. Esta hierba es conocida por sus propiedades tranquilizantes y relajantes. La ra\u00edz de valeriana contiene varios compuestos activos, como el \u00e1cido valer\u00e9nico, que act\u00faan sin\u00e9rgicamente para reducir el estr\u00e9s y promover la relajaci\u00f3n. Este ingrediente es especialmente conocido por su capacidad para calmar el sistema nervioso y aliviar la ansiedad, lo que lo convierte en una alternativa natural a los sedantes farmac\u00e9uticos. Tambi\u00e9n se ha demostrado que la valeriana favorece el sue\u00f1o reduciendo el tiempo que se tarda en dormirse y mejorando la calidad del sue\u00f1o. La valeriana utilizada en las c\u00e1psulas Indian Elements' es de alta calidad y garantiza que los beneficios calmantes se conserven en cada c\u00e1psula. El producto es 100% natural y vegano, por lo que es adecuado para una amplia gama de preferencias diet\u00e9ticas y estilos de vida.<\/p>\n<p><strong>Advertencia<\/strong><br \/>\nValeriana Capsules est\u00e1n destinados exclusivamente a adultos. Mantener fuera del alcance de los ni\u00f1os. Este producto no debe utilizarse en combinaci\u00f3n con inhibidores de la MAO. Las personas con problemas renales o card\u00edacos, presi\u00f3n arterial alta o baja, diabetes, o aquellos que toman medicamentos, drogas o alcohol deben evitar el uso de este suplemento. La valeriana no es un medicamento sino un suplemento diet\u00e9tico y debe utilizarse como tal. No compre si el precinto est\u00e1 roto.<\/p>","protected":false},"excerpt":{"rendered":"<p><span style=\"font-size: 100%; color: #333333;\">Valeriana Capsules de Indian Elements contienen un extracto de la planta \u00fanica Valeriana, conocida por sus propiedades calmantes y tranquilizantes. Este suplemento natural ayuda a aliviar el estr\u00e9s, la ansiedad y los calambres musculares, a la vez que favorece un mejor sue\u00f1o y la relajaci\u00f3n. Valeriana Capsules son la opci\u00f3n ideal para aquellos que buscan una forma natural de relajarse.<\/span><\/p>","protected":false},"featured_media":125991,"template":"","meta":[],"product_brand":[],"product_cat":[597,297,477,479,510,511,476],"product_tag":[],"class_list":{"0":"post-2373","1":"product","2":"type-product","3":"status-publish","4":"has-post-thumbnail","6":"product_cat-indian-elements","7":"product_cat-all-products","8":"product_cat-herbs","9":"product_cat-medicinal-herbs","10":"product_cat-relax","11":"product_cat-relax-herbs","12":"product_cat-smartshop","14":"first","15":"instock","16":"taxable","17":"shipping-taxable","18":"purchasable","19":"product-type-variable"},"_links":{"self":[{"href":"https:\/\/www.tatanka.nl\/es\/wp-json\/wp\/v2\/product\/2373","targetHints":{"allow":["GET"]}}],"collection":[{"href":"https:\/\/www.tatanka.nl\/es\/wp-json\/wp\/v2\/product"}],"about":[{"href":"https:\/\/www.tatanka.nl\/es\/wp-json\/wp\/v2\/types\/product"}],"wp:featuredmedia":[{"embeddable":true,"href":"https:\/\/www.tatanka.nl\/es\/wp-json\/wp\/v2\/media\/125991"}],"wp:attachment":[{"href":"https:\/\/www.tatanka.nl\/es\/wp-json\/wp\/v2\/media?parent=2373"}],"wp:term":[{"taxonomy":"product_brand","embeddable":true,"href":"https:\/\/www.tatanka.nl\/es\/wp-json\/wp\/v2\/product_brand?post=2373"},{"taxonomy":"product_cat","embeddable":true,"href":"https:\/\/www.tatanka.nl\/es\/wp-json\/wp\/v2\/product_cat?post=2373"},{"taxonomy":"product_tag","embeddable":true,"href":"https:\/\/www.tatanka.nl\/es\/wp-json\/wp\/v2\/product_tag?post=2373"}],"curies":[{"name":"wp","href":"https:\/\/api.w.org\/{rel}","templated":true}]}}