{"id":2488,"date":"2017-10-09T12:24:35","date_gmt":"2017-10-09T12:24:35","guid":{"rendered":"http:\/\/www.tatanka.nl\/?post_type=product&#038;p=2488"},"modified":"2025-10-16T07:56:54","modified_gmt":"2025-10-16T06:56:54","slug":"mexican-magic-mushroom-paddo-grow-kit","status":"publish","type":"product","link":"https:\/\/www.tatanka.nl\/es\/mexican-magic-mushroom-paddo-grow-kit\/","title":{"rendered":"Mexican Kit de Cultivo Paddo Magic Mushroom"},"content":{"rendered":"<h2 dir=\"ltr\" data-pm-slice=\"1 1 []\">\u00bfQu\u00e9 son Mexican Mushrooms?<\/h2>\n<p dir=\"ltr\">Las Mexican Mushrooms son una elecci\u00f3n popular para aquellos que buscan una experiencia psicod\u00e9lica vibrante y f\u00e1cil para principiantes. Conocidas por sus efectos energizantes, estas setas m\u00e1gicas proporcionan un viaje visualmente cautivador que se siente como un viaje al lado m\u00e1s brillante de la vida. El kit de cultivo todo en uno simplifica el proceso de cultivo, ya que contiene todo lo necesario para cultivar tu propia Mexican Mushrooms, incluida una bolsa de cultivo con filtros de aire y clips. Siguiendo unas sencillas instrucciones y a\u00f1adiendo agua, puedes producir hasta tres cosechas, la primera de las cuales suele dar unos 500 gramos con un kit de 1.200 cc. Almacenado en un lugar fresco, el kit sigue siendo viable durante unos seis meses, aunque su vida \u00fatil es limitada si no se refrigera. Este producto permite a los usuarios adentrarse en el fascinante mundo de la micolog\u00eda, ofreciendo una forma pr\u00e1ctica de explorar las propiedades \u00fanicas de la Mexican Mushrooms al tiempo que garantiza una calidad constante. Tanto si eres nuevo en el mundo de la psicodelia como si eres un entusiasta, este kit ofrece una forma accesible y gratificante de experimentar la magia de estas setas en casa.<\/p>\n<h2 dir=\"ltr\">Historia de Mexican Mushrooms<\/h2>\n<p dir=\"ltr\">Mexican Mushrooms tienen un rico patrimonio cultural, profundamente arraigado en las tradiciones de las comunidades ind\u00edgenas de M\u00e9xico. Durante siglos, estos hongos, a menudo denominados \"teonan\u00e1catl\" o \"carne de los dioses\", fueron utilizados en ceremonias espirituales y curativas por grupos como los mazatecos. Sus propiedades psicoactivas, impulsadas por la psilocibina, eran veneradas por facilitar conexiones profundas con la naturaleza y lo divino. A mediados del siglo XX, el inter\u00e9s de Occidente aument\u00f3 despu\u00e9s de que etnobot\u00e1nicos como R. Gordon Wasson documentaran su uso, lo que atrajo la atenci\u00f3n mundial. Esto despert\u00f3 la curiosidad cient\u00edfica y sent\u00f3 las bases de la investigaci\u00f3n psicod\u00e9lica moderna. Hoy en d\u00eda, el kit de cultivo todo en uno permite cultivar en casa estas setas hist\u00f3ricamente significativas, preservando su legado y adapt\u00e1ndolas a los intereses contempor\u00e1neos. El dise\u00f1o del kit refleja los avances en micolog\u00eda, permitiendo a los usuarios reproducir la calidad de la Mexican Mushrooms tradicional con facilidad. Esta mezcla de sabidur\u00eda ancestral e innovaci\u00f3n moderna convierte el cultivo de estas setas en una forma \u00fanica de conectar con una pr\u00e1ctica que ha cautivado al ser humano durante generaciones, ofreciendo tanto un viaje hist\u00f3rico como una exploraci\u00f3n personal.<\/p>\n<h2 dir=\"ltr\">C\u00f3mo utilizar Mexican Mushrooms<\/h2>\n<p dir=\"ltr\">El uso del kit de cultivo todo en uno para cultivar Mexican Mushrooms es sencillo, por lo que resulta ideal para principiantes. Empieza por limpiarte las manos y el exterior del kit, luego ll\u00e9nalo de agua tibia (20\u00b0C) y d\u00e9jalo en remojo durante cinco minutos (nunca m\u00e1s de una hora). Escurre el agua, coloca el kit en la bolsa de cultivo suministrada y a\u00f1ade 200-250 ml de agua tibia. Cierra la bolsa con clips y gu\u00e1rdala en una habitaci\u00f3n a 20-25\u00b0C, alejada de la luz solar directa o de fuentes de calor. Mantenga altos los niveles de humedad y CO2 hasta que aparezcan cabezas de alfiler (primeras formaciones de setas), lo que puede tardar entre 10 y 20 d\u00edas. Una vez visibles, ventile la bolsa a diario y roc\u00ede ligeramente el kit. Recoja las setas justo antes de que se rompa el velo bajo el sombrerillo, gir\u00e1ndolas suavemente y sac\u00e1ndolas por completo para favorecer un nuevo crecimiento. Repita el proceso hasta tres veces. Este m\u00e9todo garantiza un crecimiento y una calidad \u00f3ptimos, permiti\u00e9ndole disfrutar de los vibrantes efectos de la Mexican Mushrooms. La sencillez del kit permite a los usuarios cultivar sus propias setas con confianza, convirtiendo un proceso complejo en una experiencia accesible y gratificante.<\/p>\n<h2 dir=\"ltr\">Ingredientes de Mexican Mushrooms<\/h2>\n<p dir=\"ltr\">El kit de cultivo todo en uno para Mexican Mushrooms contiene un conjunto de componentes cuidadosamente seleccionados para garantizar el \u00e9xito del cultivo. El n\u00facleo es el propio kit de cultivo, preempaquetado con un sustrato optimizado para el crecimiento de hongos, que elimina la necesidad de materiales adicionales. Incluye una bolsa de cultivo con filtros de aire para mantener los niveles ideales de humedad y CO2, cruciales para el desarrollo saludable de los hongos. Se suministran dos clips para sellar la bolsa, preservando el entorno controlado. El ingrediente activo de las setas es la psilocibina, un compuesto natural que se convierte en psilocina en el cuerpo, produciendo los efectos psicod\u00e9licos. El kit s\u00f3lo requiere agua tibia (20\u00b0C) para activar el proceso de cultivo, lo que lo hace f\u00e1cil de usar. No se necesitan nutrientes externos ni productos qu\u00edmicos, ya que el sustrato est\u00e1 dise\u00f1ado para soportar hasta tres cosechas. Este enfoque simplificado garantiza que incluso los cultivadores novatos puedan producir Mexican Mushrooms de alta calidad con el m\u00ednimo esfuerzo. Al centrarse en la simplicidad y los procesos naturales, el kit permite a los usuarios cultivar setas que ofrecen el aut\u00e9ntico y energizante viaje asociado a esta variedad, manteniendo la consistencia y la facilidad durante todo el ciclo de cultivo.<\/p>\n<p dir=\"ltr\"><strong>Advertencia<\/strong><\/p>\n<p dir=\"ltr\">Mexican Mushrooms contienen psilocibina y psilocina, alucin\u00f3genos naturales que pueden alterar la conciencia e inducir alucinaciones. Estas sustancias afectan al sistema de serotonina del cerebro, influyendo en el estado de \u00e1nimo, la percepci\u00f3n y la cognici\u00f3n. Debido a sus potentes efectos, cons\u00famalos con precauci\u00f3n y sea consciente de la experiencia psicod\u00e9lica que pueden producir. Guarde siempre Mexican Mushrooms fuera del alcance de los ni\u00f1os para evitar su ingesti\u00f3n accidental. Aseg\u00farate de estar en un entorno seguro y controlado cuando las consumas, y consulta con un profesional si no est\u00e1s seguro de sus efectos o interacciones.<\/p>","protected":false},"excerpt":{"rendered":"<p><span style=\"font-size: 100%;\">Son las setas m\u00e1s ligeras de nuestra l\u00ednea de <a href=\"https:\/\/www.tatanka.nl\/es\/shroomshop\/magic-mushroom-grow-kits\/\">setas m\u00e1gicas<\/a> y una gran manera de empezar, si tienes curiosidad por obtener el efecto m\u00e1s suave. <\/span><\/p>\n<p><span style=\"font-size: 100%;\">Psilocybe Mexicana le promete un viaje euf\u00f3rico de bienestar y felicidad y satisfacci\u00f3n general. El efecto visual ser\u00e1 como el de un luminoso d\u00eda de verano. Disponible en envases peque\u00f1o, mediano y grande.<\/span><span style=\"font-size: 100%; color: #000000;\"><br \/>\n<\/span><\/p>","protected":false},"featured_media":19889,"template":"","meta":[],"product_brand":[],"product_cat":[539,297,592,595,513,515,476],"product_tag":[662],"class_list":{"0":"post-2488","1":"product","2":"type-product","3":"status-publish","4":"has-post-thumbnail","6":"product_cat-magic-mushroom-grow-kits","7":"product_cat-all-products","8":"product_cat-beginner-magic-mushroom-grow-kits","9":"product_cat-mcsmart","10":"product_cat-party","11":"product_cat-shroomshop","12":"product_cat-smartshop","13":"product_tag-shrdeal","14":"product_shipping_class-creditcard-off","16":"first","17":"instock","18":"taxable","19":"shipping-taxable","20":"purchasable","21":"product-type-variable","22":"has-default-attributes"},"_links":{"self":[{"href":"https:\/\/www.tatanka.nl\/es\/wp-json\/wp\/v2\/product\/2488","targetHints":{"allow":["GET"]}}],"collection":[{"href":"https:\/\/www.tatanka.nl\/es\/wp-json\/wp\/v2\/product"}],"about":[{"href":"https:\/\/www.tatanka.nl\/es\/wp-json\/wp\/v2\/types\/product"}],"wp:featuredmedia":[{"embeddable":true,"href":"https:\/\/www.tatanka.nl\/es\/wp-json\/wp\/v2\/media\/19889"}],"wp:attachment":[{"href":"https:\/\/www.tatanka.nl\/es\/wp-json\/wp\/v2\/media?parent=2488"}],"wp:term":[{"taxonomy":"product_brand","embeddable":true,"href":"https:\/\/www.tatanka.nl\/es\/wp-json\/wp\/v2\/product_brand?post=2488"},{"taxonomy":"product_cat","embeddable":true,"href":"https:\/\/www.tatanka.nl\/es\/wp-json\/wp\/v2\/product_cat?post=2488"},{"taxonomy":"product_tag","embeddable":true,"href":"https:\/\/www.tatanka.nl\/es\/wp-json\/wp\/v2\/product_tag?post=2488"}],"curies":[{"name":"wp","href":"https:\/\/api.w.org\/{rel}","templated":true}]}}