{"id":2490,"date":"2017-10-09T12:43:54","date_gmt":"2017-10-09T10:43:54","guid":{"rendered":"http:\/\/www.tatanka.nl\/?post_type=product&#038;p=2490"},"modified":"2025-10-16T07:56:54","modified_gmt":"2025-10-16T06:56:54","slug":"thai-magic-mushroom-paddo-grow-kit","status":"publish","type":"product","link":"https:\/\/www.tatanka.nl\/es\/thai-magic-mushroom-paddo-grow-kit\/","title":{"rendered":"Thai Kit de Cultivo Paddo Magic Mushroom"},"content":{"rendered":"<h2 dir=\"ltr\" data-pm-slice=\"1 1 []\">\u00bfQu\u00e9 son los Thai Magic Mushrooms?<\/h2>\n<p dir=\"ltr\">Las Thai Magic Mushrooms son famosas por su capacidad \u00fanica de crear una experiencia alegre y euf\u00f3rica, a menudo asociada con los vibrantes batidos que se disfrutan en Thailandia. Estas setas son famosas por su alto rendimiento y potencia, muy parecidos a los efectos de las setas Mexican. Con el kit de cultivo todo en uno, cultivar Thai Magic Mushrooms est\u00e1 al alcance de todos, ya que s\u00f3lo se necesita agua y seguir unas sencillas instrucciones. El kit incluye una bolsa de cultivo con filtros de aire y clips, que garantizan unas condiciones de crecimiento \u00f3ptimas. De media, cada kit de 1.200 cc puede producir hasta 500 gramos en la primera cosecha, con tres cosechas posibles. Almacenado en un frigor\u00edfico, el kit sigue siendo viable durante unos seis meses, aunque su vida \u00fatil es limitada fuera del almacenamiento en fr\u00edo. La Thai Magic Mushrooms ofrece un viaje m\u00e1gico, transportando a los usuarios a playas soleadas y ambientes festivos. Su facilidad de cultivo y sus potentes efectos las convierten en las favoritas de los entusiastas que buscan una experiencia de cultivo fiable y gratificante.<\/p>\n<h2 dir=\"ltr\">Historia del Thai Magic Mushrooms<\/h2>\n<p dir=\"ltr\">Las Thai Magic Mushrooms tienen una rica historia cultural enraizada en las vibrantes tradiciones de Thailandia. Utilizadas durante mucho tiempo por los lugare\u00f1os en entornos espirituales y recreativos, estas setas se hicieron famosas por su inclusi\u00f3n en los \"batidos felices\" que se serv\u00edan en las reuniones junto a la playa. Su popularidad se dispar\u00f3 cuando los viajeros descubrieron sus potentes efectos edificantes, evocadores de interminables celebraciones veraniegas. El desarrollo del kit de cultivo todo en uno ha hecho que el cultivo de Thai Magic Mushrooms sea accesible en todo el mundo, preservando la calidad de las variedades de confianza de Mcsmart. Hist\u00f3ricamente, estos hongos se recolectaban en los climas tropicales de Thailandia, prosperando en condiciones c\u00e1lidas y h\u00famedas. Su alto rendimiento y resistencia las convirtieron en un producto b\u00e1sico tanto para los usuarios tradicionales como para los modernos. Hoy en d\u00eda, el kit de cultivo simplifica este proceso, permitiendo a cualquiera reproducir el entorno ideal para su crecimiento. El dise\u00f1o del kit refleja a\u00f1os de conocimientos sobre el cultivo, lo que garantiza unos resultados uniformes. Thai Magic Mushrooms sigue cautivando a los usuarios por su capacidad de evocar alegr\u00eda y conexi\u00f3n, tendiendo un puente entre la herencia cultural y las pr\u00e1cticas de cultivo dom\u00e9stico contempor\u00e1neas. Su legado perdura como s\u00edmbolo de las celebraciones de esp\u00edritu libre y ba\u00f1adas por el sol de Thailandia.<\/p>\n<h2 dir=\"ltr\">C\u00f3mo utilizar el Thai Magic Mushrooms<\/h2>\n<p dir=\"ltr\">Utilizar el GrowKit Todo en Uno para cultivar Thai Magic Mushrooms es sencillo y gratificante. Empieza por limpiarte las manos y el exterior del kit, luego ll\u00e9nalo de agua tibia (20\u00b0C) y d\u00e9jalo en remojo durante cinco minutos, procurando no superar una hora. Escurre el agua, coloca el kit en la bolsa de cultivo suministrada y a\u00f1ade 200-250 ml de agua templada. Selle la bolsa con clips y gu\u00e1rdela en una habitaci\u00f3n a 20-25\u00b0C, evitando la luz solar directa o las fuentes de calor. Mantenga la bolsa cerrada hasta que aparezcan cabezas de alfiler (primeras formaciones de setas), lo que puede tardar entre 10 y 20 d\u00edas. Una vez visibles, ventile la bolsa a diario y roc\u00ede ligeramente el kit. Recoja las setas justo antes de que se rompan los velos de sus sombreros, gir\u00e1ndolas suavemente y tirando de ellas para dejar espacio libre para el crecimiento futuro. Repita el proceso hasta un m\u00e1ximo de tres brotes. La Thai Magic Mushrooms puede consumirse fresca para disfrutar de una experiencia potente y veraniega. Un almacenamiento adecuado y un cuidadoso seguimiento de las instrucciones garantizan una cosecha satisfactoria, proporcionando los efectos vibrantes y m\u00e1gicos por los que son conocidas estas setas.<\/p>\n<h2 dir=\"ltr\">Ingredientes del Thai Magic Mushrooms<\/h2>\n<p dir=\"ltr\">El kit de cultivo todo en uno para Thai Magic Mushrooms contiene todo lo necesario para un cultivo satisfactorio, centrado en un sustrato de alta calidad dise\u00f1ado para maximizar el rendimiento. El kit incluye un kit de cultivo ya preparado con micelio, una bolsa de cultivo con filtros de aire y dos clips para sellar. El sustrato contiene nutrientes espec\u00edficos para Thai Magic Mushrooms, que garantizan un crecimiento robusto sin necesidad de m\u00e1s agua. Las Thai Magic Mushrooms contienen psilocibina de forma natural, que se convierte en psilocina en el cuerpo, produciendo sus caracter\u00edsticos efectos alucin\u00f3genos. No se utilizan aditivos artificiales ni productos qu\u00edmicos, preservando la potencia y pureza naturales de las setas. El dise\u00f1o del kit elimina la necesidad de equipos complejos, por lo que es ideal tanto para principiantes como para cultivadores experimentados. Almacenado adecuadamente, el kit mantiene su viabilidad, permitiendo a los usuarios producir m\u00faltiples cosechas. La sencillez de los ingredientes, combinada con los compuestos naturales de los hongos, crea un producto fiable y de alto rendimiento que proporciona la experiencia vibrante y estimulante por la que es famosa la Thai Magic Mushrooms, manteniendo al mismo tiempo la autenticidad de esta cepa culturalmente significativa.<\/p>\n<p dir=\"ltr\"><strong>Advertencia<\/strong><br \/>\nThai Magic Mushrooms contienen psilocibina y psilocina, alucin\u00f3genos naturales que pueden inducir efectos de alteraci\u00f3n de la conciencia y alucinaciones. Estas sustancias influyen en los niveles de serotonina, afectando al estado de \u00e1nimo, el sue\u00f1o y la percepci\u00f3n. Tenga cuidado al consumirlos, ya que los efectos pueden variar en funci\u00f3n de la sensibilidad individual. Guarde siempre el Thai Magic Mushrooms fuera del alcance de los ni\u00f1os debido a sus potentes propiedades.<\/p>","protected":false},"excerpt":{"rendered":"<p><span style=\"font-size: 100%; color: #000000;\">La seta Thai suele considerarse la mejor seta para fiestas. Crecen r\u00e1pido y te proporcionar\u00e1n un viaje extremadamente social, relajado y colorido. <\/span><\/p>\n<p><span style=\"font-size: 100%; color: #000000;\">Estas setas devolver\u00e1n el equilibrio a tu vida y te dar\u00e1n la energ\u00eda perfecta para pasarlo en grande. Tambi\u00e9n es un excelente <a href=\"https:\/\/www.tatanka.nl\/es\/shroomshop\/magic-mushroom-grow-kits\/\">seta m\u00e1gica<\/a> cepa para principiantes. Disponible en paquete peque\u00f1o, mediano y grande.<br \/>\n<\/span><\/p>","protected":false},"featured_media":19887,"template":"","meta":[],"product_brand":[],"product_cat":[539,297,592,595,513,515,476,514],"product_tag":[662],"class_list":{"0":"post-2490","1":"product","2":"type-product","3":"status-publish","4":"has-post-thumbnail","6":"product_cat-magic-mushroom-grow-kits","7":"product_cat-all-products","8":"product_cat-beginner-magic-mushroom-grow-kits","9":"product_cat-mcsmart","10":"product_cat-party","11":"product_cat-shroomshop","12":"product_cat-smartshop","13":"product_cat-smartshop-top-10","14":"product_tag-shrdeal","15":"product_shipping_class-creditcard-off","17":"first","18":"instock","19":"taxable","20":"shipping-taxable","21":"purchasable","22":"product-type-variable","23":"has-default-attributes"},"_links":{"self":[{"href":"https:\/\/www.tatanka.nl\/es\/wp-json\/wp\/v2\/product\/2490","targetHints":{"allow":["GET"]}}],"collection":[{"href":"https:\/\/www.tatanka.nl\/es\/wp-json\/wp\/v2\/product"}],"about":[{"href":"https:\/\/www.tatanka.nl\/es\/wp-json\/wp\/v2\/types\/product"}],"wp:featuredmedia":[{"embeddable":true,"href":"https:\/\/www.tatanka.nl\/es\/wp-json\/wp\/v2\/media\/19887"}],"wp:attachment":[{"href":"https:\/\/www.tatanka.nl\/es\/wp-json\/wp\/v2\/media?parent=2490"}],"wp:term":[{"taxonomy":"product_brand","embeddable":true,"href":"https:\/\/www.tatanka.nl\/es\/wp-json\/wp\/v2\/product_brand?post=2490"},{"taxonomy":"product_cat","embeddable":true,"href":"https:\/\/www.tatanka.nl\/es\/wp-json\/wp\/v2\/product_cat?post=2490"},{"taxonomy":"product_tag","embeddable":true,"href":"https:\/\/www.tatanka.nl\/es\/wp-json\/wp\/v2\/product_tag?post=2490"}],"curies":[{"name":"wp","href":"https:\/\/api.w.org\/{rel}","templated":true}]}}