{"id":2493,"date":"2017-10-09T12:52:14","date_gmt":"2017-10-09T12:52:14","guid":{"rendered":"http:\/\/www.tatanka.nl\/?post_type=product&#038;p=2493"},"modified":"2025-12-25T00:48:30","modified_gmt":"2025-12-24T23:48:30","slug":"b-plus-magic-mushroom-paddo-grow-kit","status":"publish","type":"product","link":"https:\/\/www.tatanka.nl\/es\/b-plus-magic-mushroom-paddo-grow-kit\/","title":{"rendered":"Kit de cultivo B+ Magic Mushroom Paddo"},"content":{"rendered":"<h2 dir=\"ltr\" data-pm-slice=\"1 1 []\">\u00bfQu\u00e9 son los B+ Magic Mushrooms?<\/h2>\n<p dir=\"ltr\">El B+ All-in-one GrowKit es una soluci\u00f3n completa para el cultivo de las setas m\u00e1gicas B+, famosas por su impresionante tama\u00f1o y sus potentes efectos. Este kit simplifica el proceso de cultivo, haci\u00e9ndolo accesible tanto para principiantes como para cultivadores experimentados. Contiene un sustrato ya preparado, una bolsa de cultivo con filtros de aire y dos clips, y s\u00f3lo requiere agua y seguir unas sencillas instrucciones. La cepa B+ es conocida por su crecimiento robusto, a menudo con cosechas sustanciales, con el primer brote suele producir hasta 400 gramos de un kit de 1200cc. Capaz de soportar tres ciclos de crecimiento, el kit ofrece m\u00faltiples cosechas cuando se mantiene adecuadamente. Almacenado en un frigor\u00edfico, sigue siendo viable hasta seis meses, aunque su vida \u00fatil es limitada fuera del almacenamiento en fr\u00edo. La B+ proporciona una profunda experiencia psicod\u00e9lica debido a su contenido en psilocibina, que se transforma en psilocina en el cuerpo, influyendo en los niveles de serotonina e induciendo v\u00edvidas alucinaciones. Este producto permite a los usuarios disfrutar del proceso de cultivar sus propias setas m\u00e1gicas mientras exploran sus efectos \u00fanicos de forma responsable.<\/p>\n<h2 dir=\"ltr\">Historia de B+ Magic Mushrooms<\/h2>\n<p dir=\"ltr\">La cepa B+ tiene una historia fascinante en el mundo de las setas de psilocibina. Originaria de la d\u00e9cada de 1990, se cree que fue desarrollada por cultivadores que buscaban una variedad resistente y de alto rendimiento. La B+ gan\u00f3 popularidad r\u00e1pidamente debido a su resistencia y capacidad para prosperar en condiciones variadas, convirti\u00e9ndose en una de las favoritas entre los cultivadores caseros. Su nombre probablemente refleja sus caracter\u00edsticas de \"m\u00e1s grande\" y \"mejor\", ya que produce constantemente setas grandes y carnosas. A diferencia de otras cepas, la B+ es indulgente con los peque\u00f1os errores de cultivo, lo que ha contribuido a su uso generalizado. Con los a\u00f1os, se ha convertido en un elemento b\u00e1sico en la comunidad psicod\u00e9lica, valorada no s\u00f3lo por su facilidad de crecimiento, sino tambi\u00e9n por las experiencias intensas e introspectivas que facilita. El B+ All-in-one GrowKit se basa en este legado, ofreciendo a los cultivadores modernos una forma c\u00f3moda de cultivar esta cepa ic\u00f3nica. Su atractivo perdurable radica en su equilibrio entre accesibilidad y potencia, tendiendo un puente entre el cultivo tradicional de setas y la facilidad contempor\u00e1nea. Hoy en d\u00eda, la B+ sigue siendo un s\u00edmbolo de calidad y fiabilidad, que invita a los usuarios a conectar con una rica historia de exploraci\u00f3n psicod\u00e9lica mientras cultivan sus propias plantas en casa.<\/p>\n<h2 dir=\"ltr\">C\u00f3mo utilizar el kit de cultivo B+ todo en uno<\/h2>\n<p dir=\"ltr\">El uso del B+ All-in-one GrowKit es sencillo y est\u00e1 dise\u00f1ado para garantizar un cultivo satisfactorio con el m\u00ednimo esfuerzo. Empieza por lavarte bien las manos y limpiar el exterior del kit con un pa\u00f1o seco. Retire y guarde la tapa, luego llene el kit con agua tibia (20\u00b0C) y d\u00e9jelo en remojo durante cinco minutos, nunca m\u00e1s de una hora. Escurra el agua por completo, dejando que el kit gotee durante diez segundos. Coloque el kit dentro de la bolsa de cultivo suministrada, a\u00f1ada 200-250 ml de agua tibia y cierre la bolsa con los clips incluidos. Coloque la instalaci\u00f3n en una habitaci\u00f3n con una temperatura de 20-25\u00b0C, evitando la luz solar directa, l\u00e1mparas o fuentes de calor. Mantenga la bolsa sellada hasta que aparezcan cabezas de alfiler (primeras formaciones de hongos), lo que puede tardar entre 10 y 20 d\u00edas, para mantener altos los niveles de humedad y CO2. Una vez formadas las cabezas de las setas, ventile brevemente la bolsa todos los d\u00edas y roc\u00ede ligeramente el kit. Recoja las setas justo antes de que se rompan los velos de sus sombreros, gir\u00e1ndolas suavemente y sac\u00e1ndolas por completo. Repita el proceso para otros brotes. Este m\u00e9todo asegura un crecimiento \u00f3ptimo, permiti\u00e9ndote disfrutar de m\u00faltiples cosechas de potentes setas m\u00e1gicas B+ con facilidad.<\/p>\n<h2 dir=\"ltr\">Ingredientes del kit de cultivo B+ todo en uno<\/h2>\n<p dir=\"ltr\">El B+ All-in-one GrowKit est\u00e1 cuidadosamente dise\u00f1ado para proporcionar todo lo necesario para el cultivo de setas con \u00e9xito. El componente principal es un sustrato preinoculado, un medio rico en nutrientes dise\u00f1ado para favorecer el crecimiento de las setas m\u00e1gicas B+. Este sustrato se compone de una mezcla de materiales org\u00e1nicos, que suelen incluir granos y otros compuestos naturales, optimizados para fomentar un desarrollo robusto del micelio. El kit tambi\u00e9n incluye una bolsa de cultivo especializada equipada con filtros de aire, que mantiene la humedad y el intercambio de aire ideales para el crecimiento de las setas. Se suministran dos clips para cerrar la bolsa de forma segura, garantizando un entorno controlado. No se necesitan productos qu\u00edmicos ni fertilizantes adicionales, ya que el sustrato est\u00e1 preformulado para soportar m\u00faltiples brotes de setas. La cepa B+ contiene psilocibina y psilocina naturales, los compuestos activos responsables de sus efectos psicod\u00e9licos. Estos compuestos son inherentes a las setas y no se a\u00f1aden por separado. El dise\u00f1o del kit elimina la necesidad de insumos externos m\u00e1s all\u00e1 del agua, convirti\u00e9ndolo en un sistema aut\u00f3nomo. Esta simplicidad, combinada con componentes de alta calidad, garantiza que los usuarios puedan centrarse en el proceso de cultivo mientras consiguen resultados consistentes y de alto rendimiento con sus setas m\u00e1gicas B+.<\/p>\n<p dir=\"ltr\"><strong>Advertencia<\/strong><br \/>\nLas setas m\u00e1gicas, incluidas las cultivadas con el B+ All-in-one GrowKit, contienen de forma natural psilocibina y psilocina, que son potentes alucin\u00f3genos. Estas sustancias pueden alterar la conciencia, provocando alucinaciones v\u00edvidas y cambios en la percepci\u00f3n, el estado de \u00e1nimo y la cognici\u00f3n. Debido a sus efectos psicoactivos, deben manipularse y consumirse con precauci\u00f3n. Guarde siempre el kit y las setas recolectadas en un lugar seguro, fuera del alcance de los ni\u00f1os y los animales dom\u00e9sticos, para evitar su ingesti\u00f3n accidental. Las personas con trastornos mentales preexistentes o que tomen medicamentos que afecten a los niveles de serotonina deben evitar su consumo, ya que estos compuestos influyen en el sistema de serotonina del cerebro. El uso responsable y el conocimiento de los efectos son esenciales para garantizar una experiencia segura.<\/p>","protected":false},"excerpt":{"rendered":"<p><span style=\"font-size: 100%;\">La B+ es una variedad muy popular, muy apreciada por sus grandes setas, y tambi\u00e9n es una variedad original de Cubensis. <\/span><span style=\"font-size: 100%;\">Si te gusta ver un buen colorido visual con una conexi\u00f3n espiritual con todo el universo y a\u00fan as\u00ed experimentar un viaje divertido, esta es una buena seta para ello. <\/span><\/p>\n<p><span style=\"font-size: 100%;\">Disponible en envases medianos y grandes.<\/span><span style=\"font-size: 100%; color: #000000;\"><br \/>\n<\/span><\/p>","protected":false},"featured_media":19885,"template":"","meta":[],"product_brand":[],"product_cat":[539,297,592,595,513,515,476],"product_tag":[662],"class_list":{"0":"post-2493","1":"product","2":"type-product","3":"status-publish","4":"has-post-thumbnail","6":"product_cat-magic-mushroom-grow-kits","7":"product_cat-all-products","8":"product_cat-beginner-magic-mushroom-grow-kits","9":"product_cat-mcsmart","10":"product_cat-party","11":"product_cat-shroomshop","12":"product_cat-smartshop","13":"product_tag-shrdeal","14":"product_shipping_class-creditcard-off","16":"first","17":"instock","18":"taxable","19":"shipping-taxable","20":"purchasable","21":"product-type-variable","22":"has-default-attributes"},"_links":{"self":[{"href":"https:\/\/www.tatanka.nl\/es\/wp-json\/wp\/v2\/product\/2493","targetHints":{"allow":["GET"]}}],"collection":[{"href":"https:\/\/www.tatanka.nl\/es\/wp-json\/wp\/v2\/product"}],"about":[{"href":"https:\/\/www.tatanka.nl\/es\/wp-json\/wp\/v2\/types\/product"}],"wp:featuredmedia":[{"embeddable":true,"href":"https:\/\/www.tatanka.nl\/es\/wp-json\/wp\/v2\/media\/19885"}],"wp:attachment":[{"href":"https:\/\/www.tatanka.nl\/es\/wp-json\/wp\/v2\/media?parent=2493"}],"wp:term":[{"taxonomy":"product_brand","embeddable":true,"href":"https:\/\/www.tatanka.nl\/es\/wp-json\/wp\/v2\/product_brand?post=2493"},{"taxonomy":"product_cat","embeddable":true,"href":"https:\/\/www.tatanka.nl\/es\/wp-json\/wp\/v2\/product_cat?post=2493"},{"taxonomy":"product_tag","embeddable":true,"href":"https:\/\/www.tatanka.nl\/es\/wp-json\/wp\/v2\/product_tag?post=2493"}],"curies":[{"name":"wp","href":"https:\/\/api.w.org\/{rel}","templated":true}]}}