{"id":2501,"date":"2017-10-09T13:11:12","date_gmt":"2017-10-09T13:11:12","guid":{"rendered":"http:\/\/www.tatanka.nl\/?post_type=product&#038;p=2501"},"modified":"2025-10-16T07:56:51","modified_gmt":"2025-10-16T06:56:51","slug":"cambodian-magic-mushroom-paddo-grow-kit","status":"publish","type":"product","link":"https:\/\/www.tatanka.nl\/es\/cambodian-magic-mushroom-paddo-grow-kit\/","title":{"rendered":"Cambodian Kit de Cultivo Paddo Magic Mushroom"},"content":{"rendered":"<h2>\u00bfQu\u00e9 son Cambodian Mushrooms?<\/h2>\n<p>El Cambodian Mushroom All-in-One GrowKit ofrece una forma accesible de cultivar setas m\u00e1gicas en casa, poniendo al alcance de tu mano el encanto de los antiguos paisajes de Camboya. Este kit contiene todo lo necesario para cultivar setas de alta calidad, incluida una bolsa de cultivo con filtros de aire y clips. A diferencia de las variedades de setas m\u00e1s fuertes, la Seta Cambodian proporciona un viaje equilibrado y v\u00edvido, por lo que es ideal para los que se inician en las experiencias psicod\u00e9licas. Con s\u00f3lo agua y unas sencillas instrucciones, puedes cultivar tu propia cosecha, que produce aproximadamente 400 gramos de un kit de 1.200 cc en su primer brote. Almacenado en un ambiente fresco, el kit sigue siendo viable hasta seis meses, aunque su vida \u00fatil es limitada fuera de la refrigeraci\u00f3n. Normalmente, se pueden realizar tres purgas, siendo la primera la m\u00e1s abundante. Este producto le invita a explorar el fascinante mundo de la micolog\u00eda mientras disfruta de los frutos de su trabajo en un entorno seguro y controlado, garantizando una experiencia de cultivo gratificante y envolvente para los entusiastas que buscan una aventura \u00fanica.<\/p>\n<h2>Historia de Cambodian Mushrooms<\/h2>\n<p>La seta Cambodian tiene sus or\u00edgenes en las exuberantes regiones tropicales que rodean los emblem\u00e1ticos templos de Angkor Wat en Camboya. Descubiertas por mic\u00f3logos que exploraban la rica biodiversidad de la zona, estas setas eran apreciadas por su contenido moderado de psilocibina, que ofrec\u00eda una experiencia psicod\u00e9lica m\u00e1s suave en comparaci\u00f3n con otras cepas. Tradicionalmente utilizadas en pr\u00e1cticas espirituales y culturales, se valoraban por su capacidad para inspirar la introspecci\u00f3n y la conexi\u00f3n con la naturaleza. Con el tiempo, sus propiedades \u00fanicas llamaron la atenci\u00f3n de cultivadores de todo el mundo, lo que llev\u00f3 al desarrollo de kits de cultivo accesibles como el Cambodian Mushroom All-in-One GrowKit. Los avances en micolog\u00eda han hecho posible reproducir las condiciones de cultivo ideales del clima h\u00famedo de Camboya, permitiendo a los aficionados de todo el mundo cultivar estas setas en casa. El dise\u00f1o del kit refleja a\u00f1os de perfeccionamiento, garantizando rendimientos constantes y facilidad de uso. En la actualidad, la seta Cambodian sigue siendo una de las favoritas de los aficionados por su importancia hist\u00f3rica y sus efectos asequibles, que a\u00fanan tradiciones ancestrales y t\u00e9cnicas de cultivo modernas. Su perdurable popularidad subraya su papel como puerta de entrada a la exploraci\u00f3n de los aspectos m\u00edsticos y cient\u00edficos de las setas m\u00e1gicas, cautivando a los cultivadores con su rica herencia y vibrante potencial.<\/p>\n<h2>C\u00f3mo utilizar Cambodian Mushrooms<\/h2>\n<p>El uso del kit de cultivo todo en uno para setas Cambodian es sencillo, por lo que es perfecto para cultivadores principiantes. Empieza por lavarte bien las manos y limpiar el exterior del kit con un pa\u00f1o seco. Retire la tapa, llene el kit con agua tibia (20\u00b0C) y d\u00e9jelo en remojo durante cinco minutos (nunca m\u00e1s de una hora). Escurra el agua, coloque el kit en la bolsa de cultivo suministrada y a\u00f1ada 200-250 ml de agua templada. Cierra la bolsa con clips y gu\u00e1rdala en una habitaci\u00f3n a una temperatura de entre 20 y 25 \u00b0C, alejada de la luz solar directa o de fuentes de calor. Mantenga la bolsa cerrada hasta que aparezcan cabezas de alfiler (primeras formaciones de hongos), lo que puede tardar entre 10 y 20 d\u00edas. Una vez visibles, ventile la bolsa a diario y roc\u00ede ligeramente el kit. Recoja las setas justo antes de que se rompa el velo bajo el sombrero, gir\u00e1ndolas suavemente y sac\u00e1ndolas por completo. Repita el proceso para brotes adicionales. Este m\u00e9todo garantiza un crecimiento y rendimiento \u00f3ptimos, permiti\u00e9ndote disfrutar de los efectos \u00fanicos de la Seta Cambodian. La paciencia y el cumplimiento de estos pasos te recompensar\u00e1n con una cosecha abundante y de alta calidad, lista para ofrecer su experiencia caracter\u00edstica.<\/p>\n<h2>Ingredientes de Cambodian Mushrooms<\/h2>\n<p>El Cambodian Mushroom All-in-One GrowKit est\u00e1 dise\u00f1ado para la simplicidad, que contiene un conjunto cuidadosamente seleccionado de componentes para asegurar el \u00e9xito del cultivo. El ingrediente principal es el sustrato, preinoculado con micelio Cambodian Mushroom, optimizado para un crecimiento robusto. Este sustrato se aloja en un recipiente de 1200 cc, que proporciona un amplio espacio para el desarrollo del hongo. El kit incluye una bolsa de cultivo equipada con filtros de aire para mantener un entorno est\u00e9ril y h\u00famedo esencial para la expansi\u00f3n del micelio. Se suministran dos clips para sujetar la bolsa, garantizando un flujo de aire adecuado y la retenci\u00f3n de la humedad. No se necesitan nutrientes ni productos qu\u00edmicos adicionales; basta con a\u00f1adir agua tibia para activar el proceso de crecimiento. El micelio en s\u00ed se deriva de la cepa Cambodian, conocida por su contenido moderado de psilocibina, que produce psilocina de forma natural en el cuerpo por sus efectos psicod\u00e9licos. Este dise\u00f1o todo-en-uno elimina la necesidad de equipos complejos, haciendo el cultivo accesible a todos. Almacenados adecuadamente, los componentes del kit siguen siendo eficaces durante meses, ofreciendo resultados consistentes. Al centrarse en la calidad y la simplicidad, el kit Cambodian Mushroom permite a los usuarios cultivar sus propias setas con confianza, ofreciendo una experiencia de cultivo pura y gratificante.<\/p>\n<p><strong>Advertencia<\/strong><\/p>\n<p>Las setas m\u00e1gicas, incluida la seta Cambodian, contienen psilocibina y psilocina, alucin\u00f3genos naturales que pueden alterar la conciencia e inducir alucinaciones v\u00edvidas. Estas sustancias afectan a los niveles de serotonina en el cerebro, influyendo en el estado de \u00e1nimo, la percepci\u00f3n y la cognici\u00f3n. Debido a sus potentes efectos, consumir con precauci\u00f3n y en un entorno seguro y controlado. Mantenga siempre la seta Cambodian y su kit de cultivo fuera del alcance de los ni\u00f1os para evitar su ingesti\u00f3n accidental. Las personas con enfermedades mentales preexistentes o que tomen medicamentos que afecten a la serotonina deben evitar su consumo, ya que pueden producirse interacciones. Aseg\u00farese de estar bien informado sobre los efectos antes de consumirla, y nunca la combine con alcohol u otras sustancias.<\/p>","protected":false},"excerpt":{"rendered":"<p><span style=\"font-size: 100%;\">El viaje de la Cambodians es energ\u00e9tico y espiritual con una intensidad de larga duraci\u00f3n. Psilocybe Cubensis Cambodian es la variedad perfecta para los cultivadores de hongos m\u00e1gicos menos experimentados. Esta variedad es f\u00e1cil de cultivar y tiene cosechas productivas. Disponible en un paquete mediano de 1200 cc y grande de 2100 cc.<\/span><span style=\"font-size: 100%; color: #000000;\"><br \/>\n<\/span><\/p>","protected":false},"featured_media":19891,"template":"","meta":[],"product_brand":[],"product_cat":[539,297,595,513,515,476,593],"product_tag":[662],"class_list":{"0":"post-2501","1":"product","2":"type-product","3":"status-publish","4":"has-post-thumbnail","6":"product_cat-magic-mushroom-grow-kits","7":"product_cat-all-products","8":"product_cat-mcsmart","9":"product_cat-party","10":"product_cat-shroomshop","11":"product_cat-smartshop","12":"product_cat-strongest-magic-mushroom-grow-kits","13":"product_tag-shrdeal","14":"product_shipping_class-creditcard-off","16":"first","17":"instock","18":"taxable","19":"shipping-taxable","20":"purchasable","21":"product-type-variable","22":"has-default-attributes"},"_links":{"self":[{"href":"https:\/\/www.tatanka.nl\/es\/wp-json\/wp\/v2\/product\/2501","targetHints":{"allow":["GET"]}}],"collection":[{"href":"https:\/\/www.tatanka.nl\/es\/wp-json\/wp\/v2\/product"}],"about":[{"href":"https:\/\/www.tatanka.nl\/es\/wp-json\/wp\/v2\/types\/product"}],"wp:featuredmedia":[{"embeddable":true,"href":"https:\/\/www.tatanka.nl\/es\/wp-json\/wp\/v2\/media\/19891"}],"wp:attachment":[{"href":"https:\/\/www.tatanka.nl\/es\/wp-json\/wp\/v2\/media?parent=2501"}],"wp:term":[{"taxonomy":"product_brand","embeddable":true,"href":"https:\/\/www.tatanka.nl\/es\/wp-json\/wp\/v2\/product_brand?post=2501"},{"taxonomy":"product_cat","embeddable":true,"href":"https:\/\/www.tatanka.nl\/es\/wp-json\/wp\/v2\/product_cat?post=2501"},{"taxonomy":"product_tag","embeddable":true,"href":"https:\/\/www.tatanka.nl\/es\/wp-json\/wp\/v2\/product_tag?post=2501"}],"curies":[{"name":"wp","href":"https:\/\/api.w.org\/{rel}","templated":true}]}}