{"id":2506,"date":"2017-10-09T13:52:59","date_gmt":"2017-10-09T11:52:59","guid":{"rendered":"http:\/\/www.tatanka.nl\/?post_type=product&#038;p=2506"},"modified":"2026-04-23T12:48:28","modified_gmt":"2026-04-23T11:48:28","slug":"mckennaii-magic-mushroom-paddo-grow-kit","status":"publish","type":"product","link":"https:\/\/www.tatanka.nl\/es\/mckennaii-magic-mushroom-paddo-grow-kit\/","title":{"rendered":"McKennaii Kit de Cultivo Paddo Magic Mushroom"},"content":{"rendered":"<h2 dir=\"auto\">\u00bfQu\u00e9 son los GrowKits McKennaii?<\/h2>\n<p dir=\"auto\">El McKennaii GrowKit es una soluci\u00f3n todo-en-uno para cultivar tu propia Magic Mushrooms, dise\u00f1ada para la facilidad y conveniencia. Este kit incluye todo lo necesario para cultivar setas McKennaii de alta calidad, una variedad famosa por sus intensos efectos visuales y emocionales. Con s\u00f3lo agua y unos sencillos pasos, puedes cultivar estas setas desde el principio hasta la cosecha. El kit incluye una bolsa de cultivo, filtros de aire y clips para garantizar unas condiciones de cultivo \u00f3ptimas. Por t\u00e9rmino medio, un solo McKennaii GrowKit (1200cc) rinde unos grafica 400 gramos en su primer brote, con hasta tres cosechas posibles. Almacenado en un ambiente fresco, el kit sigue siendo viable hasta seis meses, aunque su vida \u00fatil es limitada fuera de la refrigeraci\u00f3n. Perfecto para principiantes y entusiastas por igual, el McKennaii GrowKit simplifica el proceso, lo que le permite centrarse en la alegr\u00eda de crecer y las experiencias vibrantes que siguen. Su dise\u00f1o f\u00e1cil de usar garantiza resultados constantes, por lo que es uno de los favoritos para aquellos que buscan un viaje de cultivo fiable y gratificante.<\/p>\n<h2 dir=\"auto\">Historia de los GrowKits McKennaii<\/h2>\n<p dir=\"auto\">La cepa McKennaii lleva el nombre del famoso etnobot\u00e1nico y defensor de la psicodelia Terence McKenna, cuyo trabajo populariz\u00f3 la exploraci\u00f3n de las setas de psilocibina. El McKennaii GrowKit surgi\u00f3 como una innovaci\u00f3n moderna, facilitando a las personas el cultivo de esta potente cepa en casa. Hist\u00f3ricamente, las Magic Mushrooms se han utilizado durante siglos en pr\u00e1cticas espirituales y culturales de diversas civilizaciones, valoradas por sus propiedades de expansi\u00f3n mental. El desarrollo de los kits de cultivo revolucion\u00f3 la accesibilidad, permitiendo a los entusiastas del d\u00eda a d\u00eda experimentar estos antiguos hongos sin necesidad de conocimientos micol\u00f3gicos avanzados. El McKennaii GrowKit, en particular, fue dise\u00f1ado para aprovechar la robusta gen\u00e9tica de la cepa, ofreciendo rendimientos consistentes y efectos v\u00edvidos. Al combinar las t\u00e9cnicas de cultivo tradicionales con la tecnolog\u00eda moderna, estos kits han democratizado el arte del cultivo de setas. Hoy en d\u00eda, el McKennaii GrowKit es un testimonio de la fascinaci\u00f3n por las setas de psilocibina, uniendo la sabidur\u00eda ancestral con la comodidad contempor\u00e1nea. Su popularidad refleja un creciente inter\u00e9s por el autocultivo y la exploraci\u00f3n de la consciencia, convirti\u00e9ndolo en un elemento b\u00e1sico para aquellos que sienten curiosidad por el potencial transformador de la Magic Mushrooms.<\/p>\n<h2 dir=\"auto\">C\u00f3mo utilizar los kits de cultivo McKennaii<\/h2>\n<p dir=\"auto\">El uso del McKennaii GrowKit es sencillo y requiere un esfuerzo m\u00ednimo para lograr resultados impresionantes. Empieza por limpiarte las manos y el exterior del kit, luego ll\u00e9nalo de agua templada (20\u00b0C) y d\u00e9jalo en remojo durante cinco minutos con la tapa puesta, nunca m\u00e1s de una hora. Escurre bien el agua y coloca el kit en la bolsa de cultivo suministrada, a\u00f1adiendo 200-250 ml de agua templada. Cierra la bolsa con clips y gu\u00e1rdala en una habitaci\u00f3n a 20-25\u00b0C, alejada de la luz solar directa o de fuentes de calor. Mantenga la bolsa cerrada hasta que aparezcan cabezas de alfiler (primeras formaciones de hongos), lo que puede tardar entre 10 y 20 d\u00edas, para mantener altos los niveles de humedad y CO2. Una vez formadas las cabezas de las setas, ventile brevemente la bolsa todos los d\u00edas y roc\u00ede ligeramente el kit. Coseche las setas justo antes de que se rompa el velo bajo el sombrero, gir\u00e1ndolas suavemente y sac\u00e1ndolas por completo. Para cultivar otro brote, repita el proceso. Este m\u00e9todo garantiza varias cosechas, siendo la primera la m\u00e1s abundante. Siguiendo estos pasos cuidadosamente maximiza el rendimiento y la calidad de sus setas McKennaii, ofreciendo una experiencia de cultivo gratificante.<\/p>\n<h2 dir=\"auto\">Ingredientes de los GrowKits McKennaii<\/h2>\n<p dir=\"auto\">El McKennaii GrowKit es un producto cuidadosamente elaborado que contiene un sustrato optimizado para el cultivo de Magic Mushrooms. El \"ingrediente\" principal es un sustrato preinoculado, normalmente compuesto por una mezcla de materiales org\u00e1nicos como grano de centeno, vermiculita y otros nutrientes que fomentan el crecimiento del micelio. Este sustrato se coloniza con micelio McKennaii, la base para el desarrollo de los hongos. El kit tambi\u00e9n incluye una bolsa de cultivo con filtros de aire para regular el flujo de aire y la humedad, y dos clips para asegurar la bolsa durante el cultivo. No se utilizan productos qu\u00edmicos ni aditivos adicionales, lo que garantiza un proceso de cultivo natural. El sustrato est\u00e1 dise\u00f1ado para soportar m\u00faltiples brotes, siendo el primero el que produce la mayor cosecha. El agua, que usted proporciona, es el \u00fanico ingrediente externo necesario para activar el kit. La cepa McKennaii contiene psilocibina, un compuesto natural responsable de sus efectos psicod\u00e9licos. Este dise\u00f1o todo-en-uno elimina la necesidad de abastecerse de componentes separados, haciendo que el cultivo sea accesible y eficiente. Al centrarse en materiales naturales de alta calidad, el McKennaii GrowKit ofrece resultados consistentes, permitiendo a los usuarios cultivar setas potentes con el m\u00ednimo esfuerzo, manteniendo la pureza del proceso.<\/p>\n<p dir=\"auto\"><strong>Advertencia: Magic Mushrooms y Seguridad<\/strong><br \/>\nMagic Mushrooms, incluidas las cultivadas con el McKennaii GrowKit, contienen psilocibina y psilocina, alucin\u00f3genos naturales que alteran la conciencia y pueden provocar alucinaciones v\u00edvidas. Estas sustancias afectan a los niveles de serotonina en el cerebro, influyendo en el estado de \u00e1nimo, la percepci\u00f3n y la cognici\u00f3n. Debido a sus potentes efectos, consumir con precauci\u00f3n y en un entorno seguro y controlado. Guarde siempre el McKennaii GrowKit y las setas recolectadas fuera del alcance de los ni\u00f1os para evitar su ingesti\u00f3n accidental. Las personas con problemas de salud mental o que tomen medicamentos que afecten a la serotonina deben evitar su consumo, ya que las interacciones pueden ser impredecibles. El uso responsable y el conocimiento de los efectos de estos compuestos son esenciales para una experiencia segura.<\/p>","protected":false},"excerpt":{"rendered":"<p><span style=\"font-size: 100%;\"> El hongo McKennaii es una de las cepas de hongos m\u00e1gicos m\u00e1s fuertes. <\/span><span style=\"font-size: 100%;\">Estas setas te dejar\u00e1n boquiabierto y no est\u00e1n pensadas para principiantes. <\/span><span style=\"font-size: 100%;\">Estas setas te proporcionan fuertes alucinaciones con largos e intensos momentos filos\u00f3ficos. Los kits de cultivo McKennaii est\u00e1n disponibles en envases Peque\u00f1o, Mediano y Grande.<\/span><span style=\"font-size: 100%; color: #000000;\"><br \/>\n<\/span><\/p>","protected":false},"featured_media":19896,"template":"","meta":[],"product_brand":[],"product_cat":[539,297,595,513,515,476,593],"product_tag":[662],"class_list":{"0":"post-2506","1":"product","2":"type-product","3":"status-publish","4":"has-post-thumbnail","6":"product_cat-magic-mushroom-grow-kits","7":"product_cat-all-products","8":"product_cat-mcsmart","9":"product_cat-party","10":"product_cat-shroomshop","11":"product_cat-smartshop","12":"product_cat-strongest-magic-mushroom-grow-kits","13":"product_tag-shrdeal","14":"product_shipping_class-creditcard-off","16":"first","17":"instock","18":"taxable","19":"shipping-taxable","20":"purchasable","21":"product-type-variable","22":"has-default-attributes"},"_links":{"self":[{"href":"https:\/\/www.tatanka.nl\/es\/wp-json\/wp\/v2\/product\/2506","targetHints":{"allow":["GET"]}}],"collection":[{"href":"https:\/\/www.tatanka.nl\/es\/wp-json\/wp\/v2\/product"}],"about":[{"href":"https:\/\/www.tatanka.nl\/es\/wp-json\/wp\/v2\/types\/product"}],"wp:featuredmedia":[{"embeddable":true,"href":"https:\/\/www.tatanka.nl\/es\/wp-json\/wp\/v2\/media\/19896"}],"wp:attachment":[{"href":"https:\/\/www.tatanka.nl\/es\/wp-json\/wp\/v2\/media?parent=2506"}],"wp:term":[{"taxonomy":"product_brand","embeddable":true,"href":"https:\/\/www.tatanka.nl\/es\/wp-json\/wp\/v2\/product_brand?post=2506"},{"taxonomy":"product_cat","embeddable":true,"href":"https:\/\/www.tatanka.nl\/es\/wp-json\/wp\/v2\/product_cat?post=2506"},{"taxonomy":"product_tag","embeddable":true,"href":"https:\/\/www.tatanka.nl\/es\/wp-json\/wp\/v2\/product_tag?post=2506"}],"curies":[{"name":"wp","href":"https:\/\/api.w.org\/{rel}","templated":true}]}}