{"id":2562,"date":"2017-10-10T15:17:50","date_gmt":"2017-10-10T15:17:50","guid":{"rendered":"http:\/\/www.tatanka.nl\/?post_type=product&#038;p=2562"},"modified":"2026-04-08T00:48:33","modified_gmt":"2026-04-07T23:48:33","slug":"atlantis-truffles-10-gram-mushrooms-shrooms","status":"publish","type":"product","link":"https:\/\/www.tatanka.nl\/es\/atlantis-truffles-10-gram-mushrooms-shrooms\/","title":{"rendered":"Atlantis Trufas m\u00e1gicas"},"content":{"rendered":"<h2>\u00bfQu\u00e9 son las trufas m\u00e1gicas Psilocybe Atlantis?<\/h2>\n<p>Psilocybe Atlantis Las trufas m\u00e1gicas, a menudo denominadas esclerocios, son formaciones subterr\u00e1neas de hilos de micelio que almacenan nutrientes para el crecimiento de las setas. Estas trufas se forman cuando las condiciones ambientales, como los descensos de temperatura y el aumento de la humedad, no son ideales para las setas, lo que permite al micelio crear una reserva rica en nutrientes. Este proceso natural las convierte en una potente fuente de psilocibina, el compuesto responsable de sus efectos psicoactivos. Las Trufas M\u00e1gicas Psilocybe Atlantis son c\u00e9lebres por su accesibilidad, ofreciendo una experiencia \u00fanica que va desde las alucinaciones visuales a profundas reflexiones filos\u00f3ficas. Su versatilidad las convierte en las favoritas de quienes buscan crecimiento personal o una nueva perspectiva. Repletas de nutrientes como hidratos de carbono, prote\u00ednas y minerales, tambi\u00e9n contribuyen a las funciones corporales. Durante siglos, se han utilizado sustancias similares en pr\u00e1cticas espirituales, y hoy en d\u00eda, las Trufas M\u00e1gicas Psilocybe Atlantis siguen cautivando a los usuarios por su capacidad para liberar el potencial de la mente, fomentando la creatividad y la autoconciencia en un entorno controlado y seguro.<\/p>\n<h2>Historia de las trufas m\u00e1gicas Psilocybe Atlantis<\/h2>\n<p>El uso de sustancias que contienen psilocibina, como las Trufas M\u00e1gicas Psilocybe Atlantis, se remonta a miles de a\u00f1os atr\u00e1s en las culturas ind\u00edgenas de Mesoam\u00e9rica y m\u00e1s all\u00e1. Las sociedades antiguas veneraban estos compuestos naturales por sus propiedades espirituales y cham\u00e1nicas, y los utilizaban en rituales para conectar con lo divino o adquirir conocimientos. Aunque la cepa espec\u00edfica Atlantis es un descubrimiento moderno, llamado as\u00ed por su atractivo m\u00edtico y sobrenatural, sus ra\u00edces est\u00e1n ligadas a esta rica historia. Encontrada en regiones como el sudeste de Estados Unidos, esta cepa se identific\u00f3 por sus efectos equilibrados, que combinan im\u00e1genes v\u00edvidas con profundidad introspectiva. Con el tiempo, a medida que crec\u00eda el inter\u00e9s cient\u00edfico, se comprendi\u00f3 mejor el impacto de la psilocibina sobre los receptores de serotonina, validando su uso tradicional. En las \u00faltimas d\u00e9cadas, las trufas m\u00e1gicas de Psilocybe Atlantis han ganado popularidad en las regiones donde est\u00e1n legalmente disponibles, impulsadas por un renovado inter\u00e9s en los psicod\u00e9licos para la exploraci\u00f3n personal y el potencial terap\u00e9utico. Su auge refleja un cambio cultural m\u00e1s amplio hacia la adopci\u00f3n de sustancias naturales para el crecimiento mental y emocional, con usuarios atra\u00eddos por su capacidad para inspirar asombro y autodescubrimiento, continuando un legado de fascinaci\u00f3n humana por las posibilidades inexploradas de la mente.<\/p>\n<h2>C\u00f3mo utilizar las trufas m\u00e1gicas Psilocybe Atlantis<\/h2>\n<p>El uso de Psilocybe Atlantis Trufas M\u00e1gicas requiere una preparaci\u00f3n cuidadosa para garantizar una experiencia segura y agradable. Empieza en un entorno tranquilo y familiar para sentirte c\u00f3modo. Si es la primera vez que se consumen, se recomienda empezar con la mitad del contenido de una caja, que suele pesar unos 15 gramos, y esperar entre 30 y 45 minutos para evaluar los efectos antes de tomar m\u00e1s. Consumir con el est\u00f3mago vac\u00edo favorece la absorci\u00f3n y masticar bien mejora la potencia. Tambi\u00e9n se pueden preparar las trufas en infusi\u00f3n o mezclarlas con una sopa para facilitar su consumo. Gu\u00e1rdelas en un lugar oscuro y fresco, entre 2\u00b0C y 4\u00b0C, para mantener su frescura. Los efectos suelen alcanzar su punto \u00e1lgido al cabo de 1-3 horas y disminuir al cabo de 5-6 horas. Evita combinarlas con alcohol, medicamentos u otras sustancias, y aseg\u00farate de gozar de buena salud mental y f\u00edsica. No excedas nunca de una caja por sesi\u00f3n y evita su consumo si eres menor de 18 a\u00f1os, est\u00e1s embarazada o sufres trastornos como depresi\u00f3n o problemas cardiacos. Tras la ingesta, rel\u00e1jate y deja que la experiencia se desarrolle de forma natural, permitiendo que las trufas te gu\u00eden a trav\u00e9s de un viaje transformador de introspecci\u00f3n y asombro, adaptado a tu mentalidad y entorno \u00fanicos.<\/p>\n<h2>Ingredientes de las trufas m\u00e1gicas Psilocybe Atlantis<\/h2>\n<p>Las Trufas M\u00e1gicas Psilocybe Atlantis son un producto natural repleto de compuestos psicoactivos y nutrientes esenciales. El principal ingrediente activo es la psilocibina, que se convierte en psilocina en el organismo e influye en los receptores de serotonina para producir efectos alucin\u00f3genos. Adem\u00e1s de psilocibina, estas trufas contienen nutrientes vitales para la salud humana, como 13,2 gramos de hidratos de carbono, 5,3 gramos de prote\u00ednas y 16,7 gramos de fibra alimentaria por cada 100 gramos. Tambi\u00e9n aportan 0,4 gramos de grasa, 0,3 gramos de sal y minerales como potasio (210 mg), f\u00f3sforo (169,3 mg), calcio (12,5 mg) y hierro (0,7 mg). Trazas de vitamina D (10 UI) y sodio (13,6 mg) contribuyen adem\u00e1s a su perfil nutricional. Estos componentes favorecen la producci\u00f3n de energ\u00eda, las funciones corporales y el bienestar general, lo que convierte a las trufas en algo m\u00e1s que una sustancia psicoactiva. Cultivadas bajo tierra como esclerocios, absorben estos nutrientes para sostener el crecimiento potencial del hongo, ofreciendo una mezcla \u00fanica de compuestos naturales. Esta combinaci\u00f3n de psilocibina y nutrientes subraya su atractivo, proporcionando tanto una experiencia m\u00edstica como una fuente de sustento para los usuarios aventureros que buscan un viaje hol\u00edstico.<\/p>\n<p><strong>Advertencias<\/strong><\/p>\n<p>Las Trufas M\u00e1gicas Psilocybe Atlantis contienen psilocibina y psilocina naturales, que son potentes alucin\u00f3genos que alteran la conciencia y pueden inducir alucinaciones v\u00edvidas. Utilizar con precauci\u00f3n y s\u00f3lo en un entorno seguro y controlado. No la consuma si tiene problemas de salud mental, como depresi\u00f3n, o f\u00edsicos, como hipertensi\u00f3n o hipotensi\u00f3n, problemas card\u00edacos o pulmonares, diabetes, o si est\u00e1 embarazada o en per\u00edodo de lactancia. Evite su consumo si es menor de 18 a\u00f1os, y nunca lo combine con alcohol, medicamentos u otras drogas. Est\u00e1 prohibido conducir o manejar maquinaria durante o despu\u00e9s de su uso. Gu\u00e1rdese fuera del alcance de los ni\u00f1os debido a sus propiedades psicoactivas. Tenga en cuenta los efectos intensos, que pueden variar en funci\u00f3n de la dosis y la sensibilidad individual, y aseg\u00farese de que se encuentra en un estado mental estable antes de consumirla.<\/p>","protected":false},"excerpt":{"rendered":"<p><span style=\"font-size: 100%;\">Psilocybe <\/span>Atlantis Trufas con setas <span style=\"font-size: 100%;\">son similares a las Trufas Mexicana, pero son m\u00e1s fuertes. Atlantis tiene un efecto visual m\u00e1s ligero que el resto de las Trufas Champi\u00f1\u00f3n. <\/span><span style=\"font-size: 100%;\">Trufas M\u00e1gicas Atlantis le har\u00e1 creativo, abierto a la conciencia, experimentar un efecto visual colorido con c\u00e1lidos y hormigueantes sentimientos de euforia.<\/span><\/p>","protected":false},"featured_media":35146,"template":"","meta":[],"product_brand":[],"product_cat":[516,297,577,595,395,518,513,515,519,476,514],"product_tag":[662],"class_list":{"0":"post-2562","1":"product","2":"type-product","3":"status-publish","4":"has-post-thumbnail","6":"product_cat-magic-truffles","7":"product_cat-all-products","8":"product_cat-beginner-magic-truffles","9":"product_cat-mcsmart","10":"product_cat-microdosing","11":"product_cat-mushrooms","12":"product_cat-party","13":"product_cat-shroomshop","14":"product_cat-shroomshop-top-10","15":"product_cat-smartshop","16":"product_cat-smartshop-top-10","17":"product_tag-shrdeal","18":"product_shipping_class-creditcard-off","20":"first","21":"instock","22":"taxable","23":"shipping-taxable","24":"purchasable","25":"product-type-variable","26":"has-default-attributes"},"_links":{"self":[{"href":"https:\/\/www.tatanka.nl\/es\/wp-json\/wp\/v2\/product\/2562","targetHints":{"allow":["GET"]}}],"collection":[{"href":"https:\/\/www.tatanka.nl\/es\/wp-json\/wp\/v2\/product"}],"about":[{"href":"https:\/\/www.tatanka.nl\/es\/wp-json\/wp\/v2\/types\/product"}],"wp:featuredmedia":[{"embeddable":true,"href":"https:\/\/www.tatanka.nl\/es\/wp-json\/wp\/v2\/media\/35146"}],"wp:attachment":[{"href":"https:\/\/www.tatanka.nl\/es\/wp-json\/wp\/v2\/media?parent=2562"}],"wp:term":[{"taxonomy":"product_brand","embeddable":true,"href":"https:\/\/www.tatanka.nl\/es\/wp-json\/wp\/v2\/product_brand?post=2562"},{"taxonomy":"product_cat","embeddable":true,"href":"https:\/\/www.tatanka.nl\/es\/wp-json\/wp\/v2\/product_cat?post=2562"},{"taxonomy":"product_tag","embeddable":true,"href":"https:\/\/www.tatanka.nl\/es\/wp-json\/wp\/v2\/product_tag?post=2562"}],"curies":[{"name":"wp","href":"https:\/\/api.w.org\/{rel}","templated":true}]}}