{"id":2564,"date":"2017-10-09T15:41:30","date_gmt":"2017-10-09T14:41:30","guid":{"rendered":"http:\/\/www.tatanka.nl\/?post_type=product&#038;p=2564"},"modified":"2025-10-16T07:55:32","modified_gmt":"2025-10-16T06:55:32","slug":"tampanensis-truffles-10-gram-magic-mushrooms-shrooms","status":"publish","type":"product","link":"https:\/\/www.tatanka.nl\/es\/tampanensis-truffles-10-gram-magic-mushrooms-shrooms\/","title":{"rendered":"Tampanensis Trufas m\u00e1gicas"},"content":{"rendered":"<h2 dir=\"ltr\" data-pm-slice=\"1 1 []\">\u00bfQu\u00e9 son los Psilocybe Tampanensis?<\/h2>\n<p dir=\"ltr\">Psilocybe Tampanensis, a menudo llamada la Piedra Filosofal, es un tipo de trufa m\u00e1gica, cient\u00edficamente conocida como esclerocio. Estas trufas se forman bajo tierra a partir de hilos de micelio cuando las condiciones de temperatura y humedad no son ideales para el crecimiento de los hongos. En su lugar, el micelio se compacta en esclerocios ricos en nutrientes, que almacenan energ\u00eda para el futuro desarrollo de las setas. La Psilocybe Tampanensis es c\u00e9lebre por sus efectos \u00fanicos, ofreciendo un viaje m\u00e1s suave y filos\u00f3fico en comparaci\u00f3n con otras trufas m\u00e1gicas, lo que la hace ideal para principiantes. Los usuarios suelen reportar una sensaci\u00f3n alegre, parecida al coloc\u00f3n, acompa\u00f1ada de pensamientos profundos e introspectivos. La capacidad de la trufa para provocar el autodescubrimiento y una nueva perspectiva de la vida la ha convertido en una de las favoritas entre quienes exploran los estados alterados de conciencia. Cada caja contiene 15 gramos, dise\u00f1ados para que un solo usuario experimente un viaje completo. Los efectos var\u00edan en funci\u00f3n de la dosis y de la sensibilidad individual, pero proporcionan sistem\u00e1ticamente una forma segura y controlada de explorar la mente. Almacenadas adecuadamente entre 2\u00b0C y 4\u00b0C, estas trufas se mantienen frescas y potentes, listas para ofrecer una experiencia transformadora en un entorno de confianza.<\/p>\n<h2 dir=\"ltr\">Historia de Psilocybe Tampanensis<\/h2>\n<p dir=\"ltr\">La historia de la Psilocybe Tampanensis se remonta a finales del siglo XX, cuando se descubri\u00f3 por primera vez en Tampa, Florida, en 1977, d\u00e1ndole el nombre de \"Tampanensis\". Estudiada inicialmente por su contenido en psilocibina, gan\u00f3 fama como la Piedra Filosofal debido a sus profundos efectos que invitan a la reflexi\u00f3n. Las culturas ind\u00edgenas han utilizado durante mucho tiempo hongos con psilocibina con fines espirituales y cham\u00e1nicos, pero la Psilocybe Tampanensis se convirti\u00f3 en la favorita moderna por su accesibilidad y efectos m\u00e1s suaves. En la d\u00e9cada de 1990, se cultivaba en los Pa\u00edses Bajos, donde las trufas m\u00e1gicas se convirtieron en una alternativa legal a las setas de psilocibina. Su aumento de popularidad se debe a su capacidad para ofrecer una experiencia controlada e introspectiva sin efectos visuales abrumadores, que atrae tanto a usuarios novatos como experimentados. Hoy en d\u00eda, la Psilocybe Tampanensis es una piedra angular del mercado de las trufas m\u00e1gicas, valorada por su profundidad filos\u00f3fica y su conexi\u00f3n con la autoconciencia. Su paso de hallazgo silvestre en Florida a trufa mundialmente reconocida refleja el creciente inter\u00e9s por los psicod\u00e9licos para el crecimiento personal. El legado de la trufa sigue evolucionando a medida que m\u00e1s personas buscan experiencias significativas y transformadoras a trav\u00e9s de su uso en entornos seguros e intencionados.<\/p>\n<h2 dir=\"ltr\">C\u00f3mo utilizar Psilocybe Tampanensis<\/h2>\n<p dir=\"ltr\">El uso de Psilocybe Tampanensis requiere cuidado para garantizar una experiencia segura y agradable. Empieza en un entorno tranquilo y familiar para sentirte seguro durante el viaje. Empieza con la mitad de la caja de 15 gramos, masticando bien para mejorar la absorci\u00f3n, ya que las trufas funcionan mejor con el est\u00f3mago vac\u00edo. Despu\u00e9s de 30-45 minutos, eval\u00faa los efectos antes de decidir consumir m\u00e1s, ya que una peque\u00f1a dosis adicional puede intensificar la experiencia. Tambi\u00e9n puedes preparar las trufas como t\u00e9 o sopa para consumirlas m\u00e1s f\u00e1cilmente. Los efectos suelen alcanzar su punto \u00e1lgido entre 1 y 3 horas despu\u00e9s de la ingesti\u00f3n, y el viaje dura entre 5 y 6 horas. Conserva la Psilocybe Tampanensis en un lugar oscuro y fresco (2\u00b0C-4\u00b0C) para mantener su potencia. Evita combinarlo con alcohol, medicamentos u otras drogas, y nunca lo consumas durante el embarazo, la lactancia o si padeces trastornos mentales o f\u00edsicos como depresi\u00f3n, problemas cardiacos o diabetes. Est\u00e1 prohibido conducir o manejar maquinaria durante su uso. Para disfrutar de la mejor experiencia, rel\u00e1jate y disfruta del viaje, permitiendo que los efectos filos\u00f3ficos de la trufa se desarrollen de forma natural. Psilocybe Tampanensis no es apta para menores de 18 a\u00f1os, por lo que s\u00f3lo los adultos pueden explorar sus propiedades \u00fanicas y estimulantes de forma responsable.<\/p>\n<h2 dir=\"ltr\">Ingredientes de Psilocybe Tampanensis<\/h2>\n<p dir=\"ltr\">Psilocybe Tampanensis es un producto natural repleto de nutrientes y compuestos bioactivos. El principal ingrediente activo es la psilocibina, que se convierte en psilocina en el cuerpo, influyendo en los niveles de serotonina para crear el caracter\u00edstico viaje alucin\u00f3geno. Adem\u00e1s de psilocibina, la trufa contiene nutrientes esenciales para la salud humana, como 13,2 gramos de hidratos de carbono, 5,3 gramos de prote\u00ednas y 0,4 gramos de grasa por cada 100 gramos. Tambi\u00e9n aporta 16,7 gramos de fibra diet\u00e9tica, que ayuda a la digesti\u00f3n, y 0,3 gramos de sal. Los minerales clave incluyen 210 mg de potasio, 169,3 mg de f\u00f3sforo, 12,5 mg de calcio y 0,7 mg de hierro por cada 100 gramos, junto con 13,6 mg de sodio. Adem\u00e1s, ofrece 10 UI de vitamina D, lo que contribuye al bienestar general. Estos nutrientes hacen de la Psilocybe Tampanensis no s\u00f3lo una fuente de profunda exploraci\u00f3n mental, sino tambi\u00e9n un suplemento diet\u00e9tico \u00fanico. La composici\u00f3n natural de la trufa respalda su papel en los viajes de crecimiento personal, aportando tanto conocimientos filos\u00f3ficos como valor nutricional. Consumir siempre de forma responsable, ya que los compuestos psicoactivos requieren una manipulaci\u00f3n cuidadosa para garantizar una experiencia segura y significativa.<\/p>\n<p dir=\"ltr\"><strong>Advertencia<\/strong><br \/>\nPsilocybe Tampanensis contiene psilocibina y psilocina, alucin\u00f3genos naturales que alteran la conciencia y pueden inducir alucinaciones v\u00edvidas. Estas sustancias pueden afectar significativamente a la percepci\u00f3n, el estado de \u00e1nimo y los procesos de pensamiento, por lo que deben consumirse con precauci\u00f3n. Cons\u00famalos siempre en un entorno seguro y controlado y ev\u00edtelos si tiene problemas de salud mental, afecciones f\u00edsicas o est\u00e1 embarazada o en per\u00edodo de lactancia. Mantenga Psilocybe Tampanensis fuera del alcance de los ni\u00f1os debido a sus potentes efectos psicoactivos. El uso indebido o excesivo puede dar lugar a experiencias impredecibles, por lo que se recomienda seguir cuidadosamente las pautas de dosificaci\u00f3n y no combinarla nunca con otras sustancias.<\/p>","protected":false},"excerpt":{"rendered":"<p><span style=\"font-size: 100%;\">La psilocybe Tampanensis es perfecta para un viaje introspectivo con un fuerte efecto cerebral, pero sin mucha experiencia visual. <\/span><span style=\"font-size: 100%;\">Esta variedad es conocida como \"Philosopher's Stones\". Tampanensis es una cepa ligera que proporciona, pensamiento creativo, meditativo e intenso viaje espiritual.<\/span><\/p>","protected":false},"featured_media":35152,"template":"","meta":[],"product_brand":[],"product_cat":[516,297,577,595,395,518,513,515,476],"product_tag":[662],"class_list":{"0":"post-2564","1":"product","2":"type-product","3":"status-publish","4":"has-post-thumbnail","6":"product_cat-magic-truffles","7":"product_cat-all-products","8":"product_cat-beginner-magic-truffles","9":"product_cat-mcsmart","10":"product_cat-microdosing","11":"product_cat-mushrooms","12":"product_cat-party","13":"product_cat-shroomshop","14":"product_cat-smartshop","15":"product_tag-shrdeal","16":"product_shipping_class-creditcard-off","18":"first","19":"instock","20":"taxable","21":"shipping-taxable","22":"purchasable","23":"product-type-variable","24":"has-default-attributes"},"_links":{"self":[{"href":"https:\/\/www.tatanka.nl\/es\/wp-json\/wp\/v2\/product\/2564","targetHints":{"allow":["GET"]}}],"collection":[{"href":"https:\/\/www.tatanka.nl\/es\/wp-json\/wp\/v2\/product"}],"about":[{"href":"https:\/\/www.tatanka.nl\/es\/wp-json\/wp\/v2\/types\/product"}],"wp:featuredmedia":[{"embeddable":true,"href":"https:\/\/www.tatanka.nl\/es\/wp-json\/wp\/v2\/media\/35152"}],"wp:attachment":[{"href":"https:\/\/www.tatanka.nl\/es\/wp-json\/wp\/v2\/media?parent=2564"}],"wp:term":[{"taxonomy":"product_brand","embeddable":true,"href":"https:\/\/www.tatanka.nl\/es\/wp-json\/wp\/v2\/product_brand?post=2564"},{"taxonomy":"product_cat","embeddable":true,"href":"https:\/\/www.tatanka.nl\/es\/wp-json\/wp\/v2\/product_cat?post=2564"},{"taxonomy":"product_tag","embeddable":true,"href":"https:\/\/www.tatanka.nl\/es\/wp-json\/wp\/v2\/product_tag?post=2564"}],"curies":[{"name":"wp","href":"https:\/\/api.w.org\/{rel}","templated":true}]}}